{"id":1051,"date":"2020-02-25T07:37:01","date_gmt":"2020-02-25T07:37:01","guid":{"rendered":"https:\/\/blulegal.com\/?page_id=1051"},"modified":"2022-10-29T11:49:38","modified_gmt":"2022-10-29T11:49:38","slug":"german-desk","status":"publish","type":"page","link":"https:\/\/blulegal.com\/de\/german-desk\/","title":{"rendered":"German Desk"},"content":{"rendered":"\n<div class=\"wp-block-columns has-2-columns image-text-block image-text-block--narrow image-left is-layout-flex wp-container-core-columns-is-layout-9d6595d7 wp-block-columns-is-layout-flex\">\n<div class=\"wp-block-column is-layout-flow wp-block-column-is-layout-flow\">\n<figure class=\"wp-block-image image-text-block__image image-text-block__image--narrow image-left\"><img loading=\"lazy\" decoding=\"async\" width=\"444\" height=\"551\" src=\"https:\/\/blulegal.com\/wp-content\/uploads\/2019\/11\/bigstock-Lawyer-Office-Statue-Of-Justi-270799618-444x551.jpg\" alt=\"\" class=\"wp-image-240\"\/><\/figure>\n<\/div>\n\n\n\n<div class=\"wp-block-column is-layout-flow wp-block-column-is-layout-flow\">\n<p class=\"image-text-block__text\">International t\u00e4tige Unternehmen finden bei uns nicht nur rechtliche Beratung in polnischer, englischer und deutscher Sprache, sondern auch Unterst\u00fctzung in allen Bereichen der unternehmerischen T\u00e4tigkeit auf dem Gebiet Polens. Die Rechtskanzlei BLU ist eine in allen Bereichen des Wirtschaftsrechts t\u00e4tige Anwaltskanzlei mit Schwerpunkt in der Rechtsberatung f\u00fcr Mandanten aus Deutschland. <br><br>Um unsere deutschen, \u00f6sterreichischen und schweizerischen Mandanten besser betreuen zu k\u00f6nnen, betreiben wir einen German Desk unter der Leitung unserer Partnerin Frau Rechtsanw\u00e4ltin Dr. jur. Katarzyna Styrna \u2013 Bartman, LL.M. Die hier t\u00e4tigen deutschsprachigen Rechtsanw\u00e4lte sind Spezialisten f\u00fcr das Recht und Steuern in Polen. Wir bieten Ihnen folgende Rechtsberatung an:<\/p>\n<\/div>\n<\/div>\n\n\n\n<div class=\"wp-block-columns has-2-columns image-text-block image-text-block--narrow image-right is-layout-flex wp-container-core-columns-is-layout-9d6595d7 wp-block-columns-is-layout-flex\">\n<div class=\"wp-block-column is-layout-flow wp-block-column-is-layout-flow\">\n<ul class=\"image-text-block__text wp-block-list\"><li> Unternehmensberatung,<\/li><li>Steuern in Polen und Steuergestaltung in Polen,<\/li><li>Rechts- und  Steuerberatung in allen Phasen des Einstiegs von ausl\u00e4ndischen Investoren auf den polnischen Markt, Firmengr\u00fcndung in Polen und Wahl der richtigen Rechtsform f\u00fcr die Wirtschaftst\u00e4tigkeit in Polen,<\/li><li>umfassende Rechtsberatung und Unterst\u00fctzung von Gro\u00dfunternehmen, <\/li><li>Handels- und Gesellschaftsrecht samt Umwandlungen von Gesellschaften,<\/li><li>Registerverfahren,<\/li><li>Internationales Handelsrecht,<\/li><li>Internationales Zivilverfahrensrecht<\/li><li>Arbeitsrecht und Sozialversicherungsrecht,<\/li><li>Datenschutzrecht,<\/li><li>allgemeines Vertragsrecht, Vertretung bei der \u00dcberpr\u00fcfung und Gestaltung von Vertr\u00e4gen (Kauf-, Dienst-, Mietvertr\u00e4ge, Grundst\u00fccksvertr\u00e4ge, Gesellschaftsvertr\u00e4ge, Pr\u00fcfung von AGB),<\/li><\/ul>\n<\/div>\n\n\n\n<div class=\"wp-block-column is-layout-flow wp-block-column-is-layout-flow\">\n<figure class=\"wp-block-image image-text-block__image image-text-block__image--narrow\"><img loading=\"lazy\" decoding=\"async\" width=\"444\" height=\"551\" src=\"https:\/\/blulegal.com\/wp-content\/uploads\/2019\/11\/bigstock-Businessman-Playing-Chess-Game-287663164-min-444x551.jpg\" alt=\"\" class=\"wp-image-248\"\/><\/figure>\n\n\n\n<p><\/p>\n<\/div>\n<\/div>\n\n\n\n<div class=\"wp-block-columns has-2-columns image-text-block image-text-block--narrow image-left is-layout-flex wp-container-core-columns-is-layout-9d6595d7 wp-block-columns-is-layout-flex\">\n<div class=\"wp-block-column is-layout-flow wp-block-column-is-layout-flow\">\n<figure class=\"wp-block-image image-text-block__image image-text-block__image--narrow image-left\"><img loading=\"lazy\" decoding=\"async\" width=\"444\" height=\"551\" src=\"https:\/\/blulegal.com\/wp-content\/uploads\/2019\/11\/bigstock-Male-Lawyer-Or-Judge-Working-W-290555113-min-444x551.jpg\" alt=\"\" class=\"wp-image-232\"\/><\/figure>\n<\/div>\n\n\n\n<div class=\"wp-block-column is-layout-flow wp-block-column-is-layout-flow\">\n<ul class=\"image-text-block__text wp-block-list\"><li>Rechtsberatung von Unternehmen im Bereich Erneuerbare Energie,<\/li><li>IT-Branche,<\/li><li>Gestaltung von internationalen Handelsvertr\u00e4gen (internationales Kaufrecht), <\/li><li>Wettbewerbsrecht,<\/li><li>Immobilien und Immobilienprojekte,<\/li><li>Bau- und Baunebenbrache, <\/li><li>Rechtsberatung f\u00fcr Hersteller von Baumaschinen,<\/li><li>Maschinenbaubranche, <\/li><li>Elektronikbranche,<\/li><li>Sachenrecht, <\/li><li>Erbrecht,<\/li><li>praktische Unterst\u00fctzung bei allen standortspezifischen Angelegenheiten vor Beh\u00f6rden,<\/li><li>Vollstreckung &amp; Forderungsmanagement, <\/li><li>Rechtliche Unterst\u00fctzung bei der Abfallwirtschaft,<\/li><li>Umweltschutzrecht,<\/li><li>Grenz\u00fcberschreitende Gerichtsverfahren. <\/li><\/ul>\n\n\n\n<p><\/p>\n<\/div>\n<\/div>\n\n\n\n<div class=\"wp-block-columns has-2-columns image-text-block image-text-block--narrow image-right is-layout-flex wp-container-core-columns-is-layout-9d6595d7 wp-block-columns-is-layout-flex\">\n<div class=\"wp-block-column is-layout-flow wp-block-column-is-layout-flow\">\n<p>Im Rahmen der Rechtsberatung wird unserem jeweiligen Mandanten ein  individueller Betreuer \u2013 qualifizierter und kundiger Spezialist in dem  Rechtsgebiet, das f\u00fcr den Mandanten von ausschlaggebender Bedeutung ist,  zugeordnet. Um die umfassende Rechtsberatung mit h\u00f6chster Qualit\u00e4t zu  erbringen, bearbeitet dieser Betreuer jede Angelegenheit des Mandanten  mit Frau Rechtsanw\u00e4ltin Dr. jur. Katarzyna Styrna-Bartman, LL. M. und  weiteren Spezialisten unseres Teams, die in der einzelnen Angelegenheit  besondere Qualifikationen und praktische Erfahrungen haben.  <\/p>\n\n\n\n<p>Unsere\n Rechtsanwaltskanzlei arbeitet eng mit den Kanzleien, \nInkassounternehmen, Institutionen, K\u00f6rperschaften und weiteren Partnern \naus aller Welt zusammen, damit unsere Mandanten sowohl in den \neurop\u00e4ischen Angelegenheiten als auch au\u00dferhalb Europas umfassend \nunterst\u00fctzt werden k\u00f6nnen.  \n\n<\/p>\n<\/div>\n\n\n\n<div class=\"wp-block-column is-layout-flow wp-block-column-is-layout-flow\">\n<figure class=\"wp-block-image image-text-block__image image-text-block__image--narrow\"><img loading=\"lazy\" decoding=\"async\" width=\"444\" height=\"551\" src=\"https:\/\/blulegal.com\/wp-content\/uploads\/2019\/11\/kontakt-page_top-444x551.jpg\" alt=\"\" class=\"wp-image-225\"\/><\/figure>\n<\/div>\n<\/div>\n\n\n\n<p><\/p>\n","protected":false},"excerpt":{"rendered":"<p>International t\u00e4tige Unternehmen finden bei uns nicht nur rechtliche Beratung in polnischer, englischer und deutscher<\/p>\n","protected":false},"author":3,"featured_media":248,"parent":0,"menu_order":0,"comment_status":"closed","ping_status":"closed","template":"","meta":{"_acf_changed":false,"footnotes":""},"class_list":["post-1051","page","type-page","status-publish","has-post-thumbnail","hentry"],"acf":[],"yoast_head":"<!-- This site is optimized with the Yoast SEO plugin v27.2 - https:\/\/yoast.com\/product\/yoast-seo-wordpress\/ -->\n<title>BLU Legal &#8226; Ihre deutschsprachige Rechtsanwaltskanzlei in Polen<\/title>\n<meta name=\"description\" content=\"German Desk \u2013 oferujemy profesjonalne doradztwo w zakresie prawa polsko-niemieckiego dla firm i os\u00f3b fizycznych. Sprawd\u017a ofert\u0119!\" \/>\n<meta name=\"robots\" content=\"index, follow, max-snippet:-1, max-image-preview:large, max-video-preview:-1\" \/>\n<link rel=\"canonical\" href=\"https:\/\/blulegal.com\/de\/german-desk\/\" \/>\n<meta property=\"og:locale\" content=\"de_DE\" \/>\n<meta property=\"og:type\" content=\"article\" \/>\n<meta property=\"og:title\" content=\"BLU Legal &#8226; Ihre deutschsprachige Rechtsanwaltskanzlei in Polen\" \/>\n<meta property=\"og:description\" content=\"German Desk \u2013 oferujemy profesjonalne doradztwo w zakresie prawa polsko-niemieckiego dla firm i os\u00f3b fizycznych. Sprawd\u017a ofert\u0119!\" \/>\n<meta property=\"og:url\" content=\"https:\/\/blulegal.com\/de\/german-desk\/\" \/>\n<meta property=\"og:site_name\" content=\"BLU Legal\" \/>\n<meta property=\"article:modified_time\" content=\"2022-10-29T11:49:38+00:00\" \/>\n<meta property=\"og:image\" content=\"https:\/\/blulegal.com\/wp-content\/uploads\/2019\/11\/bigstock-Businessman-Playing-Chess-Game-287663164-min.jpg\" \/>\n\t<meta property=\"og:image:width\" content=\"4896\" \/>\n\t<meta property=\"og:image:height\" content=\"3264\" \/>\n\t<meta property=\"og:image:type\" content=\"image\/jpeg\" \/>\n<meta name=\"twitter:card\" content=\"summary_large_image\" \/>\n<meta name=\"twitter:label1\" content=\"Gesch\u00e4tzte Lesezeit\" \/>\n\t<meta name=\"twitter:data1\" content=\"2\u00a0Minuten\" \/>\n<script type=\"application\/ld+json\" class=\"yoast-schema-graph\">{\"@context\":\"https:\/\/schema.org\",\"@graph\":[{\"@type\":\"WebPage\",\"@id\":\"https:\/\/blulegal.com\/de\/german-desk\/\",\"url\":\"https:\/\/blulegal.com\/de\/german-desk\/\",\"name\":\"BLU Legal &#8226; Ihre deutschsprachige Rechtsanwaltskanzlei in Polen\",\"isPartOf\":{\"@id\":\"https:\/\/blulegal.com\/de\/#website\"},\"primaryImageOfPage\":{\"@id\":\"https:\/\/blulegal.com\/de\/german-desk\/#primaryimage\"},\"image\":{\"@id\":\"https:\/\/blulegal.com\/de\/german-desk\/#primaryimage\"},\"thumbnailUrl\":\"https:\/\/blulegal.com\/wp-content\/uploads\/2019\/11\/bigstock-Businessman-Playing-Chess-Game-287663164-min.jpg\",\"datePublished\":\"2020-02-25T07:37:01+00:00\",\"dateModified\":\"2022-10-29T11:49:38+00:00\",\"description\":\"German Desk \u2013 oferujemy profesjonalne doradztwo w zakresie prawa polsko-niemieckiego dla firm i os\u00f3b fizycznych. Sprawd\u017a ofert\u0119!\",\"breadcrumb\":{\"@id\":\"https:\/\/blulegal.com\/de\/german-desk\/#breadcrumb\"},\"inLanguage\":\"de\",\"potentialAction\":[{\"@type\":\"ReadAction\",\"target\":[\"https:\/\/blulegal.com\/de\/german-desk\/\"]}]},{\"@type\":\"ImageObject\",\"inLanguage\":\"de\",\"@id\":\"https:\/\/blulegal.com\/de\/german-desk\/#primaryimage\",\"url\":\"https:\/\/blulegal.com\/wp-content\/uploads\/2019\/11\/bigstock-Businessman-Playing-Chess-Game-287663164-min.jpg\",\"contentUrl\":\"https:\/\/blulegal.com\/wp-content\/uploads\/2019\/11\/bigstock-Businessman-Playing-Chess-Game-287663164-min.jpg\",\"width\":4896,\"height\":3264},{\"@type\":\"BreadcrumbList\",\"@id\":\"https:\/\/blulegal.com\/de\/german-desk\/#breadcrumb\",\"itemListElement\":[{\"@type\":\"ListItem\",\"position\":1,\"name\":\"Home\",\"item\":\"https:\/\/blulegal.com\/de\/\"},{\"@type\":\"ListItem\",\"position\":2,\"name\":\"German Desk\"}]},{\"@type\":\"WebSite\",\"@id\":\"https:\/\/blulegal.com\/de\/#website\",\"url\":\"https:\/\/blulegal.com\/de\/\",\"name\":\"BLU Legal\",\"description\":\"\",\"publisher\":{\"@id\":\"https:\/\/blulegal.com\/de\/#organization\"},\"potentialAction\":[{\"@type\":\"SearchAction\",\"target\":{\"@type\":\"EntryPoint\",\"urlTemplate\":\"https:\/\/blulegal.com\/de\/?s={search_term_string}\"},\"query-input\":{\"@type\":\"PropertyValueSpecification\",\"valueRequired\":true,\"valueName\":\"search_term_string\"}}],\"inLanguage\":\"de\"},{\"@type\":\"Organization\",\"@id\":\"https:\/\/blulegal.com\/de\/#organization\",\"name\":\"Blu Legal\",\"url\":\"https:\/\/blulegal.com\/de\/\",\"logo\":{\"@type\":\"ImageObject\",\"inLanguage\":\"de\",\"@id\":\"https:\/\/blulegal.com\/de\/#\/schema\/logo\/image\/\",\"url\":\"https:\/\/blulegal.com\/wp-content\/uploads\/2023\/05\/logo-blu.png\",\"contentUrl\":\"https:\/\/blulegal.com\/wp-content\/uploads\/2023\/05\/logo-blu.png\",\"width\":225,\"height\":116,\"caption\":\"Blu Legal\"},\"image\":{\"@id\":\"https:\/\/blulegal.com\/de\/#\/schema\/logo\/image\/\"}}]}<\/script>\n<!-- \/ Yoast SEO plugin. -->","yoast_head_json":{"title":"BLU Legal &#8226; Ihre deutschsprachige Rechtsanwaltskanzlei in Polen","description":"German Desk \u2013 oferujemy profesjonalne doradztwo w zakresie prawa polsko-niemieckiego dla firm i os\u00f3b fizycznych. Sprawd\u017a ofert\u0119!","robots":{"index":"index","follow":"follow","max-snippet":"max-snippet:-1","max-image-preview":"max-image-preview:large","max-video-preview":"max-video-preview:-1"},"canonical":"https:\/\/blulegal.com\/de\/german-desk\/","og_locale":"de_DE","og_type":"article","og_title":"BLU Legal &#8226; Ihre deutschsprachige Rechtsanwaltskanzlei in Polen","og_description":"German Desk \u2013 oferujemy profesjonalne doradztwo w zakresie prawa polsko-niemieckiego dla firm i os\u00f3b fizycznych. Sprawd\u017a ofert\u0119!","og_url":"https:\/\/blulegal.com\/de\/german-desk\/","og_site_name":"BLU Legal","article_modified_time":"2022-10-29T11:49:38+00:00","og_image":[{"width":4896,"height":3264,"url":"https:\/\/blulegal.com\/wp-content\/uploads\/2019\/11\/bigstock-Businessman-Playing-Chess-Game-287663164-min.jpg","type":"image\/jpeg"}],"twitter_card":"summary_large_image","twitter_misc":{"Gesch\u00e4tzte Lesezeit":"2\u00a0Minuten"},"schema":{"@context":"https:\/\/schema.org","@graph":[{"@type":"WebPage","@id":"https:\/\/blulegal.com\/de\/german-desk\/","url":"https:\/\/blulegal.com\/de\/german-desk\/","name":"BLU Legal &#8226; Ihre deutschsprachige Rechtsanwaltskanzlei in Polen","isPartOf":{"@id":"https:\/\/blulegal.com\/de\/#website"},"primaryImageOfPage":{"@id":"https:\/\/blulegal.com\/de\/german-desk\/#primaryimage"},"image":{"@id":"https:\/\/blulegal.com\/de\/german-desk\/#primaryimage"},"thumbnailUrl":"https:\/\/blulegal.com\/wp-content\/uploads\/2019\/11\/bigstock-Businessman-Playing-Chess-Game-287663164-min.jpg","datePublished":"2020-02-25T07:37:01+00:00","dateModified":"2022-10-29T11:49:38+00:00","description":"German Desk \u2013 oferujemy profesjonalne doradztwo w zakresie prawa polsko-niemieckiego dla firm i os\u00f3b fizycznych. Sprawd\u017a ofert\u0119!","breadcrumb":{"@id":"https:\/\/blulegal.com\/de\/german-desk\/#breadcrumb"},"inLanguage":"de","potentialAction":[{"@type":"ReadAction","target":["https:\/\/blulegal.com\/de\/german-desk\/"]}]},{"@type":"ImageObject","inLanguage":"de","@id":"https:\/\/blulegal.com\/de\/german-desk\/#primaryimage","url":"https:\/\/blulegal.com\/wp-content\/uploads\/2019\/11\/bigstock-Businessman-Playing-Chess-Game-287663164-min.jpg","contentUrl":"https:\/\/blulegal.com\/wp-content\/uploads\/2019\/11\/bigstock-Businessman-Playing-Chess-Game-287663164-min.jpg","width":4896,"height":3264},{"@type":"BreadcrumbList","@id":"https:\/\/blulegal.com\/de\/german-desk\/#breadcrumb","itemListElement":[{"@type":"ListItem","position":1,"name":"Home","item":"https:\/\/blulegal.com\/de\/"},{"@type":"ListItem","position":2,"name":"German Desk"}]},{"@type":"WebSite","@id":"https:\/\/blulegal.com\/de\/#website","url":"https:\/\/blulegal.com\/de\/","name":"BLU Legal","description":"","publisher":{"@id":"https:\/\/blulegal.com\/de\/#organization"},"potentialAction":[{"@type":"SearchAction","target":{"@type":"EntryPoint","urlTemplate":"https:\/\/blulegal.com\/de\/?s={search_term_string}"},"query-input":{"@type":"PropertyValueSpecification","valueRequired":true,"valueName":"search_term_string"}}],"inLanguage":"de"},{"@type":"Organization","@id":"https:\/\/blulegal.com\/de\/#organization","name":"Blu Legal","url":"https:\/\/blulegal.com\/de\/","logo":{"@type":"ImageObject","inLanguage":"de","@id":"https:\/\/blulegal.com\/de\/#\/schema\/logo\/image\/","url":"https:\/\/blulegal.com\/wp-content\/uploads\/2023\/05\/logo-blu.png","contentUrl":"https:\/\/blulegal.com\/wp-content\/uploads\/2023\/05\/logo-blu.png","width":225,"height":116,"caption":"Blu Legal"},"image":{"@id":"https:\/\/blulegal.com\/de\/#\/schema\/logo\/image\/"}}]}},"_links":{"self":[{"href":"https:\/\/blulegal.com\/de\/wp-json\/wp\/v2\/pages\/1051","targetHints":{"allow":["GET"]}}],"collection":[{"href":"https:\/\/blulegal.com\/de\/wp-json\/wp\/v2\/pages"}],"about":[{"href":"https:\/\/blulegal.com\/de\/wp-json\/wp\/v2\/types\/page"}],"author":[{"embeddable":true,"href":"https:\/\/blulegal.com\/de\/wp-json\/wp\/v2\/users\/3"}],"replies":[{"embeddable":true,"href":"https:\/\/blulegal.com\/de\/wp-json\/wp\/v2\/comments?post=1051"}],"version-history":[{"count":13,"href":"https:\/\/blulegal.com\/de\/wp-json\/wp\/v2\/pages\/1051\/revisions"}],"predecessor-version":[{"id":2856,"href":"https:\/\/blulegal.com\/de\/wp-json\/wp\/v2\/pages\/1051\/revisions\/2856"}],"wp:featuredmedia":[{"embeddable":true,"href":"https:\/\/blulegal.com\/de\/wp-json\/wp\/v2\/media\/248"}],"wp:attachment":[{"href":"https:\/\/blulegal.com\/de\/wp-json\/wp\/v2\/media?parent=1051"}],"curies":[{"name":"wp","href":"https:\/\/api.w.org\/{rel}","templated":true}]}}