{"id":3069,"date":"2023-07-19T08:29:33","date_gmt":"2023-07-19T08:29:33","guid":{"rendered":"https:\/\/blulegal.com\/kompetenzen\/strafrecht-und-euhb-in-polen\/"},"modified":"2023-07-20T10:31:39","modified_gmt":"2023-07-20T10:31:39","slug":"arbeitnehmeruberlassung-aus-polen","status":"publish","type":"page","link":"https:\/\/blulegal.com\/de\/kompetenzen\/arbeitnehmeruberlassung-aus-polen\/","title":{"rendered":"Osteuropa Arbeitnehmerentsendung"},"content":{"rendered":"\n<div class=\"wp-block-columns has-2-columns image-text-block image-text-block--narrow image-left is-layout-flex wp-container-core-columns-is-layout-9d6595d7 wp-block-columns-is-layout-flex\">\n<div class=\"wp-block-column is-layout-flow wp-block-column-is-layout-flow\">\n<figure class=\"wp-block-image image-text-block__image image-text-block__image--narrow image-left\"><img loading=\"lazy\" decoding=\"async\" width=\"444\" height=\"551\" src=\"https:\/\/blulegal.com\/wp-content\/uploads\/2019\/11\/kontakt-page_top-444x551.jpg\" alt=\"\" class=\"wp-image-223\"\/><\/figure>\n<\/div>\n\n\n\n<div class=\"wp-block-column is-layout-flow wp-block-column-is-layout-flow\">\n<p class=\"image-text-block__text has-black-color has-text-color\"><strong>Zu unseren Kunden geh\u00f6ren inl\u00e4ndische Unternehmer, die Mitarbeiter zu den folgenden Bedingungen ins Ausland entsenden: <\/strong><br><br> \u00a7 01 <br><strong>Unternehmer mit Gesch\u00e4ftsvertr\u00e4gen in Polen <\/strong><\/p>\n\n\n\n<p class=\"image-text-block__text\"> Die zahlreichste Gruppe polnischer Unternehmer, <strong>die Mitarbeiter ins Ausland<\/strong> entsenden, sind die Unternehmen, f\u00fcr die die Entsendung von Mitarbeitern ins Ausland eine Notwendigkeit im Zusammenhang mit der Durchf\u00fchrung bestimmter Gesch\u00e4ftsvertr\u00e4ge im Ausland ist (z. B. f\u00fcr die Erbringung von Bau-, Montage-, Schwei\u00df-, Elektro-, Klempner-, IT-Dienstleistungen usw.). <\/p>\n<\/div>\n<\/div>\n\n\n\n<div class=\"wp-block-columns has-2-columns image-text-block image-text-block--narrow image-right is-layout-flex wp-container-core-columns-is-layout-9d6595d7 wp-block-columns-is-layout-flex\">\n<div class=\"wp-block-column is-layout-flow wp-block-column-is-layout-flow\">\n<p class=\"image-text-block__text\">F\u00fcr diese Kunden bietet BLU Law &amp; Outsourcing Beratung im Zusammenhang mit der Ausf\u00fchrung eines Vertrags im Ausland an: <\/p>\n\n\n\n<ul class=\"wp-block-list\">\n<li>Ermittlung der Verpflichtungen eines <strong>Unternehmers auf polnischem<\/strong> Gebiet gegen\u00fcber deutschen Institutionen wie <em>Zollamt<\/em>, <em>Finanzamt<\/em>, <em>SOKA-BAU<\/em>, <em>HWK<\/em>, <em>Bundesagentur f\u00fcr Arbeit<\/em> etc. und Unterst\u00fctzung bei der Durchf\u00fchrung der Anmeldung und Erstellung der Unterlagen,<\/li>\n\n\n\n<li>Feststellung, ob der Unternehmer in einem bestimmten Fall verpflichtet ist, eine Steuernummer auf dem Gebiet Polens zu erhalten, sich f\u00fcr die polnische Mehrwertsteuer zu registrieren, eine Bescheinigung \u00fcber die Befreiung von der Baustellensteuer zu erhalten, die j\u00e4hrliche Berichtspflicht zu erf\u00fcllen usw,<\/li>\n<\/ul>\n<\/div>\n\n\n\n<div class=\"wp-block-column is-layout-flow wp-block-column-is-layout-flow\">\n<figure class=\"wp-block-image image-text-block__image image-text-block__image--narrow\"><img loading=\"lazy\" decoding=\"async\" width=\"444\" height=\"551\" src=\"https:\/\/blulegal.com\/wp-content\/uploads\/2019\/11\/bigstock-Good-Service-Cooperation-Cons-282815557-444x551.jpg\" alt=\"\" class=\"wp-image-253\"\/><\/figure>\n<\/div>\n<\/div>\n\n\n\n<p class=\"has-secondary-color has-text-color has-medium-font-size\"> <\/p>\n\n\n\n<div class=\"wp-block-columns has-2-columns image-text-block image-text-block--narrow image-left is-layout-flex wp-container-core-columns-is-layout-9d6595d7 wp-block-columns-is-layout-flex\">\n<div class=\"wp-block-column is-layout-flow wp-block-column-is-layout-flow\">\n<figure class=\"wp-block-image image-text-block__image image-text-block__image--narrow image-left\"><img loading=\"lazy\" decoding=\"async\" width=\"444\" height=\"551\" src=\"https:\/\/blulegal.com\/wp-content\/uploads\/2019\/11\/bigstock-Male-Lawyer-Or-Judge-Working-W-290555113-min-444x551.jpg\" alt=\"\" class=\"wp-image-230\"\/><\/figure>\n<\/div>\n\n\n\n<div class=\"wp-block-column is-layout-flow wp-block-column-is-layout-flow\">\n<ul class=\"image-text-block__text wp-block-list\">\n<li>Festlegung der Anforderungen des polnischen <strong>Rechts f\u00fcr nach Polen entsandte Arbeitnehmer\/Auftragnehmer<\/strong> unter Ber\u00fccksichtigung der Branche, in der das wirtschaftliche Projekt durchgef\u00fchrt wird (unter Ber\u00fccksichtigung der f\u00fcr die betreffende Branche geltenden Tarifvertr\u00e4ge),<\/li>\n<\/ul>\n\n\n\n<ul class=\"image-text-block__text wp-block-list\">\n<li>die Festlegung von Regeln f\u00fcr die Entsendung von <strong>Arbeitnehmern\/Auftragnehmern nach Polen<\/strong><\/li>\n<\/ul>\n<\/div>\n<\/div>\n\n\n\n<div class=\"wp-block-columns has-2-columns image-text-block image-text-block--narrow image-right is-layout-flex wp-container-core-columns-is-layout-9d6595d7 wp-block-columns-is-layout-flex\">\n<div class=\"wp-block-column is-layout-flow wp-block-column-is-layout-flow\">\n<p class=\"image-text-block__text has-black-color has-text-color\"> \u00a7 02<br><strong>Polnische Zeitarbeitsagenturen<br>in Deutschland <\/strong><\/p>\n\n\n\n<p class=\"image-text-block__text\">Polnische Zeitarbeitsunternehmen sind zunehmend bereit, auf die Bed\u00fcrfnisse des deutschen Arbeitsmarktes zu reagieren, indem sie Zeitarbeitskr\u00e4fte, Die Besonderheit dieser T\u00e4tigkeit liegt jedoch nicht nur in der Verpflichtung zur Einhaltung der Zeitarbeitsvorschriften auf polnischem Gebiet, sondern auch der Vorschriften des deutschen und europ\u00e4ischen Rechts. <br><br> BLU Law &amp; Outsourcing unterst\u00fctzt Zeitarbeitsunternehmen in den folgenden Rechtsbereichen: <\/p>\n<\/div>\n\n\n\n<div class=\"wp-block-column is-layout-flow wp-block-column-is-layout-flow\">\n<figure class=\"wp-block-image image-text-block__image image-text-block__image--narrow\"><img loading=\"lazy\" decoding=\"async\" width=\"444\" height=\"551\" src=\"https:\/\/blulegal.com\/wp-content\/uploads\/2019\/11\/bigstock-Businessman-And-Male-Lawyer-Or-244150996-1-min-444x551.jpg\" alt=\"\" class=\"wp-image-242\"\/><\/figure>\n<\/div>\n<\/div>\n\n\n\n<div class=\"wp-block-columns has-2-columns image-text-block image-text-block--narrow image-left is-layout-flex wp-container-core-columns-is-layout-9d6595d7 wp-block-columns-is-layout-flex\">\n<div class=\"wp-block-column is-layout-flow wp-block-column-is-layout-flow\">\n<figure class=\"wp-block-image image-text-block__image image-text-block__image--narrow image-left\"><img loading=\"lazy\" decoding=\"async\" width=\"444\" height=\"551\" src=\"https:\/\/blulegal.com\/wp-content\/uploads\/2019\/11\/bigstock-Lawyer-Office-Statue-Of-Justi-270799618-444x551.jpg\" alt=\"\" class=\"wp-image-238\"\/><\/figure>\n<\/div>\n\n\n\n<div class=\"wp-block-column is-layout-flow wp-block-column-is-layout-flow\">\n<ul class=\"image-text-block__text wp-block-list\">\n<li>die Regeln f\u00fcr die Entsendung von Leiharbeitnehmern nach Polen unter Ber\u00fccksichtigung der spezifischen Vorschriften f\u00fcr die Arbeitnehmer\u00fcberlassung in Polen, einschlie\u00dflich der Vorschriften des IGZ-Tarifvertrags,<\/li>\n\n\n\n<li> Unterst\u00fctzung bei Antr\u00e4gen auf Erteilung und Erneuerung von Genehmigungen  f\u00fcr den Betrieb von Zeitarbeitsunternehmen im Bundesgebiet bei der <em>Bundesagentur f\u00fcr Arbeit<\/em>, einschlie\u00dflich der Erstellung der erforderlichen Unterlagen,<\/li>\n\n\n\n<li>juristische und steuerliche Unterst\u00fctzung in Pr\u00fcfungsverfahren.<\/li>\n<\/ul>\n<\/div>\n<\/div>\n\n\n\n<div class=\"wp-block-columns has-2-columns image-text-block image-text-block--narrow image-right is-layout-flex wp-container-core-columns-is-layout-9d6595d7 wp-block-columns-is-layout-flex\">\n<div class=\"wp-block-column is-layout-flow wp-block-column-is-layout-flow\">\n<p class=\"image-text-block__text has-black-color has-text-color\"> \u00a7 03<br><strong>Pflegeagenturen <\/strong><\/p>\n\n\n\n<p class=\"image-text-block__text\"><strong>Polnische Pflegeagenturen<\/strong> st\u00fctzen ihr Gesch\u00e4ft auf die Entsendung von Pflegekr\u00e4ften aus Deutschland, die Senioren in deren Privathaushalten betreuen. Die Besonderheit der Entsendung von Pflegekr\u00e4ften nach Deutschland unterscheidet sich erheblich von den anderen oben genannten Formen der Entsendung und erfordert von den Pflegeagenturen besondere Sorgfalt beim Aufbau von Beziehungen zum Kunden, zur Pflegekraft und &#8211; in der Regel &#8211; zum Vermittler in Deutschland. Das Team unserer Kanzlei unterst\u00fctzt seit vielen Jahren Pflegeagenturen (sowohl kleine Familienbetriebe als auch gro\u00dfe Pflegeagenturen) bei der F\u00fchrung ihrer Gesch\u00e4fte und bietet Unterst\u00fctzung in den folgenden Bereichen: <\/p>\n<\/div>\n\n\n\n<div class=\"wp-block-column is-layout-flow wp-block-column-is-layout-flow\">\n<figure class=\"wp-block-image image-text-block__image image-text-block__image--narrow\"><img loading=\"lazy\" decoding=\"async\" width=\"444\" height=\"551\" src=\"https:\/\/blulegal.com\/wp-content\/uploads\/2019\/11\/bigstock-Businessman-Playing-Chess-Game-287663164-min-444x551.jpg\" alt=\"\" class=\"wp-image-246\"\/><\/figure>\n<\/div>\n<\/div>\n\n\n\n<p class=\"has-secondary-color has-text-color has-medium-font-size\"> <\/p>\n\n\n\n<div class=\"wp-block-columns has-2-columns image-text-block image-text-block--narrow image-left is-layout-flex wp-container-core-columns-is-layout-9d6595d7 wp-block-columns-is-layout-flex\">\n<div class=\"wp-block-column is-layout-flow wp-block-column-is-layout-flow\">\n<figure class=\"wp-block-image image-text-block__image image-text-block__image--narrow image-left\"><img loading=\"lazy\" decoding=\"async\" width=\"444\" height=\"551\" src=\"https:\/\/blulegal.com\/wp-content\/uploads\/2019\/11\/kontakt-page_top-444x551.jpg\" alt=\"\" class=\"wp-image-223\"\/><\/figure>\n<\/div>\n\n\n\n<div class=\"wp-block-column is-layout-flow wp-block-column-is-layout-flow\">\n<ul class=\"image-text-block__text wp-block-list\">\n<li>Festlegung von Regeln f\u00fcr die Entsendung von <strong>Arbeitnehmern\/Auftragnehmern nach Polen,<\/strong><\/li>\n\n\n\n<li>Ausarbeitung von Unterlagen und Regeln f\u00fcr die Entsendung von Pflegekr\u00e4ften nach Deutschland unter Ber\u00fccksichtigung der aktuellen Gesetzgebung, Rechtsprechung, Steuer- und Sozialversicherungsauslegung,<\/li>\n\n\n\n<li>Vertretung des Klienten bei Streitigkeiten mit Mentees oder deren Familien \u00fcber die  deutsches Hoheitsgebiet sowie bei Streitigkeiten mit Betreuungspersonen, laufende Rechtsberatung f\u00fcr Betreuungseinrichtungen,<\/li>\n\n\n\n<li>Aktualisierung von Informationen zu den rechtlichen Anforderungen.<\/li>\n<\/ul>\n<\/div>\n<\/div>\n","protected":false},"excerpt":{"rendered":"<p>Zu unseren Kunden geh\u00f6ren inl\u00e4ndische Unternehmer, die Mitarbeiter zu den folgenden Bedingungen ins Ausland entsenden:<\/p>\n","protected":false},"author":3,"featured_media":255,"parent":95,"menu_order":0,"comment_status":"closed","ping_status":"closed","template":"page-tpl-sidebar.php","meta":{"_acf_changed":false,"footnotes":""},"class_list":["post-3069","page","type-page","status-publish","has-post-thumbnail","hentry"],"acf":[],"yoast_head":"<!-- This site is optimized with the Yoast SEO plugin v27.2 - https:\/\/yoast.com\/product\/yoast-seo-wordpress\/ -->\n<title>Arbeitnehmerentsendung und Zeitarbeit aus Polen<\/title>\n<meta name=\"description\" content=\"Osteuropa Arbeitnehmerentsendung \u2013 oferujemy profesjonalne doradztwo w zakresie prawa polsko-niemieckiego dla firm i os\u00f3b fizycznych. Sprawd\u017a ofert\u0119!\" \/>\n<meta name=\"robots\" content=\"index, follow, max-snippet:-1, max-image-preview:large, max-video-preview:-1\" \/>\n<link rel=\"canonical\" href=\"https:\/\/blulegal.com\/de\/kompetenzen\/arbeitnehmeruberlassung-aus-polen\/\" \/>\n<meta property=\"og:locale\" content=\"de_DE\" \/>\n<meta property=\"og:type\" content=\"article\" \/>\n<meta property=\"og:title\" content=\"Arbeitnehmerentsendung und Zeitarbeit aus Polen\" \/>\n<meta property=\"og:description\" content=\"Osteuropa Arbeitnehmerentsendung \u2013 oferujemy profesjonalne doradztwo w zakresie prawa polsko-niemieckiego dla firm i os\u00f3b fizycznych. Sprawd\u017a ofert\u0119!\" \/>\n<meta property=\"og:url\" content=\"https:\/\/blulegal.com\/de\/kompetenzen\/arbeitnehmeruberlassung-aus-polen\/\" \/>\n<meta property=\"og:site_name\" content=\"BLU Legal\" \/>\n<meta property=\"article:modified_time\" content=\"2023-07-20T10:31:39+00:00\" \/>\n<meta property=\"og:image\" content=\"https:\/\/blulegal.com\/wp-content\/uploads\/2019\/11\/bigstock-Good-Service-Cooperation-Cons-282815557.jpg\" \/>\n\t<meta property=\"og:image:width\" content=\"4261\" \/>\n\t<meta property=\"og:image:height\" content=\"2841\" \/>\n\t<meta property=\"og:image:type\" content=\"image\/jpeg\" \/>\n<meta name=\"twitter:card\" content=\"summary_large_image\" \/>\n<meta name=\"twitter:label1\" content=\"Gesch\u00e4tzte Lesezeit\" \/>\n\t<meta name=\"twitter:data1\" content=\"3\u00a0Minuten\" \/>\n<script type=\"application\/ld+json\" class=\"yoast-schema-graph\">{\"@context\":\"https:\/\/schema.org\",\"@graph\":[{\"@type\":\"WebPage\",\"@id\":\"https:\/\/blulegal.com\/de\/kompetenzen\/arbeitnehmeruberlassung-aus-polen\/\",\"url\":\"https:\/\/blulegal.com\/de\/kompetenzen\/arbeitnehmeruberlassung-aus-polen\/\",\"name\":\"Arbeitnehmerentsendung und Zeitarbeit aus Polen\",\"isPartOf\":{\"@id\":\"https:\/\/blulegal.com\/de\/#website\"},\"primaryImageOfPage\":{\"@id\":\"https:\/\/blulegal.com\/de\/kompetenzen\/arbeitnehmeruberlassung-aus-polen\/#primaryimage\"},\"image\":{\"@id\":\"https:\/\/blulegal.com\/de\/kompetenzen\/arbeitnehmeruberlassung-aus-polen\/#primaryimage\"},\"thumbnailUrl\":\"https:\/\/blulegal.com\/wp-content\/uploads\/2019\/11\/bigstock-Good-Service-Cooperation-Cons-282815557.jpg\",\"datePublished\":\"2023-07-19T08:29:33+00:00\",\"dateModified\":\"2023-07-20T10:31:39+00:00\",\"description\":\"Osteuropa Arbeitnehmerentsendung \u2013 oferujemy profesjonalne doradztwo w zakresie prawa polsko-niemieckiego dla firm i os\u00f3b fizycznych. Sprawd\u017a ofert\u0119!\",\"breadcrumb\":{\"@id\":\"https:\/\/blulegal.com\/de\/kompetenzen\/arbeitnehmeruberlassung-aus-polen\/#breadcrumb\"},\"inLanguage\":\"de\",\"potentialAction\":[{\"@type\":\"ReadAction\",\"target\":[\"https:\/\/blulegal.com\/de\/kompetenzen\/arbeitnehmeruberlassung-aus-polen\/\"]}]},{\"@type\":\"ImageObject\",\"inLanguage\":\"de\",\"@id\":\"https:\/\/blulegal.com\/de\/kompetenzen\/arbeitnehmeruberlassung-aus-polen\/#primaryimage\",\"url\":\"https:\/\/blulegal.com\/wp-content\/uploads\/2019\/11\/bigstock-Good-Service-Cooperation-Cons-282815557.jpg\",\"contentUrl\":\"https:\/\/blulegal.com\/wp-content\/uploads\/2019\/11\/bigstock-Good-Service-Cooperation-Cons-282815557.jpg\",\"width\":4261,\"height\":2841},{\"@type\":\"BreadcrumbList\",\"@id\":\"https:\/\/blulegal.com\/de\/kompetenzen\/arbeitnehmeruberlassung-aus-polen\/#breadcrumb\",\"itemListElement\":[{\"@type\":\"ListItem\",\"position\":1,\"name\":\"Home\",\"item\":\"https:\/\/blulegal.com\/de\/\"},{\"@type\":\"ListItem\",\"position\":2,\"name\":\"Kompetenzen\",\"item\":\"https:\/\/blulegal.com\/de\/specjalizacje\/\"},{\"@type\":\"ListItem\",\"position\":3,\"name\":\"Osteuropa Arbeitnehmerentsendung\"}]},{\"@type\":\"WebSite\",\"@id\":\"https:\/\/blulegal.com\/de\/#website\",\"url\":\"https:\/\/blulegal.com\/de\/\",\"name\":\"BLU Legal\",\"description\":\"\",\"publisher\":{\"@id\":\"https:\/\/blulegal.com\/de\/#organization\"},\"potentialAction\":[{\"@type\":\"SearchAction\",\"target\":{\"@type\":\"EntryPoint\",\"urlTemplate\":\"https:\/\/blulegal.com\/de\/?s={search_term_string}\"},\"query-input\":{\"@type\":\"PropertyValueSpecification\",\"valueRequired\":true,\"valueName\":\"search_term_string\"}}],\"inLanguage\":\"de\"},{\"@type\":\"Organization\",\"@id\":\"https:\/\/blulegal.com\/de\/#organization\",\"name\":\"Blu Legal\",\"url\":\"https:\/\/blulegal.com\/de\/\",\"logo\":{\"@type\":\"ImageObject\",\"inLanguage\":\"de\",\"@id\":\"https:\/\/blulegal.com\/de\/#\/schema\/logo\/image\/\",\"url\":\"https:\/\/blulegal.com\/wp-content\/uploads\/2023\/05\/logo-blu.png\",\"contentUrl\":\"https:\/\/blulegal.com\/wp-content\/uploads\/2023\/05\/logo-blu.png\",\"width\":225,\"height\":116,\"caption\":\"Blu Legal\"},\"image\":{\"@id\":\"https:\/\/blulegal.com\/de\/#\/schema\/logo\/image\/\"}}]}<\/script>\n<!-- \/ Yoast SEO plugin. -->","yoast_head_json":{"title":"Arbeitnehmerentsendung und Zeitarbeit aus Polen","description":"Osteuropa Arbeitnehmerentsendung \u2013 oferujemy profesjonalne doradztwo w zakresie prawa polsko-niemieckiego dla firm i os\u00f3b fizycznych. Sprawd\u017a ofert\u0119!","robots":{"index":"index","follow":"follow","max-snippet":"max-snippet:-1","max-image-preview":"max-image-preview:large","max-video-preview":"max-video-preview:-1"},"canonical":"https:\/\/blulegal.com\/de\/kompetenzen\/arbeitnehmeruberlassung-aus-polen\/","og_locale":"de_DE","og_type":"article","og_title":"Arbeitnehmerentsendung und Zeitarbeit aus Polen","og_description":"Osteuropa Arbeitnehmerentsendung \u2013 oferujemy profesjonalne doradztwo w zakresie prawa polsko-niemieckiego dla firm i os\u00f3b fizycznych. Sprawd\u017a ofert\u0119!","og_url":"https:\/\/blulegal.com\/de\/kompetenzen\/arbeitnehmeruberlassung-aus-polen\/","og_site_name":"BLU Legal","article_modified_time":"2023-07-20T10:31:39+00:00","og_image":[{"width":4261,"height":2841,"url":"https:\/\/blulegal.com\/wp-content\/uploads\/2019\/11\/bigstock-Good-Service-Cooperation-Cons-282815557.jpg","type":"image\/jpeg"}],"twitter_card":"summary_large_image","twitter_misc":{"Gesch\u00e4tzte Lesezeit":"3\u00a0Minuten"},"schema":{"@context":"https:\/\/schema.org","@graph":[{"@type":"WebPage","@id":"https:\/\/blulegal.com\/de\/kompetenzen\/arbeitnehmeruberlassung-aus-polen\/","url":"https:\/\/blulegal.com\/de\/kompetenzen\/arbeitnehmeruberlassung-aus-polen\/","name":"Arbeitnehmerentsendung und Zeitarbeit aus Polen","isPartOf":{"@id":"https:\/\/blulegal.com\/de\/#website"},"primaryImageOfPage":{"@id":"https:\/\/blulegal.com\/de\/kompetenzen\/arbeitnehmeruberlassung-aus-polen\/#primaryimage"},"image":{"@id":"https:\/\/blulegal.com\/de\/kompetenzen\/arbeitnehmeruberlassung-aus-polen\/#primaryimage"},"thumbnailUrl":"https:\/\/blulegal.com\/wp-content\/uploads\/2019\/11\/bigstock-Good-Service-Cooperation-Cons-282815557.jpg","datePublished":"2023-07-19T08:29:33+00:00","dateModified":"2023-07-20T10:31:39+00:00","description":"Osteuropa Arbeitnehmerentsendung \u2013 oferujemy profesjonalne doradztwo w zakresie prawa polsko-niemieckiego dla firm i os\u00f3b fizycznych. Sprawd\u017a ofert\u0119!","breadcrumb":{"@id":"https:\/\/blulegal.com\/de\/kompetenzen\/arbeitnehmeruberlassung-aus-polen\/#breadcrumb"},"inLanguage":"de","potentialAction":[{"@type":"ReadAction","target":["https:\/\/blulegal.com\/de\/kompetenzen\/arbeitnehmeruberlassung-aus-polen\/"]}]},{"@type":"ImageObject","inLanguage":"de","@id":"https:\/\/blulegal.com\/de\/kompetenzen\/arbeitnehmeruberlassung-aus-polen\/#primaryimage","url":"https:\/\/blulegal.com\/wp-content\/uploads\/2019\/11\/bigstock-Good-Service-Cooperation-Cons-282815557.jpg","contentUrl":"https:\/\/blulegal.com\/wp-content\/uploads\/2019\/11\/bigstock-Good-Service-Cooperation-Cons-282815557.jpg","width":4261,"height":2841},{"@type":"BreadcrumbList","@id":"https:\/\/blulegal.com\/de\/kompetenzen\/arbeitnehmeruberlassung-aus-polen\/#breadcrumb","itemListElement":[{"@type":"ListItem","position":1,"name":"Home","item":"https:\/\/blulegal.com\/de\/"},{"@type":"ListItem","position":2,"name":"Kompetenzen","item":"https:\/\/blulegal.com\/de\/specjalizacje\/"},{"@type":"ListItem","position":3,"name":"Osteuropa Arbeitnehmerentsendung"}]},{"@type":"WebSite","@id":"https:\/\/blulegal.com\/de\/#website","url":"https:\/\/blulegal.com\/de\/","name":"BLU Legal","description":"","publisher":{"@id":"https:\/\/blulegal.com\/de\/#organization"},"potentialAction":[{"@type":"SearchAction","target":{"@type":"EntryPoint","urlTemplate":"https:\/\/blulegal.com\/de\/?s={search_term_string}"},"query-input":{"@type":"PropertyValueSpecification","valueRequired":true,"valueName":"search_term_string"}}],"inLanguage":"de"},{"@type":"Organization","@id":"https:\/\/blulegal.com\/de\/#organization","name":"Blu Legal","url":"https:\/\/blulegal.com\/de\/","logo":{"@type":"ImageObject","inLanguage":"de","@id":"https:\/\/blulegal.com\/de\/#\/schema\/logo\/image\/","url":"https:\/\/blulegal.com\/wp-content\/uploads\/2023\/05\/logo-blu.png","contentUrl":"https:\/\/blulegal.com\/wp-content\/uploads\/2023\/05\/logo-blu.png","width":225,"height":116,"caption":"Blu Legal"},"image":{"@id":"https:\/\/blulegal.com\/de\/#\/schema\/logo\/image\/"}}]}},"_links":{"self":[{"href":"https:\/\/blulegal.com\/de\/wp-json\/wp\/v2\/pages\/3069","targetHints":{"allow":["GET"]}}],"collection":[{"href":"https:\/\/blulegal.com\/de\/wp-json\/wp\/v2\/pages"}],"about":[{"href":"https:\/\/blulegal.com\/de\/wp-json\/wp\/v2\/types\/page"}],"author":[{"embeddable":true,"href":"https:\/\/blulegal.com\/de\/wp-json\/wp\/v2\/users\/3"}],"replies":[{"embeddable":true,"href":"https:\/\/blulegal.com\/de\/wp-json\/wp\/v2\/comments?post=3069"}],"version-history":[{"count":37,"href":"https:\/\/blulegal.com\/de\/wp-json\/wp\/v2\/pages\/3069\/revisions"}],"predecessor-version":[{"id":3260,"href":"https:\/\/blulegal.com\/de\/wp-json\/wp\/v2\/pages\/3069\/revisions\/3260"}],"up":[{"embeddable":true,"href":"https:\/\/blulegal.com\/de\/wp-json\/wp\/v2\/pages\/95"}],"wp:featuredmedia":[{"embeddable":true,"href":"https:\/\/blulegal.com\/de\/wp-json\/wp\/v2\/media\/255"}],"wp:attachment":[{"href":"https:\/\/blulegal.com\/de\/wp-json\/wp\/v2\/media?parent=3069"}],"curies":[{"name":"wp","href":"https:\/\/api.w.org\/{rel}","templated":true}]}}