{"id":3134,"date":"2023-07-20T05:54:34","date_gmt":"2023-07-20T05:54:34","guid":{"rendered":"https:\/\/blulegal.com\/kompetenzen\/erneuerbare-energien-in-polen\/"},"modified":"2023-07-20T09:45:26","modified_gmt":"2023-07-20T09:45:26","slug":"erneuerbare-energien-in-polen","status":"publish","type":"page","link":"https:\/\/blulegal.com\/de\/kompetenzen\/erneuerbare-energien-in-polen\/","title":{"rendered":"Erneuerbare Energien in Polen"},"content":{"rendered":"\n<div class=\"wp-block-columns has-2-columns image-text-block image-text-block--narrow image-left is-layout-flex wp-container-core-columns-is-layout-9d6595d7 wp-block-columns-is-layout-flex\">\n<div class=\"wp-block-column is-layout-flow wp-block-column-is-layout-flow\">\n<figure class=\"wp-block-image image-text-block__image image-text-block__image--narrow image-left\"><img loading=\"lazy\" decoding=\"async\" width=\"444\" height=\"551\" src=\"https:\/\/blulegal.com\/wp-content\/uploads\/2019\/11\/bigstock-Businessman-And-Male-Lawyer-Or-244150996-1-min-444x551.jpg\" alt=\"\" class=\"wp-image-242\"\/><\/figure>\n<\/div>\n\n\n\n<div class=\"wp-block-column is-layout-flow wp-block-column-is-layout-flow\">\n<p class=\"image-text-block__text\"><strong>Wir unterst\u00fctzen Investoren bei der Gr\u00fcndung und \u00dcbernahme von Wind- und Solarfarmen auf dem Gebiet Polens. <\/strong> <\/p>\n\n\n\n<p class=\"image-text-block__text\">Wir helfen Unternehmern bei der Entwicklung neuer Projekte im Bereich der erneuerbaren Energien <em>(Solar- und Windkraftanlagen)<\/em>, indem wir Unterst\u00fctzung leisten f\u00fcr bei der Gr\u00fcndung von Projektgesellschaften, der Erstellung von Unterlagen f\u00fcr Pachtvertr\u00e4ge oder (alternativ) Grundst\u00fccksnutzungsvertr\u00e4ge, Dienstbarkeitsvertr\u00e4ge und der Betreuung w\u00e4hrend des Investitions- und Bauprozesses sowie der Beteiligungsphase in den Verfahren vor dem Pr\u00e4sidenten der Energieregulierungsbeh\u00f6rde zur Vergabe von Auktionen und Konzessionen. <\/p>\n<\/div>\n<\/div>\n\n\n\n<div class=\"wp-block-columns has-2-columns image-text-block image-text-block--narrow image-right is-layout-flex wp-container-core-columns-is-layout-9d6595d7 wp-block-columns-is-layout-flex\">\n<div class=\"wp-block-column is-layout-flow wp-block-column-is-layout-flow\">\n<p class=\"image-text-block__text\"> Wir unterst\u00fctzen ausl\u00e4ndische Investoren, die sich f\u00fcr den Erwerb schl\u00fcsselfertiger Projekte im Bereich erneuerbare Energien interessieren,<br>einschlie\u00dflich Audits von Projektgesellschaften f\u00fcr erneuerbare Energien,<br>in denen wir die rechtlichen Aspekte des Unternehmensbetriebs (u.a.): Pr\u00fcfung der gesellschaftsrechtlichen und steuerlichen Aspekte der Unternehmenst\u00e4tigkeit, der Vertr\u00e4ge, die den Rechtsanspruch auf die Immobilie begr\u00fcnden, der Bau- und Investitionsunterlagen, der Unterlagen im Zusammenhang mit dem Versteigerungsverfahren<br>vor der ERO usw.) sowie die Unterst\u00fctzung des Investitionsbeschaffungsprozesses durch die Erstellung von<br>und das Begutachten von Vertr\u00e4gen (und anderen Dokumenten) im Rahmen eines <em>Share Deals.<\/em> (insbesondere <em>Kauf- und Abtretungsvertr\u00e4ge sowie General\u00fcbernahmevertr\u00e4ge)<\/em>. <\/p>\n<\/div>\n\n\n\n<div class=\"wp-block-column is-layout-flow wp-block-column-is-layout-flow\">\n<figure class=\"wp-block-image image-text-block__image image-text-block__image--narrow\"><img loading=\"lazy\" decoding=\"async\" width=\"444\" height=\"551\" src=\"https:\/\/blulegal.com\/wp-content\/uploads\/2019\/11\/bigstock-Businessman-Playing-Chess-Game-287663164-min-444x551.jpg\" alt=\"\" class=\"wp-image-246\"\/><\/figure>\n<\/div>\n<\/div>\n\n\n\n<p><\/p>\n\n\n\n<div class=\"wp-block-columns has-2-columns image-text-block image-text-block--narrow image-left is-layout-flex wp-container-core-columns-is-layout-9d6595d7 wp-block-columns-is-layout-flex\">\n<div class=\"wp-block-column is-layout-flow wp-block-column-is-layout-flow\">\n<figure class=\"wp-block-image image-text-block__image image-text-block__image--narrow image-left\"><img loading=\"lazy\" decoding=\"async\" width=\"444\" height=\"551\" src=\"https:\/\/blulegal.com\/wp-content\/uploads\/2019\/11\/bigstock-Lawyer-Office-Statue-Of-Justi-270799618-444x551.jpg\" alt=\"\" class=\"wp-image-238\"\/><\/figure>\n<\/div>\n\n\n\n<div class=\"wp-block-column is-layout-flow wp-block-column-is-layout-flow\">\n<p class=\"image-text-block__text\">Wir haben Erfahrung in der Erstellung von<br>und Stellungnahme zu <em>Share Deals<\/em> in \u00dcbereinstimmung mit <br>mit den Anforderungen des polnischen Rechts, jedoch<br>auf Anfrage auch basierend auf zur materiell-rechtlichen Regelung der Verk\u00e4uferhaftung nach dem deutschen BGB. Im Falle des Erwerbs eines fertigen Projekts unterst\u00fctzen wir den Verk\u00e4ufer und die Projektgesellschaft bei der Erstellung der Dokumentation, um eine reibungslose Abwicklung zu erm\u00f6glichen und sichere \u00dcbernahme des Unternehmens durch den Investor. <\/p>\n<\/div>\n<\/div>\n\n\n\n<div class=\"wp-block-columns has-2-columns image-text-block image-text-block--narrow image-right is-layout-flex wp-container-core-columns-is-layout-9d6595d7 wp-block-columns-is-layout-flex\">\n<div class=\"wp-block-column is-layout-flow wp-block-column-is-layout-flow\">\n<p class=\"image-text-block__text\">Besonderes Augenmerk legen wir bei unserer Beratung auf die Frage der Absicherung der Rechte k\u00fcnftiger Investoren an der vermieteten Immobilie. Insbesondere bei langfristigen Mietvertr\u00e4gen, die nach polnischem Recht abgeschlossen werden, ist es notwendig, die dinglichen Rechte an der Immobilie durch entsprechende Eintragungen in den Grundb\u00fcchern und Hypothekenregistern zu sichern. F\u00fcr unsere Kanzlei ist es von entscheidender Bedeutung, den zuk\u00fcnftigen Investor gegen Situationen abzusichern, die zum Zeitpunkt des Vertragsabschlusses sehr unwahrscheinlich erscheinen, wie z. B. der Tod des Vermieters, die Zwangsvollstreckung in sein Verm\u00f6gen oder der Verkauf der Immobilie usw. <\/p>\n<\/div>\n\n\n\n<div class=\"wp-block-column is-layout-flow wp-block-column-is-layout-flow\">\n<figure class=\"wp-block-image image-text-block__image image-text-block__image--narrow\"><img loading=\"lazy\" decoding=\"async\" width=\"444\" height=\"551\" src=\"https:\/\/blulegal.com\/wp-content\/uploads\/2019\/11\/kontakt-page_top-444x551.jpg\" alt=\"\" class=\"wp-image-223\"\/><\/figure>\n<\/div>\n<\/div>\n\n\n\n<div class=\"wp-block-columns has-2-columns image-text-block image-text-block--narrow image-left is-layout-flex wp-container-core-columns-is-layout-9d6595d7 wp-block-columns-is-layout-flex\">\n<div class=\"wp-block-column is-layout-flow wp-block-column-is-layout-flow\">\n<figure class=\"wp-block-image image-text-block__image image-text-block__image--narrow image-left\"><img loading=\"lazy\" decoding=\"async\" width=\"444\" height=\"551\" src=\"https:\/\/blulegal.com\/wp-content\/uploads\/2019\/11\/bigstock-Businessman-Playing-Chess-Game-287663164-min-444x551.jpg\" alt=\"\" class=\"wp-image-246\"\/><\/figure>\n<\/div>\n\n\n\n<div class=\"wp-block-column is-layout-flow wp-block-column-is-layout-flow\">\n<p class=\"image-text-block__text\">Wir weisen unsere ausl\u00e4ndischen Mandanten auf die Unterschiede zwischen <strong>polnischem und z. B. deutschem Recht<\/strong> hin und verweisen auf die Bedeutung der dinglichen Grunddienstbarkeiten im polnischen Recht, die den Investor weitaus st\u00e4rker sch\u00fctzen als die pers\u00f6nlichen Dienstbarkeiten im deutschen Recht. <\/p>\n\n\n\n<p class=\"image-text-block__text\"><\/p>\n<\/div>\n<\/div>\n\n\n\n<p><\/p>\n","protected":false},"excerpt":{"rendered":"<p>Wir unterst\u00fctzen Investoren bei der Gr\u00fcndung und \u00dcbernahme von Wind- und Solarfarmen auf dem Gebiet<\/p>\n","protected":false},"author":3,"featured_media":255,"parent":95,"menu_order":0,"comment_status":"closed","ping_status":"closed","template":"page-tpl-sidebar.php","meta":{"_acf_changed":false,"footnotes":""},"class_list":["post-3134","page","type-page","status-publish","has-post-thumbnail","hentry"],"acf":[],"yoast_head":"<!-- This site is optimized with the Yoast SEO plugin v27.2 - https:\/\/yoast.com\/product\/yoast-seo-wordpress\/ -->\n<title>Erneuerbare Energien in Polen<\/title>\n<meta name=\"description\" content=\"Erneuerbare Energien in Polen \u2013 oferujemy profesjonalne doradztwo w zakresie prawa polsko-niemieckiego dla firm i os\u00f3b fizycznych. Sprawd\u017a ofert\u0119!\" \/>\n<meta name=\"robots\" content=\"index, follow, max-snippet:-1, max-image-preview:large, max-video-preview:-1\" \/>\n<link rel=\"canonical\" href=\"https:\/\/blulegal.com\/de\/kompetenzen\/erneuerbare-energien-in-polen\/\" \/>\n<meta property=\"og:locale\" content=\"de_DE\" \/>\n<meta property=\"og:type\" content=\"article\" \/>\n<meta property=\"og:title\" content=\"Erneuerbare Energien in Polen\" \/>\n<meta property=\"og:description\" content=\"Erneuerbare Energien in Polen \u2013 oferujemy profesjonalne doradztwo w zakresie prawa polsko-niemieckiego dla firm i os\u00f3b fizycznych. Sprawd\u017a ofert\u0119!\" \/>\n<meta property=\"og:url\" content=\"https:\/\/blulegal.com\/de\/kompetenzen\/erneuerbare-energien-in-polen\/\" \/>\n<meta property=\"og:site_name\" content=\"BLU Legal\" \/>\n<meta property=\"article:modified_time\" content=\"2023-07-20T09:45:26+00:00\" \/>\n<meta property=\"og:image\" content=\"https:\/\/blulegal.com\/wp-content\/uploads\/2019\/11\/bigstock-Good-Service-Cooperation-Cons-282815557.jpg\" \/>\n\t<meta property=\"og:image:width\" content=\"4261\" \/>\n\t<meta property=\"og:image:height\" content=\"2841\" \/>\n\t<meta property=\"og:image:type\" content=\"image\/jpeg\" \/>\n<meta name=\"twitter:card\" content=\"summary_large_image\" \/>\n<meta name=\"twitter:label1\" content=\"Gesch\u00e4tzte Lesezeit\" \/>\n\t<meta name=\"twitter:data1\" content=\"2\u00a0Minuten\" \/>\n<script type=\"application\/ld+json\" class=\"yoast-schema-graph\">{\"@context\":\"https:\/\/schema.org\",\"@graph\":[{\"@type\":\"WebPage\",\"@id\":\"https:\/\/blulegal.com\/de\/kompetenzen\/erneuerbare-energien-in-polen\/\",\"url\":\"https:\/\/blulegal.com\/de\/kompetenzen\/erneuerbare-energien-in-polen\/\",\"name\":\"Erneuerbare Energien in Polen\",\"isPartOf\":{\"@id\":\"https:\/\/blulegal.com\/de\/#website\"},\"primaryImageOfPage\":{\"@id\":\"https:\/\/blulegal.com\/de\/kompetenzen\/erneuerbare-energien-in-polen\/#primaryimage\"},\"image\":{\"@id\":\"https:\/\/blulegal.com\/de\/kompetenzen\/erneuerbare-energien-in-polen\/#primaryimage\"},\"thumbnailUrl\":\"https:\/\/blulegal.com\/wp-content\/uploads\/2019\/11\/bigstock-Good-Service-Cooperation-Cons-282815557.jpg\",\"datePublished\":\"2023-07-20T05:54:34+00:00\",\"dateModified\":\"2023-07-20T09:45:26+00:00\",\"description\":\"Erneuerbare Energien in Polen \u2013 oferujemy profesjonalne doradztwo w zakresie prawa polsko-niemieckiego dla firm i os\u00f3b fizycznych. Sprawd\u017a ofert\u0119!\",\"breadcrumb\":{\"@id\":\"https:\/\/blulegal.com\/de\/kompetenzen\/erneuerbare-energien-in-polen\/#breadcrumb\"},\"inLanguage\":\"de\",\"potentialAction\":[{\"@type\":\"ReadAction\",\"target\":[\"https:\/\/blulegal.com\/de\/kompetenzen\/erneuerbare-energien-in-polen\/\"]}]},{\"@type\":\"ImageObject\",\"inLanguage\":\"de\",\"@id\":\"https:\/\/blulegal.com\/de\/kompetenzen\/erneuerbare-energien-in-polen\/#primaryimage\",\"url\":\"https:\/\/blulegal.com\/wp-content\/uploads\/2019\/11\/bigstock-Good-Service-Cooperation-Cons-282815557.jpg\",\"contentUrl\":\"https:\/\/blulegal.com\/wp-content\/uploads\/2019\/11\/bigstock-Good-Service-Cooperation-Cons-282815557.jpg\",\"width\":4261,\"height\":2841},{\"@type\":\"BreadcrumbList\",\"@id\":\"https:\/\/blulegal.com\/de\/kompetenzen\/erneuerbare-energien-in-polen\/#breadcrumb\",\"itemListElement\":[{\"@type\":\"ListItem\",\"position\":1,\"name\":\"Home\",\"item\":\"https:\/\/blulegal.com\/de\/\"},{\"@type\":\"ListItem\",\"position\":2,\"name\":\"Kompetenzen\",\"item\":\"https:\/\/blulegal.com\/de\/specjalizacje\/\"},{\"@type\":\"ListItem\",\"position\":3,\"name\":\"Erneuerbare Energien in Polen\"}]},{\"@type\":\"WebSite\",\"@id\":\"https:\/\/blulegal.com\/de\/#website\",\"url\":\"https:\/\/blulegal.com\/de\/\",\"name\":\"BLU Legal\",\"description\":\"\",\"publisher\":{\"@id\":\"https:\/\/blulegal.com\/de\/#organization\"},\"potentialAction\":[{\"@type\":\"SearchAction\",\"target\":{\"@type\":\"EntryPoint\",\"urlTemplate\":\"https:\/\/blulegal.com\/de\/?s={search_term_string}\"},\"query-input\":{\"@type\":\"PropertyValueSpecification\",\"valueRequired\":true,\"valueName\":\"search_term_string\"}}],\"inLanguage\":\"de\"},{\"@type\":\"Organization\",\"@id\":\"https:\/\/blulegal.com\/de\/#organization\",\"name\":\"Blu Legal\",\"url\":\"https:\/\/blulegal.com\/de\/\",\"logo\":{\"@type\":\"ImageObject\",\"inLanguage\":\"de\",\"@id\":\"https:\/\/blulegal.com\/de\/#\/schema\/logo\/image\/\",\"url\":\"https:\/\/blulegal.com\/wp-content\/uploads\/2023\/05\/logo-blu.png\",\"contentUrl\":\"https:\/\/blulegal.com\/wp-content\/uploads\/2023\/05\/logo-blu.png\",\"width\":225,\"height\":116,\"caption\":\"Blu Legal\"},\"image\":{\"@id\":\"https:\/\/blulegal.com\/de\/#\/schema\/logo\/image\/\"}}]}<\/script>\n<!-- \/ Yoast SEO plugin. -->","yoast_head_json":{"title":"Erneuerbare Energien in Polen","description":"Erneuerbare Energien in Polen \u2013 oferujemy profesjonalne doradztwo w zakresie prawa polsko-niemieckiego dla firm i os\u00f3b fizycznych. Sprawd\u017a ofert\u0119!","robots":{"index":"index","follow":"follow","max-snippet":"max-snippet:-1","max-image-preview":"max-image-preview:large","max-video-preview":"max-video-preview:-1"},"canonical":"https:\/\/blulegal.com\/de\/kompetenzen\/erneuerbare-energien-in-polen\/","og_locale":"de_DE","og_type":"article","og_title":"Erneuerbare Energien in Polen","og_description":"Erneuerbare Energien in Polen \u2013 oferujemy profesjonalne doradztwo w zakresie prawa polsko-niemieckiego dla firm i os\u00f3b fizycznych. Sprawd\u017a ofert\u0119!","og_url":"https:\/\/blulegal.com\/de\/kompetenzen\/erneuerbare-energien-in-polen\/","og_site_name":"BLU Legal","article_modified_time":"2023-07-20T09:45:26+00:00","og_image":[{"width":4261,"height":2841,"url":"https:\/\/blulegal.com\/wp-content\/uploads\/2019\/11\/bigstock-Good-Service-Cooperation-Cons-282815557.jpg","type":"image\/jpeg"}],"twitter_card":"summary_large_image","twitter_misc":{"Gesch\u00e4tzte Lesezeit":"2\u00a0Minuten"},"schema":{"@context":"https:\/\/schema.org","@graph":[{"@type":"WebPage","@id":"https:\/\/blulegal.com\/de\/kompetenzen\/erneuerbare-energien-in-polen\/","url":"https:\/\/blulegal.com\/de\/kompetenzen\/erneuerbare-energien-in-polen\/","name":"Erneuerbare Energien in Polen","isPartOf":{"@id":"https:\/\/blulegal.com\/de\/#website"},"primaryImageOfPage":{"@id":"https:\/\/blulegal.com\/de\/kompetenzen\/erneuerbare-energien-in-polen\/#primaryimage"},"image":{"@id":"https:\/\/blulegal.com\/de\/kompetenzen\/erneuerbare-energien-in-polen\/#primaryimage"},"thumbnailUrl":"https:\/\/blulegal.com\/wp-content\/uploads\/2019\/11\/bigstock-Good-Service-Cooperation-Cons-282815557.jpg","datePublished":"2023-07-20T05:54:34+00:00","dateModified":"2023-07-20T09:45:26+00:00","description":"Erneuerbare Energien in Polen \u2013 oferujemy profesjonalne doradztwo w zakresie prawa polsko-niemieckiego dla firm i os\u00f3b fizycznych. Sprawd\u017a ofert\u0119!","breadcrumb":{"@id":"https:\/\/blulegal.com\/de\/kompetenzen\/erneuerbare-energien-in-polen\/#breadcrumb"},"inLanguage":"de","potentialAction":[{"@type":"ReadAction","target":["https:\/\/blulegal.com\/de\/kompetenzen\/erneuerbare-energien-in-polen\/"]}]},{"@type":"ImageObject","inLanguage":"de","@id":"https:\/\/blulegal.com\/de\/kompetenzen\/erneuerbare-energien-in-polen\/#primaryimage","url":"https:\/\/blulegal.com\/wp-content\/uploads\/2019\/11\/bigstock-Good-Service-Cooperation-Cons-282815557.jpg","contentUrl":"https:\/\/blulegal.com\/wp-content\/uploads\/2019\/11\/bigstock-Good-Service-Cooperation-Cons-282815557.jpg","width":4261,"height":2841},{"@type":"BreadcrumbList","@id":"https:\/\/blulegal.com\/de\/kompetenzen\/erneuerbare-energien-in-polen\/#breadcrumb","itemListElement":[{"@type":"ListItem","position":1,"name":"Home","item":"https:\/\/blulegal.com\/de\/"},{"@type":"ListItem","position":2,"name":"Kompetenzen","item":"https:\/\/blulegal.com\/de\/specjalizacje\/"},{"@type":"ListItem","position":3,"name":"Erneuerbare Energien in Polen"}]},{"@type":"WebSite","@id":"https:\/\/blulegal.com\/de\/#website","url":"https:\/\/blulegal.com\/de\/","name":"BLU Legal","description":"","publisher":{"@id":"https:\/\/blulegal.com\/de\/#organization"},"potentialAction":[{"@type":"SearchAction","target":{"@type":"EntryPoint","urlTemplate":"https:\/\/blulegal.com\/de\/?s={search_term_string}"},"query-input":{"@type":"PropertyValueSpecification","valueRequired":true,"valueName":"search_term_string"}}],"inLanguage":"de"},{"@type":"Organization","@id":"https:\/\/blulegal.com\/de\/#organization","name":"Blu Legal","url":"https:\/\/blulegal.com\/de\/","logo":{"@type":"ImageObject","inLanguage":"de","@id":"https:\/\/blulegal.com\/de\/#\/schema\/logo\/image\/","url":"https:\/\/blulegal.com\/wp-content\/uploads\/2023\/05\/logo-blu.png","contentUrl":"https:\/\/blulegal.com\/wp-content\/uploads\/2023\/05\/logo-blu.png","width":225,"height":116,"caption":"Blu Legal"},"image":{"@id":"https:\/\/blulegal.com\/de\/#\/schema\/logo\/image\/"}}]}},"_links":{"self":[{"href":"https:\/\/blulegal.com\/de\/wp-json\/wp\/v2\/pages\/3134","targetHints":{"allow":["GET"]}}],"collection":[{"href":"https:\/\/blulegal.com\/de\/wp-json\/wp\/v2\/pages"}],"about":[{"href":"https:\/\/blulegal.com\/de\/wp-json\/wp\/v2\/types\/page"}],"author":[{"embeddable":true,"href":"https:\/\/blulegal.com\/de\/wp-json\/wp\/v2\/users\/3"}],"replies":[{"embeddable":true,"href":"https:\/\/blulegal.com\/de\/wp-json\/wp\/v2\/comments?post=3134"}],"version-history":[{"count":5,"href":"https:\/\/blulegal.com\/de\/wp-json\/wp\/v2\/pages\/3134\/revisions"}],"predecessor-version":[{"id":3247,"href":"https:\/\/blulegal.com\/de\/wp-json\/wp\/v2\/pages\/3134\/revisions\/3247"}],"up":[{"embeddable":true,"href":"https:\/\/blulegal.com\/de\/wp-json\/wp\/v2\/pages\/95"}],"wp:featuredmedia":[{"embeddable":true,"href":"https:\/\/blulegal.com\/de\/wp-json\/wp\/v2\/media\/255"}],"wp:attachment":[{"href":"https:\/\/blulegal.com\/de\/wp-json\/wp\/v2\/media?parent=3134"}],"curies":[{"name":"wp","href":"https:\/\/api.w.org\/{rel}","templated":true}]}}