{"id":3155,"date":"2023-07-20T06:20:03","date_gmt":"2023-07-20T06:20:03","guid":{"rendered":"https:\/\/blulegal.com\/kompetenzen\/arbeitsrecht-und-soziale-sicherheit-in-polen\/"},"modified":"2023-07-20T11:09:21","modified_gmt":"2023-07-20T11:09:21","slug":"arbeitsrecht-und-sozialversicherungsrecht-in-polen","status":"publish","type":"page","link":"https:\/\/blulegal.com\/de\/kompetenzen\/arbeitsrecht-und-sozialversicherungsrecht-in-polen\/","title":{"rendered":"Arbeitsrecht und Sozialversicherungsrecht in Polen"},"content":{"rendered":"\n<div class=\"wp-block-columns has-2-columns image-text-block image-text-block--narrow image-left is-layout-flex wp-container-core-columns-is-layout-9d6595d7 wp-block-columns-is-layout-flex\">\n<div class=\"wp-block-column is-layout-flow wp-block-column-is-layout-flow\">\n<figure class=\"wp-block-image image-text-block__image image-text-block__image--narrow image-left\"><img loading=\"lazy\" decoding=\"async\" width=\"444\" height=\"551\" src=\"https:\/\/blulegal.com\/wp-content\/uploads\/2019\/11\/bigstock-Businessman-Playing-Chess-Game-287663164-min-444x551.jpg\" alt=\"\" class=\"wp-image-246\"\/><\/figure>\n<\/div>\n\n\n\n<div class=\"wp-block-column is-layout-flow wp-block-column-is-layout-flow\">\n<p class=\"image-text-block__text\">Wir beraten unsere Mandanten in Fragen des <strong>Arbeitsrechts und der sozialen Sicherheit in Polen<\/strong> und vertreten sie in Verfahren vor den zust\u00e4ndigen Gerichten und Beh\u00f6rden in diesen Bereichen. Wir unterst\u00fctzen auch bei der Erstellung aller erforderlichen Unterlagen in jeder Phase des Arbeitsverh\u00e4ltnisses &#8211; von der Begr\u00fcndung bis zur Beendigung des Arbeitsverh\u00e4ltnisses. <\/p>\n\n\n\n<p class=\"image-text-block__text\">Gleichzeitig achten wir darauf, dass die von uns erstellten Unterlagen den <strong>Datenschutzbestimmungen entsprechen.<\/strong> Im Rahmen der Bereitstellung umfassender Dienstleistungen f\u00fcr Arbeitgeber bieten wir Unterst\u00fctzung bei der \u00dcberweisung zur Untersuchung durch einen Arbeitsmediziner und bei der Schulung im Bereich Gesundheit und Sicherheit am Arbeitsplatz, die f\u00fcr Arbeitnehmer, die nach den V<strong>orschriften des polnischen Arbeitsgesetzes<\/strong> eingestellt werden, obligatorisch ist. <\/p>\n<\/div>\n<\/div>\n\n<div class=\"wp-block-columns has-2-columns image-text-block image-text-block--narrow image-right is-layout-flex wp-container-core-columns-is-layout-9d6595d7 wp-block-columns-is-layout-flex\">\n<div class=\"wp-block-column is-layout-flow wp-block-column-is-layout-flow\">\n<h6 class=\"image-text-block__pretitle wp-block-heading\">\u00a7 01<\/h6>\n\n\n\n<h3 class=\"image-text-block__title wp-block-heading\">Arbeitsrecht<\/h3>\n\n\n\n<ul class=\"image-text-block__text wp-block-list\"><li>Beratung bei der Wahl der Besch\u00e4ftigungsformen f\u00fcr Arbeitnehmer,<\/li><li>Ausarbeitung von Arbeitsvertr\u00e4gen und unternehmensinternen arbeitsrechtlichen Akten, einschlie\u00dflich der Arbeitsordnung, der Entgeltordnung, des betrieblichen Sozialfonds (auch in englischer Sprache)<br\/>und deutsche Sprachfassung),<\/li><\/ul>\n<\/div>\n\n\n\n<div class=\"wp-block-column is-layout-flow wp-block-column-is-layout-flow\">\n<figure class=\"wp-block-image image-text-block__image image-text-block__image--narrow\"><img loading=\"lazy\" decoding=\"async\" width=\"444\" height=\"551\" src=\"https:\/\/blulegal.com\/wp-content\/uploads\/2019\/11\/bigstock-Businessman-And-Male-Lawyer-Or-244150996-1-min-444x551.jpg\" alt=\"\" class=\"wp-image-242\"\/><\/figure>\n<\/div>\n<\/div>\n\n<div class=\"wp-block-columns has-2-columns image-text-block image-text-block--narrow image-left is-layout-flex wp-container-core-columns-is-layout-9d6595d7 wp-block-columns-is-layout-flex\">\n<div class=\"wp-block-column is-layout-flow wp-block-column-is-layout-flow\">\n<figure class=\"wp-block-image image-text-block__image image-text-block__image--narrow image-left\"><img loading=\"lazy\" decoding=\"async\" width=\"444\" height=\"551\" src=\"https:\/\/blulegal.com\/wp-content\/uploads\/2019\/11\/bigstock-Good-Service-Cooperation-Cons-282815557-444x551.jpg\" alt=\"\" class=\"wp-image-253\"\/><\/figure>\n<\/div>\n\n\n\n<div class=\"wp-block-column is-layout-flow wp-block-column-is-layout-flow\">\n<ul class=\"image-text-block__text wp-block-list\"><li>T\u00e4gliche Beratung in Personalangelegenheiten, einschlie\u00dflich Arbeitszeitfragen, Arbeitszeit- und Zeitpl\u00e4nen, Inlands- und Auslandseins\u00e4tzen,<\/li><li>laufende Beratung bei der Lohnbuchhaltung,<\/li><li>Beratung bei Massenentlassungen, Entwicklung von Strategien und Regelungen f\u00fcr Massenentlassungen,<\/li><li>Durchf\u00fchrung von Gerichtsverfahren in Arbeitsangelegenheiten.<\/li><\/ul>\n<\/div>\n<\/div>\n\n<div class=\"wp-block-columns has-2-columns image-text-block image-text-block--narrow image-right is-layout-flex wp-container-core-columns-is-layout-9d6595d7 wp-block-columns-is-layout-flex\">\n<div class=\"wp-block-column is-layout-flow wp-block-column-is-layout-flow\">\n<h6 class=\"image-text-block__pretitle wp-block-heading\">\u00a7 02<\/h6>\n\n\n\n<h3 class=\"image-text-block__title wp-block-heading\">Sozialversicherungsrecht<\/h3>\n\n\n\n<ul class=\"image-text-block__text wp-block-list\"><li>Beratung von Existenzgr\u00fcndern in Bezug auf Versicherungspflichten,<\/li><li>Beratung zur Optimierung der Kosten im Zusammenhang mit Beitragsforderungen,<\/li><li>Eine rechtliche Analyse des Entstehens der Sozialversicherungspflicht, einschlie\u00dflich der Notwendigkeit, zu den verschiedenen Einkommensarten beizutragen,<\/li><\/ul>\n<\/div>\n\n\n\n<div class=\"wp-block-column is-layout-flow wp-block-column-is-layout-flow\">\n<figure class=\"wp-block-image image-text-block__image image-text-block__image--narrow\"><img loading=\"lazy\" decoding=\"async\" width=\"444\" height=\"551\" src=\"https:\/\/blulegal.com\/wp-content\/uploads\/2019\/11\/bigstock-Lawyer-Office-Statue-Of-Justi-270799618-444x551.jpg\" alt=\"\" class=\"wp-image-238\"\/><\/figure>\n\n\n\n<p\/>\n<\/div>\n<\/div>\n\n<div class=\"wp-block-columns has-2-columns image-text-block image-text-block--narrow image-left is-layout-flex wp-container-core-columns-is-layout-9d6595d7 wp-block-columns-is-layout-flex\">\n<div class=\"wp-block-column is-layout-flow wp-block-column-is-layout-flow\">\n<figure class=\"wp-block-image image-text-block__image image-text-block__image--narrow image-left\"><img loading=\"lazy\" decoding=\"async\" width=\"444\" height=\"551\" src=\"https:\/\/blulegal.com\/wp-content\/uploads\/2019\/11\/bigstock-Male-Lawyer-Or-Judge-Working-W-290555113-min-444x551.jpg\" alt=\"\" class=\"wp-image-230\"\/><\/figure>\n<\/div>\n\n\n\n<div class=\"wp-block-column is-layout-flow wp-block-column-is-layout-flow\">\n<ul class=\"image-text-block__text wp-block-list\"><li>die Konstruktion und rechtliche Analyse von Vertr\u00e4gen im Hinblick auf die Ausl\u00f6sung von Sozialversicherungspflichte<\/li><li>Unterst\u00fctzung bei laufenden Kontrollverfahren,<\/li><li>Erstellung von Rechtsgutachten, Einspr\u00fcchen<br\/>zur Kontrolle von Protokollen, Einspr\u00fcchen gegen Entscheidungen und Beschwerden gegen Gerichtsentscheidungen,<\/li><li>Vertretung in Verfahren vor der Sozialversicherungsanstalt (ZUS) und vor den Gerichten in Polen,<\/li><\/ul>\n<\/div>\n<\/div>\n\n<div class=\"wp-block-columns has-2-columns image-text-block image-text-block--narrow image-right is-layout-flex wp-container-core-columns-is-layout-9d6595d7 wp-block-columns-is-layout-flex\">\n<div class=\"wp-block-column is-layout-flow wp-block-column-is-layout-flow\">\n<ul class=\"image-text-block__text wp-block-list\"><li>Rechtsbeistand f\u00fcr Antragsteller<br\/>f\u00fcr den Anspruch auf Sozialversicherungsleistungen, u. a.: Beratung \u00fcber die Voraussetzungen f\u00fcr den Erwerb des Anspruchs auf Erwerbsunf\u00e4higkeitsrente, Hinterbliebenenrente, Vorruhestandsgeld, Altersrente, Leistungen der Krankenversicherung (Kranken- und Mutterschaftsgeld, Vorruhestandsgeld), Leistungen der Unfallversicherung (insbesondere Anspruch auf einmalige Entsch\u00e4digung und Unfallhinterbliebenenrente),<\/li><li>Rechtsbeistand im Rahmen eines laufenden Verfahrens vor der ZUS in Polen,<\/li><li>Erstellung von Rechtsgutachten, Beschwerden gegen die Unt\u00e4tigkeit der Rentenbeh\u00f6rde, Einspr\u00fcche gegen Entscheidungen und Berufungen gegen Gerichtsentscheidungen,<\/li><li>Vertretung in gerichtlich anh\u00e4ngigen Streitigkeiten mit der ZUS.<\/li><\/ul>\n<\/div>\n\n\n\n<div class=\"wp-block-column is-layout-flow wp-block-column-is-layout-flow\">\n<figure class=\"wp-block-image image-text-block__image image-text-block__image--narrow\"><img loading=\"lazy\" decoding=\"async\" width=\"444\" height=\"551\" src=\"https:\/\/blulegal.com\/wp-content\/uploads\/2019\/11\/kontakt-page_top-444x551.jpg\" alt=\"\" class=\"wp-image-223\"\/><\/figure>\n<\/div>\n<\/div>\n","protected":false},"excerpt":{"rendered":"<p>Wir beraten unsere Mandanten in Fragen des Arbeitsrechts und der sozialen Sicherheit in Polen und<\/p>\n","protected":false},"author":3,"featured_media":255,"parent":95,"menu_order":0,"comment_status":"closed","ping_status":"closed","template":"page-tpl-sidebar.php","meta":{"_acf_changed":false,"footnotes":""},"class_list":["post-3155","page","type-page","status-publish","has-post-thumbnail","hentry"],"acf":[],"yoast_head":"<!-- This site is optimized with the Yoast SEO plugin v27.2 - https:\/\/yoast.com\/product\/yoast-seo-wordpress\/ -->\n<title>Arbeitsrecht &amp; Sozialversicherungsrecht in Polen<\/title>\n<meta name=\"description\" content=\"Arbeitsrecht und Sozialversicherungsrecht in Polen \u2013 oferujemy profesjonalne doradztwo w zakresie prawa polsko-niemieckiego dla firm i os\u00f3b fizycznych. Sprawd\u017a ofert\u0119!\" \/>\n<meta name=\"robots\" content=\"index, follow, max-snippet:-1, max-image-preview:large, max-video-preview:-1\" \/>\n<link rel=\"canonical\" href=\"https:\/\/blulegal.com\/de\/kompetenzen\/arbeitsrecht-und-sozialversicherungsrecht-in-polen\/\" \/>\n<meta property=\"og:locale\" content=\"de_DE\" \/>\n<meta property=\"og:type\" content=\"article\" \/>\n<meta property=\"og:title\" content=\"Arbeitsrecht &amp; Sozialversicherungsrecht in Polen\" \/>\n<meta property=\"og:description\" content=\"Arbeitsrecht und Sozialversicherungsrecht in Polen \u2013 oferujemy profesjonalne doradztwo w zakresie prawa polsko-niemieckiego dla firm i os\u00f3b fizycznych. Sprawd\u017a ofert\u0119!\" \/>\n<meta property=\"og:url\" content=\"https:\/\/blulegal.com\/de\/kompetenzen\/arbeitsrecht-und-sozialversicherungsrecht-in-polen\/\" \/>\n<meta property=\"og:site_name\" content=\"BLU Legal\" \/>\n<meta property=\"article:modified_time\" content=\"2023-07-20T11:09:21+00:00\" \/>\n<meta property=\"og:image\" content=\"https:\/\/blulegal.com\/wp-content\/uploads\/2019\/11\/bigstock-Good-Service-Cooperation-Cons-282815557.jpg\" \/>\n\t<meta property=\"og:image:width\" content=\"4261\" \/>\n\t<meta property=\"og:image:height\" content=\"2841\" \/>\n\t<meta property=\"og:image:type\" content=\"image\/jpeg\" \/>\n<meta name=\"twitter:card\" content=\"summary_large_image\" \/>\n<meta name=\"twitter:label1\" content=\"Gesch\u00e4tzte Lesezeit\" \/>\n\t<meta name=\"twitter:data1\" content=\"2\u00a0Minuten\" \/>\n<script type=\"application\/ld+json\" class=\"yoast-schema-graph\">{\"@context\":\"https:\/\/schema.org\",\"@graph\":[{\"@type\":\"WebPage\",\"@id\":\"https:\/\/blulegal.com\/de\/kompetenzen\/arbeitsrecht-und-sozialversicherungsrecht-in-polen\/\",\"url\":\"https:\/\/blulegal.com\/de\/kompetenzen\/arbeitsrecht-und-sozialversicherungsrecht-in-polen\/\",\"name\":\"Arbeitsrecht & Sozialversicherungsrecht in Polen\",\"isPartOf\":{\"@id\":\"https:\/\/blulegal.com\/de\/#website\"},\"primaryImageOfPage\":{\"@id\":\"https:\/\/blulegal.com\/de\/kompetenzen\/arbeitsrecht-und-sozialversicherungsrecht-in-polen\/#primaryimage\"},\"image\":{\"@id\":\"https:\/\/blulegal.com\/de\/kompetenzen\/arbeitsrecht-und-sozialversicherungsrecht-in-polen\/#primaryimage\"},\"thumbnailUrl\":\"https:\/\/blulegal.com\/wp-content\/uploads\/2019\/11\/bigstock-Good-Service-Cooperation-Cons-282815557.jpg\",\"datePublished\":\"2023-07-20T06:20:03+00:00\",\"dateModified\":\"2023-07-20T11:09:21+00:00\",\"description\":\"Arbeitsrecht und Sozialversicherungsrecht in Polen \u2013 oferujemy profesjonalne doradztwo w zakresie prawa polsko-niemieckiego dla firm i os\u00f3b fizycznych. Sprawd\u017a ofert\u0119!\",\"breadcrumb\":{\"@id\":\"https:\/\/blulegal.com\/de\/kompetenzen\/arbeitsrecht-und-sozialversicherungsrecht-in-polen\/#breadcrumb\"},\"inLanguage\":\"de\",\"potentialAction\":[{\"@type\":\"ReadAction\",\"target\":[\"https:\/\/blulegal.com\/de\/kompetenzen\/arbeitsrecht-und-sozialversicherungsrecht-in-polen\/\"]}]},{\"@type\":\"ImageObject\",\"inLanguage\":\"de\",\"@id\":\"https:\/\/blulegal.com\/de\/kompetenzen\/arbeitsrecht-und-sozialversicherungsrecht-in-polen\/#primaryimage\",\"url\":\"https:\/\/blulegal.com\/wp-content\/uploads\/2019\/11\/bigstock-Good-Service-Cooperation-Cons-282815557.jpg\",\"contentUrl\":\"https:\/\/blulegal.com\/wp-content\/uploads\/2019\/11\/bigstock-Good-Service-Cooperation-Cons-282815557.jpg\",\"width\":4261,\"height\":2841},{\"@type\":\"BreadcrumbList\",\"@id\":\"https:\/\/blulegal.com\/de\/kompetenzen\/arbeitsrecht-und-sozialversicherungsrecht-in-polen\/#breadcrumb\",\"itemListElement\":[{\"@type\":\"ListItem\",\"position\":1,\"name\":\"Home\",\"item\":\"https:\/\/blulegal.com\/de\/\"},{\"@type\":\"ListItem\",\"position\":2,\"name\":\"Kompetenzen\",\"item\":\"https:\/\/blulegal.com\/de\/specjalizacje\/\"},{\"@type\":\"ListItem\",\"position\":3,\"name\":\"Arbeitsrecht und Sozialversicherungsrecht in Polen\"}]},{\"@type\":\"WebSite\",\"@id\":\"https:\/\/blulegal.com\/de\/#website\",\"url\":\"https:\/\/blulegal.com\/de\/\",\"name\":\"BLU Legal\",\"description\":\"\",\"publisher\":{\"@id\":\"https:\/\/blulegal.com\/de\/#organization\"},\"potentialAction\":[{\"@type\":\"SearchAction\",\"target\":{\"@type\":\"EntryPoint\",\"urlTemplate\":\"https:\/\/blulegal.com\/de\/?s={search_term_string}\"},\"query-input\":{\"@type\":\"PropertyValueSpecification\",\"valueRequired\":true,\"valueName\":\"search_term_string\"}}],\"inLanguage\":\"de\"},{\"@type\":\"Organization\",\"@id\":\"https:\/\/blulegal.com\/de\/#organization\",\"name\":\"Blu Legal\",\"url\":\"https:\/\/blulegal.com\/de\/\",\"logo\":{\"@type\":\"ImageObject\",\"inLanguage\":\"de\",\"@id\":\"https:\/\/blulegal.com\/de\/#\/schema\/logo\/image\/\",\"url\":\"https:\/\/blulegal.com\/wp-content\/uploads\/2023\/05\/logo-blu.png\",\"contentUrl\":\"https:\/\/blulegal.com\/wp-content\/uploads\/2023\/05\/logo-blu.png\",\"width\":225,\"height\":116,\"caption\":\"Blu Legal\"},\"image\":{\"@id\":\"https:\/\/blulegal.com\/de\/#\/schema\/logo\/image\/\"}}]}<\/script>\n<!-- \/ Yoast SEO plugin. -->","yoast_head_json":{"title":"Arbeitsrecht & Sozialversicherungsrecht in Polen","description":"Arbeitsrecht und Sozialversicherungsrecht in Polen \u2013 oferujemy profesjonalne doradztwo w zakresie prawa polsko-niemieckiego dla firm i os\u00f3b fizycznych. Sprawd\u017a ofert\u0119!","robots":{"index":"index","follow":"follow","max-snippet":"max-snippet:-1","max-image-preview":"max-image-preview:large","max-video-preview":"max-video-preview:-1"},"canonical":"https:\/\/blulegal.com\/de\/kompetenzen\/arbeitsrecht-und-sozialversicherungsrecht-in-polen\/","og_locale":"de_DE","og_type":"article","og_title":"Arbeitsrecht & Sozialversicherungsrecht in Polen","og_description":"Arbeitsrecht und Sozialversicherungsrecht in Polen \u2013 oferujemy profesjonalne doradztwo w zakresie prawa polsko-niemieckiego dla firm i os\u00f3b fizycznych. Sprawd\u017a ofert\u0119!","og_url":"https:\/\/blulegal.com\/de\/kompetenzen\/arbeitsrecht-und-sozialversicherungsrecht-in-polen\/","og_site_name":"BLU Legal","article_modified_time":"2023-07-20T11:09:21+00:00","og_image":[{"width":4261,"height":2841,"url":"https:\/\/blulegal.com\/wp-content\/uploads\/2019\/11\/bigstock-Good-Service-Cooperation-Cons-282815557.jpg","type":"image\/jpeg"}],"twitter_card":"summary_large_image","twitter_misc":{"Gesch\u00e4tzte Lesezeit":"2\u00a0Minuten"},"schema":{"@context":"https:\/\/schema.org","@graph":[{"@type":"WebPage","@id":"https:\/\/blulegal.com\/de\/kompetenzen\/arbeitsrecht-und-sozialversicherungsrecht-in-polen\/","url":"https:\/\/blulegal.com\/de\/kompetenzen\/arbeitsrecht-und-sozialversicherungsrecht-in-polen\/","name":"Arbeitsrecht & Sozialversicherungsrecht in Polen","isPartOf":{"@id":"https:\/\/blulegal.com\/de\/#website"},"primaryImageOfPage":{"@id":"https:\/\/blulegal.com\/de\/kompetenzen\/arbeitsrecht-und-sozialversicherungsrecht-in-polen\/#primaryimage"},"image":{"@id":"https:\/\/blulegal.com\/de\/kompetenzen\/arbeitsrecht-und-sozialversicherungsrecht-in-polen\/#primaryimage"},"thumbnailUrl":"https:\/\/blulegal.com\/wp-content\/uploads\/2019\/11\/bigstock-Good-Service-Cooperation-Cons-282815557.jpg","datePublished":"2023-07-20T06:20:03+00:00","dateModified":"2023-07-20T11:09:21+00:00","description":"Arbeitsrecht und Sozialversicherungsrecht in Polen \u2013 oferujemy profesjonalne doradztwo w zakresie prawa polsko-niemieckiego dla firm i os\u00f3b fizycznych. Sprawd\u017a ofert\u0119!","breadcrumb":{"@id":"https:\/\/blulegal.com\/de\/kompetenzen\/arbeitsrecht-und-sozialversicherungsrecht-in-polen\/#breadcrumb"},"inLanguage":"de","potentialAction":[{"@type":"ReadAction","target":["https:\/\/blulegal.com\/de\/kompetenzen\/arbeitsrecht-und-sozialversicherungsrecht-in-polen\/"]}]},{"@type":"ImageObject","inLanguage":"de","@id":"https:\/\/blulegal.com\/de\/kompetenzen\/arbeitsrecht-und-sozialversicherungsrecht-in-polen\/#primaryimage","url":"https:\/\/blulegal.com\/wp-content\/uploads\/2019\/11\/bigstock-Good-Service-Cooperation-Cons-282815557.jpg","contentUrl":"https:\/\/blulegal.com\/wp-content\/uploads\/2019\/11\/bigstock-Good-Service-Cooperation-Cons-282815557.jpg","width":4261,"height":2841},{"@type":"BreadcrumbList","@id":"https:\/\/blulegal.com\/de\/kompetenzen\/arbeitsrecht-und-sozialversicherungsrecht-in-polen\/#breadcrumb","itemListElement":[{"@type":"ListItem","position":1,"name":"Home","item":"https:\/\/blulegal.com\/de\/"},{"@type":"ListItem","position":2,"name":"Kompetenzen","item":"https:\/\/blulegal.com\/de\/specjalizacje\/"},{"@type":"ListItem","position":3,"name":"Arbeitsrecht und Sozialversicherungsrecht in Polen"}]},{"@type":"WebSite","@id":"https:\/\/blulegal.com\/de\/#website","url":"https:\/\/blulegal.com\/de\/","name":"BLU Legal","description":"","publisher":{"@id":"https:\/\/blulegal.com\/de\/#organization"},"potentialAction":[{"@type":"SearchAction","target":{"@type":"EntryPoint","urlTemplate":"https:\/\/blulegal.com\/de\/?s={search_term_string}"},"query-input":{"@type":"PropertyValueSpecification","valueRequired":true,"valueName":"search_term_string"}}],"inLanguage":"de"},{"@type":"Organization","@id":"https:\/\/blulegal.com\/de\/#organization","name":"Blu Legal","url":"https:\/\/blulegal.com\/de\/","logo":{"@type":"ImageObject","inLanguage":"de","@id":"https:\/\/blulegal.com\/de\/#\/schema\/logo\/image\/","url":"https:\/\/blulegal.com\/wp-content\/uploads\/2023\/05\/logo-blu.png","contentUrl":"https:\/\/blulegal.com\/wp-content\/uploads\/2023\/05\/logo-blu.png","width":225,"height":116,"caption":"Blu Legal"},"image":{"@id":"https:\/\/blulegal.com\/de\/#\/schema\/logo\/image\/"}}]}},"_links":{"self":[{"href":"https:\/\/blulegal.com\/de\/wp-json\/wp\/v2\/pages\/3155","targetHints":{"allow":["GET"]}}],"collection":[{"href":"https:\/\/blulegal.com\/de\/wp-json\/wp\/v2\/pages"}],"about":[{"href":"https:\/\/blulegal.com\/de\/wp-json\/wp\/v2\/types\/page"}],"author":[{"embeddable":true,"href":"https:\/\/blulegal.com\/de\/wp-json\/wp\/v2\/users\/3"}],"replies":[{"embeddable":true,"href":"https:\/\/blulegal.com\/de\/wp-json\/wp\/v2\/comments?post=3155"}],"version-history":[{"count":7,"href":"https:\/\/blulegal.com\/de\/wp-json\/wp\/v2\/pages\/3155\/revisions"}],"predecessor-version":[{"id":3280,"href":"https:\/\/blulegal.com\/de\/wp-json\/wp\/v2\/pages\/3155\/revisions\/3280"}],"up":[{"embeddable":true,"href":"https:\/\/blulegal.com\/de\/wp-json\/wp\/v2\/pages\/95"}],"wp:featuredmedia":[{"embeddable":true,"href":"https:\/\/blulegal.com\/de\/wp-json\/wp\/v2\/media\/255"}],"wp:attachment":[{"href":"https:\/\/blulegal.com\/de\/wp-json\/wp\/v2\/media?parent=3155"}],"curies":[{"name":"wp","href":"https:\/\/api.w.org\/{rel}","templated":true}]}}