{"id":3166,"date":"2023-07-20T06:30:35","date_gmt":"2023-07-20T06:30:35","guid":{"rendered":"https:\/\/blulegal.com\/kompetenzen\/grenzuberschreitende-streitigkeiten\/"},"modified":"2023-07-20T10:44:30","modified_gmt":"2023-07-20T10:44:30","slug":"grenzueberschreitende-gerichtsverfahren-in-polen","status":"publish","type":"page","link":"https:\/\/blulegal.com\/de\/kompetenzen\/grenzueberschreitende-gerichtsverfahren-in-polen\/","title":{"rendered":"Grenz\u00fcberschreitende Gerichtsverfahren in Polen"},"content":{"rendered":"\n<div class=\"wp-block-columns has-2-columns image-text-block image-text-block--narrow image-left is-layout-flex wp-container-core-columns-is-layout-9d6595d7 wp-block-columns-is-layout-flex\">\n<div class=\"wp-block-column is-layout-flow wp-block-column-is-layout-flow\">\n<figure class=\"wp-block-image image-text-block__image image-text-block__image--narrow image-left\"><img loading=\"lazy\" decoding=\"async\" width=\"444\" height=\"551\" src=\"https:\/\/blulegal.com\/wp-content\/uploads\/2019\/11\/bigstock-Male-Lawyer-Or-Judge-Working-W-290555113-min-444x551.jpg\" alt=\"\" class=\"wp-image-230\"\/><\/figure>\n<\/div>\n\n\n\n<div class=\"wp-block-column is-layout-flow wp-block-column-is-layout-flow\">\n<p>  <strong>BLU Radcowie Prawni, Wroc\u0142aw, ist eine Anwaltskanzlei mit den Schwerpunkten:<\/strong><\/p>\n\n\n\n<ul class=\"image-text-block__text wp-block-list\">\n<li>Beitreibung strittiger Forderungen gegen\u00fcber Polen im internationalen Gesch\u00e4ft &#8211; wir beantragen im Namen unserer Kunden einen <a rel=\"noreferrer noopener\" href=\"https:\/\/eur-lex.europa.eu\/legal-content\/PL\/TXT\/?uri=LEGISSUM:l16023\" target=\"_blank\"><em>Europ\u00e4ischen Zahlungsbefehl auf der Grundlage der Verordnung (EG) 1896\/2006 zur Einf\u00fchrung eines Europ\u00e4ischen Mahnverfahrens,<\/em><\/a><\/li>\n\n\n\n<li>Festlegung der Regeln f\u00fcr die gerichtliche Zust\u00e4ndigkeit in grenz\u00fcberschreitenden Streitigkeiten und die Vollstreckbarerkl\u00e4rung ausl\u00e4ndischer Urteile auf der Grundlage von <a rel=\"noreferrer noopener\" href=\"https:\/\/eur-lex.europa.eu\/legal-content\/PL\/TXT\/?uri=CELEX%3A32012R1215\" target=\"_blank\"><em>Verordnung (EU) Nr. 1215\/2012 des Europ\u00e4ischen Parlaments und des Rates vom 12. Dezember 2012. zur Zust\u00e4ndigkeit<\/em><\/a><em> <\/em><a href=\"https:\/\/eur-lex.europa.eu\/legal-content\/PL\/TXT\/?uri=CELEX%3A32012R1215\"><em>und die Anerkennung und Vollstreckung von Urteilen in Zivilsachen<\/em><\/a><em> <\/em><a href=\"https:\/\/eur-lex.europa.eu\/legal-content\/PL\/TXT\/?uri=CELEX%3A32012R1215\"><em>und kommerziell,<\/em><\/a><\/li>\n<\/ul>\n<\/div>\n<\/div>\n\n\n\n<div class=\"wp-block-columns has-2-columns image-text-block image-text-block--narrow image-right is-layout-flex wp-container-core-columns-is-layout-9d6595d7 wp-block-columns-is-layout-flex\">\n<div class=\"wp-block-column is-layout-flow wp-block-column-is-layout-flow\">\n<ul class=\"image-text-block__text wp-block-list\">\n<li>Bestimmung des anwendbaren Rechts bei grenz\u00fcberschreitenden <a rel=\"noreferrer noopener\" href=\"https:\/\/eur-lex.europa.eu\/legal-content\/PL\/TXT\/?uri=LEGISSUM:jl0006\" target=\"_blank\"><em>Streitigkeiten nach der Verordnung (EG) Nr. 593\/2008 \u00fcber das anzuwendende Recht<\/em><\/a><a href=\"https:\/\/eur-lex.europa.eu\/legal-content\/PL\/TXT\/?uri=LEGISSUM:jl0006\"><em> f\u00fcr vertragliche Verpflichtungen,<\/em><\/a><\/li>\n\n\n\n<li>Festlegung von Verj\u00e4hrungsvorschriften im internationalen Verkauf von Waren auf der <em>Grundlage des  \u00fcber die Verj\u00e4hrungsfrist des Warenkaufs vom 14. Juni 1974,<\/em><\/li>\n\n\n\n<li>zur Festlegung von Regeln f\u00fcr den Verkauf von Waren f\u00fcr ausl\u00e4ndische Kunden auf der Grundlage \u00fcber geltende internationale Abkommen und Konventionen, einschlie\u00dflich <em>des UN-\u00dcbereinkommens \u00fcber den internationalen Verkauf von Waren vom 11. April 1980,<\/em><\/li>\n\n\n\n<li>Festlegung von Regeln f\u00fcr die Beilegung internationaler Streitigkeiten auf der Grundlage anderer Rechtsinstrumente.<\/li>\n<\/ul>\n<\/div>\n\n\n\n<div class=\"wp-block-column is-layout-flow wp-block-column-is-layout-flow\">\n<figure class=\"wp-block-image image-text-block__image image-text-block__image--narrow\"><img loading=\"lazy\" decoding=\"async\" width=\"444\" height=\"551\" src=\"https:\/\/blulegal.com\/wp-content\/uploads\/2019\/11\/kontakt-page_top-444x551.jpg\" alt=\"\" class=\"wp-image-223\"\/><\/figure>\n<\/div>\n<\/div>\n\n\n\n<p>Unsere Anwaltskanzlei BLU bietet <strong>Inkassodienstleistungen in Polen<\/strong> an. Unser Team aus erfahrenen Anw\u00e4lten ist auf die erfolgreiche Eintreibung von Forderungen f\u00fcr unsere Kunden spezialisiert. Wir handeln mit Entschlossenheit und Professionalit\u00e4t und setzen geeignete Inkassomethoden ein, um sicherzustellen, dass die Forderung so schnell und effizient wie m\u00f6glich beigetrieben wird. Unsere Dienstleistungen umfassen eine umfassende Analyse der finanziellen Situation des Schuldners, die Ermittlung m\u00f6glicher Beitreibungsma\u00dfnahmen und die Entwicklung einer individuellen Inkassostrategie. Wir erstellen und versenden f\u00f6rmliche Zahlungsaufforderungen, f\u00fchren Verhandlungen und leiten erforderlichenfalls rechtliche Schritte ein. Wir sind bestrebt, eine f\u00fcr unsere Kunden g\u00fcnstige Einigung mit dem Schuldner zu erzielen, sind aber auch bereit, die Forderung notfalls auf dem Gerichtsweg durchzusetzen. <\/p>\n\n\n\n<p>Dank unserer Kenntnis der lokalen Vorschriften und <strong>Inkassoverfahren in Polen<\/strong> k\u00f6nnen wir die Interessen unserer Kunden wirksam vertreten. Wir handeln zeitnah und bem\u00fchen uns, den Schaden so schnell wie m\u00f6glich zu beheben. Unser Ziel ist es, unsere Kunden bei der Eintreibung von Forderungen umfassend zu unterst\u00fctzen und ihre Verluste und die Belastung durch unbezahlte Forderungen aus Polen zu minimieren. Wenn Sie die Kanzlei BLU Law Firm mit der Eintreibung von <strong>Forderungen aus Polen beauftragen<\/strong>, k\u00f6nnen unsere Kunden sicher sein, dass wir professionell vorgehen, effektiv handeln und ihre Interessen sch\u00fctzen. Wir sind bereit, bei der Beitreibung von Forderungen zu helfen und die negativen Auswirkungen f\u00fcr unsere Kunden zu minimieren.<\/p>\n","protected":false},"excerpt":{"rendered":"<p>BLU Radcowie Prawni, Wroc\u0142aw, ist eine Anwaltskanzlei mit den Schwerpunkten: Unsere Anwaltskanzlei BLU bietet Inkassodienstleistungen<\/p>\n","protected":false},"author":3,"featured_media":248,"parent":95,"menu_order":0,"comment_status":"closed","ping_status":"closed","template":"page-tpl-sidebar.php","meta":{"_acf_changed":false,"footnotes":""},"class_list":["post-3166","page","type-page","status-publish","has-post-thumbnail","hentry"],"acf":[],"yoast_head":"<!-- This site is optimized with the Yoast SEO plugin v27.2 - https:\/\/yoast.com\/product\/yoast-seo-wordpress\/ -->\n<title>Inkasso aus Polen<\/title>\n<meta name=\"description\" content=\"Grenz\u00fcberschreitende Gerichtsverfahren in Polen \u2013 oferujemy profesjonalne doradztwo w zakresie prawa polsko-niemieckiego dla firm i os\u00f3b fizycznych. Sprawd\u017a ofert\u0119!\" \/>\n<meta name=\"robots\" content=\"index, follow, max-snippet:-1, max-image-preview:large, max-video-preview:-1\" \/>\n<link rel=\"canonical\" href=\"https:\/\/blulegal.com\/de\/kompetenzen\/grenzueberschreitende-gerichtsverfahren-in-polen\/\" \/>\n<meta property=\"og:locale\" content=\"de_DE\" \/>\n<meta property=\"og:type\" content=\"article\" \/>\n<meta property=\"og:title\" content=\"Inkasso aus Polen\" \/>\n<meta property=\"og:description\" content=\"Grenz\u00fcberschreitende Gerichtsverfahren in Polen \u2013 oferujemy profesjonalne doradztwo w zakresie prawa polsko-niemieckiego dla firm i os\u00f3b fizycznych. Sprawd\u017a ofert\u0119!\" \/>\n<meta property=\"og:url\" content=\"https:\/\/blulegal.com\/de\/kompetenzen\/grenzueberschreitende-gerichtsverfahren-in-polen\/\" \/>\n<meta property=\"og:site_name\" content=\"BLU Legal\" \/>\n<meta property=\"article:modified_time\" content=\"2023-07-20T10:44:30+00:00\" \/>\n<meta property=\"og:image\" content=\"https:\/\/blulegal.com\/wp-content\/uploads\/2019\/11\/bigstock-Businessman-Playing-Chess-Game-287663164-min.jpg\" \/>\n\t<meta property=\"og:image:width\" content=\"4896\" \/>\n\t<meta property=\"og:image:height\" content=\"3264\" \/>\n\t<meta property=\"og:image:type\" content=\"image\/jpeg\" \/>\n<meta name=\"twitter:card\" content=\"summary_large_image\" \/>\n<meta name=\"twitter:label1\" content=\"Gesch\u00e4tzte Lesezeit\" \/>\n\t<meta name=\"twitter:data1\" content=\"2\u00a0Minuten\" \/>\n<script type=\"application\/ld+json\" class=\"yoast-schema-graph\">{\"@context\":\"https:\/\/schema.org\",\"@graph\":[{\"@type\":\"WebPage\",\"@id\":\"https:\/\/blulegal.com\/de\/kompetenzen\/grenzueberschreitende-gerichtsverfahren-in-polen\/\",\"url\":\"https:\/\/blulegal.com\/de\/kompetenzen\/grenzueberschreitende-gerichtsverfahren-in-polen\/\",\"name\":\"Inkasso aus Polen\",\"isPartOf\":{\"@id\":\"https:\/\/blulegal.com\/de\/#website\"},\"primaryImageOfPage\":{\"@id\":\"https:\/\/blulegal.com\/de\/kompetenzen\/grenzueberschreitende-gerichtsverfahren-in-polen\/#primaryimage\"},\"image\":{\"@id\":\"https:\/\/blulegal.com\/de\/kompetenzen\/grenzueberschreitende-gerichtsverfahren-in-polen\/#primaryimage\"},\"thumbnailUrl\":\"https:\/\/blulegal.com\/wp-content\/uploads\/2019\/11\/bigstock-Businessman-Playing-Chess-Game-287663164-min.jpg\",\"datePublished\":\"2023-07-20T06:30:35+00:00\",\"dateModified\":\"2023-07-20T10:44:30+00:00\",\"description\":\"Grenz\u00fcberschreitende Gerichtsverfahren in Polen \u2013 oferujemy profesjonalne doradztwo w zakresie prawa polsko-niemieckiego dla firm i os\u00f3b fizycznych. Sprawd\u017a ofert\u0119!\",\"breadcrumb\":{\"@id\":\"https:\/\/blulegal.com\/de\/kompetenzen\/grenzueberschreitende-gerichtsverfahren-in-polen\/#breadcrumb\"},\"inLanguage\":\"de\",\"potentialAction\":[{\"@type\":\"ReadAction\",\"target\":[\"https:\/\/blulegal.com\/de\/kompetenzen\/grenzueberschreitende-gerichtsverfahren-in-polen\/\"]}]},{\"@type\":\"ImageObject\",\"inLanguage\":\"de\",\"@id\":\"https:\/\/blulegal.com\/de\/kompetenzen\/grenzueberschreitende-gerichtsverfahren-in-polen\/#primaryimage\",\"url\":\"https:\/\/blulegal.com\/wp-content\/uploads\/2019\/11\/bigstock-Businessman-Playing-Chess-Game-287663164-min.jpg\",\"contentUrl\":\"https:\/\/blulegal.com\/wp-content\/uploads\/2019\/11\/bigstock-Businessman-Playing-Chess-Game-287663164-min.jpg\",\"width\":4896,\"height\":3264},{\"@type\":\"BreadcrumbList\",\"@id\":\"https:\/\/blulegal.com\/de\/kompetenzen\/grenzueberschreitende-gerichtsverfahren-in-polen\/#breadcrumb\",\"itemListElement\":[{\"@type\":\"ListItem\",\"position\":1,\"name\":\"Home\",\"item\":\"https:\/\/blulegal.com\/de\/\"},{\"@type\":\"ListItem\",\"position\":2,\"name\":\"Kompetenzen\",\"item\":\"https:\/\/blulegal.com\/de\/specjalizacje\/\"},{\"@type\":\"ListItem\",\"position\":3,\"name\":\"Grenz\u00fcberschreitende Gerichtsverfahren in Polen\"}]},{\"@type\":\"WebSite\",\"@id\":\"https:\/\/blulegal.com\/de\/#website\",\"url\":\"https:\/\/blulegal.com\/de\/\",\"name\":\"BLU Legal\",\"description\":\"\",\"publisher\":{\"@id\":\"https:\/\/blulegal.com\/de\/#organization\"},\"potentialAction\":[{\"@type\":\"SearchAction\",\"target\":{\"@type\":\"EntryPoint\",\"urlTemplate\":\"https:\/\/blulegal.com\/de\/?s={search_term_string}\"},\"query-input\":{\"@type\":\"PropertyValueSpecification\",\"valueRequired\":true,\"valueName\":\"search_term_string\"}}],\"inLanguage\":\"de\"},{\"@type\":\"Organization\",\"@id\":\"https:\/\/blulegal.com\/de\/#organization\",\"name\":\"Blu Legal\",\"url\":\"https:\/\/blulegal.com\/de\/\",\"logo\":{\"@type\":\"ImageObject\",\"inLanguage\":\"de\",\"@id\":\"https:\/\/blulegal.com\/de\/#\/schema\/logo\/image\/\",\"url\":\"https:\/\/blulegal.com\/wp-content\/uploads\/2023\/05\/logo-blu.png\",\"contentUrl\":\"https:\/\/blulegal.com\/wp-content\/uploads\/2023\/05\/logo-blu.png\",\"width\":225,\"height\":116,\"caption\":\"Blu Legal\"},\"image\":{\"@id\":\"https:\/\/blulegal.com\/de\/#\/schema\/logo\/image\/\"}}]}<\/script>\n<!-- \/ Yoast SEO plugin. -->","yoast_head_json":{"title":"Inkasso aus Polen","description":"Grenz\u00fcberschreitende Gerichtsverfahren in Polen \u2013 oferujemy profesjonalne doradztwo w zakresie prawa polsko-niemieckiego dla firm i os\u00f3b fizycznych. Sprawd\u017a ofert\u0119!","robots":{"index":"index","follow":"follow","max-snippet":"max-snippet:-1","max-image-preview":"max-image-preview:large","max-video-preview":"max-video-preview:-1"},"canonical":"https:\/\/blulegal.com\/de\/kompetenzen\/grenzueberschreitende-gerichtsverfahren-in-polen\/","og_locale":"de_DE","og_type":"article","og_title":"Inkasso aus Polen","og_description":"Grenz\u00fcberschreitende Gerichtsverfahren in Polen \u2013 oferujemy profesjonalne doradztwo w zakresie prawa polsko-niemieckiego dla firm i os\u00f3b fizycznych. Sprawd\u017a ofert\u0119!","og_url":"https:\/\/blulegal.com\/de\/kompetenzen\/grenzueberschreitende-gerichtsverfahren-in-polen\/","og_site_name":"BLU Legal","article_modified_time":"2023-07-20T10:44:30+00:00","og_image":[{"width":4896,"height":3264,"url":"https:\/\/blulegal.com\/wp-content\/uploads\/2019\/11\/bigstock-Businessman-Playing-Chess-Game-287663164-min.jpg","type":"image\/jpeg"}],"twitter_card":"summary_large_image","twitter_misc":{"Gesch\u00e4tzte Lesezeit":"2\u00a0Minuten"},"schema":{"@context":"https:\/\/schema.org","@graph":[{"@type":"WebPage","@id":"https:\/\/blulegal.com\/de\/kompetenzen\/grenzueberschreitende-gerichtsverfahren-in-polen\/","url":"https:\/\/blulegal.com\/de\/kompetenzen\/grenzueberschreitende-gerichtsverfahren-in-polen\/","name":"Inkasso aus Polen","isPartOf":{"@id":"https:\/\/blulegal.com\/de\/#website"},"primaryImageOfPage":{"@id":"https:\/\/blulegal.com\/de\/kompetenzen\/grenzueberschreitende-gerichtsverfahren-in-polen\/#primaryimage"},"image":{"@id":"https:\/\/blulegal.com\/de\/kompetenzen\/grenzueberschreitende-gerichtsverfahren-in-polen\/#primaryimage"},"thumbnailUrl":"https:\/\/blulegal.com\/wp-content\/uploads\/2019\/11\/bigstock-Businessman-Playing-Chess-Game-287663164-min.jpg","datePublished":"2023-07-20T06:30:35+00:00","dateModified":"2023-07-20T10:44:30+00:00","description":"Grenz\u00fcberschreitende Gerichtsverfahren in Polen \u2013 oferujemy profesjonalne doradztwo w zakresie prawa polsko-niemieckiego dla firm i os\u00f3b fizycznych. Sprawd\u017a ofert\u0119!","breadcrumb":{"@id":"https:\/\/blulegal.com\/de\/kompetenzen\/grenzueberschreitende-gerichtsverfahren-in-polen\/#breadcrumb"},"inLanguage":"de","potentialAction":[{"@type":"ReadAction","target":["https:\/\/blulegal.com\/de\/kompetenzen\/grenzueberschreitende-gerichtsverfahren-in-polen\/"]}]},{"@type":"ImageObject","inLanguage":"de","@id":"https:\/\/blulegal.com\/de\/kompetenzen\/grenzueberschreitende-gerichtsverfahren-in-polen\/#primaryimage","url":"https:\/\/blulegal.com\/wp-content\/uploads\/2019\/11\/bigstock-Businessman-Playing-Chess-Game-287663164-min.jpg","contentUrl":"https:\/\/blulegal.com\/wp-content\/uploads\/2019\/11\/bigstock-Businessman-Playing-Chess-Game-287663164-min.jpg","width":4896,"height":3264},{"@type":"BreadcrumbList","@id":"https:\/\/blulegal.com\/de\/kompetenzen\/grenzueberschreitende-gerichtsverfahren-in-polen\/#breadcrumb","itemListElement":[{"@type":"ListItem","position":1,"name":"Home","item":"https:\/\/blulegal.com\/de\/"},{"@type":"ListItem","position":2,"name":"Kompetenzen","item":"https:\/\/blulegal.com\/de\/specjalizacje\/"},{"@type":"ListItem","position":3,"name":"Grenz\u00fcberschreitende Gerichtsverfahren in Polen"}]},{"@type":"WebSite","@id":"https:\/\/blulegal.com\/de\/#website","url":"https:\/\/blulegal.com\/de\/","name":"BLU Legal","description":"","publisher":{"@id":"https:\/\/blulegal.com\/de\/#organization"},"potentialAction":[{"@type":"SearchAction","target":{"@type":"EntryPoint","urlTemplate":"https:\/\/blulegal.com\/de\/?s={search_term_string}"},"query-input":{"@type":"PropertyValueSpecification","valueRequired":true,"valueName":"search_term_string"}}],"inLanguage":"de"},{"@type":"Organization","@id":"https:\/\/blulegal.com\/de\/#organization","name":"Blu Legal","url":"https:\/\/blulegal.com\/de\/","logo":{"@type":"ImageObject","inLanguage":"de","@id":"https:\/\/blulegal.com\/de\/#\/schema\/logo\/image\/","url":"https:\/\/blulegal.com\/wp-content\/uploads\/2023\/05\/logo-blu.png","contentUrl":"https:\/\/blulegal.com\/wp-content\/uploads\/2023\/05\/logo-blu.png","width":225,"height":116,"caption":"Blu Legal"},"image":{"@id":"https:\/\/blulegal.com\/de\/#\/schema\/logo\/image\/"}}]}},"_links":{"self":[{"href":"https:\/\/blulegal.com\/de\/wp-json\/wp\/v2\/pages\/3166","targetHints":{"allow":["GET"]}}],"collection":[{"href":"https:\/\/blulegal.com\/de\/wp-json\/wp\/v2\/pages"}],"about":[{"href":"https:\/\/blulegal.com\/de\/wp-json\/wp\/v2\/types\/page"}],"author":[{"embeddable":true,"href":"https:\/\/blulegal.com\/de\/wp-json\/wp\/v2\/users\/3"}],"replies":[{"embeddable":true,"href":"https:\/\/blulegal.com\/de\/wp-json\/wp\/v2\/comments?post=3166"}],"version-history":[{"count":10,"href":"https:\/\/blulegal.com\/de\/wp-json\/wp\/v2\/pages\/3166\/revisions"}],"predecessor-version":[{"id":3257,"href":"https:\/\/blulegal.com\/de\/wp-json\/wp\/v2\/pages\/3166\/revisions\/3257"}],"up":[{"embeddable":true,"href":"https:\/\/blulegal.com\/de\/wp-json\/wp\/v2\/pages\/95"}],"wp:featuredmedia":[{"embeddable":true,"href":"https:\/\/blulegal.com\/de\/wp-json\/wp\/v2\/media\/248"}],"wp:attachment":[{"href":"https:\/\/blulegal.com\/de\/wp-json\/wp\/v2\/media?parent=3166"}],"curies":[{"name":"wp","href":"https:\/\/api.w.org\/{rel}","templated":true}]}}