{"id":3176,"date":"2023-07-20T06:38:54","date_gmt":"2023-07-20T06:38:54","guid":{"rendered":"https:\/\/blulegal.com\/kompetenzen\/sonstige-2\/"},"modified":"2023-07-20T11:18:48","modified_gmt":"2023-07-20T11:18:48","slug":"sonstige","status":"publish","type":"page","link":"https:\/\/blulegal.com\/de\/kompetenzen\/sonstige\/","title":{"rendered":"Sonstige"},"content":{"rendered":"\n<div class=\"wp-block-columns has-2-columns image-text-block image-text-block--narrow image-right is-layout-flex wp-container-core-columns-is-layout-9d6595d7 wp-block-columns-is-layout-flex\">\n<div class=\"wp-block-column is-layout-flow wp-block-column-is-layout-flow\">\n<p class=\"image-text-block__text\">\u00a7 01<br><strong>Erbsachen<\/strong>\u00a0<strong>in Polen <\/strong><\/p>\n\n\n\n<ul class=\"wp-block-list\">\n<li>Unterst\u00fctzung bei der Ausarbeitung von Erkl\u00e4rungen \u00fcber die Annahme oder Ausschlagung der Erbschaft,<\/li>\n\n\n\n<li>Zusammenarbeit mit Gerichtsvollzieherb\u00fcros<br>bei der Bestimmung des Umfangs der Erbschaft,<\/li>\n\n\n\n<li>Zusammenarbeit mit Notariaten<br>f\u00fcr die au\u00dfergerichtliche Beilegung von Erbrechtsangelegenheiten,<\/li>\n\n\n\n<li>Vorbereitung aller Unterlagen f\u00fcr die Einleitung eines Nachlassverfahrens,<\/li>\n<\/ul>\n<\/div>\n\n\n\n<div class=\"wp-block-column is-layout-flow wp-block-column-is-layout-flow\">\n<figure class=\"wp-block-image image-text-block__image image-text-block__image--narrow\"><img loading=\"lazy\" decoding=\"async\" width=\"444\" height=\"551\" src=\"https:\/\/blulegal.com\/wp-content\/uploads\/2019\/11\/bigstock-Businessman-Playing-Chess-Game-287663164-min-444x551.jpg\" alt=\"\" class=\"wp-image-246\"\/><\/figure>\n<\/div>\n<\/div>\n\n\n\n<div class=\"wp-block-columns has-2-columns image-text-block image-text-block--narrow image-left is-layout-flex wp-container-core-columns-is-layout-9d6595d7 wp-block-columns-is-layout-flex\">\n<div class=\"wp-block-column is-layout-flow wp-block-column-is-layout-flow\">\n<figure class=\"wp-block-image image-text-block__image image-text-block__image--narrow image-left\"><img loading=\"lazy\" decoding=\"async\" width=\"444\" height=\"551\" src=\"https:\/\/blulegal.com\/wp-content\/uploads\/2019\/11\/kontakt-page_top-444x551.jpg\" alt=\"\" class=\"wp-image-223\"\/><\/figure>\n<\/div>\n\n\n\n<div class=\"wp-block-column is-layout-flow wp-block-column-is-layout-flow\">\n<ul class=\"image-text-block__text wp-block-list\">\n<li>Vertretung in Gerichtsverfahren<br>in Erbschaftsangelegenheiten,<\/li>\n\n\n\n<li>Vertretung in Rechtsmittelverfahren in Erbsachen,<\/li>\n\n\n\n<li>Unterst\u00fctzung bei Erbschaftsverfahren, an denen nicht polnische Staatsangeh\u00f6rige beteiligt sind.<\/li>\n<\/ul>\n\n\n\n<p class=\"image-text-block__text\"> \u00a7 02 <br><strong>Familiensachen in Polen<\/strong><\/p>\n\n\n\n<ul class=\"image-text-block__text wp-block-list\">\n<li>Unterhalt in Scheidungsf\u00e4llen in Polen<br>und Trennung,<\/li>\n\n\n\n<li>Erstellung der erforderlichen Dokumentation <br>f\u00fcr die Zwecke eines Scheidungs- oder Trennungsverfahrens,<\/li>\n<\/ul>\n<\/div>\n<\/div>\n\n\n\n<div class=\"wp-block-columns has-2-columns image-text-block image-text-block--narrow image-right is-layout-flex wp-container-core-columns-is-layout-9d6595d7 wp-block-columns-is-layout-flex\">\n<div class=\"wp-block-column is-layout-flow wp-block-column-is-layout-flow\">\n<ul class=\"wp-block-list\">\n<li>Vertretung im Verfahren<br>in einer Scheidungs- oder Trennungssache,<\/li>\n\n\n\n<li>Beratung bei der Einrichtung von<br>vertragliche G\u00fcterstandsregelungen zwischen Ehegatten, u.a. Ausweitung des rechtlichen Miteigentums, Einf\u00fchrung der G\u00fctertrennung zwischen Ehegatten,<\/li>\n\n\n\n<li>Rechtsberatung in Unterhaltsangelegenheiten,<\/li>\n\n\n\n<li>Vorbereitung der erforderlichen Unterlagen f\u00fcr die Einleitung eines Unterhaltsverfahrens,<\/li>\n\n\n\n<li>Vertretung in Unterhaltsverfahren,<\/li>\n\n\n\n<li>Wsp\u00f3\u0142praca z kancelariami komorniczymi<br>zu Fragen der Vollstreckung von Unterhaltspflichten,<\/li>\n<\/ul>\n<\/div>\n\n\n\n<div class=\"wp-block-column is-layout-flow wp-block-column-is-layout-flow\">\n<figure class=\"wp-block-image image-text-block__image image-text-block__image--narrow\"><img loading=\"lazy\" decoding=\"async\" width=\"444\" height=\"551\" src=\"https:\/\/blulegal.com\/wp-content\/uploads\/2019\/11\/bigstock-Male-Lawyer-Or-Judge-Working-W-290555113-min-444x551.jpg\" alt=\"\" class=\"wp-image-230\"\/><\/figure>\n<\/div>\n<\/div>\n\n\n\n<div class=\"wp-block-columns has-2-columns image-text-block image-text-block--narrow image-left is-layout-flex wp-container-core-columns-is-layout-9d6595d7 wp-block-columns-is-layout-flex\">\n<div class=\"wp-block-column is-layout-flow wp-block-column-is-layout-flow\">\n<figure class=\"wp-block-image image-text-block__image image-text-block__image--narrow image-left\"><img loading=\"lazy\" decoding=\"async\" width=\"444\" height=\"551\" src=\"https:\/\/blulegal.com\/wp-content\/uploads\/2019\/11\/bigstock-Businessman-And-Male-Lawyer-Or-244150996-1-min-444x551.jpg\" alt=\"\" class=\"wp-image-242\"\/><\/figure>\n<\/div>\n\n\n\n<div class=\"wp-block-column is-layout-flow wp-block-column-is-layout-flow\">\n<ul class=\"image-text-block__text wp-block-list\">\n<li>Rechtsberatung zur Gestaltung der Rechtsbeziehungen zwischen Kind und Eltern, u.a. Fragen der Begrenzung, der Beendigung der elterlichen Sorge, des Umgangs zwischen Eltern und Kind,<\/li>\n\n\n\n<li>Rechtshilfe bei der Adoption,<\/li>\n\n\n\n<li>Vertretung im Verfahren<br>zur Annahme.<\/li>\n<\/ul>\n\n\n\n<p class=\"image-text-block__text\"> \u00a7 03<br><strong>Strafsachen in Polen<\/strong> <\/p>\n\n\n\n<ul class=\"image-text-block__text wp-block-list\">\n<li>Rechtsberatung in F\u00e4llen, in denen der Verdacht einer Straftat besteht,<\/li>\n\n\n\n<li>Vertretung vor den Strafverfolgungsbeh\u00f6rden,<\/li>\n<\/ul>\n<\/div>\n<\/div>\n\n\n\n<div class=\"wp-block-columns has-2-columns image-text-block image-text-block--narrow image-right is-layout-flex wp-container-core-columns-is-layout-9d6595d7 wp-block-columns-is-layout-flex\">\n<div class=\"wp-block-column is-layout-flow wp-block-column-is-layout-flow\">\n<ul class=\"wp-block-list\">\n<li>Vorbereitung von Unterlagen f\u00fcr die Einleitung eines Strafverfahrens,<\/li>\n\n\n\n<li>die Abfassung von Schreiben sowie die w\u00e4hrend des gesamten Verfahrens erforderliche Dokumentation,<\/li>\n\n\n\n<li>Vertretung in Strafverfahren<br>in jeder Phase des Prozesses.<\/li>\n<\/ul>\n<\/div>\n\n\n\n<div class=\"wp-block-column is-layout-flow wp-block-column-is-layout-flow\">\n<figure class=\"wp-block-image image-text-block__image image-text-block__image--narrow\"><img loading=\"lazy\" decoding=\"async\" width=\"444\" height=\"551\" src=\"https:\/\/blulegal.com\/wp-content\/uploads\/2019\/11\/bigstock-Lawyer-Office-Statue-Of-Justi-270799618-444x551.jpg\" alt=\"\" class=\"wp-image-238\"\/><\/figure>\n<\/div>\n<\/div>\n","protected":false},"excerpt":{"rendered":"<p>\u00a7 01Erbsachen\u00a0in Polen \u00a7 02 Familiensachen in Polen \u00a7 03Strafsachen in Polen<\/p>\n","protected":false},"author":3,"featured_media":225,"parent":95,"menu_order":0,"comment_status":"closed","ping_status":"closed","template":"page-tpl-sidebar.php","meta":{"_acf_changed":false,"footnotes":""},"class_list":["post-3176","page","type-page","status-publish","has-post-thumbnail","hentry"],"acf":[],"yoast_head":"<!-- This site is optimized with the Yoast SEO plugin v27.2 - https:\/\/yoast.com\/product\/yoast-seo-wordpress\/ -->\n<title>Sonstige &#8226; BLU Legal<\/title>\n<meta name=\"description\" content=\"Sonstige \u2013 oferujemy profesjonalne doradztwo w zakresie prawa polsko-niemieckiego dla firm i os\u00f3b fizycznych. Sprawd\u017a ofert\u0119!\" \/>\n<meta name=\"robots\" content=\"index, follow, max-snippet:-1, max-image-preview:large, max-video-preview:-1\" \/>\n<link rel=\"canonical\" href=\"https:\/\/blulegal.com\/de\/kompetenzen\/sonstige\/\" \/>\n<meta property=\"og:locale\" content=\"de_DE\" \/>\n<meta property=\"og:type\" content=\"article\" \/>\n<meta property=\"og:title\" content=\"Sonstige &#8226; BLU Legal\" \/>\n<meta property=\"og:description\" content=\"Sonstige \u2013 oferujemy profesjonalne doradztwo w zakresie prawa polsko-niemieckiego dla firm i os\u00f3b fizycznych. Sprawd\u017a ofert\u0119!\" \/>\n<meta property=\"og:url\" content=\"https:\/\/blulegal.com\/de\/kompetenzen\/sonstige\/\" \/>\n<meta property=\"og:site_name\" content=\"BLU Legal\" \/>\n<meta property=\"article:modified_time\" content=\"2023-07-20T11:18:48+00:00\" \/>\n<meta property=\"og:image\" content=\"https:\/\/blulegal.com\/wp-content\/uploads\/2019\/11\/kontakt-page_top.jpg\" \/>\n\t<meta property=\"og:image:width\" content=\"1920\" \/>\n\t<meta property=\"og:image:height\" content=\"970\" \/>\n\t<meta property=\"og:image:type\" content=\"image\/jpeg\" \/>\n<meta name=\"twitter:card\" content=\"summary_large_image\" \/>\n<meta name=\"twitter:label1\" content=\"Gesch\u00e4tzte Lesezeit\" \/>\n\t<meta name=\"twitter:data1\" content=\"1\u00a0Minute\" \/>\n<script type=\"application\/ld+json\" class=\"yoast-schema-graph\">{\"@context\":\"https:\/\/schema.org\",\"@graph\":[{\"@type\":\"WebPage\",\"@id\":\"https:\/\/blulegal.com\/de\/kompetenzen\/sonstige\/\",\"url\":\"https:\/\/blulegal.com\/de\/kompetenzen\/sonstige\/\",\"name\":\"Sonstige &#8226; BLU Legal\",\"isPartOf\":{\"@id\":\"https:\/\/blulegal.com\/de\/#website\"},\"primaryImageOfPage\":{\"@id\":\"https:\/\/blulegal.com\/de\/kompetenzen\/sonstige\/#primaryimage\"},\"image\":{\"@id\":\"https:\/\/blulegal.com\/de\/kompetenzen\/sonstige\/#primaryimage\"},\"thumbnailUrl\":\"https:\/\/blulegal.com\/wp-content\/uploads\/2019\/11\/kontakt-page_top.jpg\",\"datePublished\":\"2023-07-20T06:38:54+00:00\",\"dateModified\":\"2023-07-20T11:18:48+00:00\",\"description\":\"Sonstige \u2013 oferujemy profesjonalne doradztwo w zakresie prawa polsko-niemieckiego dla firm i os\u00f3b fizycznych. Sprawd\u017a ofert\u0119!\",\"breadcrumb\":{\"@id\":\"https:\/\/blulegal.com\/de\/kompetenzen\/sonstige\/#breadcrumb\"},\"inLanguage\":\"de\",\"potentialAction\":[{\"@type\":\"ReadAction\",\"target\":[\"https:\/\/blulegal.com\/de\/kompetenzen\/sonstige\/\"]}]},{\"@type\":\"ImageObject\",\"inLanguage\":\"de\",\"@id\":\"https:\/\/blulegal.com\/de\/kompetenzen\/sonstige\/#primaryimage\",\"url\":\"https:\/\/blulegal.com\/wp-content\/uploads\/2019\/11\/kontakt-page_top.jpg\",\"contentUrl\":\"https:\/\/blulegal.com\/wp-content\/uploads\/2019\/11\/kontakt-page_top.jpg\",\"width\":1920,\"height\":970},{\"@type\":\"BreadcrumbList\",\"@id\":\"https:\/\/blulegal.com\/de\/kompetenzen\/sonstige\/#breadcrumb\",\"itemListElement\":[{\"@type\":\"ListItem\",\"position\":1,\"name\":\"Home\",\"item\":\"https:\/\/blulegal.com\/de\/\"},{\"@type\":\"ListItem\",\"position\":2,\"name\":\"Kompetenzen\",\"item\":\"https:\/\/blulegal.com\/de\/specjalizacje\/\"},{\"@type\":\"ListItem\",\"position\":3,\"name\":\"Sonstige\"}]},{\"@type\":\"WebSite\",\"@id\":\"https:\/\/blulegal.com\/de\/#website\",\"url\":\"https:\/\/blulegal.com\/de\/\",\"name\":\"BLU Legal\",\"description\":\"\",\"publisher\":{\"@id\":\"https:\/\/blulegal.com\/de\/#organization\"},\"potentialAction\":[{\"@type\":\"SearchAction\",\"target\":{\"@type\":\"EntryPoint\",\"urlTemplate\":\"https:\/\/blulegal.com\/de\/?s={search_term_string}\"},\"query-input\":{\"@type\":\"PropertyValueSpecification\",\"valueRequired\":true,\"valueName\":\"search_term_string\"}}],\"inLanguage\":\"de\"},{\"@type\":\"Organization\",\"@id\":\"https:\/\/blulegal.com\/de\/#organization\",\"name\":\"Blu Legal\",\"url\":\"https:\/\/blulegal.com\/de\/\",\"logo\":{\"@type\":\"ImageObject\",\"inLanguage\":\"de\",\"@id\":\"https:\/\/blulegal.com\/de\/#\/schema\/logo\/image\/\",\"url\":\"https:\/\/blulegal.com\/wp-content\/uploads\/2023\/05\/logo-blu.png\",\"contentUrl\":\"https:\/\/blulegal.com\/wp-content\/uploads\/2023\/05\/logo-blu.png\",\"width\":225,\"height\":116,\"caption\":\"Blu Legal\"},\"image\":{\"@id\":\"https:\/\/blulegal.com\/de\/#\/schema\/logo\/image\/\"}}]}<\/script>\n<!-- \/ Yoast SEO plugin. -->","yoast_head_json":{"title":"Sonstige &#8226; BLU Legal","description":"Sonstige \u2013 oferujemy profesjonalne doradztwo w zakresie prawa polsko-niemieckiego dla firm i os\u00f3b fizycznych. Sprawd\u017a ofert\u0119!","robots":{"index":"index","follow":"follow","max-snippet":"max-snippet:-1","max-image-preview":"max-image-preview:large","max-video-preview":"max-video-preview:-1"},"canonical":"https:\/\/blulegal.com\/de\/kompetenzen\/sonstige\/","og_locale":"de_DE","og_type":"article","og_title":"Sonstige &#8226; BLU Legal","og_description":"Sonstige \u2013 oferujemy profesjonalne doradztwo w zakresie prawa polsko-niemieckiego dla firm i os\u00f3b fizycznych. Sprawd\u017a ofert\u0119!","og_url":"https:\/\/blulegal.com\/de\/kompetenzen\/sonstige\/","og_site_name":"BLU Legal","article_modified_time":"2023-07-20T11:18:48+00:00","og_image":[{"width":1920,"height":970,"url":"https:\/\/blulegal.com\/wp-content\/uploads\/2019\/11\/kontakt-page_top.jpg","type":"image\/jpeg"}],"twitter_card":"summary_large_image","twitter_misc":{"Gesch\u00e4tzte Lesezeit":"1\u00a0Minute"},"schema":{"@context":"https:\/\/schema.org","@graph":[{"@type":"WebPage","@id":"https:\/\/blulegal.com\/de\/kompetenzen\/sonstige\/","url":"https:\/\/blulegal.com\/de\/kompetenzen\/sonstige\/","name":"Sonstige &#8226; BLU Legal","isPartOf":{"@id":"https:\/\/blulegal.com\/de\/#website"},"primaryImageOfPage":{"@id":"https:\/\/blulegal.com\/de\/kompetenzen\/sonstige\/#primaryimage"},"image":{"@id":"https:\/\/blulegal.com\/de\/kompetenzen\/sonstige\/#primaryimage"},"thumbnailUrl":"https:\/\/blulegal.com\/wp-content\/uploads\/2019\/11\/kontakt-page_top.jpg","datePublished":"2023-07-20T06:38:54+00:00","dateModified":"2023-07-20T11:18:48+00:00","description":"Sonstige \u2013 oferujemy profesjonalne doradztwo w zakresie prawa polsko-niemieckiego dla firm i os\u00f3b fizycznych. Sprawd\u017a ofert\u0119!","breadcrumb":{"@id":"https:\/\/blulegal.com\/de\/kompetenzen\/sonstige\/#breadcrumb"},"inLanguage":"de","potentialAction":[{"@type":"ReadAction","target":["https:\/\/blulegal.com\/de\/kompetenzen\/sonstige\/"]}]},{"@type":"ImageObject","inLanguage":"de","@id":"https:\/\/blulegal.com\/de\/kompetenzen\/sonstige\/#primaryimage","url":"https:\/\/blulegal.com\/wp-content\/uploads\/2019\/11\/kontakt-page_top.jpg","contentUrl":"https:\/\/blulegal.com\/wp-content\/uploads\/2019\/11\/kontakt-page_top.jpg","width":1920,"height":970},{"@type":"BreadcrumbList","@id":"https:\/\/blulegal.com\/de\/kompetenzen\/sonstige\/#breadcrumb","itemListElement":[{"@type":"ListItem","position":1,"name":"Home","item":"https:\/\/blulegal.com\/de\/"},{"@type":"ListItem","position":2,"name":"Kompetenzen","item":"https:\/\/blulegal.com\/de\/specjalizacje\/"},{"@type":"ListItem","position":3,"name":"Sonstige"}]},{"@type":"WebSite","@id":"https:\/\/blulegal.com\/de\/#website","url":"https:\/\/blulegal.com\/de\/","name":"BLU Legal","description":"","publisher":{"@id":"https:\/\/blulegal.com\/de\/#organization"},"potentialAction":[{"@type":"SearchAction","target":{"@type":"EntryPoint","urlTemplate":"https:\/\/blulegal.com\/de\/?s={search_term_string}"},"query-input":{"@type":"PropertyValueSpecification","valueRequired":true,"valueName":"search_term_string"}}],"inLanguage":"de"},{"@type":"Organization","@id":"https:\/\/blulegal.com\/de\/#organization","name":"Blu Legal","url":"https:\/\/blulegal.com\/de\/","logo":{"@type":"ImageObject","inLanguage":"de","@id":"https:\/\/blulegal.com\/de\/#\/schema\/logo\/image\/","url":"https:\/\/blulegal.com\/wp-content\/uploads\/2023\/05\/logo-blu.png","contentUrl":"https:\/\/blulegal.com\/wp-content\/uploads\/2023\/05\/logo-blu.png","width":225,"height":116,"caption":"Blu Legal"},"image":{"@id":"https:\/\/blulegal.com\/de\/#\/schema\/logo\/image\/"}}]}},"_links":{"self":[{"href":"https:\/\/blulegal.com\/de\/wp-json\/wp\/v2\/pages\/3176","targetHints":{"allow":["GET"]}}],"collection":[{"href":"https:\/\/blulegal.com\/de\/wp-json\/wp\/v2\/pages"}],"about":[{"href":"https:\/\/blulegal.com\/de\/wp-json\/wp\/v2\/types\/page"}],"author":[{"embeddable":true,"href":"https:\/\/blulegal.com\/de\/wp-json\/wp\/v2\/users\/3"}],"replies":[{"embeddable":true,"href":"https:\/\/blulegal.com\/de\/wp-json\/wp\/v2\/comments?post=3176"}],"version-history":[{"count":5,"href":"https:\/\/blulegal.com\/de\/wp-json\/wp\/v2\/pages\/3176\/revisions"}],"predecessor-version":[{"id":3293,"href":"https:\/\/blulegal.com\/de\/wp-json\/wp\/v2\/pages\/3176\/revisions\/3293"}],"up":[{"embeddable":true,"href":"https:\/\/blulegal.com\/de\/wp-json\/wp\/v2\/pages\/95"}],"wp:featuredmedia":[{"embeddable":true,"href":"https:\/\/blulegal.com\/de\/wp-json\/wp\/v2\/media\/225"}],"wp:attachment":[{"href":"https:\/\/blulegal.com\/de\/wp-json\/wp\/v2\/media?parent=3176"}],"curies":[{"name":"wp","href":"https:\/\/api.w.org\/{rel}","templated":true}]}}