{"id":3294,"date":"2023-07-24T11:00:52","date_gmt":"2023-07-24T11:00:52","guid":{"rendered":"https:\/\/blulegal.com\/uber-uns\/wie-arbeiten-wir-2\/"},"modified":"2023-08-01T09:50:18","modified_gmt":"2023-08-01T09:50:18","slug":"wie-arbeiten-wir","status":"publish","type":"page","link":"https:\/\/blulegal.com\/de\/uber-uns\/wie-arbeiten-wir\/","title":{"rendered":"Wie arbeiten wir"},"content":{"rendered":"\n<div class=\"wp-block-columns has-2-columns image-text-block image-text-block--narrow image-right is-layout-flex wp-container-core-columns-is-layout-9d6595d7 wp-block-columns-is-layout-flex\">\n<div class=\"wp-block-column is-layout-flow wp-block-column-is-layout-flow\">\n<p class=\"image-text-block__text\">Wir haben f\u00fcr unsere Kunden ein Team von Anw\u00e4lten, Beratern und Wirtschaftspr\u00fcfern zusammengestellt, die im t\u00e4glichen Dienst f\u00fcr unsere Kunden zusammenarbeiten. Wir haben nur die besten Anw\u00e4lte eingeladen, sich unserem Team anzuschlie\u00dfen,<br \/>mit Erfahrung in Unternehmensdienstleistungen f\u00fcr unsere Kunden. Unsere Rechtsanw\u00e4lte und Steuerberater verf\u00fcgen \u00fcber eine nationale und internationale juristische Ausbildung, die meisten von ihnen haben Stipendien an ausl\u00e4ndischen Universit\u00e4ten absolviert, und sprechen flie\u00dfend <br \/>in Fremdsprachen (auf Deutsch<br \/>und Englisch), erfahren in der Erbringung von Rechtsdienstleistungen f\u00fcr ausl\u00e4ndische Unternehmen. Wir verf\u00fcgen auch \u00fcber langj\u00e4hrige Partnerschaften mit internationalen Anwaltskanzleien in Europa und dar\u00fcber hinaus, <br \/>sowie mit deutschen Steuerberatern, die auf deutsch-polnische Gesch\u00e4ftstransaktionen spezialisiert sind. <\/p>\n<\/div>\n\n\n\n<div class=\"wp-block-column is-layout-flow wp-block-column-is-layout-flow\">\n<figure class=\"wp-block-image image-text-block__image image-text-block__image--narrow\"><img loading=\"lazy\" decoding=\"async\" width=\"444\" height=\"551\" src=\"https:\/\/blulegal.com\/wp-content\/uploads\/2019\/11\/bigstock-Businessman-Playing-Chess-Game-287663164-min-444x551.jpg\" alt=\"\" class=\"wp-image-246\" \/><\/figure>\n<\/div>\n<\/div>\n\n<div class=\"wp-block-columns has-2-columns image-text-block image-text-block--narrow image-left is-layout-flex wp-container-core-columns-is-layout-9d6595d7 wp-block-columns-is-layout-flex\">\n<div class=\"wp-block-column is-layout-flow wp-block-column-is-layout-flow\">\n<figure class=\"wp-block-image image-text-block__image image-text-block__image--narrow image-left\"><img loading=\"lazy\" decoding=\"async\" width=\"444\" height=\"551\" src=\"https:\/\/blulegal.com\/wp-content\/uploads\/2019\/11\/bigstock-Male-Lawyer-Or-Judge-Working-W-290555113-min-444x551.jpg\" alt=\"\" class=\"wp-image-230\" \/><\/figure>\n<\/div>\n\n\n\n<div class=\"wp-block-column is-layout-flow wp-block-column-is-layout-flow\">\n<p class=\"image-text-block__text\">Bei der Arbeit f\u00fcr unsere Kunden lassen wir uns leiten von<br \/>das Prinzip, dass jeder Mandant von einem interdisziplin\u00e4ren Team betreut wird, das von einem deutsch- und polnischsprachigen Anwalt geleitet wird, der sich der Betreuung des jeweiligen Unternehmens widmet. Wenn wir mit einem Kunden zusammenarbeiten, versuchen wir, die Besonderheiten seines Unternehmens, seine Pl\u00e4ne f\u00fcr Investitionen in Polen und die wirtschaftlichen und gesch\u00e4ftlichen Bereiche, die unsere Unterst\u00fctzung erfordern, kennenzulernen. Wenn m\u00f6glich, versuchen wir immer, unsere Zusammenarbeit mit einem pers\u00f6nlichen Gespr\u00e4ch zu beginnen, das Ihnen auch die M\u00f6glichkeit gibt, uns und unser Team kennen zu lernen. <\/p>\n<\/div>\n<\/div>\n\n<div class=\"wp-block-columns has-2-columns image-text-block image-text-block--narrow image-right is-layout-flex wp-container-core-columns-is-layout-9d6595d7 wp-block-columns-is-layout-flex\">\n<div class=\"wp-block-column is-layout-flow wp-block-column-is-layout-flow\">\n<p class=\"image-text-block__text\">In unserer t\u00e4glichen Arbeit k\u00fcmmern wir uns um unsere Kunden und bem\u00fchen uns um die Kl\u00e4rung von Rechtsfragen, die besondere Kenntnisse erfordern und spezifisch f\u00fcr die polnische Rechtsordnung sind. Dar\u00fcber hinaus halten wir unsere Kunden in Form von Rechts- und Steuermeldungen \u00fcber \u00c4nderungen im polnischen Recht auf dem Laufenden und erstellen Leitf\u00e4den (auch in deutscher Sprache) zu verschiedenen Rechtsgebieten, um Ihnen die Gesch\u00e4ftst\u00e4tigkeit in Polen und im Ausland so einfach wie m\u00f6glich zu machen. Wir genie\u00dfen das Vertrauen unserer langj\u00e4hrigen Kunden aus dem gesamten Odergebiet, und dieses Vertrauen ist der gr\u00f6\u00dfte Wert unserer Arbeit. Wir sind stolz darauf, Teil Ihres rechtlichen Erfolgs in Polen und im Ausland zu sein.<br \/><br \/><strong><em>Ihr BLU-Team <\/em><\/strong><\/p>\n<\/div>\n\n\n\n<div class=\"wp-block-column is-layout-flow wp-block-column-is-layout-flow\">\n<figure class=\"wp-block-image image-text-block__image image-text-block__image--narrow\"><img loading=\"lazy\" decoding=\"async\" width=\"444\" height=\"551\" src=\"https:\/\/blulegal.com\/wp-content\/uploads\/2019\/11\/kontakt-page_top-444x551.jpg\" alt=\"\" class=\"wp-image-223\" \/><\/figure>\n<\/div>\n<\/div>\n","protected":false},"excerpt":{"rendered":"<p>Wir haben f\u00fcr unsere Kunden ein Team von Anw\u00e4lten, Beratern und Wirtschaftspr\u00fcfern zusammengestellt, die im<\/p>\n","protected":false},"author":3,"featured_media":255,"parent":76,"menu_order":0,"comment_status":"closed","ping_status":"closed","template":"page-tpl-sidebar.php","meta":{"_acf_changed":false,"footnotes":""},"class_list":["post-3294","page","type-page","status-publish","has-post-thumbnail","hentry"],"acf":[],"yoast_head":"<!-- This site is optimized with the Yoast SEO plugin v27.2 - https:\/\/yoast.com\/product\/yoast-seo-wordpress\/ -->\n<title>Wie arbeiten wir &#8226; BLU Legal<\/title>\n<meta name=\"description\" content=\"Wie arbeiten wir \u2013 oferujemy profesjonalne doradztwo w zakresie prawa polsko-niemieckiego dla firm i os\u00f3b fizycznych. Sprawd\u017a ofert\u0119!\" \/>\n<meta name=\"robots\" content=\"index, follow, max-snippet:-1, max-image-preview:large, max-video-preview:-1\" \/>\n<link rel=\"canonical\" href=\"https:\/\/blulegal.com\/de\/uber-uns\/wie-arbeiten-wir\/\" \/>\n<meta property=\"og:locale\" content=\"de_DE\" \/>\n<meta property=\"og:type\" content=\"article\" \/>\n<meta property=\"og:title\" content=\"Wie arbeiten wir &#8226; BLU Legal\" \/>\n<meta property=\"og:description\" content=\"Wie arbeiten wir \u2013 oferujemy profesjonalne doradztwo w zakresie prawa polsko-niemieckiego dla firm i os\u00f3b fizycznych. Sprawd\u017a ofert\u0119!\" \/>\n<meta property=\"og:url\" content=\"https:\/\/blulegal.com\/de\/uber-uns\/wie-arbeiten-wir\/\" \/>\n<meta property=\"og:site_name\" content=\"BLU Legal\" \/>\n<meta property=\"article:modified_time\" content=\"2023-08-01T09:50:18+00:00\" \/>\n<meta property=\"og:image\" content=\"https:\/\/blulegal.com\/wp-content\/uploads\/2019\/11\/bigstock-Good-Service-Cooperation-Cons-282815557.jpg\" \/>\n\t<meta property=\"og:image:width\" content=\"4261\" \/>\n\t<meta property=\"og:image:height\" content=\"2841\" \/>\n\t<meta property=\"og:image:type\" content=\"image\/jpeg\" \/>\n<meta name=\"twitter:card\" content=\"summary_large_image\" \/>\n<meta name=\"twitter:label1\" content=\"Gesch\u00e4tzte Lesezeit\" \/>\n\t<meta name=\"twitter:data1\" content=\"2\u00a0Minuten\" \/>\n<script type=\"application\/ld+json\" class=\"yoast-schema-graph\">{\"@context\":\"https:\/\/schema.org\",\"@graph\":[{\"@type\":\"WebPage\",\"@id\":\"https:\/\/blulegal.com\/de\/uber-uns\/wie-arbeiten-wir\/\",\"url\":\"https:\/\/blulegal.com\/de\/uber-uns\/wie-arbeiten-wir\/\",\"name\":\"Wie arbeiten wir &#8226; BLU Legal\",\"isPartOf\":{\"@id\":\"https:\/\/blulegal.com\/de\/#website\"},\"primaryImageOfPage\":{\"@id\":\"https:\/\/blulegal.com\/de\/uber-uns\/wie-arbeiten-wir\/#primaryimage\"},\"image\":{\"@id\":\"https:\/\/blulegal.com\/de\/uber-uns\/wie-arbeiten-wir\/#primaryimage\"},\"thumbnailUrl\":\"https:\/\/blulegal.com\/wp-content\/uploads\/2019\/11\/bigstock-Good-Service-Cooperation-Cons-282815557.jpg\",\"datePublished\":\"2023-07-24T11:00:52+00:00\",\"dateModified\":\"2023-08-01T09:50:18+00:00\",\"description\":\"Wie arbeiten wir \u2013 oferujemy profesjonalne doradztwo w zakresie prawa polsko-niemieckiego dla firm i os\u00f3b fizycznych. Sprawd\u017a ofert\u0119!\",\"breadcrumb\":{\"@id\":\"https:\/\/blulegal.com\/de\/uber-uns\/wie-arbeiten-wir\/#breadcrumb\"},\"inLanguage\":\"de\",\"potentialAction\":[{\"@type\":\"ReadAction\",\"target\":[\"https:\/\/blulegal.com\/de\/uber-uns\/wie-arbeiten-wir\/\"]}]},{\"@type\":\"ImageObject\",\"inLanguage\":\"de\",\"@id\":\"https:\/\/blulegal.com\/de\/uber-uns\/wie-arbeiten-wir\/#primaryimage\",\"url\":\"https:\/\/blulegal.com\/wp-content\/uploads\/2019\/11\/bigstock-Good-Service-Cooperation-Cons-282815557.jpg\",\"contentUrl\":\"https:\/\/blulegal.com\/wp-content\/uploads\/2019\/11\/bigstock-Good-Service-Cooperation-Cons-282815557.jpg\",\"width\":4261,\"height\":2841},{\"@type\":\"BreadcrumbList\",\"@id\":\"https:\/\/blulegal.com\/de\/uber-uns\/wie-arbeiten-wir\/#breadcrumb\",\"itemListElement\":[{\"@type\":\"ListItem\",\"position\":1,\"name\":\"Home\",\"item\":\"https:\/\/blulegal.com\/de\/\"},{\"@type\":\"ListItem\",\"position\":2,\"name\":\"\u00dcber uns\",\"item\":\"https:\/\/blulegal.com\/de\/o-nas\/\"},{\"@type\":\"ListItem\",\"position\":3,\"name\":\"Wie arbeiten wir\"}]},{\"@type\":\"WebSite\",\"@id\":\"https:\/\/blulegal.com\/de\/#website\",\"url\":\"https:\/\/blulegal.com\/de\/\",\"name\":\"BLU Legal\",\"description\":\"\",\"publisher\":{\"@id\":\"https:\/\/blulegal.com\/de\/#organization\"},\"potentialAction\":[{\"@type\":\"SearchAction\",\"target\":{\"@type\":\"EntryPoint\",\"urlTemplate\":\"https:\/\/blulegal.com\/de\/?s={search_term_string}\"},\"query-input\":{\"@type\":\"PropertyValueSpecification\",\"valueRequired\":true,\"valueName\":\"search_term_string\"}}],\"inLanguage\":\"de\"},{\"@type\":\"Organization\",\"@id\":\"https:\/\/blulegal.com\/de\/#organization\",\"name\":\"Blu Legal\",\"url\":\"https:\/\/blulegal.com\/de\/\",\"logo\":{\"@type\":\"ImageObject\",\"inLanguage\":\"de\",\"@id\":\"https:\/\/blulegal.com\/de\/#\/schema\/logo\/image\/\",\"url\":\"https:\/\/blulegal.com\/wp-content\/uploads\/2023\/05\/logo-blu.png\",\"contentUrl\":\"https:\/\/blulegal.com\/wp-content\/uploads\/2023\/05\/logo-blu.png\",\"width\":225,\"height\":116,\"caption\":\"Blu Legal\"},\"image\":{\"@id\":\"https:\/\/blulegal.com\/de\/#\/schema\/logo\/image\/\"}}]}<\/script>\n<!-- \/ Yoast SEO plugin. -->","yoast_head_json":{"title":"Wie arbeiten wir &#8226; BLU Legal","description":"Wie arbeiten wir \u2013 oferujemy profesjonalne doradztwo w zakresie prawa polsko-niemieckiego dla firm i os\u00f3b fizycznych. Sprawd\u017a ofert\u0119!","robots":{"index":"index","follow":"follow","max-snippet":"max-snippet:-1","max-image-preview":"max-image-preview:large","max-video-preview":"max-video-preview:-1"},"canonical":"https:\/\/blulegal.com\/de\/uber-uns\/wie-arbeiten-wir\/","og_locale":"de_DE","og_type":"article","og_title":"Wie arbeiten wir &#8226; BLU Legal","og_description":"Wie arbeiten wir \u2013 oferujemy profesjonalne doradztwo w zakresie prawa polsko-niemieckiego dla firm i os\u00f3b fizycznych. Sprawd\u017a ofert\u0119!","og_url":"https:\/\/blulegal.com\/de\/uber-uns\/wie-arbeiten-wir\/","og_site_name":"BLU Legal","article_modified_time":"2023-08-01T09:50:18+00:00","og_image":[{"width":4261,"height":2841,"url":"https:\/\/blulegal.com\/wp-content\/uploads\/2019\/11\/bigstock-Good-Service-Cooperation-Cons-282815557.jpg","type":"image\/jpeg"}],"twitter_card":"summary_large_image","twitter_misc":{"Gesch\u00e4tzte Lesezeit":"2\u00a0Minuten"},"schema":{"@context":"https:\/\/schema.org","@graph":[{"@type":"WebPage","@id":"https:\/\/blulegal.com\/de\/uber-uns\/wie-arbeiten-wir\/","url":"https:\/\/blulegal.com\/de\/uber-uns\/wie-arbeiten-wir\/","name":"Wie arbeiten wir &#8226; BLU Legal","isPartOf":{"@id":"https:\/\/blulegal.com\/de\/#website"},"primaryImageOfPage":{"@id":"https:\/\/blulegal.com\/de\/uber-uns\/wie-arbeiten-wir\/#primaryimage"},"image":{"@id":"https:\/\/blulegal.com\/de\/uber-uns\/wie-arbeiten-wir\/#primaryimage"},"thumbnailUrl":"https:\/\/blulegal.com\/wp-content\/uploads\/2019\/11\/bigstock-Good-Service-Cooperation-Cons-282815557.jpg","datePublished":"2023-07-24T11:00:52+00:00","dateModified":"2023-08-01T09:50:18+00:00","description":"Wie arbeiten wir \u2013 oferujemy profesjonalne doradztwo w zakresie prawa polsko-niemieckiego dla firm i os\u00f3b fizycznych. Sprawd\u017a ofert\u0119!","breadcrumb":{"@id":"https:\/\/blulegal.com\/de\/uber-uns\/wie-arbeiten-wir\/#breadcrumb"},"inLanguage":"de","potentialAction":[{"@type":"ReadAction","target":["https:\/\/blulegal.com\/de\/uber-uns\/wie-arbeiten-wir\/"]}]},{"@type":"ImageObject","inLanguage":"de","@id":"https:\/\/blulegal.com\/de\/uber-uns\/wie-arbeiten-wir\/#primaryimage","url":"https:\/\/blulegal.com\/wp-content\/uploads\/2019\/11\/bigstock-Good-Service-Cooperation-Cons-282815557.jpg","contentUrl":"https:\/\/blulegal.com\/wp-content\/uploads\/2019\/11\/bigstock-Good-Service-Cooperation-Cons-282815557.jpg","width":4261,"height":2841},{"@type":"BreadcrumbList","@id":"https:\/\/blulegal.com\/de\/uber-uns\/wie-arbeiten-wir\/#breadcrumb","itemListElement":[{"@type":"ListItem","position":1,"name":"Home","item":"https:\/\/blulegal.com\/de\/"},{"@type":"ListItem","position":2,"name":"\u00dcber uns","item":"https:\/\/blulegal.com\/de\/o-nas\/"},{"@type":"ListItem","position":3,"name":"Wie arbeiten wir"}]},{"@type":"WebSite","@id":"https:\/\/blulegal.com\/de\/#website","url":"https:\/\/blulegal.com\/de\/","name":"BLU Legal","description":"","publisher":{"@id":"https:\/\/blulegal.com\/de\/#organization"},"potentialAction":[{"@type":"SearchAction","target":{"@type":"EntryPoint","urlTemplate":"https:\/\/blulegal.com\/de\/?s={search_term_string}"},"query-input":{"@type":"PropertyValueSpecification","valueRequired":true,"valueName":"search_term_string"}}],"inLanguage":"de"},{"@type":"Organization","@id":"https:\/\/blulegal.com\/de\/#organization","name":"Blu Legal","url":"https:\/\/blulegal.com\/de\/","logo":{"@type":"ImageObject","inLanguage":"de","@id":"https:\/\/blulegal.com\/de\/#\/schema\/logo\/image\/","url":"https:\/\/blulegal.com\/wp-content\/uploads\/2023\/05\/logo-blu.png","contentUrl":"https:\/\/blulegal.com\/wp-content\/uploads\/2023\/05\/logo-blu.png","width":225,"height":116,"caption":"Blu Legal"},"image":{"@id":"https:\/\/blulegal.com\/de\/#\/schema\/logo\/image\/"}}]}},"_links":{"self":[{"href":"https:\/\/blulegal.com\/de\/wp-json\/wp\/v2\/pages\/3294","targetHints":{"allow":["GET"]}}],"collection":[{"href":"https:\/\/blulegal.com\/de\/wp-json\/wp\/v2\/pages"}],"about":[{"href":"https:\/\/blulegal.com\/de\/wp-json\/wp\/v2\/types\/page"}],"author":[{"embeddable":true,"href":"https:\/\/blulegal.com\/de\/wp-json\/wp\/v2\/users\/3"}],"replies":[{"embeddable":true,"href":"https:\/\/blulegal.com\/de\/wp-json\/wp\/v2\/comments?post=3294"}],"version-history":[{"count":4,"href":"https:\/\/blulegal.com\/de\/wp-json\/wp\/v2\/pages\/3294\/revisions"}],"predecessor-version":[{"id":3299,"href":"https:\/\/blulegal.com\/de\/wp-json\/wp\/v2\/pages\/3294\/revisions\/3299"}],"up":[{"embeddable":true,"href":"https:\/\/blulegal.com\/de\/wp-json\/wp\/v2\/pages\/76"}],"wp:featuredmedia":[{"embeddable":true,"href":"https:\/\/blulegal.com\/de\/wp-json\/wp\/v2\/media\/255"}],"wp:attachment":[{"href":"https:\/\/blulegal.com\/de\/wp-json\/wp\/v2\/media?parent=3294"}],"curies":[{"name":"wp","href":"https:\/\/api.w.org\/{rel}","templated":true}]}}