{"id":3300,"date":"2023-07-24T11:01:02","date_gmt":"2023-07-24T11:01:02","guid":{"rendered":"https:\/\/blulegal.com\/uber-uns\/partnerzy\/"},"modified":"2023-08-02T06:48:04","modified_gmt":"2023-08-02T06:48:04","slug":"die-partnerin","status":"publish","type":"page","link":"https:\/\/blulegal.com\/de\/uber-uns\/die-partnerin\/","title":{"rendered":"Die Partnerin"},"content":{"rendered":"\n<div class=\"wp-block-columns has-2-columns image-text-block image-text-block--narrow image-left is-layout-flex wp-container-core-columns-is-layout-9d6595d7 wp-block-columns-is-layout-flex\">\n<div class=\"wp-block-column is-layout-flow wp-block-column-is-layout-flow\">\n<figure class=\"wp-block-image image-text-block__image image-text-block__image--narrow image-left\"><img loading=\"lazy\" decoding=\"async\" width=\"444\" height=\"551\" src=\"https:\/\/blulegal.com\/wp-content\/uploads\/2019\/12\/63-444x551.jpg\" alt=\"\" class=\"wp-image-409\"\/><\/figure>\n<\/div>\n\n\n\n<div class=\"wp-block-column is-layout-flow wp-block-column-is-layout-flow\">\n<p class=\"image-text-block__title image-text-block__title--small h5\"><strong>dr (Dr. jur.) Katarzyna Styrna-Bartman, LL. M.<br>Rechtsbeistand<\/strong><\/p>\n\n\n\n<p class=\"image-text-block__text\"><strong>Gr\u00fcnder der Anwaltskanzlei BLU <\/strong><br><strong>Vorstandsvorsitzender der Gesellschaft<\/strong><br><strong>BLU Law &amp; Outsourcing Sp. z o. o<\/strong>.<br><br><\/p>\n\n\n\n<p>Dr. (Dr. jur.) Katarzyna Styrna-Bartman,<br>LL. M. ist Rechtsberaterin mit den Schwerpunkten Wirtschaftsrecht, europ\u00e4isches Arbeitsrecht und den Themen Entsendung von Mitarbeitern ins Ausland (insbesondere innerhalb Deutschlands), Mergers &amp; Acquisitions, einschlie\u00dflich grenz\u00fcberschreitender Fusionen und \u00dcbernahmen.<\/p>\n<\/div>\n<\/div>\n\n\n\n<div class=\"wp-block-columns has-2-columns image-text-block image-text-block--narrow image-right is-layout-flex wp-container-core-columns-is-layout-9d6595d7 wp-block-columns-is-layout-flex\">\n<div class=\"wp-block-column is-layout-flow wp-block-column-is-layout-flow\">\n<p class=\"image-text-block__text\">Frau Dr. Katarzyna Styrna-Bartman schloss ihr Jurastudium an der Universit\u00e4t Breslau ab und absolvierte ein postgraduales Studium des deutschen Rechts an der Rechtswissenschaftlichen Fakult\u00e4t der Universit\u00e4t Regensburg in Deutschland, wo sie den Titel &#8222;Master of Laws (LL. M.)&#8220; erlangte. Gleichzeitig begann sie ihr Promotionsstudium am Lehrstuhl f\u00fcr Europarecht an der Universit\u00e4t Regensburg, wo sie 2013 den Doktortitel in Rechtswissenschaften (Dr. jur.) erlangte, indem sie ihre Doktorarbeit zum Thema Europarecht auf Deutsch mit der Auszeichnung &#8222;Magna Cum Laude&#8220; verteidigte.<\/p>\n<\/div>\n\n\n\n<div class=\"wp-block-column is-layout-flow wp-block-column-is-layout-flow\"><\/div>\n<\/div>\n\n\n\n<div class=\"wp-block-columns has-2-columns image-text-block image-text-block--narrow image-left is-layout-flex wp-container-core-columns-is-layout-9d6595d7 wp-block-columns-is-layout-flex\">\n<div class=\"wp-block-column is-layout-flow wp-block-column-is-layout-flow\">\n<figure class=\"wp-block-image image-text-block__image image-text-block__image--narrow image-left\"><img loading=\"lazy\" decoding=\"async\" width=\"444\" height=\"551\" src=\"https:\/\/blulegal.com\/wp-content\/uploads\/2019\/11\/bigstock-Good-Service-Cooperation-Cons-282815557-444x551.jpg\" alt=\"\" class=\"wp-image-253\"\/><\/figure>\n<\/div>\n\n\n\n<div class=\"wp-block-column is-layout-flow wp-block-column-is-layout-flow\">\n<p class=\"image-text-block__text\">Frau Dr. Katarzyna Styrna-Bartman war langj\u00e4hrige wissenschaftliche Mitarbeiterin am Lehrstuhl f\u00fcr Europarecht an der Universit\u00e4t Regensburg. Im Jahr 2009 absolvierte sie ihr Referendariat bei der Rechtsanwaltskammer Breslau, wo sie in die Liste der Rechtsanw\u00e4lte eingetragen wurde.<\/p>\n\n\n\n<p class=\"image-text-block__text\">Von Beginn ihrer beruflichen T\u00e4tigkeit an war Frau Dr. Katarzyna Styrna-Bartman mit Beratungsunternehmen verbunden, die rechtliche Unterst\u00fctzung im polnisch-deutschen Wirtschaftsverkehr bieten. \u00dcber viele Jahre hinweg arbeitete sie mit der deutschen Beratungsfirma R\u00f6dl &amp; Partner sowie der Anwaltskanzlei JP Weber als Managerin des German Desk zusammen.<\/p>\n<\/div>\n<\/div>\n\n\n\n<div class=\"wp-block-columns has-2-columns image-text-block image-text-block--narrow image-right is-layout-flex wp-container-core-columns-is-layout-9d6595d7 wp-block-columns-is-layout-flex\">\n<div class=\"wp-block-column is-layout-flow wp-block-column-is-layout-flow\">\n<p class=\"image-text-block__text\"><br>Frau Dr. Katarzyna Styrna-Bartman, LL. M., ist Autorin zahlreicher nationaler (Rzeczpospolita, Dziennik Gazeta Prawna) und internationaler (Berliner Wissenschaftsverlag) Ver\u00f6ffentlichungen zum Thema Entsendung von Mitarbeitern ins Ausland und Gesch\u00e4ftst\u00e4tigkeit in Deutschland. Sie hat das B\u00fcrgerliche Gesetzbuch aus dem Deutschen ins Polnische \u00fcbersetzt. Sie f\u00fchrt Schulungen und Workshops zu Themen wie Entsendung von Mitarbeitern ins Ausland, europ\u00e4ischem Arbeitsrecht, Internetrecht und Recht im Online-Marketing durch. Gleichzeitig ist sie Sch\u00f6pferin und Autorin eines in Polen anerkannten Blogs zu Themen der Entsendung von Mitarbeitern ins Ausland und Recht f\u00fcr IT: <a href=\"http:\/\/www.bartmanlegalupdates.com\/\">www.bartmanlegalupdates.com<\/a><\/p>\n<\/div>\n\n\n\n<div class=\"wp-block-column is-layout-flow wp-block-column-is-layout-flow\">\n<figure class=\"wp-block-image image-text-block__image image-text-block__image--narrow\"><img loading=\"lazy\" decoding=\"async\" width=\"444\" height=\"551\" src=\"https:\/\/blulegal.com\/wp-content\/uploads\/2019\/11\/bigstock-Businessman-Playing-Chess-Game-287663164-min-444x551.jpg\" alt=\"\" class=\"wp-image-246\"\/><\/figure>\n<\/div>\n<\/div>\n\n\n\n<div class=\"wp-block-button is-style-arrow aligncenter\"><a class=\"wp-block-button__link wp-element-button\" href=\"https:\/\/blulegal.com\/de\/presse-medien\/\">LISTE DER VER\u00d6FFENTLICHUNGEN DER RECHTSANW\u00c4LTIN DR. JUR. KATARZYNA STYRNA-BARTMAN, LL. M.<\/a><\/div>\n\n\n\n<div style=\"height:40px\" aria-hidden=\"true\" class=\"wp-block-spacer\"><\/div>\n","protected":false},"excerpt":{"rendered":"<p>dr (Dr. jur.) Katarzyna Styrna-Bartman, LL. M.Rechtsbeistand Gr\u00fcnder der Anwaltskanzlei BLU Vorstandsvorsitzender der GesellschaftBLU Law<\/p>\n","protected":false},"author":3,"featured_media":240,"parent":76,"menu_order":0,"comment_status":"closed","ping_status":"closed","template":"page-tpl-sidebar.php","meta":{"_acf_changed":false,"footnotes":""},"class_list":["post-3300","page","type-page","status-publish","has-post-thumbnail","hentry"],"acf":[],"yoast_head":"<!-- This site is optimized with the Yoast SEO plugin v27.2 - https:\/\/yoast.com\/product\/yoast-seo-wordpress\/ -->\n<title>Die Partnerin &#8226; BLU Legal<\/title>\n<meta name=\"description\" content=\"Die Partnerin \u2013 oferujemy profesjonalne doradztwo w zakresie prawa polsko-niemieckiego dla firm i os\u00f3b fizycznych. Sprawd\u017a ofert\u0119!\" \/>\n<meta name=\"robots\" content=\"index, follow, max-snippet:-1, max-image-preview:large, max-video-preview:-1\" \/>\n<link rel=\"canonical\" href=\"https:\/\/blulegal.com\/de\/uber-uns\/die-partnerin\/\" \/>\n<meta property=\"og:locale\" content=\"de_DE\" \/>\n<meta property=\"og:type\" content=\"article\" \/>\n<meta property=\"og:title\" content=\"Die Partnerin &#8226; BLU Legal\" \/>\n<meta property=\"og:description\" content=\"Die Partnerin \u2013 oferujemy profesjonalne doradztwo w zakresie prawa polsko-niemieckiego dla firm i os\u00f3b fizycznych. Sprawd\u017a ofert\u0119!\" \/>\n<meta property=\"og:url\" content=\"https:\/\/blulegal.com\/de\/uber-uns\/die-partnerin\/\" \/>\n<meta property=\"og:site_name\" content=\"BLU Legal\" \/>\n<meta property=\"article:modified_time\" content=\"2023-08-02T06:48:04+00:00\" \/>\n<meta property=\"og:image\" content=\"https:\/\/blulegal.com\/wp-content\/uploads\/2019\/11\/bigstock-Lawyer-Office-Statue-Of-Justi-270799618.jpg\" \/>\n\t<meta property=\"og:image:width\" content=\"3861\" \/>\n\t<meta property=\"og:image:height\" content=\"2574\" \/>\n\t<meta property=\"og:image:type\" content=\"image\/jpeg\" \/>\n<meta name=\"twitter:card\" content=\"summary_large_image\" \/>\n<meta name=\"twitter:label1\" content=\"Gesch\u00e4tzte Lesezeit\" \/>\n\t<meta name=\"twitter:data1\" content=\"2\u00a0Minuten\" \/>\n<script type=\"application\/ld+json\" class=\"yoast-schema-graph\">{\"@context\":\"https:\/\/schema.org\",\"@graph\":[{\"@type\":\"WebPage\",\"@id\":\"https:\/\/blulegal.com\/de\/uber-uns\/die-partnerin\/\",\"url\":\"https:\/\/blulegal.com\/de\/uber-uns\/die-partnerin\/\",\"name\":\"Die Partnerin &#8226; BLU Legal\",\"isPartOf\":{\"@id\":\"https:\/\/blulegal.com\/de\/#website\"},\"primaryImageOfPage\":{\"@id\":\"https:\/\/blulegal.com\/de\/uber-uns\/die-partnerin\/#primaryimage\"},\"image\":{\"@id\":\"https:\/\/blulegal.com\/de\/uber-uns\/die-partnerin\/#primaryimage\"},\"thumbnailUrl\":\"https:\/\/blulegal.com\/wp-content\/uploads\/2019\/11\/bigstock-Lawyer-Office-Statue-Of-Justi-270799618.jpg\",\"datePublished\":\"2023-07-24T11:01:02+00:00\",\"dateModified\":\"2023-08-02T06:48:04+00:00\",\"description\":\"Die Partnerin \u2013 oferujemy profesjonalne doradztwo w zakresie prawa polsko-niemieckiego dla firm i os\u00f3b fizycznych. Sprawd\u017a ofert\u0119!\",\"breadcrumb\":{\"@id\":\"https:\/\/blulegal.com\/de\/uber-uns\/die-partnerin\/#breadcrumb\"},\"inLanguage\":\"de\",\"potentialAction\":[{\"@type\":\"ReadAction\",\"target\":[\"https:\/\/blulegal.com\/de\/uber-uns\/die-partnerin\/\"]}]},{\"@type\":\"ImageObject\",\"inLanguage\":\"de\",\"@id\":\"https:\/\/blulegal.com\/de\/uber-uns\/die-partnerin\/#primaryimage\",\"url\":\"https:\/\/blulegal.com\/wp-content\/uploads\/2019\/11\/bigstock-Lawyer-Office-Statue-Of-Justi-270799618.jpg\",\"contentUrl\":\"https:\/\/blulegal.com\/wp-content\/uploads\/2019\/11\/bigstock-Lawyer-Office-Statue-Of-Justi-270799618.jpg\",\"width\":3861,\"height\":2574},{\"@type\":\"BreadcrumbList\",\"@id\":\"https:\/\/blulegal.com\/de\/uber-uns\/die-partnerin\/#breadcrumb\",\"itemListElement\":[{\"@type\":\"ListItem\",\"position\":1,\"name\":\"Home\",\"item\":\"https:\/\/blulegal.com\/de\/\"},{\"@type\":\"ListItem\",\"position\":2,\"name\":\"\u00dcber uns\",\"item\":\"https:\/\/blulegal.com\/de\/o-nas\/\"},{\"@type\":\"ListItem\",\"position\":3,\"name\":\"Die Partnerin\"}]},{\"@type\":\"WebSite\",\"@id\":\"https:\/\/blulegal.com\/de\/#website\",\"url\":\"https:\/\/blulegal.com\/de\/\",\"name\":\"BLU Legal\",\"description\":\"\",\"publisher\":{\"@id\":\"https:\/\/blulegal.com\/de\/#organization\"},\"potentialAction\":[{\"@type\":\"SearchAction\",\"target\":{\"@type\":\"EntryPoint\",\"urlTemplate\":\"https:\/\/blulegal.com\/de\/?s={search_term_string}\"},\"query-input\":{\"@type\":\"PropertyValueSpecification\",\"valueRequired\":true,\"valueName\":\"search_term_string\"}}],\"inLanguage\":\"de\"},{\"@type\":\"Organization\",\"@id\":\"https:\/\/blulegal.com\/de\/#organization\",\"name\":\"Blu Legal\",\"url\":\"https:\/\/blulegal.com\/de\/\",\"logo\":{\"@type\":\"ImageObject\",\"inLanguage\":\"de\",\"@id\":\"https:\/\/blulegal.com\/de\/#\/schema\/logo\/image\/\",\"url\":\"https:\/\/blulegal.com\/wp-content\/uploads\/2023\/05\/logo-blu.png\",\"contentUrl\":\"https:\/\/blulegal.com\/wp-content\/uploads\/2023\/05\/logo-blu.png\",\"width\":225,\"height\":116,\"caption\":\"Blu Legal\"},\"image\":{\"@id\":\"https:\/\/blulegal.com\/de\/#\/schema\/logo\/image\/\"}}]}<\/script>\n<!-- \/ Yoast SEO plugin. -->","yoast_head_json":{"title":"Die Partnerin &#8226; BLU Legal","description":"Die Partnerin \u2013 oferujemy profesjonalne doradztwo w zakresie prawa polsko-niemieckiego dla firm i os\u00f3b fizycznych. Sprawd\u017a ofert\u0119!","robots":{"index":"index","follow":"follow","max-snippet":"max-snippet:-1","max-image-preview":"max-image-preview:large","max-video-preview":"max-video-preview:-1"},"canonical":"https:\/\/blulegal.com\/de\/uber-uns\/die-partnerin\/","og_locale":"de_DE","og_type":"article","og_title":"Die Partnerin &#8226; BLU Legal","og_description":"Die Partnerin \u2013 oferujemy profesjonalne doradztwo w zakresie prawa polsko-niemieckiego dla firm i os\u00f3b fizycznych. Sprawd\u017a ofert\u0119!","og_url":"https:\/\/blulegal.com\/de\/uber-uns\/die-partnerin\/","og_site_name":"BLU Legal","article_modified_time":"2023-08-02T06:48:04+00:00","og_image":[{"width":3861,"height":2574,"url":"https:\/\/blulegal.com\/wp-content\/uploads\/2019\/11\/bigstock-Lawyer-Office-Statue-Of-Justi-270799618.jpg","type":"image\/jpeg"}],"twitter_card":"summary_large_image","twitter_misc":{"Gesch\u00e4tzte Lesezeit":"2\u00a0Minuten"},"schema":{"@context":"https:\/\/schema.org","@graph":[{"@type":"WebPage","@id":"https:\/\/blulegal.com\/de\/uber-uns\/die-partnerin\/","url":"https:\/\/blulegal.com\/de\/uber-uns\/die-partnerin\/","name":"Die Partnerin &#8226; BLU Legal","isPartOf":{"@id":"https:\/\/blulegal.com\/de\/#website"},"primaryImageOfPage":{"@id":"https:\/\/blulegal.com\/de\/uber-uns\/die-partnerin\/#primaryimage"},"image":{"@id":"https:\/\/blulegal.com\/de\/uber-uns\/die-partnerin\/#primaryimage"},"thumbnailUrl":"https:\/\/blulegal.com\/wp-content\/uploads\/2019\/11\/bigstock-Lawyer-Office-Statue-Of-Justi-270799618.jpg","datePublished":"2023-07-24T11:01:02+00:00","dateModified":"2023-08-02T06:48:04+00:00","description":"Die Partnerin \u2013 oferujemy profesjonalne doradztwo w zakresie prawa polsko-niemieckiego dla firm i os\u00f3b fizycznych. Sprawd\u017a ofert\u0119!","breadcrumb":{"@id":"https:\/\/blulegal.com\/de\/uber-uns\/die-partnerin\/#breadcrumb"},"inLanguage":"de","potentialAction":[{"@type":"ReadAction","target":["https:\/\/blulegal.com\/de\/uber-uns\/die-partnerin\/"]}]},{"@type":"ImageObject","inLanguage":"de","@id":"https:\/\/blulegal.com\/de\/uber-uns\/die-partnerin\/#primaryimage","url":"https:\/\/blulegal.com\/wp-content\/uploads\/2019\/11\/bigstock-Lawyer-Office-Statue-Of-Justi-270799618.jpg","contentUrl":"https:\/\/blulegal.com\/wp-content\/uploads\/2019\/11\/bigstock-Lawyer-Office-Statue-Of-Justi-270799618.jpg","width":3861,"height":2574},{"@type":"BreadcrumbList","@id":"https:\/\/blulegal.com\/de\/uber-uns\/die-partnerin\/#breadcrumb","itemListElement":[{"@type":"ListItem","position":1,"name":"Home","item":"https:\/\/blulegal.com\/de\/"},{"@type":"ListItem","position":2,"name":"\u00dcber uns","item":"https:\/\/blulegal.com\/de\/o-nas\/"},{"@type":"ListItem","position":3,"name":"Die Partnerin"}]},{"@type":"WebSite","@id":"https:\/\/blulegal.com\/de\/#website","url":"https:\/\/blulegal.com\/de\/","name":"BLU Legal","description":"","publisher":{"@id":"https:\/\/blulegal.com\/de\/#organization"},"potentialAction":[{"@type":"SearchAction","target":{"@type":"EntryPoint","urlTemplate":"https:\/\/blulegal.com\/de\/?s={search_term_string}"},"query-input":{"@type":"PropertyValueSpecification","valueRequired":true,"valueName":"search_term_string"}}],"inLanguage":"de"},{"@type":"Organization","@id":"https:\/\/blulegal.com\/de\/#organization","name":"Blu Legal","url":"https:\/\/blulegal.com\/de\/","logo":{"@type":"ImageObject","inLanguage":"de","@id":"https:\/\/blulegal.com\/de\/#\/schema\/logo\/image\/","url":"https:\/\/blulegal.com\/wp-content\/uploads\/2023\/05\/logo-blu.png","contentUrl":"https:\/\/blulegal.com\/wp-content\/uploads\/2023\/05\/logo-blu.png","width":225,"height":116,"caption":"Blu Legal"},"image":{"@id":"https:\/\/blulegal.com\/de\/#\/schema\/logo\/image\/"}}]}},"_links":{"self":[{"href":"https:\/\/blulegal.com\/de\/wp-json\/wp\/v2\/pages\/3300","targetHints":{"allow":["GET"]}}],"collection":[{"href":"https:\/\/blulegal.com\/de\/wp-json\/wp\/v2\/pages"}],"about":[{"href":"https:\/\/blulegal.com\/de\/wp-json\/wp\/v2\/types\/page"}],"author":[{"embeddable":true,"href":"https:\/\/blulegal.com\/de\/wp-json\/wp\/v2\/users\/3"}],"replies":[{"embeddable":true,"href":"https:\/\/blulegal.com\/de\/wp-json\/wp\/v2\/comments?post=3300"}],"version-history":[{"count":5,"href":"https:\/\/blulegal.com\/de\/wp-json\/wp\/v2\/pages\/3300\/revisions"}],"predecessor-version":[{"id":3357,"href":"https:\/\/blulegal.com\/de\/wp-json\/wp\/v2\/pages\/3300\/revisions\/3357"}],"up":[{"embeddable":true,"href":"https:\/\/blulegal.com\/de\/wp-json\/wp\/v2\/pages\/76"}],"wp:featuredmedia":[{"embeddable":true,"href":"https:\/\/blulegal.com\/de\/wp-json\/wp\/v2\/media\/240"}],"wp:attachment":[{"href":"https:\/\/blulegal.com\/de\/wp-json\/wp\/v2\/media?parent=3300"}],"curies":[{"name":"wp","href":"https:\/\/api.w.org\/{rel}","templated":true}]}}