{"id":3303,"date":"2023-07-24T11:07:36","date_gmt":"2023-07-24T11:07:36","guid":{"rendered":"https:\/\/blulegal.com\/uber-uns\/treffen-wir-uns-in-wroclaw-breslau\/"},"modified":"2023-07-24T11:23:12","modified_gmt":"2023-07-24T11:23:12","slug":"treffen-wir-uns-in-wroclaw-breslau","status":"publish","type":"page","link":"https:\/\/blulegal.com\/de\/uber-uns\/treffen-wir-uns-in-wroclaw-breslau\/","title":{"rendered":"Wir treffen uns in Breslau"},"content":{"rendered":"\n<div class=\"wp-block-columns has-2-columns image-text-block image-text-block--narrow image-right is-layout-flex wp-container-core-columns-is-layout-9d6595d7 wp-block-columns-is-layout-flex\">\n<div class=\"wp-block-column is-layout-flow wp-block-column-is-layout-flow\">\n<p class=\"image-text-block__text\">Unser B\u00fcro hat <br\/>in Wroc\u0142aw, einer au\u00dfergew\u00f6hnlichen Stadt <br\/>im Herzen von Niederschlesien, wo die Geschichte <br\/>und Modernit\u00e4t sind ein harmonisches Duo, das eine charmante und energiegeladene Stadt schafft, in der es sich lohnt, eine Weile zu bleiben.<br\/><br\/>An den Fassaden einiger historischer Geb\u00e4ude sind noch Reste deutschsprachiger Inschriften zu sehen, zum Beispiel in der Altstadt von Nadodrze. <br\/>und Gesch\u00e4fte, die vor 1945 Geschichte erlebt haben. Unser B\u00fcro befindet sich in einem historischen Mietshaus in Kombination mit einem modernen B\u00fcrogeb\u00e4ude im Gesch\u00e4ftsviertel von Wroc\u0142aw, wo nur noch das Mietshaus in der Legnicka 52 daran erinnert, dass die Stadt Wroc\u0142aw einst in einem anderen Tempo lebte. <\/p>\n<\/div>\n\n\n\n<div class=\"wp-block-column is-layout-flow wp-block-column-is-layout-flow\">\n<figure class=\"wp-block-image image-text-block__image image-text-block__image--narrow\"><img loading=\"lazy\" decoding=\"async\" width=\"444\" height=\"551\" src=\"https:\/\/blulegal.com\/wp-content\/uploads\/2019\/11\/bigstock-Lawyer-Office-Statue-Of-Justi-270799618-444x551.jpg\" alt=\"\" class=\"wp-image-238\"\/><\/figure>\n<\/div>\n<\/div>\n\n<div class=\"wp-block-columns has-2-columns image-text-block image-text-block--narrow image-left is-layout-flex wp-container-core-columns-is-layout-9d6595d7 wp-block-columns-is-layout-flex\">\n<div class=\"wp-block-column is-layout-flow wp-block-column-is-layout-flow\">\n<figure class=\"wp-block-image image-text-block__image image-text-block__image--narrow image-left\"><img loading=\"lazy\" decoding=\"async\" width=\"444\" height=\"551\" src=\"https:\/\/blulegal.com\/wp-content\/uploads\/2019\/11\/bigstock-Businessman-And-Male-Lawyer-Or-244150996-1-min-444x551.jpg\" alt=\"\" class=\"wp-image-242\"\/><\/figure>\n<\/div>\n\n\n\n<div class=\"wp-block-column is-layout-flow wp-block-column-is-layout-flow\">\n<p class=\"image-text-block__text\">Heute ist Breslau eine moderne Stadt, die die Breslauer mit gro\u00dfer Leidenschaft aufbauen und gestalten, weil sie stolz auf die Stadt sind, in der sie leben k\u00f6nnen.<br\/>und Arbeit. Neben alten Mietskasernen, die noch an die fr\u00fcheren Bewohner von Breslau erinnern, entstehen moderne B\u00fcrogeb\u00e4ude und Gewerbegebiete, junge Menschen aus der <br\/>kommen aus ganz Polen, sie wollen hier leben und studieren, weil Wroc\u0142aw in ganz Polen ber\u00fchmt ist <br\/>von einer freundlichen Atmosph\u00e4re nicht nur f\u00fcr Bewohner, sondern auch f\u00fcr Besucher. Jeder hat hier seinen Lieblingsplatz. <\/p>\n<\/div>\n<\/div>\n\n<div class=\"wp-block-columns has-2-columns image-text-block image-text-block--narrow image-right is-layout-flex wp-container-core-columns-is-layout-9d6595d7 wp-block-columns-is-layout-flex\">\n<div class=\"wp-block-column is-layout-flow wp-block-column-is-layout-flow\">\n<p class=\"image-text-block__text\"> Am besten gef\u00e4llt uns die W\u0142odkowica-Stra\u00dfe in Wroc\u0142aw, die mit der Sch\u00f6nheit der sakralen Architektur der Dzielnica Czterech Wyzna\u0144 (Viertel der vier Konfessionen) (auch bekannt als Viertel des gegenseitigen Respekts), modernen Hotels und B\u00fcrogeb\u00e4uden, unz\u00e4hligen Caf\u00e9s und Kneipen beeindruckt. So sieht Wroc\u0142aw aus, voller Charme und Gef\u00fchl.<br\/>Wir in Wroc\u0142aw gehen voran, wir wollen die Welt erobern, aber immer <br\/>mit Respekt vor der Vergangenheit und der Geschichte unserer Stadt. <\/p>\n\n\n\n<p>Wroc\u0142aw ist auch eine gesch\u00e4ftsfreundliche Stadt. \n\n<\/p>\n<\/div>\n\n\n\n<div class=\"wp-block-column is-layout-flow wp-block-column-is-layout-flow\">\n<figure class=\"wp-block-image image-text-block__image image-text-block__image--narrow\"><img loading=\"lazy\" decoding=\"async\" width=\"444\" height=\"551\" src=\"https:\/\/blulegal.com\/wp-content\/uploads\/2019\/11\/bigstock-Good-Service-Cooperation-Cons-282815557-444x551.jpg\" alt=\"\" class=\"wp-image-253\"\/><\/figure>\n<\/div>\n<\/div>\n\n<div class=\"wp-block-columns has-2-columns image-text-block image-text-block--narrow image-left is-layout-flex wp-container-core-columns-is-layout-9d6595d7 wp-block-columns-is-layout-flex\">\n<div class=\"wp-block-column is-layout-flow wp-block-column-is-layout-flow\">\n<figure class=\"wp-block-image image-text-block__image image-text-block__image--narrow image-left\"><img loading=\"lazy\" decoding=\"async\" width=\"444\" height=\"551\" src=\"https:\/\/blulegal.com\/wp-content\/uploads\/2019\/11\/kontakt-page_top-444x551.jpg\" alt=\"\" class=\"wp-image-223\"\/><\/figure>\n<\/div>\n\n\n\n<div class=\"wp-block-column is-layout-flow wp-block-column-is-layout-flow\">\n<p class=\"image-text-block__text\">Energie der Gro\u00dfstadt, zahlreiche Universit\u00e4ten<br\/>und Universit\u00e4ten, Stra\u00dfeninfrastruktur <br\/>mit allen gro\u00dfen polnischen St\u00e4dten (Warschau, Kattowitz, Krakau, Posen, Danzig, Stettin, Lodz) und Deutschland, einem Flughafen, modernen Gesch\u00e4ftszentren und unbegrenzten Investitionsm\u00f6glichkeiten <br\/>und die Anziehung leidenschaftlicher Menschen ermutigen ausl\u00e4ndische Investoren und Unternehmer aus der gesamten Oderregion, Wroc\u0142aw zu besuchen.<br\/>und Gesch\u00e4fte direkt in dieser Stadt oder von dieser Stadt aus zu machen. Wir freuen uns, dass wir als Anw\u00e4lte, die bei grenz\u00fcberschreitenden deutsch-polnischen Rechtstransaktionen beraten, Teil der Wroc\u0142aw-Community und der internationalen Wirtschaft sein k\u00f6nnen und Unternehmer bei ihren t\u00e4glichen Aktivit\u00e4ten in Polen unterst\u00fctzen. Wir freuen uns, Sie in unsere einzigartige Stadt einzuladen. <\/p>\n<\/div>\n<\/div>\n","protected":false},"excerpt":{"rendered":"<p>Unser B\u00fcro hat in Wroc\u0142aw, einer au\u00dfergew\u00f6hnlichen Stadt im Herzen von Niederschlesien, wo die Geschichte<\/p>\n","protected":false},"author":3,"featured_media":225,"parent":76,"menu_order":0,"comment_status":"closed","ping_status":"closed","template":"page-tpl-sidebar.php","meta":{"_acf_changed":false,"footnotes":""},"class_list":["post-3303","page","type-page","status-publish","has-post-thumbnail","hentry"],"acf":[],"yoast_head":"<!-- This site is optimized with the Yoast SEO plugin v27.2 - https:\/\/yoast.com\/product\/yoast-seo-wordpress\/ -->\n<title>Wir treffen uns in Breslau &#8226; BLU Legal<\/title>\n<meta name=\"description\" content=\"Wir treffen uns in Breslau \u2013 oferujemy profesjonalne doradztwo w zakresie prawa polsko-niemieckiego dla firm i os\u00f3b fizycznych. Sprawd\u017a ofert\u0119!\" \/>\n<meta name=\"robots\" content=\"index, follow, max-snippet:-1, max-image-preview:large, max-video-preview:-1\" \/>\n<link rel=\"canonical\" href=\"https:\/\/blulegal.com\/de\/uber-uns\/treffen-wir-uns-in-wroclaw-breslau\/\" \/>\n<meta property=\"og:locale\" content=\"de_DE\" \/>\n<meta property=\"og:type\" content=\"article\" \/>\n<meta property=\"og:title\" content=\"Wir treffen uns in Breslau &#8226; BLU Legal\" \/>\n<meta property=\"og:description\" content=\"Wir treffen uns in Breslau \u2013 oferujemy profesjonalne doradztwo w zakresie prawa polsko-niemieckiego dla firm i os\u00f3b fizycznych. Sprawd\u017a ofert\u0119!\" \/>\n<meta property=\"og:url\" content=\"https:\/\/blulegal.com\/de\/uber-uns\/treffen-wir-uns-in-wroclaw-breslau\/\" \/>\n<meta property=\"og:site_name\" content=\"BLU Legal\" \/>\n<meta property=\"article:modified_time\" content=\"2023-07-24T11:23:12+00:00\" \/>\n<meta property=\"og:image\" content=\"https:\/\/blulegal.com\/wp-content\/uploads\/2019\/11\/kontakt-page_top.jpg\" \/>\n\t<meta property=\"og:image:width\" content=\"1920\" \/>\n\t<meta property=\"og:image:height\" content=\"970\" \/>\n\t<meta property=\"og:image:type\" content=\"image\/jpeg\" \/>\n<meta name=\"twitter:card\" content=\"summary_large_image\" \/>\n<meta name=\"twitter:label1\" content=\"Gesch\u00e4tzte Lesezeit\" \/>\n\t<meta name=\"twitter:data1\" content=\"2\u00a0Minuten\" \/>\n<script type=\"application\/ld+json\" class=\"yoast-schema-graph\">{\"@context\":\"https:\/\/schema.org\",\"@graph\":[{\"@type\":\"WebPage\",\"@id\":\"https:\/\/blulegal.com\/de\/uber-uns\/treffen-wir-uns-in-wroclaw-breslau\/\",\"url\":\"https:\/\/blulegal.com\/de\/uber-uns\/treffen-wir-uns-in-wroclaw-breslau\/\",\"name\":\"Wir treffen uns in Breslau &#8226; BLU Legal\",\"isPartOf\":{\"@id\":\"https:\/\/blulegal.com\/de\/#website\"},\"primaryImageOfPage\":{\"@id\":\"https:\/\/blulegal.com\/de\/uber-uns\/treffen-wir-uns-in-wroclaw-breslau\/#primaryimage\"},\"image\":{\"@id\":\"https:\/\/blulegal.com\/de\/uber-uns\/treffen-wir-uns-in-wroclaw-breslau\/#primaryimage\"},\"thumbnailUrl\":\"https:\/\/blulegal.com\/wp-content\/uploads\/2019\/11\/kontakt-page_top.jpg\",\"datePublished\":\"2023-07-24T11:07:36+00:00\",\"dateModified\":\"2023-07-24T11:23:12+00:00\",\"description\":\"Wir treffen uns in Breslau \u2013 oferujemy profesjonalne doradztwo w zakresie prawa polsko-niemieckiego dla firm i os\u00f3b fizycznych. Sprawd\u017a ofert\u0119!\",\"breadcrumb\":{\"@id\":\"https:\/\/blulegal.com\/de\/uber-uns\/treffen-wir-uns-in-wroclaw-breslau\/#breadcrumb\"},\"inLanguage\":\"de\",\"potentialAction\":[{\"@type\":\"ReadAction\",\"target\":[\"https:\/\/blulegal.com\/de\/uber-uns\/treffen-wir-uns-in-wroclaw-breslau\/\"]}]},{\"@type\":\"ImageObject\",\"inLanguage\":\"de\",\"@id\":\"https:\/\/blulegal.com\/de\/uber-uns\/treffen-wir-uns-in-wroclaw-breslau\/#primaryimage\",\"url\":\"https:\/\/blulegal.com\/wp-content\/uploads\/2019\/11\/kontakt-page_top.jpg\",\"contentUrl\":\"https:\/\/blulegal.com\/wp-content\/uploads\/2019\/11\/kontakt-page_top.jpg\",\"width\":1920,\"height\":970},{\"@type\":\"BreadcrumbList\",\"@id\":\"https:\/\/blulegal.com\/de\/uber-uns\/treffen-wir-uns-in-wroclaw-breslau\/#breadcrumb\",\"itemListElement\":[{\"@type\":\"ListItem\",\"position\":1,\"name\":\"Home\",\"item\":\"https:\/\/blulegal.com\/de\/\"},{\"@type\":\"ListItem\",\"position\":2,\"name\":\"\u00dcber uns\",\"item\":\"https:\/\/blulegal.com\/de\/o-nas\/\"},{\"@type\":\"ListItem\",\"position\":3,\"name\":\"Wir treffen uns in Breslau\"}]},{\"@type\":\"WebSite\",\"@id\":\"https:\/\/blulegal.com\/de\/#website\",\"url\":\"https:\/\/blulegal.com\/de\/\",\"name\":\"BLU Legal\",\"description\":\"\",\"publisher\":{\"@id\":\"https:\/\/blulegal.com\/de\/#organization\"},\"potentialAction\":[{\"@type\":\"SearchAction\",\"target\":{\"@type\":\"EntryPoint\",\"urlTemplate\":\"https:\/\/blulegal.com\/de\/?s={search_term_string}\"},\"query-input\":{\"@type\":\"PropertyValueSpecification\",\"valueRequired\":true,\"valueName\":\"search_term_string\"}}],\"inLanguage\":\"de\"},{\"@type\":\"Organization\",\"@id\":\"https:\/\/blulegal.com\/de\/#organization\",\"name\":\"Blu Legal\",\"url\":\"https:\/\/blulegal.com\/de\/\",\"logo\":{\"@type\":\"ImageObject\",\"inLanguage\":\"de\",\"@id\":\"https:\/\/blulegal.com\/de\/#\/schema\/logo\/image\/\",\"url\":\"https:\/\/blulegal.com\/wp-content\/uploads\/2023\/05\/logo-blu.png\",\"contentUrl\":\"https:\/\/blulegal.com\/wp-content\/uploads\/2023\/05\/logo-blu.png\",\"width\":225,\"height\":116,\"caption\":\"Blu Legal\"},\"image\":{\"@id\":\"https:\/\/blulegal.com\/de\/#\/schema\/logo\/image\/\"}}]}<\/script>\n<!-- \/ Yoast SEO plugin. -->","yoast_head_json":{"title":"Wir treffen uns in Breslau &#8226; BLU Legal","description":"Wir treffen uns in Breslau \u2013 oferujemy profesjonalne doradztwo w zakresie prawa polsko-niemieckiego dla firm i os\u00f3b fizycznych. Sprawd\u017a ofert\u0119!","robots":{"index":"index","follow":"follow","max-snippet":"max-snippet:-1","max-image-preview":"max-image-preview:large","max-video-preview":"max-video-preview:-1"},"canonical":"https:\/\/blulegal.com\/de\/uber-uns\/treffen-wir-uns-in-wroclaw-breslau\/","og_locale":"de_DE","og_type":"article","og_title":"Wir treffen uns in Breslau &#8226; BLU Legal","og_description":"Wir treffen uns in Breslau \u2013 oferujemy profesjonalne doradztwo w zakresie prawa polsko-niemieckiego dla firm i os\u00f3b fizycznych. Sprawd\u017a ofert\u0119!","og_url":"https:\/\/blulegal.com\/de\/uber-uns\/treffen-wir-uns-in-wroclaw-breslau\/","og_site_name":"BLU Legal","article_modified_time":"2023-07-24T11:23:12+00:00","og_image":[{"width":1920,"height":970,"url":"https:\/\/blulegal.com\/wp-content\/uploads\/2019\/11\/kontakt-page_top.jpg","type":"image\/jpeg"}],"twitter_card":"summary_large_image","twitter_misc":{"Gesch\u00e4tzte Lesezeit":"2\u00a0Minuten"},"schema":{"@context":"https:\/\/schema.org","@graph":[{"@type":"WebPage","@id":"https:\/\/blulegal.com\/de\/uber-uns\/treffen-wir-uns-in-wroclaw-breslau\/","url":"https:\/\/blulegal.com\/de\/uber-uns\/treffen-wir-uns-in-wroclaw-breslau\/","name":"Wir treffen uns in Breslau &#8226; BLU Legal","isPartOf":{"@id":"https:\/\/blulegal.com\/de\/#website"},"primaryImageOfPage":{"@id":"https:\/\/blulegal.com\/de\/uber-uns\/treffen-wir-uns-in-wroclaw-breslau\/#primaryimage"},"image":{"@id":"https:\/\/blulegal.com\/de\/uber-uns\/treffen-wir-uns-in-wroclaw-breslau\/#primaryimage"},"thumbnailUrl":"https:\/\/blulegal.com\/wp-content\/uploads\/2019\/11\/kontakt-page_top.jpg","datePublished":"2023-07-24T11:07:36+00:00","dateModified":"2023-07-24T11:23:12+00:00","description":"Wir treffen uns in Breslau \u2013 oferujemy profesjonalne doradztwo w zakresie prawa polsko-niemieckiego dla firm i os\u00f3b fizycznych. Sprawd\u017a ofert\u0119!","breadcrumb":{"@id":"https:\/\/blulegal.com\/de\/uber-uns\/treffen-wir-uns-in-wroclaw-breslau\/#breadcrumb"},"inLanguage":"de","potentialAction":[{"@type":"ReadAction","target":["https:\/\/blulegal.com\/de\/uber-uns\/treffen-wir-uns-in-wroclaw-breslau\/"]}]},{"@type":"ImageObject","inLanguage":"de","@id":"https:\/\/blulegal.com\/de\/uber-uns\/treffen-wir-uns-in-wroclaw-breslau\/#primaryimage","url":"https:\/\/blulegal.com\/wp-content\/uploads\/2019\/11\/kontakt-page_top.jpg","contentUrl":"https:\/\/blulegal.com\/wp-content\/uploads\/2019\/11\/kontakt-page_top.jpg","width":1920,"height":970},{"@type":"BreadcrumbList","@id":"https:\/\/blulegal.com\/de\/uber-uns\/treffen-wir-uns-in-wroclaw-breslau\/#breadcrumb","itemListElement":[{"@type":"ListItem","position":1,"name":"Home","item":"https:\/\/blulegal.com\/de\/"},{"@type":"ListItem","position":2,"name":"\u00dcber uns","item":"https:\/\/blulegal.com\/de\/o-nas\/"},{"@type":"ListItem","position":3,"name":"Wir treffen uns in Breslau"}]},{"@type":"WebSite","@id":"https:\/\/blulegal.com\/de\/#website","url":"https:\/\/blulegal.com\/de\/","name":"BLU Legal","description":"","publisher":{"@id":"https:\/\/blulegal.com\/de\/#organization"},"potentialAction":[{"@type":"SearchAction","target":{"@type":"EntryPoint","urlTemplate":"https:\/\/blulegal.com\/de\/?s={search_term_string}"},"query-input":{"@type":"PropertyValueSpecification","valueRequired":true,"valueName":"search_term_string"}}],"inLanguage":"de"},{"@type":"Organization","@id":"https:\/\/blulegal.com\/de\/#organization","name":"Blu Legal","url":"https:\/\/blulegal.com\/de\/","logo":{"@type":"ImageObject","inLanguage":"de","@id":"https:\/\/blulegal.com\/de\/#\/schema\/logo\/image\/","url":"https:\/\/blulegal.com\/wp-content\/uploads\/2023\/05\/logo-blu.png","contentUrl":"https:\/\/blulegal.com\/wp-content\/uploads\/2023\/05\/logo-blu.png","width":225,"height":116,"caption":"Blu Legal"},"image":{"@id":"https:\/\/blulegal.com\/de\/#\/schema\/logo\/image\/"}}]}},"_links":{"self":[{"href":"https:\/\/blulegal.com\/de\/wp-json\/wp\/v2\/pages\/3303","targetHints":{"allow":["GET"]}}],"collection":[{"href":"https:\/\/blulegal.com\/de\/wp-json\/wp\/v2\/pages"}],"about":[{"href":"https:\/\/blulegal.com\/de\/wp-json\/wp\/v2\/types\/page"}],"author":[{"embeddable":true,"href":"https:\/\/blulegal.com\/de\/wp-json\/wp\/v2\/users\/3"}],"replies":[{"embeddable":true,"href":"https:\/\/blulegal.com\/de\/wp-json\/wp\/v2\/comments?post=3303"}],"version-history":[{"count":5,"href":"https:\/\/blulegal.com\/de\/wp-json\/wp\/v2\/pages\/3303\/revisions"}],"predecessor-version":[{"id":3317,"href":"https:\/\/blulegal.com\/de\/wp-json\/wp\/v2\/pages\/3303\/revisions\/3317"}],"up":[{"embeddable":true,"href":"https:\/\/blulegal.com\/de\/wp-json\/wp\/v2\/pages\/76"}],"wp:featuredmedia":[{"embeddable":true,"href":"https:\/\/blulegal.com\/de\/wp-json\/wp\/v2\/media\/225"}],"wp:attachment":[{"href":"https:\/\/blulegal.com\/de\/wp-json\/wp\/v2\/media?parent=3303"}],"curies":[{"name":"wp","href":"https:\/\/api.w.org\/{rel}","templated":true}]}}