{"id":668,"date":"2020-01-07T08:24:05","date_gmt":"2020-01-07T08:24:05","guid":{"rendered":"https:\/\/blulegal.com\/?page_id=668"},"modified":"2023-05-22T09:40:39","modified_gmt":"2023-05-22T09:40:39","slug":"datenschutzbestimmungen","status":"publish","type":"page","link":"https:\/\/blulegal.com\/de\/datenschutzbestimmungen\/","title":{"rendered":"Datenschutzbestimmungen"},"content":{"rendered":"\n<p class=\"has-secondary-color has-text-color\">\n<strong>Datenschutzerkl\u00e4rung<\/strong><\/p>\n\n\n\n<p>\nIn\ndieser Datenschutzerkl\u00e4rung informieren wir Sie \u00fcber die\nVerarbeitung personenbezogener Daten bei der Nutzung dieser Website.<\/p>\n\n\n\n<p class=\"has-secondary-color has-text-color\">\n<strong>Verantwortlicher<\/strong><\/p>\n\n\n\n<p> Verantwortlich f\u00fcr die Datenverarbeitung ist Rechtskanzlei <em>BLU Kancelaria Radcy Prawnego dr Katarzyna Styrna-Bartman,  <a href=\"tel:+48 691 489 996\">0048 691&nbsp;489&nbsp;996<\/a>,<\/em><br><em>ul. Legnicka Str. 52, 54-204 Breslau, Polen<\/em>.<\/p>\n\n\n\n<p class=\"has-secondary-color has-text-color\">\n<strong>Einsatz\nvon Cookies&nbsp;<\/strong><\/p>\n\n\n\n<p>\nBeim\nBesuch der Website k\u00f6nnen Cookies auf Ihrem Ger\u00e4t gespeichert\nwerden. Cookies sind kleine Textdateien, die von dem von Ihnen\nverwendeten Browser gespeichert werden. Cookies k\u00f6nnen keine\nProgramme ausf\u00fchren und auch keine Viren auf Ihr Ger\u00e4t \u00fcbertragen.\nDie Stelle, die den Cookie setzt, kann dar\u00fcber jedoch bestimmte\nInformationen erhalten. Cookies dienen dazu, das Internetangebot\nbenutzerfreundlicher zu machen. Mithilfe von Cookies kann\nbeispielsweise das Ger\u00e4t, mit dem diese Website aufgerufen wurde,\nbei einem erneuten Aufruf erkannt werden.<\/p>\n\n\n\n<p>\nDurch\ndie Browsereinstellungen l\u00e4sst sich das Setzen von Cookies\neinschr\u00e4nken oder verhindern. So kann z. B. nur die Annahme von\nCookies, die von Drittanbietern stammen, blockiert werden oder aber\nauch die Annahme von allen Cookies. Durch das Blockieren sind jedoch\nm\u00f6glicherweise nicht mehr alle Funktionen dieser Website nutzbar. Im\nweiteren Text dieser Datenschutzerkl\u00e4rung informieren wir Sie\nkonkret, an welchen Stellen und zu welchen Zwecken Cookies auf den\nSeiten zum Einsatz kommen.<\/p>\n\n\n\n<p class=\"has-secondary-color has-text-color\">\n<strong>Datenschutzerkl\u00e4rung\nf\u00fcr Google Analytics<\/strong><\/p>\n\n\n\n<p>\nDiese\nWebsite verwendet Google Analytics, einen Webanalysedienst der Google\nInc., 1600 Amphitheatre Parkway, Mountain View, CA 94043, USA. Zu\ndiesem Zweck werden von Google Cookies auf dem Ger\u00e4t gesetzt. Diese\nerm\u00f6glichen eine Analyse der Website-Nutzung. Die dabei erfassten\nInformationen werden in der Regel an einen Server von Google in den\nUSA \u00fcbermittelt und dort erfasst \u2013 darunter auch die IP-Adresse.\nGoogle Analytics ist dabei so eingestellt, dass IP-Adressen nur\nanonymisiert gespeichert werden. Google k\u00fcrzt aufgrund dieser\nEinstellung vor der Speicherung die innerhalb von Mitgliedstaaten der\nEurop\u00e4ischen Union oder in anderen Vertragsstaaten des Abkommens\n\u00fcber den Europ\u00e4ischen Wirtschaftsraum erfassten IP-Adressen. Google\nnutzt die gesammelten Informationen, um die Nutzung der Webseiten\nauszuwerten und entsprechende Berichte zu erstellen. Google Analytics\nist so eingestellt, dass die Daten innerhalb von 14 Monaten nach\nihrem Entstehen gel\u00f6scht werden.<\/p>\n\n\n\n<p> Die Verarbeitung der Daten erfolgt auf Grundlage von Art. 6 Abs. 1 Buchst. f) DSGVO mit dem berechtigten Interesse an der Verbesserung dieses Websiteangebots.<\/p>\n\n\n\n<p> Das Setzen des Analytics-Cookies l\u00e4sst sich verhindern, indem der Browser so eingestellt wird, dass dieser alle Cookies ablehnt. M\u00f6glicherweise beeintr\u00e4chtigt das jedoch die Nutzungsm\u00f6glichkeiten dieser Website. Die Erfassung von Daten durch Google kann au\u00dferdem die Installation des folgenden Browser-Plug-ins verhindern:&nbsp;<a href=\"https:\/\/tools.google.com\/dlpage\/gaoptout?hl=de\"><em>https:\/\/tools.google.com\/dlpage\/gaoptout?hl=de<\/em><\/a>. Die Erfassung von Daten durch Google Analytics verhindert zudem ein Klick auf folgenden Link. Dieser setzt ein entsprechende Opt-Out-Cookie:&nbsp;Erfassung von Daten durch Google Analytics f\u00fcr diese Website deaktivieren.<\/p>\n\n\n\n<p> Weitere Informationen zum Datenschutz von Google finden Sie unter:&nbsp;<a href=\"https:\/\/www.google.com\/intl\/de\/analytics\/privacyoverview.html\"><em>https:\/\/www.google.com\/intl\/de\/analytics\/privacyoverview.html<\/em><\/a><em>.<\/em><\/p>\n\n\n\n<p class=\"has-secondary-color has-text-color\">\n<strong>Datenschutzerkl\u00e4rung\n<\/strong>\n<\/p>\n\n\n\n<p class=\"has-secondary-color has-text-color\">\n<strong>Personenbezogene\nDaten<\/strong><\/p>\n\n\n\n<p>\nPersonenbezogene\nDaten sind alle Informationen, die sich auf eine identifizierte oder\nidentifizierbare nat\u00fcrliche Person (im Folgenden &#8222;betroffene\nPerson&#8220;) beziehen. Als identifizierbar wird eine nat\u00fcrliche\nPerson angesehen, die direkt oder indirekt, insbesondere mittels\nZuordnung zu einer Kennung wie einem Namen, zu einer Kennnummer, zu\nStandortdaten, zu einer Online-Kennung oder zu einem oder mehreren\nbesonderen Merkmalen identifiziert werden kann, die Ausdruck der\nphysischen, physiologischen, genetischen, psychischen,\nwirtschaftlichen, kulturellen oder sozialen Identit\u00e4t dieser\nnat\u00fcrlichen Person sind.<\/p>\n\n\n\n<p class=\"has-secondary-color has-text-color\">\n<strong>Daten\nbeim Websiteaufruf<\/strong><\/p>\n\n\n\n<p>\nWenn\nSie diese Website nur nutzen, um sich zu informieren und keine Daten\nangeben, dann verarbeiten wir nur die Daten, die zur Anzeige der\nWebsite auf dem von Ihnen verwendeten internetf\u00e4higen Ger\u00e4t\nerforderlich sind. Das\nsind insbesondere:<\/p>\n\n\n\n<ul class=\"wp-block-list\"><li> IP-Adresse, <\/li><li> Datum und Uhrzeit der Anfrage, <\/li><li> jeweils \u00fcbertragene Datenmenge, <\/li><li> die Website, von der die Anforderung kommt, <\/li><li> Browsertyp und Browserversion, <\/li><li> Betriebssystem. <\/li><\/ul>\n\n\n\n<p> Rechtsgrundlage f\u00fcr die Verarbeitung dieser Daten sind berechtigte Interessen gem\u00e4\u00df Art. 6 Abs. 1 Buchst. f) DSGVO, um die Darstellung der Website grunds\u00e4tzlich zu erm\u00f6glichen.<\/p>\n\n\n\n<p>\nDar\u00fcber\nhinaus k\u00f6nnen Sie verschiedene Leistungen auf der Website nutzen,\nbei der weitere personenbezogene und nicht personenbezogene Daten\nverarbeitet werden.<\/p>\n\n\n\n<p class=\"has-secondary-color has-text-color\">\n<strong>Daten\nbei Online Anmeldung <\/strong>\n<\/p>\n\n\n\n<p>\nWir\nverarbeiten Ihre personenbezogenen Daten, wenn Sie unseren Online\nFormular nutzen. Im Einzelnen k\u00f6nnen dies folgende Daten sein:<\/p>\n\n\n\n<ul class=\"wp-block-list\"><li> Name und Vorname,  <\/li><li> Telefonummer, <\/li><li> E-Mail-Adresse. <\/li><\/ul>\n\n\n\n<p>Die Bereitstellung Ihrer Daten ist gesetzlich nicht vorgeschrieben. Einige der genannten Daten sind jedoch erforderlich um Dienstleistungen unserer Rechtskanzlei abschlie\u00dfen zu k\u00f6nnen. Ohne die Mitteilung der zur Kontaktaufnahme und Vertragsabschluss ben\u00f6tigten Daten sind wir nicht in der Lage unsere Leistungen zu erbringen. Wir verarbeiten Ihre Daten f\u00fcr die Abwicklung von unseren Leistungen im Bereich der Rechts- und Steuerberatung. Innerhalb von unser Rechtskanzlei erhalten nur die Personen Zugang zu Ihren Daten, die diese zur Erledigung der Ihnen \u00fcbertragenen Aufgaben ben\u00f6tigen.  <\/p>\n\n\n\n<p class=\"has-secondary-color has-text-color\">\n<strong>Ihre\nRechte<\/strong><\/p>\n\n\n\n<p>\nAls\nbetroffene Person haben Sie folgende Rechte:<\/p>\n\n\n\n<ul class=\"wp-block-list\"><li>\n\n\tSie\n\thaben ein Auskunftsrecht bez\u00fcglich der Sie betreffenden\n\tpersonenbezogenen Daten, die der Verantwortliche verarbeitet (Art.\n\t15 DSGVO),\n\t<\/li><li>\n\n\tSie\n\thaben das Recht auf Berichtigung der Sie betreffenden Daten, wenn\n\tdiese unrichtig oder unvollst\u00e4ndig gespeichert werden (Art. 16\n\tDSGVO),\n\t<\/li><li>\n\n\tSie\n\thaben das Recht auf L\u00f6schung (Art. 17 DSGVO),\n\t<\/li><li>\n\n\tSie\n\thaben das Recht, die Einschr\u00e4nkung der Verarbeitung Ihrer\n\tpersonenbezogenen Daten zu verlangen (Art. 18 DSGVO),\n\t<\/li><li>\n\n\tSie\n\thaben das Recht auf Daten\u00fcbertragbarkeit (Art. 20 DSGVO),\n\t<\/li><li>\n\n\tSie\n\thaben ein Widerspruchsrecht gegen die Verarbeitung Sie betreffender\n\tpersonenbezogener Daten (Art. 21 DSGVO),\n\t<\/li><li>\n\n\tSie\n\thaben das Recht nicht einer ausschlie\u00dflich auf einer\n\tautomatisierten Verarbeitung \u2013 einschlie\u00dflich Profiling \u2013\n\tberuhenden Entscheidung unterworfen zu werden, die Ihnen gegen\u00fcber\n\trechtliche Wirkung entfaltet oder sie in \u00e4hnlicher Weise erheblich\n\tbeeintr\u00e4chtigt (Art. 22 DSGVO),\n\t<\/li><li>\n\n\tSie\n\thaben das Recht, sich bei einem vermuteten Versto\u00df gegen das\n\tDatenschutzrecht bei der zust\u00e4ndigen Aufsichtsbeh\u00f6rde zu\n\tbeschweren (Art. 77 DSGVO). Zust\u00e4ndig ist die Aufsichtsbeh\u00f6rde an\n\tIhrem \u00fcblichen Aufenthaltsort, Arbeitsplatz oder am Ort des\n\tvermuteten Versto\u00dfes.\n<\/li><\/ul>\n\n\n\n<p> F\u00fcr Ihre Fragen stehen wir gern zur Verf\u00fcgung: <a href=\"mailto:biuro@blulegal.com\"><em>biuro@blulegal.com.<\/em><\/a> <\/p>\n\n\n\n<p class=\"has-xxsmall-font-size\"> Quelle:&nbsp;Muster-Datenschutzerkl\u00e4rung von <a href=\"https:\/\/www.anwalt.de\/vorlage\/muster-datenschutzerklaerung.php\">anwalt.de<\/a>, Bearbeitung: Kanzlei BLU<\/p>\n","protected":false},"excerpt":{"rendered":"<p>Datenschutzerkl\u00e4rung In dieser Datenschutzerkl\u00e4rung informieren wir Sie \u00fcber die Verarbeitung personenbezogener Daten bei der Nutzung<\/p>\n","protected":false},"author":3,"featured_media":244,"parent":0,"menu_order":0,"comment_status":"closed","ping_status":"closed","template":"","meta":{"_acf_changed":false,"footnotes":""},"class_list":["post-668","page","type-page","status-publish","has-post-thumbnail","hentry"],"acf":[],"yoast_head":"<!-- This site is optimized with the Yoast SEO plugin v27.2 - https:\/\/yoast.com\/product\/yoast-seo-wordpress\/ -->\n<title>Datenschutzbestimmungen &#8226; BLU Legal<\/title>\n<meta name=\"description\" content=\"Datenschutzbestimmungen \u2013 oferujemy profesjonalne doradztwo w zakresie prawa polsko-niemieckiego dla firm i os\u00f3b fizycznych. Sprawd\u017a ofert\u0119!\" \/>\n<meta name=\"robots\" content=\"noindex, follow\" \/>\n<meta property=\"og:locale\" content=\"de_DE\" \/>\n<meta property=\"og:type\" content=\"article\" \/>\n<meta property=\"og:title\" content=\"Datenschutzbestimmungen &#8226; BLU Legal\" \/>\n<meta property=\"og:description\" content=\"Datenschutzbestimmungen \u2013 oferujemy profesjonalne doradztwo w zakresie prawa polsko-niemieckiego dla firm i os\u00f3b fizycznych. Sprawd\u017a ofert\u0119!\" \/>\n<meta property=\"og:url\" content=\"https:\/\/blulegal.com\/de\/datenschutzbestimmungen\/\" \/>\n<meta property=\"og:site_name\" content=\"BLU Legal\" \/>\n<meta property=\"article:modified_time\" content=\"2023-05-22T09:40:39+00:00\" \/>\n<meta property=\"og:image\" content=\"https:\/\/blulegal.com\/wp-content\/uploads\/2019\/11\/bigstock-Businessman-And-Male-Lawyer-Or-244150996-1-min.jpg\" \/>\n\t<meta property=\"og:image:width\" content=\"4896\" \/>\n\t<meta property=\"og:image:height\" content=\"3264\" \/>\n\t<meta property=\"og:image:type\" content=\"image\/jpeg\" \/>\n<meta name=\"twitter:card\" content=\"summary_large_image\" \/>\n<meta name=\"twitter:label1\" content=\"Gesch\u00e4tzte Lesezeit\" \/>\n\t<meta name=\"twitter:data1\" content=\"5\u00a0Minuten\" \/>\n<script type=\"application\/ld+json\" class=\"yoast-schema-graph\">{\"@context\":\"https:\/\/schema.org\",\"@graph\":[{\"@type\":\"WebPage\",\"@id\":\"https:\/\/blulegal.com\/de\/datenschutzbestimmungen\/\",\"url\":\"https:\/\/blulegal.com\/de\/datenschutzbestimmungen\/\",\"name\":\"Datenschutzbestimmungen &#8226; BLU Legal\",\"isPartOf\":{\"@id\":\"https:\/\/blulegal.com\/de\/#website\"},\"primaryImageOfPage\":{\"@id\":\"https:\/\/blulegal.com\/de\/datenschutzbestimmungen\/#primaryimage\"},\"image\":{\"@id\":\"https:\/\/blulegal.com\/de\/datenschutzbestimmungen\/#primaryimage\"},\"thumbnailUrl\":\"https:\/\/blulegal.com\/wp-content\/uploads\/2019\/11\/bigstock-Businessman-And-Male-Lawyer-Or-244150996-1-min.jpg\",\"datePublished\":\"2020-01-07T08:24:05+00:00\",\"dateModified\":\"2023-05-22T09:40:39+00:00\",\"description\":\"Datenschutzbestimmungen \u2013 oferujemy profesjonalne doradztwo w zakresie prawa polsko-niemieckiego dla firm i os\u00f3b fizycznych. Sprawd\u017a ofert\u0119!\",\"breadcrumb\":{\"@id\":\"https:\/\/blulegal.com\/de\/datenschutzbestimmungen\/#breadcrumb\"},\"inLanguage\":\"de\",\"potentialAction\":[{\"@type\":\"ReadAction\",\"target\":[\"https:\/\/blulegal.com\/de\/datenschutzbestimmungen\/\"]}]},{\"@type\":\"ImageObject\",\"inLanguage\":\"de\",\"@id\":\"https:\/\/blulegal.com\/de\/datenschutzbestimmungen\/#primaryimage\",\"url\":\"https:\/\/blulegal.com\/wp-content\/uploads\/2019\/11\/bigstock-Businessman-And-Male-Lawyer-Or-244150996-1-min.jpg\",\"contentUrl\":\"https:\/\/blulegal.com\/wp-content\/uploads\/2019\/11\/bigstock-Businessman-And-Male-Lawyer-Or-244150996-1-min.jpg\",\"width\":4896,\"height\":3264},{\"@type\":\"BreadcrumbList\",\"@id\":\"https:\/\/blulegal.com\/de\/datenschutzbestimmungen\/#breadcrumb\",\"itemListElement\":[{\"@type\":\"ListItem\",\"position\":1,\"name\":\"Home\",\"item\":\"https:\/\/blulegal.com\/de\/\"},{\"@type\":\"ListItem\",\"position\":2,\"name\":\"Datenschutzbestimmungen\"}]},{\"@type\":\"WebSite\",\"@id\":\"https:\/\/blulegal.com\/de\/#website\",\"url\":\"https:\/\/blulegal.com\/de\/\",\"name\":\"BLU Legal\",\"description\":\"\",\"publisher\":{\"@id\":\"https:\/\/blulegal.com\/de\/#organization\"},\"potentialAction\":[{\"@type\":\"SearchAction\",\"target\":{\"@type\":\"EntryPoint\",\"urlTemplate\":\"https:\/\/blulegal.com\/de\/?s={search_term_string}\"},\"query-input\":{\"@type\":\"PropertyValueSpecification\",\"valueRequired\":true,\"valueName\":\"search_term_string\"}}],\"inLanguage\":\"de\"},{\"@type\":\"Organization\",\"@id\":\"https:\/\/blulegal.com\/de\/#organization\",\"name\":\"Blu Legal\",\"url\":\"https:\/\/blulegal.com\/de\/\",\"logo\":{\"@type\":\"ImageObject\",\"inLanguage\":\"de\",\"@id\":\"https:\/\/blulegal.com\/de\/#\/schema\/logo\/image\/\",\"url\":\"https:\/\/blulegal.com\/wp-content\/uploads\/2023\/05\/logo-blu.png\",\"contentUrl\":\"https:\/\/blulegal.com\/wp-content\/uploads\/2023\/05\/logo-blu.png\",\"width\":225,\"height\":116,\"caption\":\"Blu Legal\"},\"image\":{\"@id\":\"https:\/\/blulegal.com\/de\/#\/schema\/logo\/image\/\"}}]}<\/script>\n<!-- \/ Yoast SEO plugin. -->","yoast_head_json":{"title":"Datenschutzbestimmungen &#8226; BLU Legal","description":"Datenschutzbestimmungen \u2013 oferujemy profesjonalne doradztwo w zakresie prawa polsko-niemieckiego dla firm i os\u00f3b fizycznych. Sprawd\u017a ofert\u0119!","robots":{"index":"noindex","follow":"follow"},"og_locale":"de_DE","og_type":"article","og_title":"Datenschutzbestimmungen &#8226; BLU Legal","og_description":"Datenschutzbestimmungen \u2013 oferujemy profesjonalne doradztwo w zakresie prawa polsko-niemieckiego dla firm i os\u00f3b fizycznych. Sprawd\u017a ofert\u0119!","og_url":"https:\/\/blulegal.com\/de\/datenschutzbestimmungen\/","og_site_name":"BLU Legal","article_modified_time":"2023-05-22T09:40:39+00:00","og_image":[{"width":4896,"height":3264,"url":"https:\/\/blulegal.com\/wp-content\/uploads\/2019\/11\/bigstock-Businessman-And-Male-Lawyer-Or-244150996-1-min.jpg","type":"image\/jpeg"}],"twitter_card":"summary_large_image","twitter_misc":{"Gesch\u00e4tzte Lesezeit":"5\u00a0Minuten"},"schema":{"@context":"https:\/\/schema.org","@graph":[{"@type":"WebPage","@id":"https:\/\/blulegal.com\/de\/datenschutzbestimmungen\/","url":"https:\/\/blulegal.com\/de\/datenschutzbestimmungen\/","name":"Datenschutzbestimmungen &#8226; BLU Legal","isPartOf":{"@id":"https:\/\/blulegal.com\/de\/#website"},"primaryImageOfPage":{"@id":"https:\/\/blulegal.com\/de\/datenschutzbestimmungen\/#primaryimage"},"image":{"@id":"https:\/\/blulegal.com\/de\/datenschutzbestimmungen\/#primaryimage"},"thumbnailUrl":"https:\/\/blulegal.com\/wp-content\/uploads\/2019\/11\/bigstock-Businessman-And-Male-Lawyer-Or-244150996-1-min.jpg","datePublished":"2020-01-07T08:24:05+00:00","dateModified":"2023-05-22T09:40:39+00:00","description":"Datenschutzbestimmungen \u2013 oferujemy profesjonalne doradztwo w zakresie prawa polsko-niemieckiego dla firm i os\u00f3b fizycznych. Sprawd\u017a ofert\u0119!","breadcrumb":{"@id":"https:\/\/blulegal.com\/de\/datenschutzbestimmungen\/#breadcrumb"},"inLanguage":"de","potentialAction":[{"@type":"ReadAction","target":["https:\/\/blulegal.com\/de\/datenschutzbestimmungen\/"]}]},{"@type":"ImageObject","inLanguage":"de","@id":"https:\/\/blulegal.com\/de\/datenschutzbestimmungen\/#primaryimage","url":"https:\/\/blulegal.com\/wp-content\/uploads\/2019\/11\/bigstock-Businessman-And-Male-Lawyer-Or-244150996-1-min.jpg","contentUrl":"https:\/\/blulegal.com\/wp-content\/uploads\/2019\/11\/bigstock-Businessman-And-Male-Lawyer-Or-244150996-1-min.jpg","width":4896,"height":3264},{"@type":"BreadcrumbList","@id":"https:\/\/blulegal.com\/de\/datenschutzbestimmungen\/#breadcrumb","itemListElement":[{"@type":"ListItem","position":1,"name":"Home","item":"https:\/\/blulegal.com\/de\/"},{"@type":"ListItem","position":2,"name":"Datenschutzbestimmungen"}]},{"@type":"WebSite","@id":"https:\/\/blulegal.com\/de\/#website","url":"https:\/\/blulegal.com\/de\/","name":"BLU Legal","description":"","publisher":{"@id":"https:\/\/blulegal.com\/de\/#organization"},"potentialAction":[{"@type":"SearchAction","target":{"@type":"EntryPoint","urlTemplate":"https:\/\/blulegal.com\/de\/?s={search_term_string}"},"query-input":{"@type":"PropertyValueSpecification","valueRequired":true,"valueName":"search_term_string"}}],"inLanguage":"de"},{"@type":"Organization","@id":"https:\/\/blulegal.com\/de\/#organization","name":"Blu Legal","url":"https:\/\/blulegal.com\/de\/","logo":{"@type":"ImageObject","inLanguage":"de","@id":"https:\/\/blulegal.com\/de\/#\/schema\/logo\/image\/","url":"https:\/\/blulegal.com\/wp-content\/uploads\/2023\/05\/logo-blu.png","contentUrl":"https:\/\/blulegal.com\/wp-content\/uploads\/2023\/05\/logo-blu.png","width":225,"height":116,"caption":"Blu Legal"},"image":{"@id":"https:\/\/blulegal.com\/de\/#\/schema\/logo\/image\/"}}]}},"_links":{"self":[{"href":"https:\/\/blulegal.com\/de\/wp-json\/wp\/v2\/pages\/668","targetHints":{"allow":["GET"]}}],"collection":[{"href":"https:\/\/blulegal.com\/de\/wp-json\/wp\/v2\/pages"}],"about":[{"href":"https:\/\/blulegal.com\/de\/wp-json\/wp\/v2\/types\/page"}],"author":[{"embeddable":true,"href":"https:\/\/blulegal.com\/de\/wp-json\/wp\/v2\/users\/3"}],"replies":[{"embeddable":true,"href":"https:\/\/blulegal.com\/de\/wp-json\/wp\/v2\/comments?post=668"}],"version-history":[{"count":25,"href":"https:\/\/blulegal.com\/de\/wp-json\/wp\/v2\/pages\/668\/revisions"}],"predecessor-version":[{"id":2894,"href":"https:\/\/blulegal.com\/de\/wp-json\/wp\/v2\/pages\/668\/revisions\/2894"}],"wp:featuredmedia":[{"embeddable":true,"href":"https:\/\/blulegal.com\/de\/wp-json\/wp\/v2\/media\/244"}],"wp:attachment":[{"href":"https:\/\/blulegal.com\/de\/wp-json\/wp\/v2\/media?parent=668"}],"curies":[{"name":"wp","href":"https:\/\/api.w.org\/{rel}","templated":true}]}}