{"id":708,"date":"2020-01-04T10:22:58","date_gmt":"2020-01-04T10:22:58","guid":{"rendered":"https:\/\/blulegal.com\/?page_id=708"},"modified":"2023-07-07T09:45:39","modified_gmt":"2023-07-07T09:45:39","slug":"restrukturierung-insolvenz","status":"publish","type":"page","link":"https:\/\/blulegal.com\/de\/kompetenzen\/restrukturierung-insolvenz\/","title":{"rendered":"Restrukturierung &#038; Insolvenz in Polen"},"content":{"rendered":"\n<div class=\"wp-block-columns has-2-columns image-text-block image-text-block--narrow image-right is-layout-flex wp-container-core-columns-is-layout-9d6595d7 wp-block-columns-is-layout-flex\">\n<div class=\"wp-block-column is-layout-flow wp-block-column-is-layout-flow\">\n<p class=\"has-secondary-color has-text-color\"> \u00a7 01<br><strong>Restrukturierung<\/strong><\/p>\n\n\n\n<ul class=\"image-text-block__text wp-block-list\"><li>Rechtsberatung zur Anfertigung des Restrukturierungsplans,<\/li><li>\u00dcberpr\u00fcfung des Restrukturierungsplans bez\u00fcglich Anforderungen, die mit Vorschriften des Restrukturierungsrechtes vorgesehen sind,<\/li><li>Anfertigung der Abkommen, die von Schuldnern und Gl\u00e4ubigern geschlossen werden,<\/li><li>Begutachtung der von Mandanten erstellten Abkommen,<\/li><li>Unterst\u00fctzung bei der Durchf\u00fchrung<br>des Restrukturierungsverfahrens,<\/li><li>Vertretung sowohl der Schuldner als<br>auch der Gl\u00e4ubiger im Restrukturierungsverfahren.<\/li><\/ul>\n<\/div>\n\n\n\n<div class=\"wp-block-column is-layout-flow wp-block-column-is-layout-flow\">\n<figure class=\"wp-block-image image-text-block__image image-text-block__image--narrow\"><img loading=\"lazy\" decoding=\"async\" width=\"444\" height=\"551\" src=\"https:\/\/blulegal.com\/wp-content\/uploads\/2019\/11\/bigstock-Businessman-And-Male-Lawyer-Or-244150996-1-min-444x551.jpg\" alt=\"\" class=\"wp-image-244\"\/><\/figure>\n<\/div>\n<\/div>\n\n\n\n<div class=\"wp-block-columns has-2-columns image-text-block image-text-block--narrow image-left is-layout-flex wp-container-core-columns-is-layout-9d6595d7 wp-block-columns-is-layout-flex\">\n<div class=\"wp-block-column is-layout-flow wp-block-column-is-layout-flow\">\n<figure class=\"wp-block-image image-text-block__image image-text-block__image--narrow image-left\"><img loading=\"lazy\" decoding=\"async\" width=\"444\" height=\"551\" src=\"https:\/\/blulegal.com\/wp-content\/uploads\/2019\/11\/bigstock-Lawyer-Office-Statue-Of-Justi-270799618-444x551.jpg\" alt=\"\" class=\"wp-image-240\"\/><\/figure>\n<\/div>\n\n\n\n<div class=\"wp-block-column is-layout-flow wp-block-column-is-layout-flow\">\n<p class=\"image-text-block__text has-secondary-color has-text-color\">  \u00a7 02<strong> <\/strong><br><strong>Insolvenz<\/strong><\/p>\n\n\n\n<ul class=\"image-text-block__text wp-block-list\"><li> Anfertigung des Antrags auf Insolvenzer\u00f6ffnung,<\/li><li>\u00dcberpr\u00fcfung der \u00dcbereinstimmung eines vom Kunden erstellten Antrags auf Insolvenzer\u00f6ffnung mit geltenden Rechtsvorschriften,<\/li><li>Erarbeitung der vollst\u00e4ndigen Dokumentation, die zur Durchf\u00fchrung des Insolvenzverfahrens erforderlich ist,<\/li><li>Unterst\u00fctzung im Laufe des gesamten Insolvenzverfahrens,<\/li><li>Vertretung des Kunden im Insolvenzverfahren,<\/li><li>Unterst\u00fctzung beim Kampf gegen Auswirkungen der Insolvenzer\u00f6ffnung,<\/li><li>laufende Rechtsberatung im Zusammenhang mit der Insolvenzer\u00f6ffnung. <\/li><\/ul>\n<\/div>\n<\/div>\n","protected":false},"excerpt":{"rendered":"<p>\u00a7 01Restrukturierung Rechtsberatung zur Anfertigung des Restrukturierungsplans, \u00dcberpr\u00fcfung des Restrukturierungsplans bez\u00fcglich Anforderungen, die mit Vorschriften<\/p>\n","protected":false},"author":3,"featured_media":248,"parent":95,"menu_order":0,"comment_status":"closed","ping_status":"closed","template":"page-tpl-sidebar.php","meta":{"_acf_changed":false,"footnotes":""},"class_list":["post-708","page","type-page","status-publish","has-post-thumbnail","hentry"],"acf":[],"yoast_head":"<!-- This site is optimized with the Yoast SEO plugin v27.2 - https:\/\/yoast.com\/product\/yoast-seo-wordpress\/ -->\n<title>Insolvenzrecht und Restrukturierung in Polen<\/title>\n<meta name=\"description\" content=\"Restrukturierung &amp; Insolvenz in Polen \u2013 oferujemy profesjonalne doradztwo w zakresie prawa polsko-niemieckiego dla firm i os\u00f3b fizycznych. Sprawd\u017a ofert\u0119!\" \/>\n<meta name=\"robots\" content=\"index, follow, max-snippet:-1, max-image-preview:large, max-video-preview:-1\" \/>\n<link rel=\"canonical\" href=\"https:\/\/blulegal.com\/de\/kompetenzen\/restrukturierung-insolvenz\/\" \/>\n<meta property=\"og:locale\" content=\"de_DE\" \/>\n<meta property=\"og:type\" content=\"article\" \/>\n<meta property=\"og:title\" content=\"Insolvenzrecht und Restrukturierung in Polen\" \/>\n<meta property=\"og:description\" content=\"Restrukturierung &amp; Insolvenz in Polen \u2013 oferujemy profesjonalne doradztwo w zakresie prawa polsko-niemieckiego dla firm i os\u00f3b fizycznych. Sprawd\u017a ofert\u0119!\" \/>\n<meta property=\"og:url\" content=\"https:\/\/blulegal.com\/de\/kompetenzen\/restrukturierung-insolvenz\/\" \/>\n<meta property=\"og:site_name\" content=\"BLU Legal\" \/>\n<meta property=\"article:modified_time\" content=\"2023-07-07T09:45:39+00:00\" \/>\n<meta property=\"og:image\" content=\"https:\/\/blulegal.com\/wp-content\/uploads\/2019\/11\/bigstock-Businessman-Playing-Chess-Game-287663164-min.jpg\" \/>\n\t<meta property=\"og:image:width\" content=\"4896\" \/>\n\t<meta property=\"og:image:height\" content=\"3264\" \/>\n\t<meta property=\"og:image:type\" content=\"image\/jpeg\" \/>\n<meta name=\"twitter:card\" content=\"summary_large_image\" \/>\n<meta name=\"twitter:label1\" content=\"Gesch\u00e4tzte Lesezeit\" \/>\n\t<meta name=\"twitter:data1\" content=\"1\u00a0Minute\" \/>\n<script type=\"application\/ld+json\" class=\"yoast-schema-graph\">{\"@context\":\"https:\/\/schema.org\",\"@graph\":[{\"@type\":\"WebPage\",\"@id\":\"https:\/\/blulegal.com\/de\/kompetenzen\/restrukturierung-insolvenz\/\",\"url\":\"https:\/\/blulegal.com\/de\/kompetenzen\/restrukturierung-insolvenz\/\",\"name\":\"Insolvenzrecht und Restrukturierung in Polen\",\"isPartOf\":{\"@id\":\"https:\/\/blulegal.com\/de\/#website\"},\"primaryImageOfPage\":{\"@id\":\"https:\/\/blulegal.com\/de\/kompetenzen\/restrukturierung-insolvenz\/#primaryimage\"},\"image\":{\"@id\":\"https:\/\/blulegal.com\/de\/kompetenzen\/restrukturierung-insolvenz\/#primaryimage\"},\"thumbnailUrl\":\"https:\/\/blulegal.com\/wp-content\/uploads\/2019\/11\/bigstock-Businessman-Playing-Chess-Game-287663164-min.jpg\",\"datePublished\":\"2020-01-04T10:22:58+00:00\",\"dateModified\":\"2023-07-07T09:45:39+00:00\",\"description\":\"Restrukturierung & Insolvenz in Polen \u2013 oferujemy profesjonalne doradztwo w zakresie prawa polsko-niemieckiego dla firm i os\u00f3b fizycznych. Sprawd\u017a ofert\u0119!\",\"breadcrumb\":{\"@id\":\"https:\/\/blulegal.com\/de\/kompetenzen\/restrukturierung-insolvenz\/#breadcrumb\"},\"inLanguage\":\"de\",\"potentialAction\":[{\"@type\":\"ReadAction\",\"target\":[\"https:\/\/blulegal.com\/de\/kompetenzen\/restrukturierung-insolvenz\/\"]}]},{\"@type\":\"ImageObject\",\"inLanguage\":\"de\",\"@id\":\"https:\/\/blulegal.com\/de\/kompetenzen\/restrukturierung-insolvenz\/#primaryimage\",\"url\":\"https:\/\/blulegal.com\/wp-content\/uploads\/2019\/11\/bigstock-Businessman-Playing-Chess-Game-287663164-min.jpg\",\"contentUrl\":\"https:\/\/blulegal.com\/wp-content\/uploads\/2019\/11\/bigstock-Businessman-Playing-Chess-Game-287663164-min.jpg\",\"width\":4896,\"height\":3264},{\"@type\":\"BreadcrumbList\",\"@id\":\"https:\/\/blulegal.com\/de\/kompetenzen\/restrukturierung-insolvenz\/#breadcrumb\",\"itemListElement\":[{\"@type\":\"ListItem\",\"position\":1,\"name\":\"Home\",\"item\":\"https:\/\/blulegal.com\/de\/\"},{\"@type\":\"ListItem\",\"position\":2,\"name\":\"Kompetenzen\",\"item\":\"https:\/\/blulegal.com\/de\/specjalizacje\/\"},{\"@type\":\"ListItem\",\"position\":3,\"name\":\"Restrukturierung &#038; Insolvenz in Polen\"}]},{\"@type\":\"WebSite\",\"@id\":\"https:\/\/blulegal.com\/de\/#website\",\"url\":\"https:\/\/blulegal.com\/de\/\",\"name\":\"BLU Legal\",\"description\":\"\",\"publisher\":{\"@id\":\"https:\/\/blulegal.com\/de\/#organization\"},\"potentialAction\":[{\"@type\":\"SearchAction\",\"target\":{\"@type\":\"EntryPoint\",\"urlTemplate\":\"https:\/\/blulegal.com\/de\/?s={search_term_string}\"},\"query-input\":{\"@type\":\"PropertyValueSpecification\",\"valueRequired\":true,\"valueName\":\"search_term_string\"}}],\"inLanguage\":\"de\"},{\"@type\":\"Organization\",\"@id\":\"https:\/\/blulegal.com\/de\/#organization\",\"name\":\"Blu Legal\",\"url\":\"https:\/\/blulegal.com\/de\/\",\"logo\":{\"@type\":\"ImageObject\",\"inLanguage\":\"de\",\"@id\":\"https:\/\/blulegal.com\/de\/#\/schema\/logo\/image\/\",\"url\":\"https:\/\/blulegal.com\/wp-content\/uploads\/2023\/05\/logo-blu.png\",\"contentUrl\":\"https:\/\/blulegal.com\/wp-content\/uploads\/2023\/05\/logo-blu.png\",\"width\":225,\"height\":116,\"caption\":\"Blu Legal\"},\"image\":{\"@id\":\"https:\/\/blulegal.com\/de\/#\/schema\/logo\/image\/\"}}]}<\/script>\n<!-- \/ Yoast SEO plugin. -->","yoast_head_json":{"title":"Insolvenzrecht und Restrukturierung in Polen","description":"Restrukturierung & Insolvenz in Polen \u2013 oferujemy profesjonalne doradztwo w zakresie prawa polsko-niemieckiego dla firm i os\u00f3b fizycznych. Sprawd\u017a ofert\u0119!","robots":{"index":"index","follow":"follow","max-snippet":"max-snippet:-1","max-image-preview":"max-image-preview:large","max-video-preview":"max-video-preview:-1"},"canonical":"https:\/\/blulegal.com\/de\/kompetenzen\/restrukturierung-insolvenz\/","og_locale":"de_DE","og_type":"article","og_title":"Insolvenzrecht und Restrukturierung in Polen","og_description":"Restrukturierung & Insolvenz in Polen \u2013 oferujemy profesjonalne doradztwo w zakresie prawa polsko-niemieckiego dla firm i os\u00f3b fizycznych. Sprawd\u017a ofert\u0119!","og_url":"https:\/\/blulegal.com\/de\/kompetenzen\/restrukturierung-insolvenz\/","og_site_name":"BLU Legal","article_modified_time":"2023-07-07T09:45:39+00:00","og_image":[{"width":4896,"height":3264,"url":"https:\/\/blulegal.com\/wp-content\/uploads\/2019\/11\/bigstock-Businessman-Playing-Chess-Game-287663164-min.jpg","type":"image\/jpeg"}],"twitter_card":"summary_large_image","twitter_misc":{"Gesch\u00e4tzte Lesezeit":"1\u00a0Minute"},"schema":{"@context":"https:\/\/schema.org","@graph":[{"@type":"WebPage","@id":"https:\/\/blulegal.com\/de\/kompetenzen\/restrukturierung-insolvenz\/","url":"https:\/\/blulegal.com\/de\/kompetenzen\/restrukturierung-insolvenz\/","name":"Insolvenzrecht und Restrukturierung in Polen","isPartOf":{"@id":"https:\/\/blulegal.com\/de\/#website"},"primaryImageOfPage":{"@id":"https:\/\/blulegal.com\/de\/kompetenzen\/restrukturierung-insolvenz\/#primaryimage"},"image":{"@id":"https:\/\/blulegal.com\/de\/kompetenzen\/restrukturierung-insolvenz\/#primaryimage"},"thumbnailUrl":"https:\/\/blulegal.com\/wp-content\/uploads\/2019\/11\/bigstock-Businessman-Playing-Chess-Game-287663164-min.jpg","datePublished":"2020-01-04T10:22:58+00:00","dateModified":"2023-07-07T09:45:39+00:00","description":"Restrukturierung & Insolvenz in Polen \u2013 oferujemy profesjonalne doradztwo w zakresie prawa polsko-niemieckiego dla firm i os\u00f3b fizycznych. Sprawd\u017a ofert\u0119!","breadcrumb":{"@id":"https:\/\/blulegal.com\/de\/kompetenzen\/restrukturierung-insolvenz\/#breadcrumb"},"inLanguage":"de","potentialAction":[{"@type":"ReadAction","target":["https:\/\/blulegal.com\/de\/kompetenzen\/restrukturierung-insolvenz\/"]}]},{"@type":"ImageObject","inLanguage":"de","@id":"https:\/\/blulegal.com\/de\/kompetenzen\/restrukturierung-insolvenz\/#primaryimage","url":"https:\/\/blulegal.com\/wp-content\/uploads\/2019\/11\/bigstock-Businessman-Playing-Chess-Game-287663164-min.jpg","contentUrl":"https:\/\/blulegal.com\/wp-content\/uploads\/2019\/11\/bigstock-Businessman-Playing-Chess-Game-287663164-min.jpg","width":4896,"height":3264},{"@type":"BreadcrumbList","@id":"https:\/\/blulegal.com\/de\/kompetenzen\/restrukturierung-insolvenz\/#breadcrumb","itemListElement":[{"@type":"ListItem","position":1,"name":"Home","item":"https:\/\/blulegal.com\/de\/"},{"@type":"ListItem","position":2,"name":"Kompetenzen","item":"https:\/\/blulegal.com\/de\/specjalizacje\/"},{"@type":"ListItem","position":3,"name":"Restrukturierung &#038; Insolvenz in Polen"}]},{"@type":"WebSite","@id":"https:\/\/blulegal.com\/de\/#website","url":"https:\/\/blulegal.com\/de\/","name":"BLU Legal","description":"","publisher":{"@id":"https:\/\/blulegal.com\/de\/#organization"},"potentialAction":[{"@type":"SearchAction","target":{"@type":"EntryPoint","urlTemplate":"https:\/\/blulegal.com\/de\/?s={search_term_string}"},"query-input":{"@type":"PropertyValueSpecification","valueRequired":true,"valueName":"search_term_string"}}],"inLanguage":"de"},{"@type":"Organization","@id":"https:\/\/blulegal.com\/de\/#organization","name":"Blu Legal","url":"https:\/\/blulegal.com\/de\/","logo":{"@type":"ImageObject","inLanguage":"de","@id":"https:\/\/blulegal.com\/de\/#\/schema\/logo\/image\/","url":"https:\/\/blulegal.com\/wp-content\/uploads\/2023\/05\/logo-blu.png","contentUrl":"https:\/\/blulegal.com\/wp-content\/uploads\/2023\/05\/logo-blu.png","width":225,"height":116,"caption":"Blu Legal"},"image":{"@id":"https:\/\/blulegal.com\/de\/#\/schema\/logo\/image\/"}}]}},"_links":{"self":[{"href":"https:\/\/blulegal.com\/de\/wp-json\/wp\/v2\/pages\/708","targetHints":{"allow":["GET"]}}],"collection":[{"href":"https:\/\/blulegal.com\/de\/wp-json\/wp\/v2\/pages"}],"about":[{"href":"https:\/\/blulegal.com\/de\/wp-json\/wp\/v2\/types\/page"}],"author":[{"embeddable":true,"href":"https:\/\/blulegal.com\/de\/wp-json\/wp\/v2\/users\/3"}],"replies":[{"embeddable":true,"href":"https:\/\/blulegal.com\/de\/wp-json\/wp\/v2\/comments?post=708"}],"version-history":[{"count":13,"href":"https:\/\/blulegal.com\/de\/wp-json\/wp\/v2\/pages\/708\/revisions"}],"predecessor-version":[{"id":3060,"href":"https:\/\/blulegal.com\/de\/wp-json\/wp\/v2\/pages\/708\/revisions\/3060"}],"up":[{"embeddable":true,"href":"https:\/\/blulegal.com\/de\/wp-json\/wp\/v2\/pages\/95"}],"wp:featuredmedia":[{"embeddable":true,"href":"https:\/\/blulegal.com\/de\/wp-json\/wp\/v2\/media\/248"}],"wp:attachment":[{"href":"https:\/\/blulegal.com\/de\/wp-json\/wp\/v2\/media?parent=708"}],"curies":[{"name":"wp","href":"https:\/\/api.w.org\/{rel}","templated":true}]}}