{"id":78,"date":"2019-11-26T11:41:06","date_gmt":"2019-11-26T11:41:06","guid":{"rendered":"https:\/\/blulegal.com\/die-kanzlei\/"},"modified":"2020-04-10T08:19:30","modified_gmt":"2020-04-10T08:19:30","slug":"die-kanzlei","status":"publish","type":"page","link":"https:\/\/blulegal.com\/de\/uber-uns\/die-kanzlei\/","title":{"rendered":"Die Kanzlei"},"content":{"rendered":"\n<div class=\"wp-block-columns has-2-columns image-text-block image-text-block--narrow image-left is-layout-flex wp-container-core-columns-is-layout-9d6595d7 wp-block-columns-is-layout-flex\">\n<div class=\"wp-block-column is-layout-flow wp-block-column-is-layout-flow\">\n<figure class=\"wp-block-image image-text-block__image image-text-block__image--narrow image-left\"><img loading=\"lazy\" decoding=\"async\" width=\"444\" height=\"551\" src=\"https:\/\/blulegal.com\/wp-content\/uploads\/2019\/11\/bigstock-Good-Service-Cooperation-Cons-282815557-444x551.jpg\" alt=\"\" class=\"wp-image-255\" \/><\/figure>\n<\/div>\n\n\n\n<div class=\"wp-block-column is-layout-flow wp-block-column-is-layout-flow\">\n<p class=\"image-text-block__text\">Die Anwaltskanzlei BLU Rechtsanw\u00e4lte hat ihren Sitz in Breslau \u2013 eine der sich am schnellsten entwickelnden St\u00e4dte Polens,<br>in der Tradition mit Modernit\u00e4t und Innovation einhergeht.<br>Wir beraten unsere Kunden in Rechtsfragen rund um Handels- und Gesellschaftsrecht in Polen sowie europ\u00e4isches Arbeitsrecht<br>und Entsendung der Arbeitnehmer in der Europ\u00e4ischen Union.<br>Wir unterst\u00fctzen unsere Kunden in Rechtsfragen der grenz\u00fcberschreitenden Streitigkeiten und Vollstreckung<br>der europ\u00e4ischen Vollstreckungstitel auf dem Gebiet Polens. Beim BLU German Desk steht unser Team mit  mehrsprachigen, europaweit ausgebildeten Experten mit internationaler Berufserfahrung bereit, die Unternehmenskunden in Polen<br>zu begleiten.<\/p>\n<\/div>\n<\/div>\n\n\n\n<div class=\"wp-block-columns has-2-columns image-text-block image-text-block--narrow image-right is-layout-flex wp-container-core-columns-is-layout-9d6595d7 wp-block-columns-is-layout-flex\">\n<div class=\"wp-block-column is-layout-flow wp-block-column-is-layout-flow\">\n<h2 class=\"image-text-block__title wp-block-heading\">Corporate Clients<\/h2>\n\n\n\n<p class=\"image-text-block__text\">Die Mandanten unserer Anwaltskanzlei sind in erster Linie Unternehmen, die im Rahmen von Kapitalstrukturen t\u00e4tig sind und das wirtschaftliche Potential Polens f\u00fcr ihren Gesch\u00e4ftserfolg nutzen wollen. Wir sind f\u00fcr deutsche Unternehmen t\u00e4tig,<br>u. a. aus den Branchen IT, Erneuerbare Energien, Automotive, Maschinenbau, Schwermaschinenbau und Lufttechnik.<br>Uns vertrauen gro\u00dfe Unternehmen, die zu internationalen Konzernen geh\u00f6ren, mittelst\u00e4ndische Unternehmen und Familienunternehmen, die in Polen Chancen f\u00fcr ihre Gesch\u00e4ftsentwicklung sehen. <\/p>\n<\/div>\n\n\n\n<div class=\"wp-block-column is-layout-flow wp-block-column-is-layout-flow\">\n<figure class=\"wp-block-image image-text-block__image image-text-block__image--narrow\"><img loading=\"lazy\" decoding=\"async\" width=\"444\" height=\"551\" src=\"https:\/\/blulegal.com\/wp-content\/uploads\/2019\/11\/kontakt-page_top-444x551.jpg\" alt=\"\" class=\"wp-image-225\" \/><\/figure>\n<\/div>\n<\/div>\n\n\n\n<div class=\"wp-block-columns has-2-columns image-text-block image-text-block--narrow image-left is-layout-flex wp-container-core-columns-is-layout-9d6595d7 wp-block-columns-is-layout-flex\">\n<div class=\"wp-block-column is-layout-flow wp-block-column-is-layout-flow\">\n<figure class=\"wp-block-image image-text-block__image image-text-block__image--narrow image-left\"><img loading=\"lazy\" decoding=\"async\" width=\"444\" height=\"551\" src=\"https:\/\/blulegal.com\/wp-content\/uploads\/2019\/11\/bigstock-Lawyer-Office-Statue-Of-Justi-270799618-444x551.jpg\" alt=\"\" class=\"wp-image-240\" \/><\/figure>\n<\/div>\n\n\n\n<div class=\"wp-block-column is-layout-flow wp-block-column-is-layout-flow\">\n<h2 class=\"image-text-block__title wp-block-heading\">Umfassende Unterst\u00fctzung <\/h2>\n\n\n\n<p class=\"image-text-block__text\">Unternehmensgr\u00fcndern in Polen bieten wir ein Start-Paket an.<br>Es umfasst die Beratung bei der Wahl der Unternehmensform unter Ber\u00fccksichtigung des Doppelbesteuerungsabkommens mit Deutschland und der steuerlichen Vorschriften des polnischen und deutschen Steuerrechts sowie die volle Unterst\u00fctzung bei der Eintragung in das Handelsregister. Au\u00dferdem stehen wir bei der Einstellung von Mitarbeitern<br>und der Beantragung von PESEL-Nummern f\u00fcr Mitglieder<br>der Gesch\u00e4ftsf\u00fchrung zur Seite. Zur Unterst\u00fctzung<br>unserer Mandanten stellen wir in der Anfangsphase ihrer Gesch\u00e4ftst\u00e4tigkeit unser B\u00fcro bereit und sorgen f\u00fcr die Erledigung aller Formalit\u00e4ten in Polen. Unternehmen, die<br>bereits auf dem polnischen Markt t\u00e4tig sind, bieten wir<br>Rechts- und Steuerberatung, die stets auf dem aktuellen<br>Stand der polnischen Rechtslage ist.&nbsp;<\/p>\n<\/div>\n<\/div>\n","protected":false},"excerpt":{"rendered":"<p>Die Anwaltskanzlei BLU Rechtsanw\u00e4lte hat ihren Sitz in Breslau \u2013 eine der sich am schnellsten<\/p>\n","protected":false},"author":3,"featured_media":255,"parent":76,"menu_order":0,"comment_status":"closed","ping_status":"closed","template":"","meta":{"_acf_changed":false,"footnotes":""},"class_list":["post-78","page","type-page","status-publish","has-post-thumbnail","hentry"],"acf":[],"yoast_head":"<!-- This site is optimized with the Yoast SEO plugin v27.2 - https:\/\/yoast.com\/product\/yoast-seo-wordpress\/ -->\n<title>Die Kanzlei &#8226; BLU Legal<\/title>\n<meta name=\"description\" content=\"Die Kanzlei \u2013 oferujemy profesjonalne doradztwo w zakresie prawa polsko-niemieckiego dla firm i os\u00f3b fizycznych. Sprawd\u017a ofert\u0119!\" \/>\n<meta name=\"robots\" content=\"index, follow, max-snippet:-1, max-image-preview:large, max-video-preview:-1\" \/>\n<link rel=\"canonical\" href=\"https:\/\/blulegal.com\/de\/uber-uns\/die-kanzlei\/\" \/>\n<meta property=\"og:locale\" content=\"de_DE\" \/>\n<meta property=\"og:type\" content=\"article\" \/>\n<meta property=\"og:title\" content=\"Die Kanzlei &#8226; BLU Legal\" \/>\n<meta property=\"og:description\" content=\"Die Kanzlei \u2013 oferujemy profesjonalne doradztwo w zakresie prawa polsko-niemieckiego dla firm i os\u00f3b fizycznych. Sprawd\u017a ofert\u0119!\" \/>\n<meta property=\"og:url\" content=\"https:\/\/blulegal.com\/de\/uber-uns\/die-kanzlei\/\" \/>\n<meta property=\"og:site_name\" content=\"BLU Legal\" \/>\n<meta property=\"article:modified_time\" content=\"2020-04-10T08:19:30+00:00\" \/>\n<meta property=\"og:image\" content=\"https:\/\/blulegal.com\/wp-content\/uploads\/2019\/11\/bigstock-Good-Service-Cooperation-Cons-282815557.jpg\" \/>\n\t<meta property=\"og:image:width\" content=\"4261\" \/>\n\t<meta property=\"og:image:height\" content=\"2841\" \/>\n\t<meta property=\"og:image:type\" content=\"image\/jpeg\" \/>\n<meta name=\"twitter:card\" content=\"summary_large_image\" \/>\n<meta name=\"twitter:label1\" content=\"Gesch\u00e4tzte Lesezeit\" \/>\n\t<meta name=\"twitter:data1\" content=\"1\u00a0Minute\" \/>\n<script type=\"application\/ld+json\" class=\"yoast-schema-graph\">{\"@context\":\"https:\/\/schema.org\",\"@graph\":[{\"@type\":\"WebPage\",\"@id\":\"https:\/\/blulegal.com\/de\/uber-uns\/die-kanzlei\/\",\"url\":\"https:\/\/blulegal.com\/de\/uber-uns\/die-kanzlei\/\",\"name\":\"Die Kanzlei &#8226; BLU Legal\",\"isPartOf\":{\"@id\":\"https:\/\/blulegal.com\/de\/#website\"},\"primaryImageOfPage\":{\"@id\":\"https:\/\/blulegal.com\/de\/uber-uns\/die-kanzlei\/#primaryimage\"},\"image\":{\"@id\":\"https:\/\/blulegal.com\/de\/uber-uns\/die-kanzlei\/#primaryimage\"},\"thumbnailUrl\":\"https:\/\/blulegal.com\/wp-content\/uploads\/2019\/11\/bigstock-Good-Service-Cooperation-Cons-282815557.jpg\",\"datePublished\":\"2019-11-26T11:41:06+00:00\",\"dateModified\":\"2020-04-10T08:19:30+00:00\",\"description\":\"Die Kanzlei \u2013 oferujemy profesjonalne doradztwo w zakresie prawa polsko-niemieckiego dla firm i os\u00f3b fizycznych. Sprawd\u017a ofert\u0119!\",\"breadcrumb\":{\"@id\":\"https:\/\/blulegal.com\/de\/uber-uns\/die-kanzlei\/#breadcrumb\"},\"inLanguage\":\"de\",\"potentialAction\":[{\"@type\":\"ReadAction\",\"target\":[\"https:\/\/blulegal.com\/de\/uber-uns\/die-kanzlei\/\"]}]},{\"@type\":\"ImageObject\",\"inLanguage\":\"de\",\"@id\":\"https:\/\/blulegal.com\/de\/uber-uns\/die-kanzlei\/#primaryimage\",\"url\":\"https:\/\/blulegal.com\/wp-content\/uploads\/2019\/11\/bigstock-Good-Service-Cooperation-Cons-282815557.jpg\",\"contentUrl\":\"https:\/\/blulegal.com\/wp-content\/uploads\/2019\/11\/bigstock-Good-Service-Cooperation-Cons-282815557.jpg\",\"width\":4261,\"height\":2841},{\"@type\":\"BreadcrumbList\",\"@id\":\"https:\/\/blulegal.com\/de\/uber-uns\/die-kanzlei\/#breadcrumb\",\"itemListElement\":[{\"@type\":\"ListItem\",\"position\":1,\"name\":\"Home\",\"item\":\"https:\/\/blulegal.com\/de\/\"},{\"@type\":\"ListItem\",\"position\":2,\"name\":\"\u00dcber uns\",\"item\":\"https:\/\/blulegal.com\/de\/o-nas\/\"},{\"@type\":\"ListItem\",\"position\":3,\"name\":\"Die Kanzlei\"}]},{\"@type\":\"WebSite\",\"@id\":\"https:\/\/blulegal.com\/de\/#website\",\"url\":\"https:\/\/blulegal.com\/de\/\",\"name\":\"BLU Legal\",\"description\":\"\",\"publisher\":{\"@id\":\"https:\/\/blulegal.com\/de\/#organization\"},\"potentialAction\":[{\"@type\":\"SearchAction\",\"target\":{\"@type\":\"EntryPoint\",\"urlTemplate\":\"https:\/\/blulegal.com\/de\/?s={search_term_string}\"},\"query-input\":{\"@type\":\"PropertyValueSpecification\",\"valueRequired\":true,\"valueName\":\"search_term_string\"}}],\"inLanguage\":\"de\"},{\"@type\":\"Organization\",\"@id\":\"https:\/\/blulegal.com\/de\/#organization\",\"name\":\"Blu Legal\",\"url\":\"https:\/\/blulegal.com\/de\/\",\"logo\":{\"@type\":\"ImageObject\",\"inLanguage\":\"de\",\"@id\":\"https:\/\/blulegal.com\/de\/#\/schema\/logo\/image\/\",\"url\":\"https:\/\/blulegal.com\/wp-content\/uploads\/2023\/05\/logo-blu.png\",\"contentUrl\":\"https:\/\/blulegal.com\/wp-content\/uploads\/2023\/05\/logo-blu.png\",\"width\":225,\"height\":116,\"caption\":\"Blu Legal\"},\"image\":{\"@id\":\"https:\/\/blulegal.com\/de\/#\/schema\/logo\/image\/\"}}]}<\/script>\n<!-- \/ Yoast SEO plugin. -->","yoast_head_json":{"title":"Die Kanzlei &#8226; BLU Legal","description":"Die Kanzlei \u2013 oferujemy profesjonalne doradztwo w zakresie prawa polsko-niemieckiego dla firm i os\u00f3b fizycznych. Sprawd\u017a ofert\u0119!","robots":{"index":"index","follow":"follow","max-snippet":"max-snippet:-1","max-image-preview":"max-image-preview:large","max-video-preview":"max-video-preview:-1"},"canonical":"https:\/\/blulegal.com\/de\/uber-uns\/die-kanzlei\/","og_locale":"de_DE","og_type":"article","og_title":"Die Kanzlei &#8226; BLU Legal","og_description":"Die Kanzlei \u2013 oferujemy profesjonalne doradztwo w zakresie prawa polsko-niemieckiego dla firm i os\u00f3b fizycznych. Sprawd\u017a ofert\u0119!","og_url":"https:\/\/blulegal.com\/de\/uber-uns\/die-kanzlei\/","og_site_name":"BLU Legal","article_modified_time":"2020-04-10T08:19:30+00:00","og_image":[{"width":4261,"height":2841,"url":"https:\/\/blulegal.com\/wp-content\/uploads\/2019\/11\/bigstock-Good-Service-Cooperation-Cons-282815557.jpg","type":"image\/jpeg"}],"twitter_card":"summary_large_image","twitter_misc":{"Gesch\u00e4tzte Lesezeit":"1\u00a0Minute"},"schema":{"@context":"https:\/\/schema.org","@graph":[{"@type":"WebPage","@id":"https:\/\/blulegal.com\/de\/uber-uns\/die-kanzlei\/","url":"https:\/\/blulegal.com\/de\/uber-uns\/die-kanzlei\/","name":"Die Kanzlei &#8226; BLU Legal","isPartOf":{"@id":"https:\/\/blulegal.com\/de\/#website"},"primaryImageOfPage":{"@id":"https:\/\/blulegal.com\/de\/uber-uns\/die-kanzlei\/#primaryimage"},"image":{"@id":"https:\/\/blulegal.com\/de\/uber-uns\/die-kanzlei\/#primaryimage"},"thumbnailUrl":"https:\/\/blulegal.com\/wp-content\/uploads\/2019\/11\/bigstock-Good-Service-Cooperation-Cons-282815557.jpg","datePublished":"2019-11-26T11:41:06+00:00","dateModified":"2020-04-10T08:19:30+00:00","description":"Die Kanzlei \u2013 oferujemy profesjonalne doradztwo w zakresie prawa polsko-niemieckiego dla firm i os\u00f3b fizycznych. Sprawd\u017a ofert\u0119!","breadcrumb":{"@id":"https:\/\/blulegal.com\/de\/uber-uns\/die-kanzlei\/#breadcrumb"},"inLanguage":"de","potentialAction":[{"@type":"ReadAction","target":["https:\/\/blulegal.com\/de\/uber-uns\/die-kanzlei\/"]}]},{"@type":"ImageObject","inLanguage":"de","@id":"https:\/\/blulegal.com\/de\/uber-uns\/die-kanzlei\/#primaryimage","url":"https:\/\/blulegal.com\/wp-content\/uploads\/2019\/11\/bigstock-Good-Service-Cooperation-Cons-282815557.jpg","contentUrl":"https:\/\/blulegal.com\/wp-content\/uploads\/2019\/11\/bigstock-Good-Service-Cooperation-Cons-282815557.jpg","width":4261,"height":2841},{"@type":"BreadcrumbList","@id":"https:\/\/blulegal.com\/de\/uber-uns\/die-kanzlei\/#breadcrumb","itemListElement":[{"@type":"ListItem","position":1,"name":"Home","item":"https:\/\/blulegal.com\/de\/"},{"@type":"ListItem","position":2,"name":"\u00dcber uns","item":"https:\/\/blulegal.com\/de\/o-nas\/"},{"@type":"ListItem","position":3,"name":"Die Kanzlei"}]},{"@type":"WebSite","@id":"https:\/\/blulegal.com\/de\/#website","url":"https:\/\/blulegal.com\/de\/","name":"BLU Legal","description":"","publisher":{"@id":"https:\/\/blulegal.com\/de\/#organization"},"potentialAction":[{"@type":"SearchAction","target":{"@type":"EntryPoint","urlTemplate":"https:\/\/blulegal.com\/de\/?s={search_term_string}"},"query-input":{"@type":"PropertyValueSpecification","valueRequired":true,"valueName":"search_term_string"}}],"inLanguage":"de"},{"@type":"Organization","@id":"https:\/\/blulegal.com\/de\/#organization","name":"Blu Legal","url":"https:\/\/blulegal.com\/de\/","logo":{"@type":"ImageObject","inLanguage":"de","@id":"https:\/\/blulegal.com\/de\/#\/schema\/logo\/image\/","url":"https:\/\/blulegal.com\/wp-content\/uploads\/2023\/05\/logo-blu.png","contentUrl":"https:\/\/blulegal.com\/wp-content\/uploads\/2023\/05\/logo-blu.png","width":225,"height":116,"caption":"Blu Legal"},"image":{"@id":"https:\/\/blulegal.com\/de\/#\/schema\/logo\/image\/"}}]}},"_links":{"self":[{"href":"https:\/\/blulegal.com\/de\/wp-json\/wp\/v2\/pages\/78","targetHints":{"allow":["GET"]}}],"collection":[{"href":"https:\/\/blulegal.com\/de\/wp-json\/wp\/v2\/pages"}],"about":[{"href":"https:\/\/blulegal.com\/de\/wp-json\/wp\/v2\/types\/page"}],"author":[{"embeddable":true,"href":"https:\/\/blulegal.com\/de\/wp-json\/wp\/v2\/users\/3"}],"replies":[{"embeddable":true,"href":"https:\/\/blulegal.com\/de\/wp-json\/wp\/v2\/comments?post=78"}],"version-history":[{"count":64,"href":"https:\/\/blulegal.com\/de\/wp-json\/wp\/v2\/pages\/78\/revisions"}],"predecessor-version":[{"id":1415,"href":"https:\/\/blulegal.com\/de\/wp-json\/wp\/v2\/pages\/78\/revisions\/1415"}],"up":[{"embeddable":true,"href":"https:\/\/blulegal.com\/de\/wp-json\/wp\/v2\/pages\/76"}],"wp:featuredmedia":[{"embeddable":true,"href":"https:\/\/blulegal.com\/de\/wp-json\/wp\/v2\/media\/255"}],"wp:attachment":[{"href":"https:\/\/blulegal.com\/de\/wp-json\/wp\/v2\/media?parent=78"}],"curies":[{"name":"wp","href":"https:\/\/api.w.org\/{rel}","templated":true}]}}