{"id":804,"date":"2020-01-15T11:07:27","date_gmt":"2020-01-15T11:07:27","guid":{"rendered":"https:\/\/blulegal.com\/?page_id=804"},"modified":"2022-10-23T12:58:56","modified_gmt":"2022-10-23T12:58:56","slug":"wir-sind-fur-sie-da","status":"publish","type":"page","link":"https:\/\/blulegal.com\/de\/wir-sind-fur-sie-da\/","title":{"rendered":"Wir sind f\u00fcr Sie da"},"content":{"rendered":"\n<div class=\"wp-block-columns has-2-columns image-text-block image-text-block--narrow image-right is-layout-flex wp-container-core-columns-is-layout-9d6595d7 wp-block-columns-is-layout-flex\">\n<div class=\"wp-block-column is-layout-flow wp-block-column-is-layout-flow\">\n<p class=\"image-text-block__text\">Unsere Kanzlei betreut Unternehmen im deutsch-polnischen Gesch\u00e4ftsverkehr. Wir bieten Rechts- und Steuerberatung sowie umfassende Personal- und Buchhaltungsunterst\u00fctzung f\u00fcr ausl\u00e4ndische Unternehmen, die in Polen ihre Gesch\u00e4ftst\u00e4tigkeit aufnehmen wollen oder bereits auf dem Markt sind. An unserem German Desk arbeiten nur deutschsprachige Anw\u00e4lte, die Erfahrung darin haben, Dienstleistungen f\u00fcr Unternehmen aus Deutschland zu erbringen. Bei der Beratung von Unternehmern arbeiten wir mit deutschen Steuerberatern zusammen. Hierbei nutzen wir unsere Erfahrung in der Betreuung international t\u00e4tiger Firmen.<\/p>\n\n\n\n<div class=\"wp-block-button is-style-arrow\"><a class=\"wp-block-button__link\" href=\"https:\/\/blulegal.com\/de\/kompetenzen\/german-desk-3\/\">ERFAHREN SIE MEHR<\/a><\/div>\n<\/div>\n\n\n\n<div class=\"wp-block-column is-layout-flow wp-block-column-is-layout-flow\">\n<figure class=\"wp-block-image image-text-block__image image-text-block__image--narrow\"><img loading=\"lazy\" decoding=\"async\" width=\"444\" height=\"551\" src=\"https:\/\/blulegal.com\/wp-content\/uploads\/2019\/11\/bigstock-Good-Service-Cooperation-Cons-282815557-444x551.jpg\" alt=\"\" class=\"wp-image-255\"\/><\/figure>\n<\/div>\n<\/div>\n","protected":false},"excerpt":{"rendered":"<p>Unsere Kanzlei betreut Unternehmen im deutsch-polnischen Gesch\u00e4ftsverkehr. Wir bieten Rechts- und Steuerberatung sowie umfassende Personal-<\/p>\n","protected":false},"author":3,"featured_media":255,"parent":0,"menu_order":0,"comment_status":"closed","ping_status":"closed","template":"","meta":{"_acf_changed":false,"footnotes":""},"class_list":["post-804","page","type-page","status-publish","has-post-thumbnail","hentry"],"acf":[],"yoast_head":"<!-- This site is optimized with the Yoast SEO plugin v27.2 - https:\/\/yoast.com\/product\/yoast-seo-wordpress\/ -->\n<title>Wir sind f\u00fcr Sie da &#8226; BLU Legal<\/title>\n<meta name=\"description\" content=\"Wir sind f\u00fcr Sie im Herzen von Breslau da! Nehmen Sie jetzt Kontakt zu uns auf: Telefonisch, per E-Mail oder Kontaktformular.\" \/>\n<meta name=\"robots\" content=\"index, follow, max-snippet:-1, max-image-preview:large, max-video-preview:-1\" \/>\n<link rel=\"canonical\" href=\"https:\/\/blulegal.com\/de\/wir-sind-fur-sie-da\/\" \/>\n<meta property=\"og:locale\" content=\"de_DE\" \/>\n<meta property=\"og:type\" content=\"article\" \/>\n<meta property=\"og:title\" content=\"Wir sind f\u00fcr Sie da &#8226; BLU Legal\" \/>\n<meta property=\"og:description\" content=\"Wir sind f\u00fcr Sie im Herzen von Breslau da! Nehmen Sie jetzt Kontakt zu uns auf: Telefonisch, per E-Mail oder Kontaktformular.\" \/>\n<meta property=\"og:url\" content=\"https:\/\/blulegal.com\/de\/wir-sind-fur-sie-da\/\" \/>\n<meta property=\"og:site_name\" content=\"BLU Legal\" \/>\n<meta property=\"article:modified_time\" content=\"2022-10-23T12:58:56+00:00\" \/>\n<meta property=\"og:image\" content=\"https:\/\/blulegal.com\/wp-content\/uploads\/2019\/11\/bigstock-Good-Service-Cooperation-Cons-282815557.jpg\" \/>\n\t<meta property=\"og:image:width\" content=\"4261\" \/>\n\t<meta property=\"og:image:height\" content=\"2841\" \/>\n\t<meta property=\"og:image:type\" content=\"image\/jpeg\" \/>\n<meta name=\"twitter:card\" content=\"summary_large_image\" \/>\n<script type=\"application\/ld+json\" class=\"yoast-schema-graph\">{\"@context\":\"https:\/\/schema.org\",\"@graph\":[{\"@type\":\"WebPage\",\"@id\":\"https:\/\/blulegal.com\/de\/wir-sind-fur-sie-da\/\",\"url\":\"https:\/\/blulegal.com\/de\/wir-sind-fur-sie-da\/\",\"name\":\"Wir sind f\u00fcr Sie da &#8226; BLU Legal\",\"isPartOf\":{\"@id\":\"https:\/\/blulegal.com\/de\/#website\"},\"primaryImageOfPage\":{\"@id\":\"https:\/\/blulegal.com\/de\/wir-sind-fur-sie-da\/#primaryimage\"},\"image\":{\"@id\":\"https:\/\/blulegal.com\/de\/wir-sind-fur-sie-da\/#primaryimage\"},\"thumbnailUrl\":\"https:\/\/blulegal.com\/wp-content\/uploads\/2019\/11\/bigstock-Good-Service-Cooperation-Cons-282815557.jpg\",\"datePublished\":\"2020-01-15T11:07:27+00:00\",\"dateModified\":\"2022-10-23T12:58:56+00:00\",\"description\":\"Wir sind f\u00fcr Sie im Herzen von Breslau da! Nehmen Sie jetzt Kontakt zu uns auf: Telefonisch, per E-Mail oder Kontaktformular.\",\"breadcrumb\":{\"@id\":\"https:\/\/blulegal.com\/de\/wir-sind-fur-sie-da\/#breadcrumb\"},\"inLanguage\":\"de\",\"potentialAction\":[{\"@type\":\"ReadAction\",\"target\":[\"https:\/\/blulegal.com\/de\/wir-sind-fur-sie-da\/\"]}]},{\"@type\":\"ImageObject\",\"inLanguage\":\"de\",\"@id\":\"https:\/\/blulegal.com\/de\/wir-sind-fur-sie-da\/#primaryimage\",\"url\":\"https:\/\/blulegal.com\/wp-content\/uploads\/2019\/11\/bigstock-Good-Service-Cooperation-Cons-282815557.jpg\",\"contentUrl\":\"https:\/\/blulegal.com\/wp-content\/uploads\/2019\/11\/bigstock-Good-Service-Cooperation-Cons-282815557.jpg\",\"width\":4261,\"height\":2841},{\"@type\":\"BreadcrumbList\",\"@id\":\"https:\/\/blulegal.com\/de\/wir-sind-fur-sie-da\/#breadcrumb\",\"itemListElement\":[{\"@type\":\"ListItem\",\"position\":1,\"name\":\"Home\",\"item\":\"https:\/\/blulegal.com\/de\/\"},{\"@type\":\"ListItem\",\"position\":2,\"name\":\"Wir sind f\u00fcr Sie da\"}]},{\"@type\":\"WebSite\",\"@id\":\"https:\/\/blulegal.com\/de\/#website\",\"url\":\"https:\/\/blulegal.com\/de\/\",\"name\":\"BLU Legal\",\"description\":\"\",\"publisher\":{\"@id\":\"https:\/\/blulegal.com\/de\/#organization\"},\"potentialAction\":[{\"@type\":\"SearchAction\",\"target\":{\"@type\":\"EntryPoint\",\"urlTemplate\":\"https:\/\/blulegal.com\/de\/?s={search_term_string}\"},\"query-input\":{\"@type\":\"PropertyValueSpecification\",\"valueRequired\":true,\"valueName\":\"search_term_string\"}}],\"inLanguage\":\"de\"},{\"@type\":\"Organization\",\"@id\":\"https:\/\/blulegal.com\/de\/#organization\",\"name\":\"Blu Legal\",\"url\":\"https:\/\/blulegal.com\/de\/\",\"logo\":{\"@type\":\"ImageObject\",\"inLanguage\":\"de\",\"@id\":\"https:\/\/blulegal.com\/de\/#\/schema\/logo\/image\/\",\"url\":\"https:\/\/blulegal.com\/wp-content\/uploads\/2023\/05\/logo-blu.png\",\"contentUrl\":\"https:\/\/blulegal.com\/wp-content\/uploads\/2023\/05\/logo-blu.png\",\"width\":225,\"height\":116,\"caption\":\"Blu Legal\"},\"image\":{\"@id\":\"https:\/\/blulegal.com\/de\/#\/schema\/logo\/image\/\"}}]}<\/script>\n<!-- \/ Yoast SEO plugin. -->","yoast_head_json":{"title":"Wir sind f\u00fcr Sie da &#8226; BLU Legal","description":"Wir sind f\u00fcr Sie im Herzen von Breslau da! Nehmen Sie jetzt Kontakt zu uns auf: Telefonisch, per E-Mail oder Kontaktformular.","robots":{"index":"index","follow":"follow","max-snippet":"max-snippet:-1","max-image-preview":"max-image-preview:large","max-video-preview":"max-video-preview:-1"},"canonical":"https:\/\/blulegal.com\/de\/wir-sind-fur-sie-da\/","og_locale":"de_DE","og_type":"article","og_title":"Wir sind f\u00fcr Sie da &#8226; BLU Legal","og_description":"Wir sind f\u00fcr Sie im Herzen von Breslau da! Nehmen Sie jetzt Kontakt zu uns auf: Telefonisch, per E-Mail oder Kontaktformular.","og_url":"https:\/\/blulegal.com\/de\/wir-sind-fur-sie-da\/","og_site_name":"BLU Legal","article_modified_time":"2022-10-23T12:58:56+00:00","og_image":[{"width":4261,"height":2841,"url":"https:\/\/blulegal.com\/wp-content\/uploads\/2019\/11\/bigstock-Good-Service-Cooperation-Cons-282815557.jpg","type":"image\/jpeg"}],"twitter_card":"summary_large_image","schema":{"@context":"https:\/\/schema.org","@graph":[{"@type":"WebPage","@id":"https:\/\/blulegal.com\/de\/wir-sind-fur-sie-da\/","url":"https:\/\/blulegal.com\/de\/wir-sind-fur-sie-da\/","name":"Wir sind f\u00fcr Sie da &#8226; BLU Legal","isPartOf":{"@id":"https:\/\/blulegal.com\/de\/#website"},"primaryImageOfPage":{"@id":"https:\/\/blulegal.com\/de\/wir-sind-fur-sie-da\/#primaryimage"},"image":{"@id":"https:\/\/blulegal.com\/de\/wir-sind-fur-sie-da\/#primaryimage"},"thumbnailUrl":"https:\/\/blulegal.com\/wp-content\/uploads\/2019\/11\/bigstock-Good-Service-Cooperation-Cons-282815557.jpg","datePublished":"2020-01-15T11:07:27+00:00","dateModified":"2022-10-23T12:58:56+00:00","description":"Wir sind f\u00fcr Sie im Herzen von Breslau da! Nehmen Sie jetzt Kontakt zu uns auf: Telefonisch, per E-Mail oder Kontaktformular.","breadcrumb":{"@id":"https:\/\/blulegal.com\/de\/wir-sind-fur-sie-da\/#breadcrumb"},"inLanguage":"de","potentialAction":[{"@type":"ReadAction","target":["https:\/\/blulegal.com\/de\/wir-sind-fur-sie-da\/"]}]},{"@type":"ImageObject","inLanguage":"de","@id":"https:\/\/blulegal.com\/de\/wir-sind-fur-sie-da\/#primaryimage","url":"https:\/\/blulegal.com\/wp-content\/uploads\/2019\/11\/bigstock-Good-Service-Cooperation-Cons-282815557.jpg","contentUrl":"https:\/\/blulegal.com\/wp-content\/uploads\/2019\/11\/bigstock-Good-Service-Cooperation-Cons-282815557.jpg","width":4261,"height":2841},{"@type":"BreadcrumbList","@id":"https:\/\/blulegal.com\/de\/wir-sind-fur-sie-da\/#breadcrumb","itemListElement":[{"@type":"ListItem","position":1,"name":"Home","item":"https:\/\/blulegal.com\/de\/"},{"@type":"ListItem","position":2,"name":"Wir sind f\u00fcr Sie da"}]},{"@type":"WebSite","@id":"https:\/\/blulegal.com\/de\/#website","url":"https:\/\/blulegal.com\/de\/","name":"BLU Legal","description":"","publisher":{"@id":"https:\/\/blulegal.com\/de\/#organization"},"potentialAction":[{"@type":"SearchAction","target":{"@type":"EntryPoint","urlTemplate":"https:\/\/blulegal.com\/de\/?s={search_term_string}"},"query-input":{"@type":"PropertyValueSpecification","valueRequired":true,"valueName":"search_term_string"}}],"inLanguage":"de"},{"@type":"Organization","@id":"https:\/\/blulegal.com\/de\/#organization","name":"Blu Legal","url":"https:\/\/blulegal.com\/de\/","logo":{"@type":"ImageObject","inLanguage":"de","@id":"https:\/\/blulegal.com\/de\/#\/schema\/logo\/image\/","url":"https:\/\/blulegal.com\/wp-content\/uploads\/2023\/05\/logo-blu.png","contentUrl":"https:\/\/blulegal.com\/wp-content\/uploads\/2023\/05\/logo-blu.png","width":225,"height":116,"caption":"Blu Legal"},"image":{"@id":"https:\/\/blulegal.com\/de\/#\/schema\/logo\/image\/"}}]}},"_links":{"self":[{"href":"https:\/\/blulegal.com\/de\/wp-json\/wp\/v2\/pages\/804","targetHints":{"allow":["GET"]}}],"collection":[{"href":"https:\/\/blulegal.com\/de\/wp-json\/wp\/v2\/pages"}],"about":[{"href":"https:\/\/blulegal.com\/de\/wp-json\/wp\/v2\/types\/page"}],"author":[{"embeddable":true,"href":"https:\/\/blulegal.com\/de\/wp-json\/wp\/v2\/users\/3"}],"replies":[{"embeddable":true,"href":"https:\/\/blulegal.com\/de\/wp-json\/wp\/v2\/comments?post=804"}],"version-history":[{"count":10,"href":"https:\/\/blulegal.com\/de\/wp-json\/wp\/v2\/pages\/804\/revisions"}],"predecessor-version":[{"id":1086,"href":"https:\/\/blulegal.com\/de\/wp-json\/wp\/v2\/pages\/804\/revisions\/1086"}],"wp:featuredmedia":[{"embeddable":true,"href":"https:\/\/blulegal.com\/de\/wp-json\/wp\/v2\/media\/255"}],"wp:attachment":[{"href":"https:\/\/blulegal.com\/de\/wp-json\/wp\/v2\/media?parent=804"}],"curies":[{"name":"wp","href":"https:\/\/api.w.org\/{rel}","templated":true}]}}