{"id":82,"date":"2020-01-01T11:41:17","date_gmt":"2020-01-01T11:41:17","guid":{"rendered":"https:\/\/blulegal.com\/german-desk-3\/"},"modified":"2023-07-07T09:43:39","modified_gmt":"2023-07-07T09:43:39","slug":"german-desk-3","status":"publish","type":"page","link":"https:\/\/blulegal.com\/de\/kompetenzen\/german-desk-3\/","title":{"rendered":"Polen Desk"},"content":{"rendered":"\n<div class=\"wp-block-columns has-2-columns image-text-block image-text-block--narrow image-right is-layout-flex wp-container-core-columns-is-layout-9d6595d7 wp-block-columns-is-layout-flex\">\n<div class=\"wp-block-column is-layout-flow wp-block-column-is-layout-flow\">\n<p class=\"has-black-color has-text-color\">Die Rechtsanwaltskanzlei BLU Law &amp; Outsourcing ist am <strong>deutsch-polnischen Wirtschaftsverkehr beteiligt<\/strong>, indem sie in- und ausl\u00e4ndische Unternehmer bei Wirtschaftsprojekten, die in Polen und  Deutschland umgesetzt werden, unterst\u00fctzt. <br><br>Die T\u00e4tigkeit unserer Kanzlei  fokussiert sich auf die Rechtsbetreuung der Firmen, mit gro\u00dfem  Augenmerk unterst\u00fctzen wir jedoch auch individuelle Kunden und wir vertreten sie bei Zivil-, Nachlass- oder auch bei Familienverfahren <strong>in  Polen. <\/strong><\/p>\n<\/div>\n\n\n\n<div class=\"wp-block-column is-layout-flow wp-block-column-is-layout-flow\">\n<figure class=\"wp-block-image image-text-block__image image-text-block__image--narrow\"><img loading=\"lazy\" decoding=\"async\" width=\"444\" height=\"551\" src=\"https:\/\/blulegal.com\/wp-content\/uploads\/2020\/04\/bigstock-Businessman-Playing-Chess-Game-287663164-min-444x551-6.jpg\" alt=\"\" class=\"wp-image-1615\" srcset=\"https:\/\/blulegal.com\/wp-content\/uploads\/2020\/04\/bigstock-Businessman-Playing-Chess-Game-287663164-min-444x551-6.jpg 444w, https:\/\/blulegal.com\/wp-content\/uploads\/2020\/04\/bigstock-Businessman-Playing-Chess-Game-287663164-min-444x551-6-242x300.jpg 242w\" sizes=\"auto, (max-width: 444px) 100vw, 444px\" \/><\/figure>\n<\/div>\n<\/div>\n\n\n\n<div class=\"wp-block-columns has-2-columns image-text-block image-text-block--narrow image-left is-layout-flex wp-container-core-columns-is-layout-9d6595d7 wp-block-columns-is-layout-flex\">\n<div class=\"wp-block-column is-layout-flow wp-block-column-is-layout-flow\">\n<figure class=\"wp-block-image image-text-block__image image-text-block__image--narrow image-left\"><img loading=\"lazy\" decoding=\"async\" width=\"444\" height=\"551\" src=\"https:\/\/blulegal.com\/wp-content\/uploads\/2019\/11\/bigstock-Businessman-And-Male-Lawyer-Or-244150996-min-444x551.jpg\" alt=\"\" class=\"wp-image-172\"\/><\/figure>\n<\/div>\n\n\n\n<div class=\"wp-block-column is-layout-flow wp-block-column-is-layout-flow\">\n<p class=\"image-text-block__text has-black-color has-text-color\">Gest\u00fctzt auf eine Erfahrung von \u00fcber f\u00fcnfzehn Jahren in der Rechtsbetreuung der Firmen aus Deutschland entwickelten wir im Rahmen von <strong><em>Polen<\/em> <em>Desk<\/em><\/strong> eine Abteilung f\u00fcr die Betreuung von Firmen mit deutschem Kapital, indem wir ausl\u00e4ndischen Kunden komplexe  Unterst\u00fctzung in den Bereichen Recht, Steuern sowie Buchhaltung und  Personalwesen in Polen anbieten. <br><br>Wir wissen, wie wichtig die komplexe Unterst\u00fctzung des Kunden besonders  in der Anfangsphase beim Erscheinen auf dem Markt, in diesem Fall auf <strong>dem polnischen Markt<\/strong>, ist. <\/p>\n<\/div>\n<\/div>\n\n\n\n<div class=\"wp-block-columns has-2-columns image-text-block image-text-block--narrow image-right is-layout-flex wp-container-core-columns-is-layout-9d6595d7 wp-block-columns-is-layout-flex\">\n<div class=\"wp-block-column is-layout-flow wp-block-column-is-layout-flow\">\n<p class=\"has-black-color has-text-color\">Wir benutzen die interdisziplin\u00e4re Ausbildung  unseres Teams von  Juristen, welche ihr Rechtswissen nicht nur auf  polnischen, sondern  auch auf deutschen Universit\u00e4ten erlangten und auch  unsere t\u00e4gliche  Erfahrung bei der Betreuung von Firmen mit ausl\u00e4ndischem  Kapital, haben wir eine Kanzlei geschaffen, die eine Antwort auf Bedarf an zuverl\u00e4ssiger und kompetenter Rechtsberatung ist.<br><br>Wir sind bem\u00fcht, unsere Kompetenzen st\u00e4ndig zu erweitern, indem wir  t\u00e4glich unseren Wissensstand im Bereich der sich \u2013 besonders in den  letzten Jahren \u2013 dynamisch ver\u00e4ndernden Gesetzgebung in Polen  aktualisieren. <\/p>\n<\/div>\n\n\n\n<div class=\"wp-block-column is-layout-flow wp-block-column-is-layout-flow\">\n<figure class=\"wp-block-image image-text-block__image image-text-block__image--narrow\"><img loading=\"lazy\" decoding=\"async\" width=\"444\" height=\"551\" src=\"https:\/\/blulegal.com\/wp-content\/uploads\/2019\/11\/kontakt-page_top-444x551.jpg\" alt=\"\" class=\"wp-image-225\"\/><\/figure>\n<\/div>\n<\/div>\n\n\n\n<p> <\/p>\n\n\n\n<div class=\"wp-block-columns has-2-columns image-text-block image-text-block--narrow image-left is-layout-flex wp-container-core-columns-is-layout-9d6595d7 wp-block-columns-is-layout-flex\">\n<div class=\"wp-block-column is-layout-flow wp-block-column-is-layout-flow\">\n<figure class=\"wp-block-image image-text-block__image image-text-block__image--narrow image-left\"><img loading=\"lazy\" decoding=\"async\" width=\"444\" height=\"551\" src=\"https:\/\/blulegal.com\/wp-content\/uploads\/2019\/11\/bigstock-Lawyer-Office-Statue-Of-Justi-270799618-444x551.jpg\" alt=\"\" class=\"wp-image-240\"\/><\/figure>\n<\/div>\n\n\n\n<div class=\"wp-block-column is-layout-flow wp-block-column-is-layout-flow\">\n<p class=\"image-text-block__text\"> Wir unterst\u00fctzen unsere Kunden bei der Nutzung von  elektronischen   Kommunikationsformen mit polnischen Beh\u00f6rden und  Gerichten, wobei wir die in Polen intensiv voranschreitende  Digitalisierung in Kontakten mit   staatlichen Beh\u00f6rden beachten.   <br><br> Wir sorgen f\u00fcr unsere Kunden, indem wir folgende Grunds\u00e4tze bei der Kommunikation mit den Kunden ber\u00fccksichtigen:   <br><\/p>\n<\/div>\n<\/div>\n\n\n\n<div class=\"wp-block-columns has-2-columns image-text-block image-text-block--narrow image-right is-layout-flex wp-container-core-columns-is-layout-9d6595d7 wp-block-columns-is-layout-flex\">\n<div class=\"wp-block-column is-layout-flow wp-block-column-is-layout-flow\">\n<ul class=\"image-text-block__text wp-block-list\"><li> Rechtsberatung in der Muttersprache unseres deutschsprachigen Kunden,  <\/li><li>schnelle Reaktion auf an die Kanzlei geschickten Anfragen und Nachrichten, <\/li><li>interdisziplin\u00e4re Kundenbetreuung und Erledigung der Angelegenheiten des Kunden auch in Form des direkten Kontaktes mit anderen Beratern <br>der Firma (z.B. mit Steuerberatern, Buchhaltern, Personalmanagern, Arbeitsschutzspezialisten, Zentren f\u00fcr Arbeitsmedizin, \u00dcbersetzern \u2013 ohne dass der Kunde jeweils engagiert werden muss), <\/li><li>Informieren der Kunden \u00fcber Gesetz\u00e4nderungen, welche von gro\u00dfer Bedeutung bei der T\u00e4tigkeit des Kunden in Polen sind sowie Erinnerungen an Fristen und aktuelle Pflichten in Form eines in Deutsch erstellten ALARMS. <\/li><\/ul>\n<\/div>\n\n\n\n<div class=\"wp-block-column is-layout-flow wp-block-column-is-layout-flow\">\n<figure class=\"wp-block-image image-text-block__image image-text-block__image--narrow\"><img loading=\"lazy\" decoding=\"async\" width=\"444\" height=\"551\" src=\"https:\/\/blulegal.com\/wp-content\/uploads\/2019\/11\/bigstock-Male-Lawyer-Or-Judge-Working-W-290555113-min-444x551.jpg\" alt=\"\" class=\"wp-image-232\"\/><\/figure>\n<\/div>\n<\/div>\n","protected":false},"excerpt":{"rendered":"<p>Die Rechtsanwaltskanzlei BLU Law &amp; Outsourcing ist am deutsch-polnischen Wirtschaftsverkehr beteiligt, indem sie in- und<\/p>\n","protected":false},"author":3,"featured_media":240,"parent":95,"menu_order":0,"comment_status":"closed","ping_status":"closed","template":"page-tpl-sidebar.php","meta":{"_acf_changed":false,"footnotes":""},"class_list":["post-82","page","type-page","status-publish","has-post-thumbnail","hentry"],"acf":[],"yoast_head":"<!-- This site is optimized with the Yoast SEO plugin v27.2 - https:\/\/yoast.com\/product\/yoast-seo-wordpress\/ -->\n<title>Polnisch sprechende Anw\u00e4lte in Deutschland<\/title>\n<meta name=\"description\" content=\"Polen Desk \u2013 oferujemy profesjonalne doradztwo w zakresie prawa polsko-niemieckiego dla firm i os\u00f3b fizycznych. Sprawd\u017a ofert\u0119!\" \/>\n<meta name=\"robots\" content=\"index, follow, max-snippet:-1, max-image-preview:large, max-video-preview:-1\" \/>\n<link rel=\"canonical\" href=\"https:\/\/blulegal.com\/de\/kompetenzen\/german-desk-3\/\" \/>\n<meta property=\"og:locale\" content=\"de_DE\" \/>\n<meta property=\"og:type\" content=\"article\" \/>\n<meta property=\"og:title\" content=\"Polnisch sprechende Anw\u00e4lte in Deutschland\" \/>\n<meta property=\"og:description\" content=\"Polen Desk \u2013 oferujemy profesjonalne doradztwo w zakresie prawa polsko-niemieckiego dla firm i os\u00f3b fizycznych. Sprawd\u017a ofert\u0119!\" \/>\n<meta property=\"og:url\" content=\"https:\/\/blulegal.com\/de\/kompetenzen\/german-desk-3\/\" \/>\n<meta property=\"og:site_name\" content=\"BLU Legal\" \/>\n<meta property=\"article:modified_time\" content=\"2023-07-07T09:43:39+00:00\" \/>\n<meta property=\"og:image\" content=\"https:\/\/blulegal.com\/wp-content\/uploads\/2019\/11\/bigstock-Lawyer-Office-Statue-Of-Justi-270799618.jpg\" \/>\n\t<meta property=\"og:image:width\" content=\"3861\" \/>\n\t<meta property=\"og:image:height\" content=\"2574\" \/>\n\t<meta property=\"og:image:type\" content=\"image\/jpeg\" \/>\n<meta name=\"twitter:card\" content=\"summary_large_image\" \/>\n<meta name=\"twitter:label1\" content=\"Gesch\u00e4tzte Lesezeit\" \/>\n\t<meta name=\"twitter:data1\" content=\"2\u00a0Minuten\" \/>\n<script type=\"application\/ld+json\" class=\"yoast-schema-graph\">{\"@context\":\"https:\/\/schema.org\",\"@graph\":[{\"@type\":\"WebPage\",\"@id\":\"https:\/\/blulegal.com\/de\/kompetenzen\/german-desk-3\/\",\"url\":\"https:\/\/blulegal.com\/de\/kompetenzen\/german-desk-3\/\",\"name\":\"Polnisch sprechende Anw\u00e4lte in Deutschland\",\"isPartOf\":{\"@id\":\"https:\/\/blulegal.com\/de\/#website\"},\"primaryImageOfPage\":{\"@id\":\"https:\/\/blulegal.com\/de\/kompetenzen\/german-desk-3\/#primaryimage\"},\"image\":{\"@id\":\"https:\/\/blulegal.com\/de\/kompetenzen\/german-desk-3\/#primaryimage\"},\"thumbnailUrl\":\"https:\/\/blulegal.com\/wp-content\/uploads\/2019\/11\/bigstock-Lawyer-Office-Statue-Of-Justi-270799618.jpg\",\"datePublished\":\"2020-01-01T11:41:17+00:00\",\"dateModified\":\"2023-07-07T09:43:39+00:00\",\"description\":\"Polen Desk \u2013 oferujemy profesjonalne doradztwo w zakresie prawa polsko-niemieckiego dla firm i os\u00f3b fizycznych. Sprawd\u017a ofert\u0119!\",\"breadcrumb\":{\"@id\":\"https:\/\/blulegal.com\/de\/kompetenzen\/german-desk-3\/#breadcrumb\"},\"inLanguage\":\"de\",\"potentialAction\":[{\"@type\":\"ReadAction\",\"target\":[\"https:\/\/blulegal.com\/de\/kompetenzen\/german-desk-3\/\"]}]},{\"@type\":\"ImageObject\",\"inLanguage\":\"de\",\"@id\":\"https:\/\/blulegal.com\/de\/kompetenzen\/german-desk-3\/#primaryimage\",\"url\":\"https:\/\/blulegal.com\/wp-content\/uploads\/2019\/11\/bigstock-Lawyer-Office-Statue-Of-Justi-270799618.jpg\",\"contentUrl\":\"https:\/\/blulegal.com\/wp-content\/uploads\/2019\/11\/bigstock-Lawyer-Office-Statue-Of-Justi-270799618.jpg\",\"width\":3861,\"height\":2574},{\"@type\":\"BreadcrumbList\",\"@id\":\"https:\/\/blulegal.com\/de\/kompetenzen\/german-desk-3\/#breadcrumb\",\"itemListElement\":[{\"@type\":\"ListItem\",\"position\":1,\"name\":\"Home\",\"item\":\"https:\/\/blulegal.com\/de\/\"},{\"@type\":\"ListItem\",\"position\":2,\"name\":\"Kompetenzen\",\"item\":\"https:\/\/blulegal.com\/de\/specjalizacje\/\"},{\"@type\":\"ListItem\",\"position\":3,\"name\":\"Polen Desk\"}]},{\"@type\":\"WebSite\",\"@id\":\"https:\/\/blulegal.com\/de\/#website\",\"url\":\"https:\/\/blulegal.com\/de\/\",\"name\":\"BLU Legal\",\"description\":\"\",\"publisher\":{\"@id\":\"https:\/\/blulegal.com\/de\/#organization\"},\"potentialAction\":[{\"@type\":\"SearchAction\",\"target\":{\"@type\":\"EntryPoint\",\"urlTemplate\":\"https:\/\/blulegal.com\/de\/?s={search_term_string}\"},\"query-input\":{\"@type\":\"PropertyValueSpecification\",\"valueRequired\":true,\"valueName\":\"search_term_string\"}}],\"inLanguage\":\"de\"},{\"@type\":\"Organization\",\"@id\":\"https:\/\/blulegal.com\/de\/#organization\",\"name\":\"Blu Legal\",\"url\":\"https:\/\/blulegal.com\/de\/\",\"logo\":{\"@type\":\"ImageObject\",\"inLanguage\":\"de\",\"@id\":\"https:\/\/blulegal.com\/de\/#\/schema\/logo\/image\/\",\"url\":\"https:\/\/blulegal.com\/wp-content\/uploads\/2023\/05\/logo-blu.png\",\"contentUrl\":\"https:\/\/blulegal.com\/wp-content\/uploads\/2023\/05\/logo-blu.png\",\"width\":225,\"height\":116,\"caption\":\"Blu Legal\"},\"image\":{\"@id\":\"https:\/\/blulegal.com\/de\/#\/schema\/logo\/image\/\"}}]}<\/script>\n<!-- \/ Yoast SEO plugin. -->","yoast_head_json":{"title":"Polnisch sprechende Anw\u00e4lte in Deutschland","description":"Polen Desk \u2013 oferujemy profesjonalne doradztwo w zakresie prawa polsko-niemieckiego dla firm i os\u00f3b fizycznych. Sprawd\u017a ofert\u0119!","robots":{"index":"index","follow":"follow","max-snippet":"max-snippet:-1","max-image-preview":"max-image-preview:large","max-video-preview":"max-video-preview:-1"},"canonical":"https:\/\/blulegal.com\/de\/kompetenzen\/german-desk-3\/","og_locale":"de_DE","og_type":"article","og_title":"Polnisch sprechende Anw\u00e4lte in Deutschland","og_description":"Polen Desk \u2013 oferujemy profesjonalne doradztwo w zakresie prawa polsko-niemieckiego dla firm i os\u00f3b fizycznych. Sprawd\u017a ofert\u0119!","og_url":"https:\/\/blulegal.com\/de\/kompetenzen\/german-desk-3\/","og_site_name":"BLU Legal","article_modified_time":"2023-07-07T09:43:39+00:00","og_image":[{"width":3861,"height":2574,"url":"https:\/\/blulegal.com\/wp-content\/uploads\/2019\/11\/bigstock-Lawyer-Office-Statue-Of-Justi-270799618.jpg","type":"image\/jpeg"}],"twitter_card":"summary_large_image","twitter_misc":{"Gesch\u00e4tzte Lesezeit":"2\u00a0Minuten"},"schema":{"@context":"https:\/\/schema.org","@graph":[{"@type":"WebPage","@id":"https:\/\/blulegal.com\/de\/kompetenzen\/german-desk-3\/","url":"https:\/\/blulegal.com\/de\/kompetenzen\/german-desk-3\/","name":"Polnisch sprechende Anw\u00e4lte in Deutschland","isPartOf":{"@id":"https:\/\/blulegal.com\/de\/#website"},"primaryImageOfPage":{"@id":"https:\/\/blulegal.com\/de\/kompetenzen\/german-desk-3\/#primaryimage"},"image":{"@id":"https:\/\/blulegal.com\/de\/kompetenzen\/german-desk-3\/#primaryimage"},"thumbnailUrl":"https:\/\/blulegal.com\/wp-content\/uploads\/2019\/11\/bigstock-Lawyer-Office-Statue-Of-Justi-270799618.jpg","datePublished":"2020-01-01T11:41:17+00:00","dateModified":"2023-07-07T09:43:39+00:00","description":"Polen Desk \u2013 oferujemy profesjonalne doradztwo w zakresie prawa polsko-niemieckiego dla firm i os\u00f3b fizycznych. Sprawd\u017a ofert\u0119!","breadcrumb":{"@id":"https:\/\/blulegal.com\/de\/kompetenzen\/german-desk-3\/#breadcrumb"},"inLanguage":"de","potentialAction":[{"@type":"ReadAction","target":["https:\/\/blulegal.com\/de\/kompetenzen\/german-desk-3\/"]}]},{"@type":"ImageObject","inLanguage":"de","@id":"https:\/\/blulegal.com\/de\/kompetenzen\/german-desk-3\/#primaryimage","url":"https:\/\/blulegal.com\/wp-content\/uploads\/2019\/11\/bigstock-Lawyer-Office-Statue-Of-Justi-270799618.jpg","contentUrl":"https:\/\/blulegal.com\/wp-content\/uploads\/2019\/11\/bigstock-Lawyer-Office-Statue-Of-Justi-270799618.jpg","width":3861,"height":2574},{"@type":"BreadcrumbList","@id":"https:\/\/blulegal.com\/de\/kompetenzen\/german-desk-3\/#breadcrumb","itemListElement":[{"@type":"ListItem","position":1,"name":"Home","item":"https:\/\/blulegal.com\/de\/"},{"@type":"ListItem","position":2,"name":"Kompetenzen","item":"https:\/\/blulegal.com\/de\/specjalizacje\/"},{"@type":"ListItem","position":3,"name":"Polen Desk"}]},{"@type":"WebSite","@id":"https:\/\/blulegal.com\/de\/#website","url":"https:\/\/blulegal.com\/de\/","name":"BLU Legal","description":"","publisher":{"@id":"https:\/\/blulegal.com\/de\/#organization"},"potentialAction":[{"@type":"SearchAction","target":{"@type":"EntryPoint","urlTemplate":"https:\/\/blulegal.com\/de\/?s={search_term_string}"},"query-input":{"@type":"PropertyValueSpecification","valueRequired":true,"valueName":"search_term_string"}}],"inLanguage":"de"},{"@type":"Organization","@id":"https:\/\/blulegal.com\/de\/#organization","name":"Blu Legal","url":"https:\/\/blulegal.com\/de\/","logo":{"@type":"ImageObject","inLanguage":"de","@id":"https:\/\/blulegal.com\/de\/#\/schema\/logo\/image\/","url":"https:\/\/blulegal.com\/wp-content\/uploads\/2023\/05\/logo-blu.png","contentUrl":"https:\/\/blulegal.com\/wp-content\/uploads\/2023\/05\/logo-blu.png","width":225,"height":116,"caption":"Blu Legal"},"image":{"@id":"https:\/\/blulegal.com\/de\/#\/schema\/logo\/image\/"}}]}},"_links":{"self":[{"href":"https:\/\/blulegal.com\/de\/wp-json\/wp\/v2\/pages\/82","targetHints":{"allow":["GET"]}}],"collection":[{"href":"https:\/\/blulegal.com\/de\/wp-json\/wp\/v2\/pages"}],"about":[{"href":"https:\/\/blulegal.com\/de\/wp-json\/wp\/v2\/types\/page"}],"author":[{"embeddable":true,"href":"https:\/\/blulegal.com\/de\/wp-json\/wp\/v2\/users\/3"}],"replies":[{"embeddable":true,"href":"https:\/\/blulegal.com\/de\/wp-json\/wp\/v2\/comments?post=82"}],"version-history":[{"count":27,"href":"https:\/\/blulegal.com\/de\/wp-json\/wp\/v2\/pages\/82\/revisions"}],"predecessor-version":[{"id":3059,"href":"https:\/\/blulegal.com\/de\/wp-json\/wp\/v2\/pages\/82\/revisions\/3059"}],"up":[{"embeddable":true,"href":"https:\/\/blulegal.com\/de\/wp-json\/wp\/v2\/pages\/95"}],"wp:featuredmedia":[{"embeddable":true,"href":"https:\/\/blulegal.com\/de\/wp-json\/wp\/v2\/media\/240"}],"wp:attachment":[{"href":"https:\/\/blulegal.com\/de\/wp-json\/wp\/v2\/media?parent=82"}],"curies":[{"name":"wp","href":"https:\/\/api.w.org\/{rel}","templated":true}]}}