{"id":833,"date":"2020-01-16T07:17:44","date_gmt":"2020-01-16T07:17:44","guid":{"rendered":"https:\/\/blulegal.com\/?page_id=833"},"modified":"2022-10-29T11:46:35","modified_gmt":"2022-10-29T11:46:35","slug":"entsendung","status":"publish","type":"page","link":"https:\/\/blulegal.com\/de\/entsendung\/","title":{"rendered":"Entsendung"},"content":{"rendered":"\n<div class=\"wp-block-columns has-2-columns image-text-block image-text-block--narrow image-right is-layout-flex wp-container-core-columns-is-layout-9d6595d7 wp-block-columns-is-layout-flex\">\n<div class=\"wp-block-column is-layout-flow wp-block-column-is-layout-flow\">\n<p>Die Rechtsanwaltskanzlei BLU Law &amp; Outsourcing ist eine  Rechtsanwaltskanzlei mit fundierter Position bei Firmen, welche  ausl\u00e4ndische Projekte in Deutschland umsetzen und Arbeitnehmer nach  Deutschland entsenden. Unsere Position bei inl\u00e4ndischen Unternehmern,  welche Arbeitnehmer nach Deutschland entsenden, eroberten wir in den  letzten Jahren, indem wir sie in diesem grenz\u00fcbergreifenden und  schwierigen Rechtsgebiet zuverl\u00e4ssig und kompetent berieten, da  Kenntnisse von drei Rechtssystemen (polnisches Recht, deutsches Recht  und europ\u00e4isches Recht) auf dem Gebiet vieler Rechtsgebiete, darunter  Arbeits-, Sozial-, Steuer-, Verwaltungs- und Handelsrecht ben\u00f6tigt  werden. \u00dcber Jahre unserer Arbeit hinweg scheuten wir keine  Herausforderungen, vor welche wir von unseren Kunden, die Vertr\u00e4ge im  Ausland umsetzten, gestellt wurden.  Dank partnerschaftlicher Beziehungen mit deutschen Steuerberatern und  Rechtsanw\u00e4lten haben wir einen deutsch-polnischen Team von Juristen und  Beratern geschaffen, der unsere Kunden in diesem schwierigen  Rechtsgebiet der Arbeitnehmer\u00fcberlassung unterst\u00fctzt. <\/p>\n<\/div>\n\n\n\n<div class=\"wp-block-column is-layout-flow wp-block-column-is-layout-flow\">\n<figure class=\"wp-block-image image-text-block__image image-text-block__image--narrow\"><img loading=\"lazy\" decoding=\"async\" width=\"444\" height=\"551\" src=\"https:\/\/blulegal.com\/wp-content\/uploads\/2019\/11\/bigstock-Lawyer-Office-Statue-Of-Justi-270799618-444x551.jpg\" alt=\"\" class=\"wp-image-240\"\/><\/figure>\n<\/div>\n<\/div>\n\n\n\n<div class=\"wp-block-columns has-2-columns image-text-block image-text-block--narrow image-left is-layout-flex wp-container-core-columns-is-layout-9d6595d7 wp-block-columns-is-layout-flex\">\n<div class=\"wp-block-column is-layout-flow wp-block-column-is-layout-flow\">\n<figure class=\"wp-block-image image-text-block__image image-text-block__image--narrow image-left\"><img loading=\"lazy\" decoding=\"async\" width=\"444\" height=\"551\" src=\"https:\/\/blulegal.com\/wp-content\/uploads\/2019\/11\/bigstock-Businessman-And-Male-Lawyer-Or-244150996-1-min-444x551.jpg\" alt=\"\" class=\"wp-image-244\"\/><\/figure>\n<\/div>\n\n\n\n<div class=\"wp-block-column is-layout-flow wp-block-column-is-layout-flow\">\n<p class=\"image-text-block__text\">  In der T\u00e4tigkeit  unserer Kanzlei machen wir besonders auf die  Beachtung  der ethischen  Grunds\u00e4tze des Rechtsanwaltes aufmerksam und  unser  Wissen erweitern und  aktualisieren wir jeden Tag.   Durch die  flie\u00dfende Deutsch- und Englischkenntnisse als auch durch Erfahrungen  unserer Juristen, die an polnischen sowie an ausl\u00e4ndischen Hochschulen  erworben wurden, sind wir auf s\u00e4mtliche Neuigkeiten im Rechtssystem  unseres westlichen Nachbarn und auf Reformen des europ\u00e4ischen Rechts im  Bereich der \u00dcberlassung, die an uns aus Br\u00fcssel gelangen, offen. Wir  haben einen Team geschaffen, dem viele polnische Unternehmer, die  t\u00e4glich auf dem deutschen Markt t\u00e4tig sind, vertrauen. Das durch Frau RA  Dr. Katarzyna Styrna-Bartman gef\u00fchrte Blog zum Thema \u00dcberlassung, als  auch zahlreiche Ver\u00f6ffentlichungen unserer Kanzlei, die dieser Thematik  bei Qualit\u00e4tszeitungen \u201eRzeczpospolita\u201c und \u201eDziennik Gazeta Prawna\u201c  gewidmet sind, stellen f\u00fcr viele Unternehmer eine wertvolle  Wissensquelle dar.  <br><br><\/p>\n<\/div>\n<\/div>\n\n\n\n<div class=\"wp-block-button is-style-arrow\"><a class=\"wp-block-button__link\" href=\"https:\/\/blulegal.com\/de\/kompetenzen\/osteuropa-arbeitnehmerentsendung\/\">ERFAHREN SIE MEHR<\/a><\/div>\n","protected":false},"excerpt":{"rendered":"<p>Die Rechtsanwaltskanzlei BLU Law &amp; Outsourcing ist eine Rechtsanwaltskanzlei mit fundierter Position bei Firmen, welche<\/p>\n","protected":false},"author":3,"featured_media":232,"parent":0,"menu_order":0,"comment_status":"closed","ping_status":"closed","template":"","meta":{"_acf_changed":false,"footnotes":""},"class_list":["post-833","page","type-page","status-publish","has-post-thumbnail","hentry"],"acf":[],"yoast_head":"<!-- This site is optimized with the Yoast SEO plugin v27.2 - https:\/\/yoast.com\/product\/yoast-seo-wordpress\/ -->\n<title>BLU Legal &#8226; Ihre Experten f\u00fcr Arbeitnehmerentsendung in Osteuropa<\/title>\n<meta name=\"description\" content=\"Ihre Experten f\u00fcr Arbeitnehmerentsendung in Osteuropa\" \/>\n<meta name=\"robots\" content=\"index, follow, max-snippet:-1, max-image-preview:large, max-video-preview:-1\" \/>\n<link rel=\"canonical\" href=\"https:\/\/blulegal.com\/de\/entsendung\/\" \/>\n<meta property=\"og:locale\" content=\"de_DE\" \/>\n<meta property=\"og:type\" content=\"article\" \/>\n<meta property=\"og:title\" content=\"BLU Legal &#8226; Ihre Experten f\u00fcr Arbeitnehmerentsendung in Osteuropa\" \/>\n<meta property=\"og:description\" content=\"Ihre Experten f\u00fcr Arbeitnehmerentsendung in Osteuropa\" \/>\n<meta property=\"og:url\" content=\"https:\/\/blulegal.com\/de\/entsendung\/\" \/>\n<meta property=\"og:site_name\" content=\"BLU Legal\" \/>\n<meta property=\"article:modified_time\" content=\"2022-10-29T11:46:35+00:00\" \/>\n<meta property=\"og:image\" content=\"https:\/\/blulegal.com\/wp-content\/uploads\/2019\/11\/bigstock-Male-Lawyer-Or-Judge-Working-W-290555113-min.jpg\" \/>\n\t<meta property=\"og:image:width\" content=\"4735\" \/>\n\t<meta property=\"og:image:height\" content=\"3157\" \/>\n\t<meta property=\"og:image:type\" content=\"image\/jpeg\" \/>\n<meta name=\"twitter:card\" content=\"summary_large_image\" \/>\n<meta name=\"twitter:label1\" content=\"Gesch\u00e4tzte Lesezeit\" \/>\n\t<meta name=\"twitter:data1\" content=\"1\u00a0Minute\" \/>\n<script type=\"application\/ld+json\" class=\"yoast-schema-graph\">{\"@context\":\"https:\/\/schema.org\",\"@graph\":[{\"@type\":\"WebPage\",\"@id\":\"https:\/\/blulegal.com\/de\/entsendung\/\",\"url\":\"https:\/\/blulegal.com\/de\/entsendung\/\",\"name\":\"BLU Legal &#8226; Ihre Experten f\u00fcr Arbeitnehmerentsendung in Osteuropa\",\"isPartOf\":{\"@id\":\"https:\/\/blulegal.com\/de\/#website\"},\"primaryImageOfPage\":{\"@id\":\"https:\/\/blulegal.com\/de\/entsendung\/#primaryimage\"},\"image\":{\"@id\":\"https:\/\/blulegal.com\/de\/entsendung\/#primaryimage\"},\"thumbnailUrl\":\"https:\/\/blulegal.com\/wp-content\/uploads\/2019\/11\/bigstock-Male-Lawyer-Or-Judge-Working-W-290555113-min.jpg\",\"datePublished\":\"2020-01-16T07:17:44+00:00\",\"dateModified\":\"2022-10-29T11:46:35+00:00\",\"description\":\"Ihre Experten f\u00fcr Arbeitnehmerentsendung in Osteuropa\",\"breadcrumb\":{\"@id\":\"https:\/\/blulegal.com\/de\/entsendung\/#breadcrumb\"},\"inLanguage\":\"de\",\"potentialAction\":[{\"@type\":\"ReadAction\",\"target\":[\"https:\/\/blulegal.com\/de\/entsendung\/\"]}]},{\"@type\":\"ImageObject\",\"inLanguage\":\"de\",\"@id\":\"https:\/\/blulegal.com\/de\/entsendung\/#primaryimage\",\"url\":\"https:\/\/blulegal.com\/wp-content\/uploads\/2019\/11\/bigstock-Male-Lawyer-Or-Judge-Working-W-290555113-min.jpg\",\"contentUrl\":\"https:\/\/blulegal.com\/wp-content\/uploads\/2019\/11\/bigstock-Male-Lawyer-Or-Judge-Working-W-290555113-min.jpg\",\"width\":4735,\"height\":3157},{\"@type\":\"BreadcrumbList\",\"@id\":\"https:\/\/blulegal.com\/de\/entsendung\/#breadcrumb\",\"itemListElement\":[{\"@type\":\"ListItem\",\"position\":1,\"name\":\"Home\",\"item\":\"https:\/\/blulegal.com\/de\/\"},{\"@type\":\"ListItem\",\"position\":2,\"name\":\"Entsendung\"}]},{\"@type\":\"WebSite\",\"@id\":\"https:\/\/blulegal.com\/de\/#website\",\"url\":\"https:\/\/blulegal.com\/de\/\",\"name\":\"BLU Legal\",\"description\":\"\",\"publisher\":{\"@id\":\"https:\/\/blulegal.com\/de\/#organization\"},\"potentialAction\":[{\"@type\":\"SearchAction\",\"target\":{\"@type\":\"EntryPoint\",\"urlTemplate\":\"https:\/\/blulegal.com\/de\/?s={search_term_string}\"},\"query-input\":{\"@type\":\"PropertyValueSpecification\",\"valueRequired\":true,\"valueName\":\"search_term_string\"}}],\"inLanguage\":\"de\"},{\"@type\":\"Organization\",\"@id\":\"https:\/\/blulegal.com\/de\/#organization\",\"name\":\"Blu Legal\",\"url\":\"https:\/\/blulegal.com\/de\/\",\"logo\":{\"@type\":\"ImageObject\",\"inLanguage\":\"de\",\"@id\":\"https:\/\/blulegal.com\/de\/#\/schema\/logo\/image\/\",\"url\":\"https:\/\/blulegal.com\/wp-content\/uploads\/2023\/05\/logo-blu.png\",\"contentUrl\":\"https:\/\/blulegal.com\/wp-content\/uploads\/2023\/05\/logo-blu.png\",\"width\":225,\"height\":116,\"caption\":\"Blu Legal\"},\"image\":{\"@id\":\"https:\/\/blulegal.com\/de\/#\/schema\/logo\/image\/\"}}]}<\/script>\n<!-- \/ Yoast SEO plugin. -->","yoast_head_json":{"title":"BLU Legal &#8226; Ihre Experten f\u00fcr Arbeitnehmerentsendung in Osteuropa","description":"Ihre Experten f\u00fcr Arbeitnehmerentsendung in Osteuropa","robots":{"index":"index","follow":"follow","max-snippet":"max-snippet:-1","max-image-preview":"max-image-preview:large","max-video-preview":"max-video-preview:-1"},"canonical":"https:\/\/blulegal.com\/de\/entsendung\/","og_locale":"de_DE","og_type":"article","og_title":"BLU Legal &#8226; Ihre Experten f\u00fcr Arbeitnehmerentsendung in Osteuropa","og_description":"Ihre Experten f\u00fcr Arbeitnehmerentsendung in Osteuropa","og_url":"https:\/\/blulegal.com\/de\/entsendung\/","og_site_name":"BLU Legal","article_modified_time":"2022-10-29T11:46:35+00:00","og_image":[{"width":4735,"height":3157,"url":"https:\/\/blulegal.com\/wp-content\/uploads\/2019\/11\/bigstock-Male-Lawyer-Or-Judge-Working-W-290555113-min.jpg","type":"image\/jpeg"}],"twitter_card":"summary_large_image","twitter_misc":{"Gesch\u00e4tzte Lesezeit":"1\u00a0Minute"},"schema":{"@context":"https:\/\/schema.org","@graph":[{"@type":"WebPage","@id":"https:\/\/blulegal.com\/de\/entsendung\/","url":"https:\/\/blulegal.com\/de\/entsendung\/","name":"BLU Legal &#8226; Ihre Experten f\u00fcr Arbeitnehmerentsendung in Osteuropa","isPartOf":{"@id":"https:\/\/blulegal.com\/de\/#website"},"primaryImageOfPage":{"@id":"https:\/\/blulegal.com\/de\/entsendung\/#primaryimage"},"image":{"@id":"https:\/\/blulegal.com\/de\/entsendung\/#primaryimage"},"thumbnailUrl":"https:\/\/blulegal.com\/wp-content\/uploads\/2019\/11\/bigstock-Male-Lawyer-Or-Judge-Working-W-290555113-min.jpg","datePublished":"2020-01-16T07:17:44+00:00","dateModified":"2022-10-29T11:46:35+00:00","description":"Ihre Experten f\u00fcr Arbeitnehmerentsendung in Osteuropa","breadcrumb":{"@id":"https:\/\/blulegal.com\/de\/entsendung\/#breadcrumb"},"inLanguage":"de","potentialAction":[{"@type":"ReadAction","target":["https:\/\/blulegal.com\/de\/entsendung\/"]}]},{"@type":"ImageObject","inLanguage":"de","@id":"https:\/\/blulegal.com\/de\/entsendung\/#primaryimage","url":"https:\/\/blulegal.com\/wp-content\/uploads\/2019\/11\/bigstock-Male-Lawyer-Or-Judge-Working-W-290555113-min.jpg","contentUrl":"https:\/\/blulegal.com\/wp-content\/uploads\/2019\/11\/bigstock-Male-Lawyer-Or-Judge-Working-W-290555113-min.jpg","width":4735,"height":3157},{"@type":"BreadcrumbList","@id":"https:\/\/blulegal.com\/de\/entsendung\/#breadcrumb","itemListElement":[{"@type":"ListItem","position":1,"name":"Home","item":"https:\/\/blulegal.com\/de\/"},{"@type":"ListItem","position":2,"name":"Entsendung"}]},{"@type":"WebSite","@id":"https:\/\/blulegal.com\/de\/#website","url":"https:\/\/blulegal.com\/de\/","name":"BLU Legal","description":"","publisher":{"@id":"https:\/\/blulegal.com\/de\/#organization"},"potentialAction":[{"@type":"SearchAction","target":{"@type":"EntryPoint","urlTemplate":"https:\/\/blulegal.com\/de\/?s={search_term_string}"},"query-input":{"@type":"PropertyValueSpecification","valueRequired":true,"valueName":"search_term_string"}}],"inLanguage":"de"},{"@type":"Organization","@id":"https:\/\/blulegal.com\/de\/#organization","name":"Blu Legal","url":"https:\/\/blulegal.com\/de\/","logo":{"@type":"ImageObject","inLanguage":"de","@id":"https:\/\/blulegal.com\/de\/#\/schema\/logo\/image\/","url":"https:\/\/blulegal.com\/wp-content\/uploads\/2023\/05\/logo-blu.png","contentUrl":"https:\/\/blulegal.com\/wp-content\/uploads\/2023\/05\/logo-blu.png","width":225,"height":116,"caption":"Blu Legal"},"image":{"@id":"https:\/\/blulegal.com\/de\/#\/schema\/logo\/image\/"}}]}},"_links":{"self":[{"href":"https:\/\/blulegal.com\/de\/wp-json\/wp\/v2\/pages\/833","targetHints":{"allow":["GET"]}}],"collection":[{"href":"https:\/\/blulegal.com\/de\/wp-json\/wp\/v2\/pages"}],"about":[{"href":"https:\/\/blulegal.com\/de\/wp-json\/wp\/v2\/types\/page"}],"author":[{"embeddable":true,"href":"https:\/\/blulegal.com\/de\/wp-json\/wp\/v2\/users\/3"}],"replies":[{"embeddable":true,"href":"https:\/\/blulegal.com\/de\/wp-json\/wp\/v2\/comments?post=833"}],"version-history":[{"count":6,"href":"https:\/\/blulegal.com\/de\/wp-json\/wp\/v2\/pages\/833\/revisions"}],"predecessor-version":[{"id":2853,"href":"https:\/\/blulegal.com\/de\/wp-json\/wp\/v2\/pages\/833\/revisions\/2853"}],"wp:featuredmedia":[{"embeddable":true,"href":"https:\/\/blulegal.com\/de\/wp-json\/wp\/v2\/media\/232"}],"wp:attachment":[{"href":"https:\/\/blulegal.com\/de\/wp-json\/wp\/v2\/media?parent=833"}],"curies":[{"name":"wp","href":"https:\/\/api.w.org\/{rel}","templated":true}]}}