{"id":84,"date":"2019-11-26T11:41:17","date_gmt":"2019-11-26T11:41:17","guid":{"rendered":"https:\/\/blulegal.com\/presse-medien\/"},"modified":"2023-05-22T09:42:15","modified_gmt":"2023-05-22T09:42:15","slug":"presse-medien","status":"publish","type":"page","link":"https:\/\/blulegal.com\/de\/presse-medien\/","title":{"rendered":"Presse\/Medien"},"content":{"rendered":"\n<div class=\"wp-block-columns has-2-columns image-text-block image-right is-layout-flex wp-container-core-columns-is-layout-9d6595d7 wp-block-columns-is-layout-flex\">\n<div class=\"wp-block-column is-layout-flow wp-block-column-is-layout-flow\">\n<h6 class=\"image-text-block__pretitle wp-block-heading\">\u00a7 01<\/h6>\n\n\n\n<h3 class=\"image-text-block__title wp-block-heading\">Dziennik Gazeta Prawna<\/h3>\n\n\n\n<ul class=\"image-text-block__text wp-block-list\"><li> <a href=\"https:\/\/praca.gazetaprawna.pl\/artykuly\/8553196,delegowanie-pracownikow-dane-dyrektywa-niemcy.html\"><em>Delegowani (jeszcze) bez informacji o warunkach zatrudnienia<\/em><\/a>, 22.09.2022, Dr. jur. Katarzyna Styrna-Bartman, LL.M.; <\/li><li><em><a href=\"https:\/\/serwisy.gazetaprawna.pl\/emerytury-i-renty\/artykuly\/8446590,srednioroczne-zatrudnienie-zleceniobiorcy-zus-wykladnia-wydluzenie-kontroli.html\">Przez b\u0142\u0119dn\u0105 wyk\u0142adni\u0119 prawa ZUS wyd\u0142u\u017ca kontrole<\/a><\/em>, 09.06.2022, Dr.jur. Katarzyna Styrna-Bartman, LLM., Kazimiera Wijatyk-Kubicka;  <\/li><li> <a href=\"https:\/\/praca.gazetaprawna.pl\/artykuly\/8420044,agencja-pracy-tymczasowej-za-granica-prawo-pracy.html\"><em>A<\/em>g<em>encja pracy tymczasowej za granic\u0105 to organizacyjne i prawne wyzwanie dla pracodawcy <\/em><\/a>, 19.05.2022, Dr. jur. Katarzyna Styrna-Bartman, LL.M.; <\/li><li><em><a href=\"https:\/\/edgp.gazetaprawna.pl\/e-wydanie\/58406,31-marca-2022\/74352,Kadry-i-place\/779022,Polska-firma-nie-deleguje-Ukraincow-do-Niemiec-ale-zatrudni-na-miejscu.html\">Polska firma nie deleguje Ukrai\u0144c\u00f3w do Niemiec, ale zatrudni na miejscu<\/a><\/em>, 31.03.2022, Dr. jur. Katarzyna Styrna-Bartmann, LL.M.;  <\/li><li><a href=\"https:\/\/praca.gazetaprawna.pl\/artykuly\/8281246,okreslenie-prawa-wlasciwego-dla-pracownika-delegowanego.html\"><em>Okre\u015blenie prawa w\u0142a\u015bciwego dla pracownika delegowanego<\/em><\/a>,  01.11.2021, Dr. jur. Katarzyna Styrna-Bartmann, LL.M.; <\/li><li> <a href=\"https:\/\/serwisy.gazetaprawna.pl\/praca-i-kariera\/artykuly\/1488807,warunki-pracy-w-niemczech-pracownik-dlugoterminowy.html\"><em>Regionalny uk\u0142ad zbiorowy podyktuje warunki pracy w Niemczech<\/em><\/a>, 20.08.2020, Dr. jur. Katarzyna Styrna-Bartman, LL.M.; <\/li><li><a href=\"https:\/\/serwisy.gazetaprawna.pl\/praca-i-kariera\/artykuly\/1487299,delegowanie-koszty-wyslania-pracownika-za-granice.html\"><em>Koszty wys\u0142ania pracownika za granic\u0119 mog\u0105 by\u0107 osi\u0105 sporu z tamtejsz\u0105 inspekcj\u0105<\/em><\/a>, 30.07.2020, Dr. jur. Katarzyna Styrna-Bartman, LL.M.; <\/li><li><em><a href=\"https:\/\/serwisy.gazetaprawna.pl\/praca-i-kariera\/artykuly\/1457578,delegowanie-pracownikow-niemcy-niekorzystne-zmiany.html\">Delegowanie za zachodni\u0105 granic\u0119 po 30 lipca 2020 r. Niemcy proponuj\u0105 zmiany w prawie<\/a><\/em>, 05.03.2020, Dr. jur. Katarzyna Styrna-Bartman, LL. M.;<\/li><li><em><a href=\"https:\/\/serwisy.gazetaprawna.pl\/praca-i-kariera\/artykuly\/1457565,niemiecki-rynek-pracy-dla-osob-spoza-ue.html\">Niemiecki rynek pracy dla os\u00f3b spoza UE. U\u0142atwienia za <\/a><\/em><br><em><a href=\"https:\/\/serwisy.gazetaprawna.pl\/praca-i-kariera\/artykuly\/1457565,niemiecki-rynek-pracy-dla-osob-spoza-ue.html\">Odr\u0105 jedynie dla fachowc\u00f3w<\/a><\/em><a href=\"https:\/\/serwisy.gazetaprawna.pl\/praca-i-kariera\/artykuly\/1457565,niemiecki-rynek-pracy-dla-osob-spoza-ue.html\">,<\/a> 05.03.2020, Dr. jur. Katarzyna Styrna-Bartman, LL.M.; <\/li><li><a href=\"https:\/\/edgp.gazetaprawna.pl\/e-wydanie\/1269,4-kwietnia-2018\/5620,Ubezpieczenia-i-swiadczenia\/663899,Urzedy-roznych-krajow-nie-sa-zgodne-kto-ma-wyplacac-swiadczenie.html\"><em>Urz\u0119dy r\u00f3\u017cnych kraj\u00f3w nie s\u0105 zgodne, kto ma wyp\u0142aca\u0107 \u015bwiadczenie<\/em>,<\/a> 05.04.2018, Dr. jur. Katarzyna Styrna-Bartman, LL. M.; <\/li><li><a href=\"https:\/\/edgp.gazetaprawna.pl\/wydanie\/1259,23-marca-2018\/5578,Tygodnik-Gazeta-Prawna\/8\"><em>Niemcy od dawna gromadz\u0105 przepracowane nadgodziny.<\/em><\/a><br><a href=\"https:\/\/edgp.gazetaprawna.pl\/wydanie\/1259,23-marca-2018\/5578,Tygodnik-Gazeta-Prawna\/8\"><em>I jest to rozwi\u0105zanie dla ka\u017cdego.<\/em><\/a>, 23.03.2018, Dr. jur. Katarzyna Styrna-Bartman, LL. M.;<\/li><li><a href=\"https:\/\/www.gazetaprawna.pl\/amp\/1033119,najnowsze-zmiany-w-niemieckich-przepisach-wazne-dla-firm-delegujacych-z-polski.html\"><em>Najnowsze zmiany w niemieckich przepisach wa\u017cne dla firm deleguj\u0105cych z Polski,<\/em><\/a> 06.04.2017, Dr. jur. Katarzyna<br>Styrna-Bartman, LL. M.; <\/li><li><a href=\"https:\/\/edgp.gazetaprawna.pl\/e-wydanie\/906,3-lutego-2017\/4255,Tygodnik-Gazeta-Prawna\/642061,Berlin-za-zmianami-w-leasingu-pracowniczym-i-rowna-placa.html\"><em>Pozorny kontrakt z niemieck\u0105 firm\u0105 bez ochrony<\/em><\/a><em>,<\/em> 03.02.2017,<br>Dr. jur. Katarzyna Styrna-Bartman, LL. M.; <\/li><li><em><a aria-label=\" (opens in a new tab)\" rel=\"noopener noreferrer\" href=\"http:\/\/serwisy.gazetaprawna.pl\/praca-i-kariera\/artykuly\/1009678,umowy-pozorne-w-niemczech.html\" target=\"_blank\">Niemcy id\u0105 na wojn\u0119 z pozornymi umowami<\/a><\/em>, 12.01.2017, <br>Dr. jur. Katarzyna Styrna-Bartman, LL. M.;<\/li><li><em><a aria-label=\" (opens in a new tab)\" rel=\"noreferrer noopener\" href=\"https:\/\/praca.gazetaprawna.pl\/artykuly\/1006134,chwilowe-zmniejszenie-nadzorunad-firmami-delegujacymi-pracownikow-do-niemiec.html\" target=\"_blank\">Mniejszy nadz\u00f3r nad firmami deleguj\u0105cymi pracownik\u00f3w do Niemiec tylko chwilowy<\/a>,<\/em>&nbsp;29.12.2016, Dr. jur. Katarzyna<br>Styrna-Bartman, LL. M.;<\/li><li><a href=\"http:\/\/www.gazetaprawna.pl\/artykuly\/893750,nabycie-firmy-sposob-na-szybsze-wejscie-na-rynek-niemiecki.html\"><em>Nabycie firmy \u2013 spos\u00f3b na szybsze wej\u015bcie na rynek niemiecki<\/em><\/a>, 15.09.2015,&nbsp;Dr. jur. Katarzyna Styrna-Bartman, LL. M.;<\/li><li><a href=\"http:\/\/biznes.gazetaprawna.pl\/galerie\/892465,duze-zdjecie,2,jak-rozpoczac-prowadzenie-dzialalnosci-gospodarczej-w-niemczech.html\"><em>Jak rozpocz\u0105\u0107 prowadzenie dzia\u0142alno\u015bci gospodarczej<\/em><\/a><br><a href=\"http:\/\/biznes.gazetaprawna.pl\/galerie\/892465,duze-zdjecie,2,jak-rozpoczac-prowadzenie-dzialalnosci-gospodarczej-w-niemczech.html\"><em>w Niemczech<\/em><\/a>, 08.09.2015,&nbsp; Dr. Katarzyna Styrna-Bartman, LL. M.;<\/li><li>Lehrmeinung bzgl. der Ver\u00f6ffentlichung:&nbsp;<a href=\"http:\/\/serwisy.gazetaprawna.pl\/msp\/artykuly\/889011,uwaga-na-niemieckie-firmy-ich-syndyk-moze-zabrac-nasze-pieniadze-zgodnie-z-prawem.html\"><em>Uwaga na niemieckie firmy \u2013 ich syndyk mo\u017cne zabra\u0107 nasze pieni\u0105dze zgodnie<\/em><\/a><br><a href=\"http:\/\/serwisy.gazetaprawna.pl\/msp\/artykuly\/889011,uwaga-na-niemieckie-firmy-ich-syndyk-moze-zabrac-nasze-pieniadze-zgodnie-z-prawem.html\"><em>z prawem<\/em><\/a>, 18.08.2015, Dr. jur. Katarzyna Styrna-Bartman, LL. M.<\/li><\/ul>\n<\/div>\n\n\n\n<div class=\"wp-block-column is-layout-flow wp-block-column-is-layout-flow\">\n<figure class=\"wp-block-image image-text-block__image\"><img loading=\"lazy\" decoding=\"async\" width=\"570\" height=\"551\" src=\"https:\/\/blulegal.com\/wp-content\/uploads\/2019\/11\/bigstock-Male-Lawyer-Or-Judge-Working-W-290555113-min-570x551.jpg\" alt=\"\" class=\"wp-image-232\"\/><\/figure>\n<\/div>\n<\/div>\n\n\n\n<div class=\"wp-block-columns has-2-columns image-text-block image-left is-layout-flex wp-container-core-columns-is-layout-9d6595d7 wp-block-columns-is-layout-flex\">\n<div class=\"wp-block-column is-layout-flow wp-block-column-is-layout-flow\">\n<figure class=\"wp-block-image image-text-block__image\"><img loading=\"lazy\" decoding=\"async\" width=\"570\" height=\"551\" src=\"https:\/\/blulegal.com\/wp-content\/uploads\/2019\/11\/kontakt-page_top-570x551.jpg\" alt=\"\" class=\"wp-image-225\"\/><\/figure>\n<\/div>\n\n\n\n<div class=\"wp-block-column is-layout-flow wp-block-column-is-layout-flow\">\n<h6 class=\"image-text-block__pretitle wp-block-heading\">\u00a7 02<\/h6>\n\n\n\n<h3 class=\"image-text-block__title wp-block-heading\">Rzeczpospolita<\/h3>\n\n\n\n<ul class=\"image-text-block__text wp-block-list\"><li><a href=\"http:\/\/www4.rp.pl\/Firma\/309039978-Niemieckie-obowiazki-zgloszeniowe-i-ewidencyjne---kogo-nie-dotycza.html\"><em>Niemieckie obowi\u0105zki zg\u0142oszeniowe i ewidencyjne \u2013 kogo nie dotycz\u0105<\/em><\/a>, 03.09.2015, Dr. jur. Katarzyna Styrna-Bartman, LL. M.;<\/li><li><a href=\"http:\/\/www4.rp.pl\/artykul\/1202524-Polski-szef-musi-stosowac-obce-prawo-pracy-przy-oddelegowaniu.html\"><em>Polski szef musi stosowa\u0107 obce prawo przy oddelegowaniu<\/em><\/a>, 21.05.2015, Dr. jur. Katarzyna Styrna-Bartman, LL. M.;<\/li><li><a href=\"http:\/\/www4.rp.pl\/artykul\/1200642-Wazniejsze-prawo-kraju-oddelegowania-niz-delegujacego.html\"><em>Wa\u017cniejsze prawo kraju oddelegowania ni\u017c deleguj\u0105cego<\/em><\/a>, 14.05.2015, Dr. jur. Katarzyna Styrna-Bartman, LL. M.;<\/li><li><a href=\"http:\/\/www4.rp.pl\/artykul\/1198953-Jak-wycenic-dzien-roboczy-pracownika-w-Niemczech.html\"><em>Jak wyceni\u0107 dzie\u0144 roboczy pracownika w Niemczech<\/em><\/a>, 07.05.2015, Dr. jur. Katarzyna Styrna-Bartman, LL. M.;<\/li><li><a href=\"http:\/\/www4.rp.pl\/artykul\/1197314-Branze-objete-placa-minimalna-w-Niemczech.html\"><em>Niemieckie minimum wyznacza bran\u017ca<\/em><\/a>, 30.04.2015, Dr. jur. Katarzyna Styrna-Bartman, LL. M.<\/li><\/ul>\n<\/div>\n<\/div>\n\n\n\n<div class=\"wp-block-columns has-2-columns image-text-block image-right is-layout-flex wp-container-core-columns-is-layout-9d6595d7 wp-block-columns-is-layout-flex\">\n<div class=\"wp-block-column is-layout-flow wp-block-column-is-layout-flow\">\n<h6 class=\"image-text-block__pretitle wp-block-heading\">\u00a7 03<\/h6>\n\n\n\n<h3 class=\"image-text-block__title wp-block-heading\">De \u2013 iure Verlag<\/h3>\n\n\n\n<ul class=\"image-text-block__text wp-block-list\"><li><a href=\"http:\/\/www.de-iure-pl.org\/showpicsized.php?pic=images%2F2014%2FJul%2F24%2Fl_97.jpg\"><em>Niemiecki kodeks cywilny z wyja\u015bnieniami w t\u0142umaczeniu<\/em><\/a><br><a href=\"http:\/\/www.de-iure-pl.org\/showpicsized.php?pic=images%2F2014%2FJul%2F24%2Fl_97.jpg\"><em>na j\u0119zyk polski<\/em><\/a>, Dr. jur. Katarzyna Styrna-Bartman, LL. M., <br>Dr. Ewa Tuora-Schwierskott;<\/li><li><a href=\"http:\/\/www.de-iure-pl.org\/showpicsized.php?pic=images%2F2014%2FJul%2F24%2Fl_97.jpg\"><em>B\u00fcrgerliches Gesetzbuch mit Erkl\u00e4rungen in polnischer \u00dcbersetzung<\/em><\/a>, Dr. jur. Katarzyna Styrna-Bartman LL. M.,<br>Dr. Ewa Tuora-Schwierskott.<\/li><\/ul>\n<\/div>\n\n\n\n<div class=\"wp-block-column is-layout-flow wp-block-column-is-layout-flow\">\n<figure class=\"wp-block-image image-text-block__image\"><img loading=\"lazy\" decoding=\"async\" width=\"570\" height=\"551\" src=\"https:\/\/blulegal.com\/wp-content\/uploads\/2019\/11\/bigstock-Good-Service-Cooperation-Cons-282815557-570x551.jpg\" alt=\"\" class=\"wp-image-255\"\/><\/figure>\n<\/div>\n<\/div>\n\n\n\n<div class=\"wp-block-columns has-2-columns image-text-block image-left is-layout-flex wp-container-core-columns-is-layout-9d6595d7 wp-block-columns-is-layout-flex\">\n<div class=\"wp-block-column is-layout-flow wp-block-column-is-layout-flow\">\n<figure class=\"wp-block-image image-text-block__image\"><img loading=\"lazy\" decoding=\"async\" width=\"570\" height=\"551\" src=\"https:\/\/blulegal.com\/wp-content\/uploads\/2019\/11\/bigstock-Lawyer-Office-Statue-Of-Justi-270799618-570x551.jpg\" alt=\"\" class=\"wp-image-240\"\/><\/figure>\n<\/div>\n\n\n\n<div class=\"wp-block-column is-layout-flow wp-block-column-is-layout-flow\">\n<h6 class=\"image-text-block__pretitle wp-block-heading\">\u00a7 04<\/h6>\n\n\n\n<h3 class=\"image-text-block__title wp-block-heading\">Berliner Wissenschaftsverlag<\/h3>\n\n\n\n<ul class=\"image-text-block__text wp-block-list\"><li>DPJZ,&nbsp;<em><a href=\"http:\/\/www.dpjz.de\/test2\/\">Der Erwerb von Immobilien in Polen<\/a>,<\/em>&nbsp;Dr. jur. Katarzyna Styrna-Bartman, LL. M.;<\/li><li>DPJZ,<em><a href=\"http:\/\/www.dpjz.de\/test1\/\">&nbsp;Formen &amp; Charakter der in Polen zugelassenen Besch\u00e4ftigungsformen f\u00fcr Gesch\u00e4ftsf\u00fchrer von Kapitalgesellschaften<\/a>,&nbsp;<\/em>Dr. jur. Katarzyna Styrna-Bartman, LL. M.;&nbsp;&nbsp;<\/li><li>DPJZ,&nbsp;<a href=\"http:\/\/www.dpjz.de\/dpjz-32010\/\"><em>Sanierungsverfahren als Alternative zum Insolvenzverfahren in Polen<\/em><\/a>, Dr. jur. Katarzyna Styrna-Bartman, LL. M., Dr. Marcin Dudarski.<\/li><\/ul>\n<\/div>\n<\/div>\n\n\n\n<div class=\"wp-block-columns has-2-columns image-text-block image-right is-layout-flex wp-container-core-columns-is-layout-9d6595d7 wp-block-columns-is-layout-flex\">\n<div class=\"wp-block-column is-layout-flow wp-block-column-is-layout-flow\">\n<h6 class=\"image-text-block__pretitle wp-block-heading\">\u00a7 05<\/h6>\n\n\n\n<h3 class=\"image-text-block__title wp-block-heading\">Sonstige<\/h3>\n\n\n\n<ul class=\"image-text-block__text wp-block-list\"><li>Universit\u00e4t Regensburg,&nbsp;<em><a href=\"https:\/\/books.google.pl\/books\/about\/Das_polnische_Verwaltungsverfahrensrecht.html?id=q-GPoAEACAAJ&amp;redir_esc=y\">Dissertation zum Erwerb des Doktortitels: Das polnische Verwaltungsverfahrensrecht im Lichte der europ\u00e4ischen Verwaltungsstandards: eine Studie unter Ber\u00fccksichtigung der Vorschriften auf dem Gebiet des europ\u00e4ischen und polnischen Verwaltungsverfahrensrechts und der Rechtsprechung der europ\u00e4ischen und polnischen Gerichte<\/a>,&nbsp;<\/em>Dr. jur. Katarzyna Styrna-Bartman, LL. M.;<\/li><li>Aufsatz in: <a href=\"https:\/\/www.ksiegarnia.beck.pl\/10248-niemiecki-jezyk-prawniczy-w-40-lekcjachdeutsche-juristische-fachsprache-in-40-lektionen-ewa-tuora-schwierskott#opis\"><em>C.H. Beck, Aufsatz in: Deutsche Juristische Fachsprache in \u00dcbungen<\/em><\/a> (herausgegeben von:  Dr. Ewa Tuora-Schwierskott),  Dr. jur. Katarzyna Styrna-Bartman, LL. M.<\/li><\/ul>\n<\/div>\n\n\n\n<div class=\"wp-block-column is-layout-flow wp-block-column-is-layout-flow\">\n<figure class=\"wp-block-image image-text-block__image\"><img loading=\"lazy\" decoding=\"async\" width=\"570\" height=\"551\" src=\"https:\/\/blulegal.com\/wp-content\/uploads\/2019\/11\/bigstock-Businessman-Playing-Chess-Game-287663164-min-570x551.jpg\" alt=\"\" class=\"wp-image-248\"\/><\/figure>\n<\/div>\n<\/div>\n","protected":false},"excerpt":{"rendered":"<p>\u00a7 01 Dziennik Gazeta Prawna Delegowani (jeszcze) bez informacji o warunkach zatrudnienia, 22.09.2022, Dr. jur.<\/p>\n","protected":false},"author":3,"featured_media":248,"parent":0,"menu_order":0,"comment_status":"closed","ping_status":"closed","template":"","meta":{"_acf_changed":false,"footnotes":""},"class_list":["post-84","page","type-page","status-publish","has-post-thumbnail","hentry"],"acf":[],"yoast_head":"<!-- This site is optimized with the Yoast SEO plugin v27.2 - https:\/\/yoast.com\/product\/yoast-seo-wordpress\/ -->\n<title>Presse\/Medien &#8226; BLU Legal<\/title>\n<meta name=\"description\" content=\"Presse\/Medien \u2013 oferujemy profesjonalne doradztwo w zakresie prawa polsko-niemieckiego dla firm i os\u00f3b fizycznych. Sprawd\u017a ofert\u0119!\" \/>\n<meta name=\"robots\" content=\"index, follow, max-snippet:-1, max-image-preview:large, max-video-preview:-1\" \/>\n<link rel=\"canonical\" href=\"https:\/\/blulegal.com\/de\/presse-medien\/\" \/>\n<meta property=\"og:locale\" content=\"de_DE\" \/>\n<meta property=\"og:type\" content=\"article\" \/>\n<meta property=\"og:title\" content=\"Presse\/Medien &#8226; BLU Legal\" \/>\n<meta property=\"og:description\" content=\"Presse\/Medien \u2013 oferujemy profesjonalne doradztwo w zakresie prawa polsko-niemieckiego dla firm i os\u00f3b fizycznych. Sprawd\u017a ofert\u0119!\" \/>\n<meta property=\"og:url\" content=\"https:\/\/blulegal.com\/de\/presse-medien\/\" \/>\n<meta property=\"og:site_name\" content=\"BLU Legal\" \/>\n<meta property=\"article:modified_time\" content=\"2023-05-22T09:42:15+00:00\" \/>\n<meta property=\"og:image\" content=\"https:\/\/blulegal.com\/wp-content\/uploads\/2019\/11\/bigstock-Businessman-Playing-Chess-Game-287663164-min.jpg\" \/>\n\t<meta property=\"og:image:width\" content=\"4896\" \/>\n\t<meta property=\"og:image:height\" content=\"3264\" \/>\n\t<meta property=\"og:image:type\" content=\"image\/jpeg\" \/>\n<meta name=\"twitter:card\" content=\"summary_large_image\" \/>\n<meta name=\"twitter:label1\" content=\"Gesch\u00e4tzte Lesezeit\" \/>\n\t<meta name=\"twitter:data1\" content=\"3\u00a0Minuten\" \/>\n<script type=\"application\/ld+json\" class=\"yoast-schema-graph\">{\"@context\":\"https:\/\/schema.org\",\"@graph\":[{\"@type\":\"WebPage\",\"@id\":\"https:\/\/blulegal.com\/de\/presse-medien\/\",\"url\":\"https:\/\/blulegal.com\/de\/presse-medien\/\",\"name\":\"Presse\/Medien &#8226; BLU Legal\",\"isPartOf\":{\"@id\":\"https:\/\/blulegal.com\/de\/#website\"},\"primaryImageOfPage\":{\"@id\":\"https:\/\/blulegal.com\/de\/presse-medien\/#primaryimage\"},\"image\":{\"@id\":\"https:\/\/blulegal.com\/de\/presse-medien\/#primaryimage\"},\"thumbnailUrl\":\"https:\/\/blulegal.com\/wp-content\/uploads\/2019\/11\/bigstock-Businessman-Playing-Chess-Game-287663164-min.jpg\",\"datePublished\":\"2019-11-26T11:41:17+00:00\",\"dateModified\":\"2023-05-22T09:42:15+00:00\",\"description\":\"Presse\/Medien \u2013 oferujemy profesjonalne doradztwo w zakresie prawa polsko-niemieckiego dla firm i os\u00f3b fizycznych. Sprawd\u017a ofert\u0119!\",\"breadcrumb\":{\"@id\":\"https:\/\/blulegal.com\/de\/presse-medien\/#breadcrumb\"},\"inLanguage\":\"de\",\"potentialAction\":[{\"@type\":\"ReadAction\",\"target\":[\"https:\/\/blulegal.com\/de\/presse-medien\/\"]}]},{\"@type\":\"ImageObject\",\"inLanguage\":\"de\",\"@id\":\"https:\/\/blulegal.com\/de\/presse-medien\/#primaryimage\",\"url\":\"https:\/\/blulegal.com\/wp-content\/uploads\/2019\/11\/bigstock-Businessman-Playing-Chess-Game-287663164-min.jpg\",\"contentUrl\":\"https:\/\/blulegal.com\/wp-content\/uploads\/2019\/11\/bigstock-Businessman-Playing-Chess-Game-287663164-min.jpg\",\"width\":4896,\"height\":3264},{\"@type\":\"BreadcrumbList\",\"@id\":\"https:\/\/blulegal.com\/de\/presse-medien\/#breadcrumb\",\"itemListElement\":[{\"@type\":\"ListItem\",\"position\":1,\"name\":\"Home\",\"item\":\"https:\/\/blulegal.com\/de\/\"},{\"@type\":\"ListItem\",\"position\":2,\"name\":\"Presse\/Medien\"}]},{\"@type\":\"WebSite\",\"@id\":\"https:\/\/blulegal.com\/de\/#website\",\"url\":\"https:\/\/blulegal.com\/de\/\",\"name\":\"BLU Legal\",\"description\":\"\",\"publisher\":{\"@id\":\"https:\/\/blulegal.com\/de\/#organization\"},\"potentialAction\":[{\"@type\":\"SearchAction\",\"target\":{\"@type\":\"EntryPoint\",\"urlTemplate\":\"https:\/\/blulegal.com\/de\/?s={search_term_string}\"},\"query-input\":{\"@type\":\"PropertyValueSpecification\",\"valueRequired\":true,\"valueName\":\"search_term_string\"}}],\"inLanguage\":\"de\"},{\"@type\":\"Organization\",\"@id\":\"https:\/\/blulegal.com\/de\/#organization\",\"name\":\"Blu Legal\",\"url\":\"https:\/\/blulegal.com\/de\/\",\"logo\":{\"@type\":\"ImageObject\",\"inLanguage\":\"de\",\"@id\":\"https:\/\/blulegal.com\/de\/#\/schema\/logo\/image\/\",\"url\":\"https:\/\/blulegal.com\/wp-content\/uploads\/2023\/05\/logo-blu.png\",\"contentUrl\":\"https:\/\/blulegal.com\/wp-content\/uploads\/2023\/05\/logo-blu.png\",\"width\":225,\"height\":116,\"caption\":\"Blu Legal\"},\"image\":{\"@id\":\"https:\/\/blulegal.com\/de\/#\/schema\/logo\/image\/\"}}]}<\/script>\n<!-- \/ Yoast SEO plugin. -->","yoast_head_json":{"title":"Presse\/Medien &#8226; BLU Legal","description":"Presse\/Medien \u2013 oferujemy profesjonalne doradztwo w zakresie prawa polsko-niemieckiego dla firm i os\u00f3b fizycznych. Sprawd\u017a ofert\u0119!","robots":{"index":"index","follow":"follow","max-snippet":"max-snippet:-1","max-image-preview":"max-image-preview:large","max-video-preview":"max-video-preview:-1"},"canonical":"https:\/\/blulegal.com\/de\/presse-medien\/","og_locale":"de_DE","og_type":"article","og_title":"Presse\/Medien &#8226; BLU Legal","og_description":"Presse\/Medien \u2013 oferujemy profesjonalne doradztwo w zakresie prawa polsko-niemieckiego dla firm i os\u00f3b fizycznych. Sprawd\u017a ofert\u0119!","og_url":"https:\/\/blulegal.com\/de\/presse-medien\/","og_site_name":"BLU Legal","article_modified_time":"2023-05-22T09:42:15+00:00","og_image":[{"width":4896,"height":3264,"url":"https:\/\/blulegal.com\/wp-content\/uploads\/2019\/11\/bigstock-Businessman-Playing-Chess-Game-287663164-min.jpg","type":"image\/jpeg"}],"twitter_card":"summary_large_image","twitter_misc":{"Gesch\u00e4tzte Lesezeit":"3\u00a0Minuten"},"schema":{"@context":"https:\/\/schema.org","@graph":[{"@type":"WebPage","@id":"https:\/\/blulegal.com\/de\/presse-medien\/","url":"https:\/\/blulegal.com\/de\/presse-medien\/","name":"Presse\/Medien &#8226; BLU Legal","isPartOf":{"@id":"https:\/\/blulegal.com\/de\/#website"},"primaryImageOfPage":{"@id":"https:\/\/blulegal.com\/de\/presse-medien\/#primaryimage"},"image":{"@id":"https:\/\/blulegal.com\/de\/presse-medien\/#primaryimage"},"thumbnailUrl":"https:\/\/blulegal.com\/wp-content\/uploads\/2019\/11\/bigstock-Businessman-Playing-Chess-Game-287663164-min.jpg","datePublished":"2019-11-26T11:41:17+00:00","dateModified":"2023-05-22T09:42:15+00:00","description":"Presse\/Medien \u2013 oferujemy profesjonalne doradztwo w zakresie prawa polsko-niemieckiego dla firm i os\u00f3b fizycznych. Sprawd\u017a ofert\u0119!","breadcrumb":{"@id":"https:\/\/blulegal.com\/de\/presse-medien\/#breadcrumb"},"inLanguage":"de","potentialAction":[{"@type":"ReadAction","target":["https:\/\/blulegal.com\/de\/presse-medien\/"]}]},{"@type":"ImageObject","inLanguage":"de","@id":"https:\/\/blulegal.com\/de\/presse-medien\/#primaryimage","url":"https:\/\/blulegal.com\/wp-content\/uploads\/2019\/11\/bigstock-Businessman-Playing-Chess-Game-287663164-min.jpg","contentUrl":"https:\/\/blulegal.com\/wp-content\/uploads\/2019\/11\/bigstock-Businessman-Playing-Chess-Game-287663164-min.jpg","width":4896,"height":3264},{"@type":"BreadcrumbList","@id":"https:\/\/blulegal.com\/de\/presse-medien\/#breadcrumb","itemListElement":[{"@type":"ListItem","position":1,"name":"Home","item":"https:\/\/blulegal.com\/de\/"},{"@type":"ListItem","position":2,"name":"Presse\/Medien"}]},{"@type":"WebSite","@id":"https:\/\/blulegal.com\/de\/#website","url":"https:\/\/blulegal.com\/de\/","name":"BLU Legal","description":"","publisher":{"@id":"https:\/\/blulegal.com\/de\/#organization"},"potentialAction":[{"@type":"SearchAction","target":{"@type":"EntryPoint","urlTemplate":"https:\/\/blulegal.com\/de\/?s={search_term_string}"},"query-input":{"@type":"PropertyValueSpecification","valueRequired":true,"valueName":"search_term_string"}}],"inLanguage":"de"},{"@type":"Organization","@id":"https:\/\/blulegal.com\/de\/#organization","name":"Blu Legal","url":"https:\/\/blulegal.com\/de\/","logo":{"@type":"ImageObject","inLanguage":"de","@id":"https:\/\/blulegal.com\/de\/#\/schema\/logo\/image\/","url":"https:\/\/blulegal.com\/wp-content\/uploads\/2023\/05\/logo-blu.png","contentUrl":"https:\/\/blulegal.com\/wp-content\/uploads\/2023\/05\/logo-blu.png","width":225,"height":116,"caption":"Blu Legal"},"image":{"@id":"https:\/\/blulegal.com\/de\/#\/schema\/logo\/image\/"}}]}},"_links":{"self":[{"href":"https:\/\/blulegal.com\/de\/wp-json\/wp\/v2\/pages\/84","targetHints":{"allow":["GET"]}}],"collection":[{"href":"https:\/\/blulegal.com\/de\/wp-json\/wp\/v2\/pages"}],"about":[{"href":"https:\/\/blulegal.com\/de\/wp-json\/wp\/v2\/types\/page"}],"author":[{"embeddable":true,"href":"https:\/\/blulegal.com\/de\/wp-json\/wp\/v2\/users\/3"}],"replies":[{"embeddable":true,"href":"https:\/\/blulegal.com\/de\/wp-json\/wp\/v2\/comments?post=84"}],"version-history":[{"count":67,"href":"https:\/\/blulegal.com\/de\/wp-json\/wp\/v2\/pages\/84\/revisions"}],"predecessor-version":[{"id":2895,"href":"https:\/\/blulegal.com\/de\/wp-json\/wp\/v2\/pages\/84\/revisions\/2895"}],"wp:featuredmedia":[{"embeddable":true,"href":"https:\/\/blulegal.com\/de\/wp-json\/wp\/v2\/media\/248"}],"wp:attachment":[{"href":"https:\/\/blulegal.com\/de\/wp-json\/wp\/v2\/media?parent=84"}],"curies":[{"name":"wp","href":"https:\/\/api.w.org\/{rel}","templated":true}]}}