{"id":95,"date":"2019-11-26T11:41:30","date_gmt":"2019-11-26T11:41:30","guid":{"rendered":"https:\/\/blulegal.com\/rechtsgebiete\/"},"modified":"2020-04-10T08:33:05","modified_gmt":"2020-04-10T08:33:05","slug":"kompetenzen","status":"publish","type":"page","link":"https:\/\/blulegal.com\/de\/kompetenzen\/","title":{"rendered":"Kompetenzen"},"content":{"rendered":"\n<div class=\"wp-block-columns has-2-columns image-text-block image-text-block--narrow image-right is-layout-flex wp-container-core-columns-is-layout-9d6595d7 wp-block-columns-is-layout-flex\">\n<div class=\"wp-block-column is-layout-flow wp-block-column-is-layout-flow\">\n<p class=\"image-text-block__text\">Die Rechtsanwaltskanzlei BLU und die Gesellschaft<br>BLU Law &amp; Outsourcing Sp. z o. o. beraten in Rechtsbereichen,<br>die untrennbar mit der Unternehmensf\u00fchrung verbunden sind.<br>Der Schwerpunkt unserer T\u00e4tigkeit liegt im Wirtschaftsrecht, Handelsrecht und Arbeitsrecht. Die Prozessabteilung unterst\u00fctzt unsere Mandanten in gerichtlichen und au\u00dfergerichtlichen Verfahren im Bereich der Bek\u00e4mpfung des unlauteren Wettbewerbs, der Rechtsdurchsetzung in grenz\u00fcberschreitenden Verfahren und in Wirtschaftsf\u00e4llen.<br><br><\/p>\n<\/div>\n\n\n\n<div class=\"wp-block-column is-layout-flow wp-block-column-is-layout-flow\">\n<figure class=\"wp-block-image image-text-block__image image-text-block__image--narrow\"><img loading=\"lazy\" decoding=\"async\" width=\"444\" height=\"551\" src=\"https:\/\/blulegal.com\/wp-content\/uploads\/2019\/11\/bigstock-Good-Service-Cooperation-Cons-282815557-444x551.jpg\" alt=\"\" class=\"wp-image-255\" \/><\/figure>\n<\/div>\n<\/div>\n","protected":false},"excerpt":{"rendered":"<p>Die Rechtsanwaltskanzlei BLU und die GesellschaftBLU Law &amp; Outsourcing Sp. z o. o. beraten in<\/p>\n","protected":false},"author":3,"featured_media":240,"parent":0,"menu_order":0,"comment_status":"closed","ping_status":"closed","template":"","meta":{"_acf_changed":false,"footnotes":""},"class_list":["post-95","page","type-page","status-publish","has-post-thumbnail","hentry"],"acf":[],"yoast_head":"<!-- This site is optimized with the Yoast SEO plugin v27.2 - https:\/\/yoast.com\/product\/yoast-seo-wordpress\/ -->\n<title>Kompetenzen &#8226; BLU Legal<\/title>\n<meta name=\"description\" content=\"Kompetenzen \u2013 oferujemy profesjonalne doradztwo w zakresie prawa polsko-niemieckiego dla firm i os\u00f3b fizycznych. Sprawd\u017a ofert\u0119!\" \/>\n<meta name=\"robots\" content=\"index, follow, max-snippet:-1, max-image-preview:large, max-video-preview:-1\" \/>\n<link rel=\"canonical\" href=\"https:\/\/blulegal.com\/de\/kompetenzen\/\" \/>\n<meta property=\"og:locale\" content=\"de_DE\" \/>\n<meta property=\"og:type\" content=\"article\" \/>\n<meta property=\"og:title\" content=\"Kompetenzen &#8226; BLU Legal\" \/>\n<meta property=\"og:description\" content=\"Kompetenzen \u2013 oferujemy profesjonalne doradztwo w zakresie prawa polsko-niemieckiego dla firm i os\u00f3b fizycznych. Sprawd\u017a ofert\u0119!\" \/>\n<meta property=\"og:url\" content=\"https:\/\/blulegal.com\/de\/kompetenzen\/\" \/>\n<meta property=\"og:site_name\" content=\"BLU Legal\" \/>\n<meta property=\"article:modified_time\" content=\"2020-04-10T08:33:05+00:00\" \/>\n<meta property=\"og:image\" content=\"https:\/\/blulegal.com\/wp-content\/uploads\/2019\/11\/bigstock-Lawyer-Office-Statue-Of-Justi-270799618.jpg\" \/>\n\t<meta property=\"og:image:width\" content=\"3861\" \/>\n\t<meta property=\"og:image:height\" content=\"2574\" \/>\n\t<meta property=\"og:image:type\" content=\"image\/jpeg\" \/>\n<meta name=\"twitter:card\" content=\"summary_large_image\" \/>\n<script type=\"application\/ld+json\" class=\"yoast-schema-graph\">{\"@context\":\"https:\/\/schema.org\",\"@graph\":[{\"@type\":\"WebPage\",\"@id\":\"https:\/\/blulegal.com\/de\/kompetenzen\/\",\"url\":\"https:\/\/blulegal.com\/de\/kompetenzen\/\",\"name\":\"Kompetenzen &#8226; BLU Legal\",\"isPartOf\":{\"@id\":\"https:\/\/blulegal.com\/de\/#website\"},\"primaryImageOfPage\":{\"@id\":\"https:\/\/blulegal.com\/de\/kompetenzen\/#primaryimage\"},\"image\":{\"@id\":\"https:\/\/blulegal.com\/de\/kompetenzen\/#primaryimage\"},\"thumbnailUrl\":\"https:\/\/blulegal.com\/wp-content\/uploads\/2019\/11\/bigstock-Lawyer-Office-Statue-Of-Justi-270799618.jpg\",\"datePublished\":\"2019-11-26T11:41:30+00:00\",\"dateModified\":\"2020-04-10T08:33:05+00:00\",\"description\":\"Kompetenzen \u2013 oferujemy profesjonalne doradztwo w zakresie prawa polsko-niemieckiego dla firm i os\u00f3b fizycznych. Sprawd\u017a ofert\u0119!\",\"breadcrumb\":{\"@id\":\"https:\/\/blulegal.com\/de\/kompetenzen\/#breadcrumb\"},\"inLanguage\":\"de\",\"potentialAction\":[{\"@type\":\"ReadAction\",\"target\":[\"https:\/\/blulegal.com\/de\/kompetenzen\/\"]}]},{\"@type\":\"ImageObject\",\"inLanguage\":\"de\",\"@id\":\"https:\/\/blulegal.com\/de\/kompetenzen\/#primaryimage\",\"url\":\"https:\/\/blulegal.com\/wp-content\/uploads\/2019\/11\/bigstock-Lawyer-Office-Statue-Of-Justi-270799618.jpg\",\"contentUrl\":\"https:\/\/blulegal.com\/wp-content\/uploads\/2019\/11\/bigstock-Lawyer-Office-Statue-Of-Justi-270799618.jpg\",\"width\":3861,\"height\":2574},{\"@type\":\"BreadcrumbList\",\"@id\":\"https:\/\/blulegal.com\/de\/kompetenzen\/#breadcrumb\",\"itemListElement\":[{\"@type\":\"ListItem\",\"position\":1,\"name\":\"Home\",\"item\":\"https:\/\/blulegal.com\/de\/\"},{\"@type\":\"ListItem\",\"position\":2,\"name\":\"Kompetenzen\"}]},{\"@type\":\"WebSite\",\"@id\":\"https:\/\/blulegal.com\/de\/#website\",\"url\":\"https:\/\/blulegal.com\/de\/\",\"name\":\"BLU Legal\",\"description\":\"\",\"publisher\":{\"@id\":\"https:\/\/blulegal.com\/de\/#organization\"},\"potentialAction\":[{\"@type\":\"SearchAction\",\"target\":{\"@type\":\"EntryPoint\",\"urlTemplate\":\"https:\/\/blulegal.com\/de\/?s={search_term_string}\"},\"query-input\":{\"@type\":\"PropertyValueSpecification\",\"valueRequired\":true,\"valueName\":\"search_term_string\"}}],\"inLanguage\":\"de\"},{\"@type\":\"Organization\",\"@id\":\"https:\/\/blulegal.com\/de\/#organization\",\"name\":\"Blu Legal\",\"url\":\"https:\/\/blulegal.com\/de\/\",\"logo\":{\"@type\":\"ImageObject\",\"inLanguage\":\"de\",\"@id\":\"https:\/\/blulegal.com\/de\/#\/schema\/logo\/image\/\",\"url\":\"https:\/\/blulegal.com\/wp-content\/uploads\/2023\/05\/logo-blu.png\",\"contentUrl\":\"https:\/\/blulegal.com\/wp-content\/uploads\/2023\/05\/logo-blu.png\",\"width\":225,\"height\":116,\"caption\":\"Blu Legal\"},\"image\":{\"@id\":\"https:\/\/blulegal.com\/de\/#\/schema\/logo\/image\/\"}}]}<\/script>\n<!-- \/ Yoast SEO plugin. -->","yoast_head_json":{"title":"Kompetenzen &#8226; BLU Legal","description":"Kompetenzen \u2013 oferujemy profesjonalne doradztwo w zakresie prawa polsko-niemieckiego dla firm i os\u00f3b fizycznych. Sprawd\u017a ofert\u0119!","robots":{"index":"index","follow":"follow","max-snippet":"max-snippet:-1","max-image-preview":"max-image-preview:large","max-video-preview":"max-video-preview:-1"},"canonical":"https:\/\/blulegal.com\/de\/kompetenzen\/","og_locale":"de_DE","og_type":"article","og_title":"Kompetenzen &#8226; BLU Legal","og_description":"Kompetenzen \u2013 oferujemy profesjonalne doradztwo w zakresie prawa polsko-niemieckiego dla firm i os\u00f3b fizycznych. Sprawd\u017a ofert\u0119!","og_url":"https:\/\/blulegal.com\/de\/kompetenzen\/","og_site_name":"BLU Legal","article_modified_time":"2020-04-10T08:33:05+00:00","og_image":[{"width":3861,"height":2574,"url":"https:\/\/blulegal.com\/wp-content\/uploads\/2019\/11\/bigstock-Lawyer-Office-Statue-Of-Justi-270799618.jpg","type":"image\/jpeg"}],"twitter_card":"summary_large_image","schema":{"@context":"https:\/\/schema.org","@graph":[{"@type":"WebPage","@id":"https:\/\/blulegal.com\/de\/kompetenzen\/","url":"https:\/\/blulegal.com\/de\/kompetenzen\/","name":"Kompetenzen &#8226; BLU Legal","isPartOf":{"@id":"https:\/\/blulegal.com\/de\/#website"},"primaryImageOfPage":{"@id":"https:\/\/blulegal.com\/de\/kompetenzen\/#primaryimage"},"image":{"@id":"https:\/\/blulegal.com\/de\/kompetenzen\/#primaryimage"},"thumbnailUrl":"https:\/\/blulegal.com\/wp-content\/uploads\/2019\/11\/bigstock-Lawyer-Office-Statue-Of-Justi-270799618.jpg","datePublished":"2019-11-26T11:41:30+00:00","dateModified":"2020-04-10T08:33:05+00:00","description":"Kompetenzen \u2013 oferujemy profesjonalne doradztwo w zakresie prawa polsko-niemieckiego dla firm i os\u00f3b fizycznych. Sprawd\u017a ofert\u0119!","breadcrumb":{"@id":"https:\/\/blulegal.com\/de\/kompetenzen\/#breadcrumb"},"inLanguage":"de","potentialAction":[{"@type":"ReadAction","target":["https:\/\/blulegal.com\/de\/kompetenzen\/"]}]},{"@type":"ImageObject","inLanguage":"de","@id":"https:\/\/blulegal.com\/de\/kompetenzen\/#primaryimage","url":"https:\/\/blulegal.com\/wp-content\/uploads\/2019\/11\/bigstock-Lawyer-Office-Statue-Of-Justi-270799618.jpg","contentUrl":"https:\/\/blulegal.com\/wp-content\/uploads\/2019\/11\/bigstock-Lawyer-Office-Statue-Of-Justi-270799618.jpg","width":3861,"height":2574},{"@type":"BreadcrumbList","@id":"https:\/\/blulegal.com\/de\/kompetenzen\/#breadcrumb","itemListElement":[{"@type":"ListItem","position":1,"name":"Home","item":"https:\/\/blulegal.com\/de\/"},{"@type":"ListItem","position":2,"name":"Kompetenzen"}]},{"@type":"WebSite","@id":"https:\/\/blulegal.com\/de\/#website","url":"https:\/\/blulegal.com\/de\/","name":"BLU Legal","description":"","publisher":{"@id":"https:\/\/blulegal.com\/de\/#organization"},"potentialAction":[{"@type":"SearchAction","target":{"@type":"EntryPoint","urlTemplate":"https:\/\/blulegal.com\/de\/?s={search_term_string}"},"query-input":{"@type":"PropertyValueSpecification","valueRequired":true,"valueName":"search_term_string"}}],"inLanguage":"de"},{"@type":"Organization","@id":"https:\/\/blulegal.com\/de\/#organization","name":"Blu Legal","url":"https:\/\/blulegal.com\/de\/","logo":{"@type":"ImageObject","inLanguage":"de","@id":"https:\/\/blulegal.com\/de\/#\/schema\/logo\/image\/","url":"https:\/\/blulegal.com\/wp-content\/uploads\/2023\/05\/logo-blu.png","contentUrl":"https:\/\/blulegal.com\/wp-content\/uploads\/2023\/05\/logo-blu.png","width":225,"height":116,"caption":"Blu Legal"},"image":{"@id":"https:\/\/blulegal.com\/de\/#\/schema\/logo\/image\/"}}]}},"_links":{"self":[{"href":"https:\/\/blulegal.com\/de\/wp-json\/wp\/v2\/pages\/95","targetHints":{"allow":["GET"]}}],"collection":[{"href":"https:\/\/blulegal.com\/de\/wp-json\/wp\/v2\/pages"}],"about":[{"href":"https:\/\/blulegal.com\/de\/wp-json\/wp\/v2\/types\/page"}],"author":[{"embeddable":true,"href":"https:\/\/blulegal.com\/de\/wp-json\/wp\/v2\/users\/3"}],"replies":[{"embeddable":true,"href":"https:\/\/blulegal.com\/de\/wp-json\/wp\/v2\/comments?post=95"}],"version-history":[{"count":5,"href":"https:\/\/blulegal.com\/de\/wp-json\/wp\/v2\/pages\/95\/revisions"}],"predecessor-version":[{"id":1432,"href":"https:\/\/blulegal.com\/de\/wp-json\/wp\/v2\/pages\/95\/revisions\/1432"}],"wp:featuredmedia":[{"embeddable":true,"href":"https:\/\/blulegal.com\/de\/wp-json\/wp\/v2\/media\/240"}],"wp:attachment":[{"href":"https:\/\/blulegal.com\/de\/wp-json\/wp\/v2\/media?parent=95"}],"curies":[{"name":"wp","href":"https:\/\/api.w.org\/{rel}","templated":true}]}}