{"id":2202,"date":"2020-05-10T10:00:50","date_gmt":"2020-05-10T10:00:50","guid":{"rendered":"https:\/\/blulegal.com\/german-desk\/"},"modified":"2020-05-28T13:00:25","modified_gmt":"2020-05-28T13:00:25","slug":"german-desk","status":"publish","type":"page","link":"https:\/\/blulegal.com\/en\/german-desk\/","title":{"rendered":"German    Desk"},"content":{"rendered":"\n<div class=\"wp-block-columns has-2-columns image-text-block image-text-block--narrow image-left is-layout-flex wp-container-core-columns-is-layout-9d6595d7 wp-block-columns-is-layout-flex\">\n<div class=\"wp-block-column is-layout-flow wp-block-column-is-layout-flow\">\n<figure class=\"wp-block-image image-text-block__image image-text-block__image--narrow image-left\"><img loading=\"lazy\" decoding=\"async\" width=\"444\" height=\"551\" src=\"https:\/\/blulegal.com\/wp-content\/uploads\/2019\/11\/bigstock-Male-Lawyer-Or-Judge-Working-W-290555113-min-444x551.jpg\" alt=\"\" class=\"wp-image-230\"\/><\/figure>\n<\/div>\n\n\n\n<div class=\"wp-block-column is-layout-flow wp-block-column-is-layout-flow\">\n<p class=\"image-text-block__text\"> At Law Firm BLU we have created the German Desk offering legal support to international corporations and companies with German capital operating in Poland as well as Polish entrepreneurs completing contracts in Germany.  <br><br><strong>Within the German Desk we offer:<\/strong><\/p>\n\n\n\n<ul class=\"image-text-block__text wp-block-list\"><li>legal      services for Polish companies conducting economic activity in Germany,<\/li><li>cooperation      of our attorneys-at-law with the Management Board and legal departments of      German companies directly in German, direct communication with the legal departments      of German companies as well as their payroll and accounting departments.<\/li><\/ul>\n<\/div>\n<\/div>\n\n\n\n<div class=\"wp-block-columns has-2-columns image-text-block image-text-block--narrow image-right is-layout-flex wp-container-core-columns-is-layout-9d6595d7 wp-block-columns-is-layout-flex\">\n<div class=\"wp-block-column is-layout-flow wp-block-column-is-layout-flow\">\n<p><\/p>\n\n\n\n<ul class=\"image-text-block__text wp-block-list\"><li>cooperation      with partner advisory companies from Germany as well as advisors of our      Clients,<\/li><li>representation      before courts and offices in Poland,<\/li><li>extensive      experience in legal support for companies operating in the German market      acquired in renown foreign firms operating in Poland,<\/li><li> legal services in Polish, English and German language <\/li><li>regular      cooperation with certified translators of German and English.<\/li><\/ul>\n\n\n\n<p class=\"image-text-block__text\"><\/p>\n<\/div>\n\n\n\n<div class=\"wp-block-column is-layout-flow wp-block-column-is-layout-flow\">\n<figure class=\"wp-block-image image-text-block__image image-text-block__image--narrow\"><img loading=\"lazy\" decoding=\"async\" width=\"444\" height=\"551\" src=\"https:\/\/blulegal.com\/wp-content\/uploads\/2019\/11\/bigstock-Lawyer-Office-Statue-Of-Justi-270799618-444x551.jpg\" alt=\"\" class=\"wp-image-238\"\/><\/figure>\n<\/div>\n<\/div>\n\n\n\n<div class=\"wp-block-columns has-2-columns image-text-block image-text-block--narrow image-left is-layout-flex wp-container-core-columns-is-layout-9d6595d7 wp-block-columns-is-layout-flex\">\n<div class=\"wp-block-column is-layout-flow wp-block-column-is-layout-flow\">\n<figure class=\"wp-block-image image-text-block__image image-text-block__image--narrow image-left\"><img loading=\"lazy\" decoding=\"async\" width=\"444\" height=\"551\" src=\"https:\/\/blulegal.com\/wp-content\/uploads\/2019\/11\/kontakt-page_top-444x551.jpg\" alt=\"\" class=\"wp-image-223\"\/><\/figure>\n<\/div>\n\n\n\n<div class=\"wp-block-column is-layout-flow wp-block-column-is-layout-flow\">\n<p class=\"image-text-block__text\"> At our German Desk we offer advice not only in the field of Polish law but we also support our Clients in the area of German law, in cooperation with lawyers and tax advisors from Germany, we support our Clients in court, administrative, tax and SOKA-BAU disputes. In cooperation with our partner firms we have supported our Clients in cases in the field of German construction, commercial, labour, social insurance, bankruptcy and tax law, disputes between companies as well as migration law.  <\/p>\n<\/div>\n<\/div>\n","protected":false},"excerpt":{"rendered":"<p>At Law Firm BLU we have created the German Desk offering legal support to international<\/p>\n","protected":false},"author":3,"featured_media":239,"parent":0,"menu_order":0,"comment_status":"closed","ping_status":"closed","template":"","meta":{"_acf_changed":false,"footnotes":""},"class_list":["post-2202","page","type-page","status-publish","has-post-thumbnail","hentry"],"acf":[],"yoast_head":"<!-- This site is optimized with the Yoast SEO plugin v27.2 - https:\/\/yoast.com\/product\/yoast-seo-wordpress\/ -->\n<title>German  Desk &#8226; Blulegal<\/title>\n<meta name=\"description\" content=\"German  Desk \u2013 oferujemy profesjonalne doradztwo w zakresie prawa polsko-niemieckiego dla firm i os\u00f3b fizycznych. Sprawd\u017a ofert\u0119!\" \/>\n<meta name=\"robots\" content=\"index, follow, max-snippet:-1, max-image-preview:large, max-video-preview:-1\" \/>\n<link rel=\"canonical\" href=\"https:\/\/blulegal.com\/en\/german-desk\/\" \/>\n<meta property=\"og:locale\" content=\"en_US\" \/>\n<meta property=\"og:type\" content=\"article\" \/>\n<meta property=\"og:title\" content=\"German  Desk &#8226; Blulegal\" \/>\n<meta property=\"og:description\" content=\"German  Desk \u2013 oferujemy profesjonalne doradztwo w zakresie prawa polsko-niemieckiego dla firm i os\u00f3b fizycznych. Sprawd\u017a ofert\u0119!\" \/>\n<meta property=\"og:url\" content=\"https:\/\/blulegal.com\/en\/german-desk\/\" \/>\n<meta property=\"og:site_name\" content=\"Blulegal\" \/>\n<meta property=\"article:modified_time\" content=\"2020-05-28T13:00:25+00:00\" \/>\n<meta property=\"og:image\" content=\"https:\/\/blulegal.com\/wp-content\/uploads\/2019\/11\/bigstock-Lawyer-Office-Statue-Of-Justi-270799618.jpg\" \/>\n\t<meta property=\"og:image:width\" content=\"3861\" \/>\n\t<meta property=\"og:image:height\" content=\"2574\" \/>\n\t<meta property=\"og:image:type\" content=\"image\/jpeg\" \/>\n<meta name=\"twitter:card\" content=\"summary_large_image\" \/>\n<meta name=\"twitter:label1\" content=\"Est. reading time\" \/>\n\t<meta name=\"twitter:data1\" content=\"1 minute\" \/>\n<script type=\"application\/ld+json\" class=\"yoast-schema-graph\">{\"@context\":\"https:\/\/schema.org\",\"@graph\":[{\"@type\":\"WebPage\",\"@id\":\"https:\/\/blulegal.com\/en\/german-desk\/\",\"url\":\"https:\/\/blulegal.com\/en\/german-desk\/\",\"name\":\"German Desk &#8226; Blulegal\",\"isPartOf\":{\"@id\":\"https:\/\/blulegal.com\/en\/#website\"},\"primaryImageOfPage\":{\"@id\":\"https:\/\/blulegal.com\/en\/german-desk\/#primaryimage\"},\"image\":{\"@id\":\"https:\/\/blulegal.com\/en\/german-desk\/#primaryimage\"},\"thumbnailUrl\":\"https:\/\/blulegal.com\/wp-content\/uploads\/2019\/11\/bigstock-Lawyer-Office-Statue-Of-Justi-270799618.jpg\",\"datePublished\":\"2020-05-10T10:00:50+00:00\",\"dateModified\":\"2020-05-28T13:00:25+00:00\",\"description\":\"German Desk \u2013 oferujemy profesjonalne doradztwo w zakresie prawa polsko-niemieckiego dla firm i os\u00f3b fizycznych. Sprawd\u017a ofert\u0119!\",\"breadcrumb\":{\"@id\":\"https:\/\/blulegal.com\/en\/german-desk\/#breadcrumb\"},\"inLanguage\":\"en-US\",\"potentialAction\":[{\"@type\":\"ReadAction\",\"target\":[\"https:\/\/blulegal.com\/en\/german-desk\/\"]}]},{\"@type\":\"ImageObject\",\"inLanguage\":\"en-US\",\"@id\":\"https:\/\/blulegal.com\/en\/german-desk\/#primaryimage\",\"url\":\"https:\/\/blulegal.com\/wp-content\/uploads\/2019\/11\/bigstock-Lawyer-Office-Statue-Of-Justi-270799618.jpg\",\"contentUrl\":\"https:\/\/blulegal.com\/wp-content\/uploads\/2019\/11\/bigstock-Lawyer-Office-Statue-Of-Justi-270799618.jpg\",\"width\":3861,\"height\":2574},{\"@type\":\"BreadcrumbList\",\"@id\":\"https:\/\/blulegal.com\/en\/german-desk\/#breadcrumb\",\"itemListElement\":[{\"@type\":\"ListItem\",\"position\":1,\"name\":\"Home\",\"item\":\"https:\/\/blulegal.com\/en\/\"},{\"@type\":\"ListItem\",\"position\":2,\"name\":\"German Desk\"}]},{\"@type\":\"WebSite\",\"@id\":\"https:\/\/blulegal.com\/en\/#website\",\"url\":\"https:\/\/blulegal.com\/en\/\",\"name\":\"Blulegal\",\"description\":\"Radcowie prawni\",\"publisher\":{\"@id\":\"https:\/\/blulegal.com\/en\/#organization\"},\"potentialAction\":[{\"@type\":\"SearchAction\",\"target\":{\"@type\":\"EntryPoint\",\"urlTemplate\":\"https:\/\/blulegal.com\/en\/?s={search_term_string}\"},\"query-input\":{\"@type\":\"PropertyValueSpecification\",\"valueRequired\":true,\"valueName\":\"search_term_string\"}}],\"inLanguage\":\"en-US\"},{\"@type\":\"Organization\",\"@id\":\"https:\/\/blulegal.com\/en\/#organization\",\"name\":\"Blu Legal\",\"url\":\"https:\/\/blulegal.com\/en\/\",\"logo\":{\"@type\":\"ImageObject\",\"inLanguage\":\"en-US\",\"@id\":\"https:\/\/blulegal.com\/en\/#\/schema\/logo\/image\/\",\"url\":\"https:\/\/blulegal.com\/wp-content\/uploads\/2023\/05\/logo-blu.png\",\"contentUrl\":\"https:\/\/blulegal.com\/wp-content\/uploads\/2023\/05\/logo-blu.png\",\"width\":225,\"height\":116,\"caption\":\"Blu Legal\"},\"image\":{\"@id\":\"https:\/\/blulegal.com\/en\/#\/schema\/logo\/image\/\"}}]}<\/script>\n<!-- \/ Yoast SEO plugin. -->","yoast_head_json":{"title":"German  Desk &#8226; Blulegal","description":"German  Desk \u2013 oferujemy profesjonalne doradztwo w zakresie prawa polsko-niemieckiego dla firm i os\u00f3b fizycznych. Sprawd\u017a ofert\u0119!","robots":{"index":"index","follow":"follow","max-snippet":"max-snippet:-1","max-image-preview":"max-image-preview:large","max-video-preview":"max-video-preview:-1"},"canonical":"https:\/\/blulegal.com\/en\/german-desk\/","og_locale":"en_US","og_type":"article","og_title":"German  Desk &#8226; Blulegal","og_description":"German  Desk \u2013 oferujemy profesjonalne doradztwo w zakresie prawa polsko-niemieckiego dla firm i os\u00f3b fizycznych. Sprawd\u017a ofert\u0119!","og_url":"https:\/\/blulegal.com\/en\/german-desk\/","og_site_name":"Blulegal","article_modified_time":"2020-05-28T13:00:25+00:00","og_image":[{"width":3861,"height":2574,"url":"https:\/\/blulegal.com\/wp-content\/uploads\/2019\/11\/bigstock-Lawyer-Office-Statue-Of-Justi-270799618.jpg","type":"image\/jpeg"}],"twitter_card":"summary_large_image","twitter_misc":{"Est. reading time":"1 minute"},"schema":{"@context":"https:\/\/schema.org","@graph":[{"@type":"WebPage","@id":"https:\/\/blulegal.com\/en\/german-desk\/","url":"https:\/\/blulegal.com\/en\/german-desk\/","name":"German Desk &#8226; Blulegal","isPartOf":{"@id":"https:\/\/blulegal.com\/en\/#website"},"primaryImageOfPage":{"@id":"https:\/\/blulegal.com\/en\/german-desk\/#primaryimage"},"image":{"@id":"https:\/\/blulegal.com\/en\/german-desk\/#primaryimage"},"thumbnailUrl":"https:\/\/blulegal.com\/wp-content\/uploads\/2019\/11\/bigstock-Lawyer-Office-Statue-Of-Justi-270799618.jpg","datePublished":"2020-05-10T10:00:50+00:00","dateModified":"2020-05-28T13:00:25+00:00","description":"German Desk \u2013 oferujemy profesjonalne doradztwo w zakresie prawa polsko-niemieckiego dla firm i os\u00f3b fizycznych. Sprawd\u017a ofert\u0119!","breadcrumb":{"@id":"https:\/\/blulegal.com\/en\/german-desk\/#breadcrumb"},"inLanguage":"en-US","potentialAction":[{"@type":"ReadAction","target":["https:\/\/blulegal.com\/en\/german-desk\/"]}]},{"@type":"ImageObject","inLanguage":"en-US","@id":"https:\/\/blulegal.com\/en\/german-desk\/#primaryimage","url":"https:\/\/blulegal.com\/wp-content\/uploads\/2019\/11\/bigstock-Lawyer-Office-Statue-Of-Justi-270799618.jpg","contentUrl":"https:\/\/blulegal.com\/wp-content\/uploads\/2019\/11\/bigstock-Lawyer-Office-Statue-Of-Justi-270799618.jpg","width":3861,"height":2574},{"@type":"BreadcrumbList","@id":"https:\/\/blulegal.com\/en\/german-desk\/#breadcrumb","itemListElement":[{"@type":"ListItem","position":1,"name":"Home","item":"https:\/\/blulegal.com\/en\/"},{"@type":"ListItem","position":2,"name":"German Desk"}]},{"@type":"WebSite","@id":"https:\/\/blulegal.com\/en\/#website","url":"https:\/\/blulegal.com\/en\/","name":"Blulegal","description":"Radcowie prawni","publisher":{"@id":"https:\/\/blulegal.com\/en\/#organization"},"potentialAction":[{"@type":"SearchAction","target":{"@type":"EntryPoint","urlTemplate":"https:\/\/blulegal.com\/en\/?s={search_term_string}"},"query-input":{"@type":"PropertyValueSpecification","valueRequired":true,"valueName":"search_term_string"}}],"inLanguage":"en-US"},{"@type":"Organization","@id":"https:\/\/blulegal.com\/en\/#organization","name":"Blu Legal","url":"https:\/\/blulegal.com\/en\/","logo":{"@type":"ImageObject","inLanguage":"en-US","@id":"https:\/\/blulegal.com\/en\/#\/schema\/logo\/image\/","url":"https:\/\/blulegal.com\/wp-content\/uploads\/2023\/05\/logo-blu.png","contentUrl":"https:\/\/blulegal.com\/wp-content\/uploads\/2023\/05\/logo-blu.png","width":225,"height":116,"caption":"Blu Legal"},"image":{"@id":"https:\/\/blulegal.com\/en\/#\/schema\/logo\/image\/"}}]}},"_links":{"self":[{"href":"https:\/\/blulegal.com\/en\/wp-json\/wp\/v2\/pages\/2202","targetHints":{"allow":["GET"]}}],"collection":[{"href":"https:\/\/blulegal.com\/en\/wp-json\/wp\/v2\/pages"}],"about":[{"href":"https:\/\/blulegal.com\/en\/wp-json\/wp\/v2\/types\/page"}],"author":[{"embeddable":true,"href":"https:\/\/blulegal.com\/en\/wp-json\/wp\/v2\/users\/3"}],"replies":[{"embeddable":true,"href":"https:\/\/blulegal.com\/en\/wp-json\/wp\/v2\/comments?post=2202"}],"version-history":[{"count":4,"href":"https:\/\/blulegal.com\/en\/wp-json\/wp\/v2\/pages\/2202\/revisions"}],"predecessor-version":[{"id":2686,"href":"https:\/\/blulegal.com\/en\/wp-json\/wp\/v2\/pages\/2202\/revisions\/2686"}],"wp:featuredmedia":[{"embeddable":true,"href":"https:\/\/blulegal.com\/en\/wp-json\/wp\/v2\/media\/239"}],"wp:attachment":[{"href":"https:\/\/blulegal.com\/en\/wp-json\/wp\/v2\/media?parent=2202"}],"curies":[{"name":"wp","href":"https:\/\/api.w.org\/{rel}","templated":true}]}}