{"id":2214,"date":"2020-05-10T10:02:40","date_gmt":"2020-05-10T10:02:40","guid":{"rendered":"https:\/\/blulegal.com\/about-us\/spotkajmy-sie-we-wroclawiu\/"},"modified":"2020-05-28T11:08:42","modified_gmt":"2020-05-28T11:08:42","slug":"spotkajmy-sie-we-wroclawiu","status":"publish","type":"page","link":"https:\/\/blulegal.com\/en\/about-us\/spotkajmy-sie-we-wroclawiu\/","title":{"rendered":"Let\u2019s meet in Wroc\u0142aw"},"content":{"rendered":"\n<div class=\"wp-block-columns has-2-columns image-text-block image-text-block--narrow image-right is-layout-flex wp-container-core-columns-is-layout-9d6595d7 wp-block-columns-is-layout-flex\">\n<div class=\"wp-block-column is-layout-flow wp-block-column-is-layout-flow\">\n<p class=\"image-text-block__text\"> Our Firm is located in Wroc\u0142aw, an exceptional city in the heart of Lower Silesia in which history and modernity intertwine, creating a charming and energetic city, worth a longer visit. <br><br>On the elevations of some historic tenement houses, e.g. in the Nadodrze district, we can still see the remains of German signs of workshops and shops that witnessed history before 1945. Our office is located in a historic tenement house joined with a modern office block in a business part of Wroc\u0142aw where only the tenement house at Legnicka 52 reminds us that once Wroc\u0142aw lived at a different pace. <\/p>\n<\/div>\n\n\n\n<div class=\"wp-block-column is-layout-flow wp-block-column-is-layout-flow\">\n<figure class=\"wp-block-image image-text-block__image image-text-block__image--narrow\"><img loading=\"lazy\" decoding=\"async\" width=\"444\" height=\"551\" src=\"https:\/\/blulegal.com\/wp-content\/uploads\/2019\/11\/bigstock-Lawyer-Office-Statue-Of-Justi-270799618-444x551.jpg\" alt=\"\" class=\"wp-image-238\"\/><\/figure>\n<\/div>\n<\/div>\n\n\n\n<div class=\"wp-block-columns has-2-columns image-text-block image-text-block--narrow image-left is-layout-flex wp-container-core-columns-is-layout-9d6595d7 wp-block-columns-is-layout-flex\">\n<div class=\"wp-block-column is-layout-flow wp-block-column-is-layout-flow\">\n<figure class=\"wp-block-image image-text-block__image image-text-block__image--narrow image-left\"><img loading=\"lazy\" decoding=\"async\" width=\"444\" height=\"551\" src=\"https:\/\/blulegal.com\/wp-content\/uploads\/2019\/11\/bigstock-Businessman-And-Male-Lawyer-Or-244150996-1-min-444x551.jpg\" alt=\"\" class=\"wp-image-242\"\/><\/figure>\n<\/div>\n\n\n\n<div class=\"wp-block-column is-layout-flow wp-block-column-is-layout-flow\">\n<p class=\"image-text-block__text\"> Today Wroc\u0142aw is a modern city built and created by its proud residents with a great passion. Next to old tenement houses that remember old residents of Breslau modern office blocks and business parks are built, young people from all Poland come here, want to live and study here because Wroc\u0142aw is famous for its friendliness not only towards its residents but also towards incomers. Everybody can find their place here.  <\/p>\n<\/div>\n<\/div>\n\n\n\n<div class=\"wp-block-columns has-2-columns image-text-block image-text-block--narrow image-right is-layout-flex wp-container-core-columns-is-layout-9d6595d7 wp-block-columns-is-layout-flex\">\n<div class=\"wp-block-column is-layout-flow wp-block-column-is-layout-flow\">\n<p class=\"image-text-block__text\">We like W\u0142odkowica Street the most; it delights with the beauty of monuments of sacred architecture of the Four Denominations District (also called the District of Mutual Respect), of modern hotels and office blocks, offering countless cafes and bars. This is Wroc\u0142aw, full of charm and sentiment. The residents of Wroc\u0142aw like going forward; we want to conquer the world however always with respect for the past and history of our city. &nbsp; <\/p>\n<\/div>\n\n\n\n<div class=\"wp-block-column is-layout-flow wp-block-column-is-layout-flow\">\n<figure class=\"wp-block-image image-text-block__image image-text-block__image--narrow\"><img loading=\"lazy\" decoding=\"async\" width=\"444\" height=\"551\" src=\"https:\/\/blulegal.com\/wp-content\/uploads\/2019\/11\/bigstock-Good-Service-Cooperation-Cons-282815557-444x551.jpg\" alt=\"\" class=\"wp-image-253\"\/><\/figure>\n<\/div>\n<\/div>\n\n\n\n<div class=\"wp-block-columns has-2-columns image-text-block image-text-block--narrow image-left is-layout-flex wp-container-core-columns-is-layout-9d6595d7 wp-block-columns-is-layout-flex\">\n<div class=\"wp-block-column is-layout-flow wp-block-column-is-layout-flow\">\n<figure class=\"wp-block-image image-text-block__image image-text-block__image--narrow image-left\"><img loading=\"lazy\" decoding=\"async\" width=\"444\" height=\"551\" src=\"https:\/\/blulegal.com\/wp-content\/uploads\/2019\/11\/kontakt-page_top-444x551.jpg\" alt=\"\" class=\"wp-image-223\"\/><\/figure>\n<\/div>\n\n\n\n<div class=\"wp-block-column is-layout-flow wp-block-column-is-layout-flow\">\n<p class=\"image-text-block__text\">Wroc\u0142aw is also a business-friendly city. The energy of a large city, numerous universities and colleges, road infrastructure connecting it with all large cities in Poland (Warsaw, Katowice, Krak\u00f3w, Pozna\u0144, Gda\u0144sk, Szczecin, \u0141\u00f3d\u017a) as well as Germany, international airport, modern business centres and unlimited possibilities for investment and finding passionate employees encourage foreign investors and companies from across the Oder River to visit Wroc\u0142aw and conduct their business here&#8230; or from here. We are happy that as lawyers advising in cross-border Polish-German economic relations we can be a part of the Wroc\u0142aw community and international business and support entrepreneurs in their everyday activity in Poland. We are happy that we can invite you to our exceptional city.  <\/p>\n<\/div>\n<\/div>\n","protected":false},"excerpt":{"rendered":"<p>Our Firm is located in Wroc\u0142aw, an exceptional city in the heart of Lower Silesia<\/p>\n","protected":false},"author":3,"featured_media":224,"parent":75,"menu_order":0,"comment_status":"closed","ping_status":"closed","template":"page-tpl-sidebar.php","meta":{"_acf_changed":false,"footnotes":""},"class_list":["post-2214","page","type-page","status-publish","has-post-thumbnail","hentry"],"acf":[],"yoast_head":"<!-- This site is optimized with the Yoast SEO plugin v27.2 - https:\/\/yoast.com\/product\/yoast-seo-wordpress\/ -->\n<title>Let\u2019s meet in Wroc\u0142aw &#8226; Blulegal<\/title>\n<meta name=\"description\" content=\"Let\u2019s meet in Wroc\u0142aw \u2013 oferujemy profesjonalne doradztwo w zakresie prawa polsko-niemieckiego dla firm i os\u00f3b fizycznych. Sprawd\u017a ofert\u0119!\" \/>\n<meta name=\"robots\" content=\"index, follow, max-snippet:-1, max-image-preview:large, max-video-preview:-1\" \/>\n<link rel=\"canonical\" href=\"https:\/\/blulegal.com\/en\/about-us\/spotkajmy-sie-we-wroclawiu\/\" \/>\n<meta property=\"og:locale\" content=\"en_US\" \/>\n<meta property=\"og:type\" content=\"article\" \/>\n<meta property=\"og:title\" content=\"Let\u2019s meet in Wroc\u0142aw &#8226; Blulegal\" \/>\n<meta property=\"og:description\" content=\"Let\u2019s meet in Wroc\u0142aw \u2013 oferujemy profesjonalne doradztwo w zakresie prawa polsko-niemieckiego dla firm i os\u00f3b fizycznych. Sprawd\u017a ofert\u0119!\" \/>\n<meta property=\"og:url\" content=\"https:\/\/blulegal.com\/en\/about-us\/spotkajmy-sie-we-wroclawiu\/\" \/>\n<meta property=\"og:site_name\" content=\"Blulegal\" \/>\n<meta property=\"article:modified_time\" content=\"2020-05-28T11:08:42+00:00\" \/>\n<meta property=\"og:image\" content=\"https:\/\/blulegal.com\/wp-content\/uploads\/2019\/11\/kontakt-page_top.jpg\" \/>\n\t<meta property=\"og:image:width\" content=\"1920\" \/>\n\t<meta property=\"og:image:height\" content=\"970\" \/>\n\t<meta property=\"og:image:type\" content=\"image\/jpeg\" \/>\n<meta name=\"twitter:card\" content=\"summary_large_image\" \/>\n<meta name=\"twitter:label1\" content=\"Est. reading time\" \/>\n\t<meta name=\"twitter:data1\" content=\"2 minutes\" \/>\n<script type=\"application\/ld+json\" class=\"yoast-schema-graph\">{\"@context\":\"https:\/\/schema.org\",\"@graph\":[{\"@type\":\"WebPage\",\"@id\":\"https:\/\/blulegal.com\/en\/about-us\/spotkajmy-sie-we-wroclawiu\/\",\"url\":\"https:\/\/blulegal.com\/en\/about-us\/spotkajmy-sie-we-wroclawiu\/\",\"name\":\"Let\u2019s meet in Wroc\u0142aw &#8226; Blulegal\",\"isPartOf\":{\"@id\":\"https:\/\/blulegal.com\/en\/#website\"},\"primaryImageOfPage\":{\"@id\":\"https:\/\/blulegal.com\/en\/about-us\/spotkajmy-sie-we-wroclawiu\/#primaryimage\"},\"image\":{\"@id\":\"https:\/\/blulegal.com\/en\/about-us\/spotkajmy-sie-we-wroclawiu\/#primaryimage\"},\"thumbnailUrl\":\"https:\/\/blulegal.com\/wp-content\/uploads\/2019\/11\/kontakt-page_top.jpg\",\"datePublished\":\"2020-05-10T10:02:40+00:00\",\"dateModified\":\"2020-05-28T11:08:42+00:00\",\"description\":\"Let\u2019s meet in Wroc\u0142aw \u2013 oferujemy profesjonalne doradztwo w zakresie prawa polsko-niemieckiego dla firm i os\u00f3b fizycznych. Sprawd\u017a ofert\u0119!\",\"breadcrumb\":{\"@id\":\"https:\/\/blulegal.com\/en\/about-us\/spotkajmy-sie-we-wroclawiu\/#breadcrumb\"},\"inLanguage\":\"en-US\",\"potentialAction\":[{\"@type\":\"ReadAction\",\"target\":[\"https:\/\/blulegal.com\/en\/about-us\/spotkajmy-sie-we-wroclawiu\/\"]}]},{\"@type\":\"ImageObject\",\"inLanguage\":\"en-US\",\"@id\":\"https:\/\/blulegal.com\/en\/about-us\/spotkajmy-sie-we-wroclawiu\/#primaryimage\",\"url\":\"https:\/\/blulegal.com\/wp-content\/uploads\/2019\/11\/kontakt-page_top.jpg\",\"contentUrl\":\"https:\/\/blulegal.com\/wp-content\/uploads\/2019\/11\/kontakt-page_top.jpg\",\"width\":1920,\"height\":970},{\"@type\":\"BreadcrumbList\",\"@id\":\"https:\/\/blulegal.com\/en\/about-us\/spotkajmy-sie-we-wroclawiu\/#breadcrumb\",\"itemListElement\":[{\"@type\":\"ListItem\",\"position\":1,\"name\":\"Home\",\"item\":\"https:\/\/blulegal.com\/en\/\"},{\"@type\":\"ListItem\",\"position\":2,\"name\":\"About Us\",\"item\":\"https:\/\/blulegal.com\/en\/about-us\/\"},{\"@type\":\"ListItem\",\"position\":3,\"name\":\"Let\u2019s meet in Wroc\u0142aw\"}]},{\"@type\":\"WebSite\",\"@id\":\"https:\/\/blulegal.com\/en\/#website\",\"url\":\"https:\/\/blulegal.com\/en\/\",\"name\":\"Blulegal\",\"description\":\"Radcowie prawni\",\"publisher\":{\"@id\":\"https:\/\/blulegal.com\/en\/#organization\"},\"potentialAction\":[{\"@type\":\"SearchAction\",\"target\":{\"@type\":\"EntryPoint\",\"urlTemplate\":\"https:\/\/blulegal.com\/en\/?s={search_term_string}\"},\"query-input\":{\"@type\":\"PropertyValueSpecification\",\"valueRequired\":true,\"valueName\":\"search_term_string\"}}],\"inLanguage\":\"en-US\"},{\"@type\":\"Organization\",\"@id\":\"https:\/\/blulegal.com\/en\/#organization\",\"name\":\"Blu Legal\",\"url\":\"https:\/\/blulegal.com\/en\/\",\"logo\":{\"@type\":\"ImageObject\",\"inLanguage\":\"en-US\",\"@id\":\"https:\/\/blulegal.com\/en\/#\/schema\/logo\/image\/\",\"url\":\"https:\/\/blulegal.com\/wp-content\/uploads\/2023\/05\/logo-blu.png\",\"contentUrl\":\"https:\/\/blulegal.com\/wp-content\/uploads\/2023\/05\/logo-blu.png\",\"width\":225,\"height\":116,\"caption\":\"Blu Legal\"},\"image\":{\"@id\":\"https:\/\/blulegal.com\/en\/#\/schema\/logo\/image\/\"}}]}<\/script>\n<!-- \/ Yoast SEO plugin. -->","yoast_head_json":{"title":"Let\u2019s meet in Wroc\u0142aw &#8226; Blulegal","description":"Let\u2019s meet in Wroc\u0142aw \u2013 oferujemy profesjonalne doradztwo w zakresie prawa polsko-niemieckiego dla firm i os\u00f3b fizycznych. Sprawd\u017a ofert\u0119!","robots":{"index":"index","follow":"follow","max-snippet":"max-snippet:-1","max-image-preview":"max-image-preview:large","max-video-preview":"max-video-preview:-1"},"canonical":"https:\/\/blulegal.com\/en\/about-us\/spotkajmy-sie-we-wroclawiu\/","og_locale":"en_US","og_type":"article","og_title":"Let\u2019s meet in Wroc\u0142aw &#8226; Blulegal","og_description":"Let\u2019s meet in Wroc\u0142aw \u2013 oferujemy profesjonalne doradztwo w zakresie prawa polsko-niemieckiego dla firm i os\u00f3b fizycznych. Sprawd\u017a ofert\u0119!","og_url":"https:\/\/blulegal.com\/en\/about-us\/spotkajmy-sie-we-wroclawiu\/","og_site_name":"Blulegal","article_modified_time":"2020-05-28T11:08:42+00:00","og_image":[{"width":1920,"height":970,"url":"https:\/\/blulegal.com\/wp-content\/uploads\/2019\/11\/kontakt-page_top.jpg","type":"image\/jpeg"}],"twitter_card":"summary_large_image","twitter_misc":{"Est. reading time":"2 minutes"},"schema":{"@context":"https:\/\/schema.org","@graph":[{"@type":"WebPage","@id":"https:\/\/blulegal.com\/en\/about-us\/spotkajmy-sie-we-wroclawiu\/","url":"https:\/\/blulegal.com\/en\/about-us\/spotkajmy-sie-we-wroclawiu\/","name":"Let\u2019s meet in Wroc\u0142aw &#8226; Blulegal","isPartOf":{"@id":"https:\/\/blulegal.com\/en\/#website"},"primaryImageOfPage":{"@id":"https:\/\/blulegal.com\/en\/about-us\/spotkajmy-sie-we-wroclawiu\/#primaryimage"},"image":{"@id":"https:\/\/blulegal.com\/en\/about-us\/spotkajmy-sie-we-wroclawiu\/#primaryimage"},"thumbnailUrl":"https:\/\/blulegal.com\/wp-content\/uploads\/2019\/11\/kontakt-page_top.jpg","datePublished":"2020-05-10T10:02:40+00:00","dateModified":"2020-05-28T11:08:42+00:00","description":"Let\u2019s meet in Wroc\u0142aw \u2013 oferujemy profesjonalne doradztwo w zakresie prawa polsko-niemieckiego dla firm i os\u00f3b fizycznych. Sprawd\u017a ofert\u0119!","breadcrumb":{"@id":"https:\/\/blulegal.com\/en\/about-us\/spotkajmy-sie-we-wroclawiu\/#breadcrumb"},"inLanguage":"en-US","potentialAction":[{"@type":"ReadAction","target":["https:\/\/blulegal.com\/en\/about-us\/spotkajmy-sie-we-wroclawiu\/"]}]},{"@type":"ImageObject","inLanguage":"en-US","@id":"https:\/\/blulegal.com\/en\/about-us\/spotkajmy-sie-we-wroclawiu\/#primaryimage","url":"https:\/\/blulegal.com\/wp-content\/uploads\/2019\/11\/kontakt-page_top.jpg","contentUrl":"https:\/\/blulegal.com\/wp-content\/uploads\/2019\/11\/kontakt-page_top.jpg","width":1920,"height":970},{"@type":"BreadcrumbList","@id":"https:\/\/blulegal.com\/en\/about-us\/spotkajmy-sie-we-wroclawiu\/#breadcrumb","itemListElement":[{"@type":"ListItem","position":1,"name":"Home","item":"https:\/\/blulegal.com\/en\/"},{"@type":"ListItem","position":2,"name":"About Us","item":"https:\/\/blulegal.com\/en\/about-us\/"},{"@type":"ListItem","position":3,"name":"Let\u2019s meet in Wroc\u0142aw"}]},{"@type":"WebSite","@id":"https:\/\/blulegal.com\/en\/#website","url":"https:\/\/blulegal.com\/en\/","name":"Blulegal","description":"Radcowie prawni","publisher":{"@id":"https:\/\/blulegal.com\/en\/#organization"},"potentialAction":[{"@type":"SearchAction","target":{"@type":"EntryPoint","urlTemplate":"https:\/\/blulegal.com\/en\/?s={search_term_string}"},"query-input":{"@type":"PropertyValueSpecification","valueRequired":true,"valueName":"search_term_string"}}],"inLanguage":"en-US"},{"@type":"Organization","@id":"https:\/\/blulegal.com\/en\/#organization","name":"Blu Legal","url":"https:\/\/blulegal.com\/en\/","logo":{"@type":"ImageObject","inLanguage":"en-US","@id":"https:\/\/blulegal.com\/en\/#\/schema\/logo\/image\/","url":"https:\/\/blulegal.com\/wp-content\/uploads\/2023\/05\/logo-blu.png","contentUrl":"https:\/\/blulegal.com\/wp-content\/uploads\/2023\/05\/logo-blu.png","width":225,"height":116,"caption":"Blu Legal"},"image":{"@id":"https:\/\/blulegal.com\/en\/#\/schema\/logo\/image\/"}}]}},"_links":{"self":[{"href":"https:\/\/blulegal.com\/en\/wp-json\/wp\/v2\/pages\/2214","targetHints":{"allow":["GET"]}}],"collection":[{"href":"https:\/\/blulegal.com\/en\/wp-json\/wp\/v2\/pages"}],"about":[{"href":"https:\/\/blulegal.com\/en\/wp-json\/wp\/v2\/types\/page"}],"author":[{"embeddable":true,"href":"https:\/\/blulegal.com\/en\/wp-json\/wp\/v2\/users\/3"}],"replies":[{"embeddable":true,"href":"https:\/\/blulegal.com\/en\/wp-json\/wp\/v2\/comments?post=2214"}],"version-history":[{"count":18,"href":"https:\/\/blulegal.com\/en\/wp-json\/wp\/v2\/pages\/2214\/revisions"}],"predecessor-version":[{"id":2545,"href":"https:\/\/blulegal.com\/en\/wp-json\/wp\/v2\/pages\/2214\/revisions\/2545"}],"up":[{"embeddable":true,"href":"https:\/\/blulegal.com\/en\/wp-json\/wp\/v2\/pages\/75"}],"wp:featuredmedia":[{"embeddable":true,"href":"https:\/\/blulegal.com\/en\/wp-json\/wp\/v2\/media\/224"}],"wp:attachment":[{"href":"https:\/\/blulegal.com\/en\/wp-json\/wp\/v2\/media?parent=2214"}],"curies":[{"name":"wp","href":"https:\/\/api.w.org\/{rel}","templated":true}]}}