{"id":2231,"date":"2020-05-10T10:07:06","date_gmt":"2020-05-10T10:07:06","guid":{"rendered":"https:\/\/blulegal.com\/legal-services\/merger-acquisitions\/"},"modified":"2020-05-28T10:07:29","modified_gmt":"2020-05-28T10:07:29","slug":"merger-acquisitions","status":"publish","type":"page","link":"https:\/\/blulegal.com\/en\/legal-services\/merger-acquisitions\/","title":{"rendered":"Mergers &amp; Acquisitions"},"content":{"rendered":"\n<div class=\"wp-block-columns has-2-columns image-text-block image-text-block--narrow image-right is-layout-flex wp-container-core-columns-is-layout-9d6595d7 wp-block-columns-is-layout-flex\">\n<div class=\"wp-block-column is-layout-flow wp-block-column-is-layout-flow\">\n<p class=\"image-text-block__text\"><strong>Law Firm BLU provides the following services in the scope of mergers and acquisitions:<\/strong><\/p>\n\n\n\n<ul class=\"wp-block-list\"><li>assistance in company acquisition transactions,<\/li><li>assistance in company merger transactions,<\/li><li>legal assistance in all types of mergers, <\/li><li>preparation of documents necessary for company acquisition or merger, <\/li><li>legal assistance in company sale,<\/li><li>due diligence.<\/li><\/ul>\n<\/div>\n\n\n\n<div class=\"wp-block-column is-layout-flow wp-block-column-is-layout-flow\">\n<figure class=\"wp-block-image image-text-block__image image-text-block__image--narrow\"><img loading=\"lazy\" decoding=\"async\" width=\"444\" height=\"551\" src=\"https:\/\/blulegal.com\/wp-content\/uploads\/2019\/11\/bigstock-Good-Service-Cooperation-Cons-282815557-444x551.jpg\" alt=\"\" class=\"wp-image-253\"\/><\/figure>\n<\/div>\n<\/div>\n","protected":false},"excerpt":{"rendered":"<p>Law Firm BLU provides the following services in the scope of mergers and acquisitions: assistance<\/p>\n","protected":false},"author":3,"featured_media":224,"parent":88,"menu_order":0,"comment_status":"closed","ping_status":"closed","template":"page-tpl-sidebar.php","meta":{"_acf_changed":false,"footnotes":""},"class_list":["post-2231","page","type-page","status-publish","has-post-thumbnail","hentry"],"acf":[],"yoast_head":"<!-- This site is optimized with the Yoast SEO plugin v27.2 - https:\/\/yoast.com\/product\/yoast-seo-wordpress\/ -->\n<title>Fuzje i przej\u0119cia przedsi\u0119biorstw - doradztwo M&amp;A<\/title>\n<meta name=\"description\" content=\"Mergers &amp; Acquisitions \u2013 oferujemy profesjonalne doradztwo w zakresie prawa polsko-niemieckiego dla firm i os\u00f3b fizycznych. Sprawd\u017a ofert\u0119!\" \/>\n<meta name=\"robots\" content=\"index, follow, max-snippet:-1, max-image-preview:large, max-video-preview:-1\" \/>\n<link rel=\"canonical\" href=\"https:\/\/blulegal.com\/en\/legal-services\/merger-acquisitions\/\" \/>\n<meta property=\"og:locale\" content=\"en_US\" \/>\n<meta property=\"og:type\" content=\"article\" \/>\n<meta property=\"og:title\" content=\"Fuzje i przej\u0119cia przedsi\u0119biorstw - doradztwo M&amp;A\" \/>\n<meta property=\"og:description\" content=\"Mergers &amp; Acquisitions \u2013 oferujemy profesjonalne doradztwo w zakresie prawa polsko-niemieckiego dla firm i os\u00f3b fizycznych. Sprawd\u017a ofert\u0119!\" \/>\n<meta property=\"og:url\" content=\"https:\/\/blulegal.com\/en\/legal-services\/merger-acquisitions\/\" \/>\n<meta property=\"og:site_name\" content=\"Blulegal\" \/>\n<meta property=\"article:modified_time\" content=\"2020-05-28T10:07:29+00:00\" \/>\n<meta property=\"og:image\" content=\"https:\/\/blulegal.com\/wp-content\/uploads\/2019\/11\/kontakt-page_top.jpg\" \/>\n\t<meta property=\"og:image:width\" content=\"1920\" \/>\n\t<meta property=\"og:image:height\" content=\"970\" \/>\n\t<meta property=\"og:image:type\" content=\"image\/jpeg\" \/>\n<meta name=\"twitter:card\" content=\"summary_large_image\" \/>\n<script type=\"application\/ld+json\" class=\"yoast-schema-graph\">{\"@context\":\"https:\/\/schema.org\",\"@graph\":[{\"@type\":\"WebPage\",\"@id\":\"https:\/\/blulegal.com\/en\/legal-services\/merger-acquisitions\/\",\"url\":\"https:\/\/blulegal.com\/en\/legal-services\/merger-acquisitions\/\",\"name\":\"Fuzje i przej\u0119cia przedsi\u0119biorstw - doradztwo M&A\",\"isPartOf\":{\"@id\":\"https:\/\/blulegal.com\/en\/#website\"},\"primaryImageOfPage\":{\"@id\":\"https:\/\/blulegal.com\/en\/legal-services\/merger-acquisitions\/#primaryimage\"},\"image\":{\"@id\":\"https:\/\/blulegal.com\/en\/legal-services\/merger-acquisitions\/#primaryimage\"},\"thumbnailUrl\":\"https:\/\/blulegal.com\/wp-content\/uploads\/2019\/11\/kontakt-page_top.jpg\",\"datePublished\":\"2020-05-10T10:07:06+00:00\",\"dateModified\":\"2020-05-28T10:07:29+00:00\",\"description\":\"Mergers &amp; Acquisitions \u2013 oferujemy profesjonalne doradztwo w zakresie prawa polsko-niemieckiego dla firm i os\u00f3b fizycznych. Sprawd\u017a ofert\u0119!\",\"breadcrumb\":{\"@id\":\"https:\/\/blulegal.com\/en\/legal-services\/merger-acquisitions\/#breadcrumb\"},\"inLanguage\":\"en-US\",\"potentialAction\":[{\"@type\":\"ReadAction\",\"target\":[\"https:\/\/blulegal.com\/en\/legal-services\/merger-acquisitions\/\"]}]},{\"@type\":\"ImageObject\",\"inLanguage\":\"en-US\",\"@id\":\"https:\/\/blulegal.com\/en\/legal-services\/merger-acquisitions\/#primaryimage\",\"url\":\"https:\/\/blulegal.com\/wp-content\/uploads\/2019\/11\/kontakt-page_top.jpg\",\"contentUrl\":\"https:\/\/blulegal.com\/wp-content\/uploads\/2019\/11\/kontakt-page_top.jpg\",\"width\":1920,\"height\":970},{\"@type\":\"BreadcrumbList\",\"@id\":\"https:\/\/blulegal.com\/en\/legal-services\/merger-acquisitions\/#breadcrumb\",\"itemListElement\":[{\"@type\":\"ListItem\",\"position\":1,\"name\":\"Home\",\"item\":\"https:\/\/blulegal.com\/en\/\"},{\"@type\":\"ListItem\",\"position\":2,\"name\":\"Our Competence\",\"item\":\"https:\/\/blulegal.com\/en\/specjalizacje\/\"},{\"@type\":\"ListItem\",\"position\":3,\"name\":\"Mergers &amp; Acquisitions\"}]},{\"@type\":\"WebSite\",\"@id\":\"https:\/\/blulegal.com\/en\/#website\",\"url\":\"https:\/\/blulegal.com\/en\/\",\"name\":\"Blulegal\",\"description\":\"Radcowie prawni\",\"publisher\":{\"@id\":\"https:\/\/blulegal.com\/en\/#organization\"},\"potentialAction\":[{\"@type\":\"SearchAction\",\"target\":{\"@type\":\"EntryPoint\",\"urlTemplate\":\"https:\/\/blulegal.com\/en\/?s={search_term_string}\"},\"query-input\":{\"@type\":\"PropertyValueSpecification\",\"valueRequired\":true,\"valueName\":\"search_term_string\"}}],\"inLanguage\":\"en-US\"},{\"@type\":\"Organization\",\"@id\":\"https:\/\/blulegal.com\/en\/#organization\",\"name\":\"Blu Legal\",\"url\":\"https:\/\/blulegal.com\/en\/\",\"logo\":{\"@type\":\"ImageObject\",\"inLanguage\":\"en-US\",\"@id\":\"https:\/\/blulegal.com\/en\/#\/schema\/logo\/image\/\",\"url\":\"https:\/\/blulegal.com\/wp-content\/uploads\/2023\/05\/logo-blu.png\",\"contentUrl\":\"https:\/\/blulegal.com\/wp-content\/uploads\/2023\/05\/logo-blu.png\",\"width\":225,\"height\":116,\"caption\":\"Blu Legal\"},\"image\":{\"@id\":\"https:\/\/blulegal.com\/en\/#\/schema\/logo\/image\/\"}}]}<\/script>\n<!-- \/ Yoast SEO plugin. -->","yoast_head_json":{"title":"Fuzje i przej\u0119cia przedsi\u0119biorstw - doradztwo M&A","description":"Mergers &amp; Acquisitions \u2013 oferujemy profesjonalne doradztwo w zakresie prawa polsko-niemieckiego dla firm i os\u00f3b fizycznych. Sprawd\u017a ofert\u0119!","robots":{"index":"index","follow":"follow","max-snippet":"max-snippet:-1","max-image-preview":"max-image-preview:large","max-video-preview":"max-video-preview:-1"},"canonical":"https:\/\/blulegal.com\/en\/legal-services\/merger-acquisitions\/","og_locale":"en_US","og_type":"article","og_title":"Fuzje i przej\u0119cia przedsi\u0119biorstw - doradztwo M&A","og_description":"Mergers &amp; Acquisitions \u2013 oferujemy profesjonalne doradztwo w zakresie prawa polsko-niemieckiego dla firm i os\u00f3b fizycznych. Sprawd\u017a ofert\u0119!","og_url":"https:\/\/blulegal.com\/en\/legal-services\/merger-acquisitions\/","og_site_name":"Blulegal","article_modified_time":"2020-05-28T10:07:29+00:00","og_image":[{"width":1920,"height":970,"url":"https:\/\/blulegal.com\/wp-content\/uploads\/2019\/11\/kontakt-page_top.jpg","type":"image\/jpeg"}],"twitter_card":"summary_large_image","schema":{"@context":"https:\/\/schema.org","@graph":[{"@type":"WebPage","@id":"https:\/\/blulegal.com\/en\/legal-services\/merger-acquisitions\/","url":"https:\/\/blulegal.com\/en\/legal-services\/merger-acquisitions\/","name":"Fuzje i przej\u0119cia przedsi\u0119biorstw - doradztwo M&A","isPartOf":{"@id":"https:\/\/blulegal.com\/en\/#website"},"primaryImageOfPage":{"@id":"https:\/\/blulegal.com\/en\/legal-services\/merger-acquisitions\/#primaryimage"},"image":{"@id":"https:\/\/blulegal.com\/en\/legal-services\/merger-acquisitions\/#primaryimage"},"thumbnailUrl":"https:\/\/blulegal.com\/wp-content\/uploads\/2019\/11\/kontakt-page_top.jpg","datePublished":"2020-05-10T10:07:06+00:00","dateModified":"2020-05-28T10:07:29+00:00","description":"Mergers &amp; Acquisitions \u2013 oferujemy profesjonalne doradztwo w zakresie prawa polsko-niemieckiego dla firm i os\u00f3b fizycznych. Sprawd\u017a ofert\u0119!","breadcrumb":{"@id":"https:\/\/blulegal.com\/en\/legal-services\/merger-acquisitions\/#breadcrumb"},"inLanguage":"en-US","potentialAction":[{"@type":"ReadAction","target":["https:\/\/blulegal.com\/en\/legal-services\/merger-acquisitions\/"]}]},{"@type":"ImageObject","inLanguage":"en-US","@id":"https:\/\/blulegal.com\/en\/legal-services\/merger-acquisitions\/#primaryimage","url":"https:\/\/blulegal.com\/wp-content\/uploads\/2019\/11\/kontakt-page_top.jpg","contentUrl":"https:\/\/blulegal.com\/wp-content\/uploads\/2019\/11\/kontakt-page_top.jpg","width":1920,"height":970},{"@type":"BreadcrumbList","@id":"https:\/\/blulegal.com\/en\/legal-services\/merger-acquisitions\/#breadcrumb","itemListElement":[{"@type":"ListItem","position":1,"name":"Home","item":"https:\/\/blulegal.com\/en\/"},{"@type":"ListItem","position":2,"name":"Our Competence","item":"https:\/\/blulegal.com\/en\/specjalizacje\/"},{"@type":"ListItem","position":3,"name":"Mergers &amp; Acquisitions"}]},{"@type":"WebSite","@id":"https:\/\/blulegal.com\/en\/#website","url":"https:\/\/blulegal.com\/en\/","name":"Blulegal","description":"Radcowie prawni","publisher":{"@id":"https:\/\/blulegal.com\/en\/#organization"},"potentialAction":[{"@type":"SearchAction","target":{"@type":"EntryPoint","urlTemplate":"https:\/\/blulegal.com\/en\/?s={search_term_string}"},"query-input":{"@type":"PropertyValueSpecification","valueRequired":true,"valueName":"search_term_string"}}],"inLanguage":"en-US"},{"@type":"Organization","@id":"https:\/\/blulegal.com\/en\/#organization","name":"Blu Legal","url":"https:\/\/blulegal.com\/en\/","logo":{"@type":"ImageObject","inLanguage":"en-US","@id":"https:\/\/blulegal.com\/en\/#\/schema\/logo\/image\/","url":"https:\/\/blulegal.com\/wp-content\/uploads\/2023\/05\/logo-blu.png","contentUrl":"https:\/\/blulegal.com\/wp-content\/uploads\/2023\/05\/logo-blu.png","width":225,"height":116,"caption":"Blu Legal"},"image":{"@id":"https:\/\/blulegal.com\/en\/#\/schema\/logo\/image\/"}}]}},"_links":{"self":[{"href":"https:\/\/blulegal.com\/en\/wp-json\/wp\/v2\/pages\/2231","targetHints":{"allow":["GET"]}}],"collection":[{"href":"https:\/\/blulegal.com\/en\/wp-json\/wp\/v2\/pages"}],"about":[{"href":"https:\/\/blulegal.com\/en\/wp-json\/wp\/v2\/types\/page"}],"author":[{"embeddable":true,"href":"https:\/\/blulegal.com\/en\/wp-json\/wp\/v2\/users\/3"}],"replies":[{"embeddable":true,"href":"https:\/\/blulegal.com\/en\/wp-json\/wp\/v2\/comments?post=2231"}],"version-history":[{"count":3,"href":"https:\/\/blulegal.com\/en\/wp-json\/wp\/v2\/pages\/2231\/revisions"}],"predecessor-version":[{"id":2615,"href":"https:\/\/blulegal.com\/en\/wp-json\/wp\/v2\/pages\/2231\/revisions\/2615"}],"up":[{"embeddable":true,"href":"https:\/\/blulegal.com\/en\/wp-json\/wp\/v2\/pages\/88"}],"wp:featuredmedia":[{"embeddable":true,"href":"https:\/\/blulegal.com\/en\/wp-json\/wp\/v2\/media\/224"}],"wp:attachment":[{"href":"https:\/\/blulegal.com\/en\/wp-json\/wp\/v2\/media?parent=2231"}],"curies":[{"name":"wp","href":"https:\/\/api.w.org\/{rel}","templated":true}]}}