{"id":2248,"date":"2020-05-10T10:11:33","date_gmt":"2020-05-10T10:11:33","guid":{"rendered":"https:\/\/blulegal.com\/legal-services\/spory-transgraniczne\/"},"modified":"2023-07-20T09:07:26","modified_gmt":"2023-07-20T09:07:26","slug":"cross-border-disputes","status":"publish","type":"page","link":"https:\/\/blulegal.com\/en\/legal-services\/cross-border-disputes\/","title":{"rendered":"Cross-border Disputes"},"content":{"rendered":"\n<div class=\"wp-block-columns has-2-columns image-text-block image-text-block--narrow image-left is-layout-flex wp-container-core-columns-is-layout-9d6595d7 wp-block-columns-is-layout-flex\">\n<div class=\"wp-block-column is-layout-flow wp-block-column-is-layout-flow\">\n<figure class=\"wp-block-image image-text-block__image image-text-block__image--narrow image-left\"><img loading=\"lazy\" decoding=\"async\" width=\"444\" height=\"551\" src=\"https:\/\/blulegal.com\/wp-content\/uploads\/2019\/11\/bigstock-Male-Lawyer-Or-Judge-Working-W-290555113-min-444x551.jpg\" alt=\"\" class=\"wp-image-230\"\/><\/figure>\n<\/div>\n\n\n\n<div class=\"wp-block-column is-layout-flow wp-block-column-is-layout-flow\">\n<p class=\"image-text-block__text\"><strong>Law Firm BLU Attorneys-At-Law is a Law Firm specialising in:<\/strong><\/p>\n\n\n\n<ul class=\"image-text-block__text wp-block-list\">\n<li>seeking disputed claims  in international economic turnover \u2013 we apply on behalf of our Clients for      European order for payment pursuant to <em><a href=\"https:\/\/eur-lex.europa.eu\/legal-content\/EN\/TXT\/?uri=CELEX:32006R1896\">regulation (EC) No 1896\/2006 creating a European order for payment procedure<\/a>,<\/em><\/li>\n\n\n\n<li>determining the rules of court jurisdiction in cross-border disputes and confirming the enforceability of foreign decision pursuant to <em><a href=\"https:\/\/eur-lex.europa.eu\/legal-content\/EN\/TXT\/?uri=CELEX:32012R1215\">regulation of the European Parliament  and Council &nbsp;(EC) No. 1215\/2012 of 12 December 2012 on jurisdiction and the recognition and enforcement of judgements in civil      and commercial matters<\/a>,<\/em><\/li>\n<\/ul>\n<\/div>\n<\/div>\n\n\n\n<div class=\"wp-block-columns has-2-columns image-text-block image-text-block--narrow image-right is-layout-flex wp-container-core-columns-is-layout-9d6595d7 wp-block-columns-is-layout-flex\">\n<div class=\"wp-block-column is-layout-flow wp-block-column-is-layout-flow\">\n<ul class=\"image-text-block__text wp-block-list\">\n<li>determining      principles of applicable law in cross-border matters pursuant to      regulation EC No. <em>&nbsp;<a href=\"https:\/\/eur-lex.europa.eu\/legal-content\/EN\/TXT\/?uri=CELEX:32008R0593\">593\/2008 on the law applicable to contractual      obligations<\/a>,<\/em><\/li>\n\n\n\n<li>determining      principles of period of limitation for the international sales of goods      pursuant to the <em><a href=\"https:\/\/treaties.un.org\/Pages\/ViewDetails.aspx?src=TREATY&amp;mtdsg_no=X-7&amp;chapter=10&amp;lang=en\">Convention on the Limitation Period in the International Sales of Goods of 14 June 1974<\/a>,<\/em><\/li>\n\n\n\n<li>determining      principles of the sale of goods to foreign clients pursuant to the      applicable agreements and international conventions, including the <em><a href=\"https:\/\/treaties.un.org\/Pages\/ViewDetails.aspx?src=TREATY&amp;mtdsg_no=X-10&amp;chapter=10&amp;lang=en\">UN Convention for the International Sale of Goods of 11 April 1980,<\/a><\/em><\/li>\n\n\n\n<li>determining      principles for settling of international disputes pursuant to other legal  acts.<\/li>\n<\/ul>\n<\/div>\n\n\n\n<div class=\"wp-block-column is-layout-flow wp-block-column-is-layout-flow\">\n<figure class=\"wp-block-image image-text-block__image image-text-block__image--narrow\"><img loading=\"lazy\" decoding=\"async\" width=\"444\" height=\"551\" src=\"https:\/\/blulegal.com\/wp-content\/uploads\/2019\/11\/kontakt-page_top-444x551.jpg\" alt=\"\" class=\"wp-image-223\"\/><\/figure>\n<\/div>\n<\/div>\n","protected":false},"excerpt":{"rendered":"<p>Law Firm BLU Attorneys-At-Law is a Law Firm specialising in:<\/p>\n","protected":false},"author":3,"featured_media":247,"parent":88,"menu_order":0,"comment_status":"closed","ping_status":"closed","template":"page-tpl-sidebar.php","meta":{"_acf_changed":false,"footnotes":""},"class_list":["post-2248","page","type-page","status-publish","has-post-thumbnail","hentry"],"acf":[],"yoast_head":"<!-- This site is optimized with the Yoast SEO plugin v27.2 - https:\/\/yoast.com\/product\/yoast-seo-wordpress\/ -->\n<title>Windykacja nale\u017cno\u015bci z Niemiec<\/title>\n<meta name=\"description\" content=\"Cross-border Disputes \u2013 oferujemy profesjonalne doradztwo w zakresie prawa polsko-niemieckiego dla firm i os\u00f3b fizycznych. Sprawd\u017a ofert\u0119!\" \/>\n<meta name=\"robots\" content=\"index, follow, max-snippet:-1, max-image-preview:large, max-video-preview:-1\" \/>\n<link rel=\"canonical\" href=\"https:\/\/blulegal.com\/en\/legal-services\/cross-border-disputes\/\" \/>\n<meta property=\"og:locale\" content=\"en_US\" \/>\n<meta property=\"og:type\" content=\"article\" \/>\n<meta property=\"og:title\" content=\"Windykacja nale\u017cno\u015bci z Niemiec\" \/>\n<meta property=\"og:description\" content=\"Cross-border Disputes \u2013 oferujemy profesjonalne doradztwo w zakresie prawa polsko-niemieckiego dla firm i os\u00f3b fizycznych. Sprawd\u017a ofert\u0119!\" \/>\n<meta property=\"og:url\" content=\"https:\/\/blulegal.com\/en\/legal-services\/cross-border-disputes\/\" \/>\n<meta property=\"og:site_name\" content=\"Blulegal\" \/>\n<meta property=\"article:modified_time\" content=\"2023-07-20T09:07:26+00:00\" \/>\n<meta property=\"og:image\" content=\"https:\/\/blulegal.com\/wp-content\/uploads\/2019\/11\/bigstock-Businessman-Playing-Chess-Game-287663164-min.jpg\" \/>\n\t<meta property=\"og:image:width\" content=\"4896\" \/>\n\t<meta property=\"og:image:height\" content=\"3264\" \/>\n\t<meta property=\"og:image:type\" content=\"image\/jpeg\" \/>\n<meta name=\"twitter:card\" content=\"summary_large_image\" \/>\n<meta name=\"twitter:label1\" content=\"Est. reading time\" \/>\n\t<meta name=\"twitter:data1\" content=\"1 minute\" \/>\n<script type=\"application\/ld+json\" class=\"yoast-schema-graph\">{\"@context\":\"https:\/\/schema.org\",\"@graph\":[{\"@type\":\"WebPage\",\"@id\":\"https:\/\/blulegal.com\/en\/legal-services\/cross-border-disputes\/\",\"url\":\"https:\/\/blulegal.com\/en\/legal-services\/cross-border-disputes\/\",\"name\":\"Windykacja nale\u017cno\u015bci z Niemiec\",\"isPartOf\":{\"@id\":\"https:\/\/blulegal.com\/en\/#website\"},\"primaryImageOfPage\":{\"@id\":\"https:\/\/blulegal.com\/en\/legal-services\/cross-border-disputes\/#primaryimage\"},\"image\":{\"@id\":\"https:\/\/blulegal.com\/en\/legal-services\/cross-border-disputes\/#primaryimage\"},\"thumbnailUrl\":\"https:\/\/blulegal.com\/wp-content\/uploads\/2019\/11\/bigstock-Businessman-Playing-Chess-Game-287663164-min.jpg\",\"datePublished\":\"2020-05-10T10:11:33+00:00\",\"dateModified\":\"2023-07-20T09:07:26+00:00\",\"description\":\"Cross-border Disputes \u2013 oferujemy profesjonalne doradztwo w zakresie prawa polsko-niemieckiego dla firm i os\u00f3b fizycznych. Sprawd\u017a ofert\u0119!\",\"breadcrumb\":{\"@id\":\"https:\/\/blulegal.com\/en\/legal-services\/cross-border-disputes\/#breadcrumb\"},\"inLanguage\":\"en-US\",\"potentialAction\":[{\"@type\":\"ReadAction\",\"target\":[\"https:\/\/blulegal.com\/en\/legal-services\/cross-border-disputes\/\"]}]},{\"@type\":\"ImageObject\",\"inLanguage\":\"en-US\",\"@id\":\"https:\/\/blulegal.com\/en\/legal-services\/cross-border-disputes\/#primaryimage\",\"url\":\"https:\/\/blulegal.com\/wp-content\/uploads\/2019\/11\/bigstock-Businessman-Playing-Chess-Game-287663164-min.jpg\",\"contentUrl\":\"https:\/\/blulegal.com\/wp-content\/uploads\/2019\/11\/bigstock-Businessman-Playing-Chess-Game-287663164-min.jpg\",\"width\":4896,\"height\":3264},{\"@type\":\"BreadcrumbList\",\"@id\":\"https:\/\/blulegal.com\/en\/legal-services\/cross-border-disputes\/#breadcrumb\",\"itemListElement\":[{\"@type\":\"ListItem\",\"position\":1,\"name\":\"Home\",\"item\":\"https:\/\/blulegal.com\/en\/\"},{\"@type\":\"ListItem\",\"position\":2,\"name\":\"Our Competence\",\"item\":\"https:\/\/blulegal.com\/en\/specjalizacje\/\"},{\"@type\":\"ListItem\",\"position\":3,\"name\":\"Cross-border Disputes\"}]},{\"@type\":\"WebSite\",\"@id\":\"https:\/\/blulegal.com\/en\/#website\",\"url\":\"https:\/\/blulegal.com\/en\/\",\"name\":\"Blulegal\",\"description\":\"Radcowie prawni\",\"publisher\":{\"@id\":\"https:\/\/blulegal.com\/en\/#organization\"},\"potentialAction\":[{\"@type\":\"SearchAction\",\"target\":{\"@type\":\"EntryPoint\",\"urlTemplate\":\"https:\/\/blulegal.com\/en\/?s={search_term_string}\"},\"query-input\":{\"@type\":\"PropertyValueSpecification\",\"valueRequired\":true,\"valueName\":\"search_term_string\"}}],\"inLanguage\":\"en-US\"},{\"@type\":\"Organization\",\"@id\":\"https:\/\/blulegal.com\/en\/#organization\",\"name\":\"Blu Legal\",\"url\":\"https:\/\/blulegal.com\/en\/\",\"logo\":{\"@type\":\"ImageObject\",\"inLanguage\":\"en-US\",\"@id\":\"https:\/\/blulegal.com\/en\/#\/schema\/logo\/image\/\",\"url\":\"https:\/\/blulegal.com\/wp-content\/uploads\/2023\/05\/logo-blu.png\",\"contentUrl\":\"https:\/\/blulegal.com\/wp-content\/uploads\/2023\/05\/logo-blu.png\",\"width\":225,\"height\":116,\"caption\":\"Blu Legal\"},\"image\":{\"@id\":\"https:\/\/blulegal.com\/en\/#\/schema\/logo\/image\/\"}}]}<\/script>\n<!-- \/ Yoast SEO plugin. -->","yoast_head_json":{"title":"Windykacja nale\u017cno\u015bci z Niemiec","description":"Cross-border Disputes \u2013 oferujemy profesjonalne doradztwo w zakresie prawa polsko-niemieckiego dla firm i os\u00f3b fizycznych. Sprawd\u017a ofert\u0119!","robots":{"index":"index","follow":"follow","max-snippet":"max-snippet:-1","max-image-preview":"max-image-preview:large","max-video-preview":"max-video-preview:-1"},"canonical":"https:\/\/blulegal.com\/en\/legal-services\/cross-border-disputes\/","og_locale":"en_US","og_type":"article","og_title":"Windykacja nale\u017cno\u015bci z Niemiec","og_description":"Cross-border Disputes \u2013 oferujemy profesjonalne doradztwo w zakresie prawa polsko-niemieckiego dla firm i os\u00f3b fizycznych. Sprawd\u017a ofert\u0119!","og_url":"https:\/\/blulegal.com\/en\/legal-services\/cross-border-disputes\/","og_site_name":"Blulegal","article_modified_time":"2023-07-20T09:07:26+00:00","og_image":[{"width":4896,"height":3264,"url":"https:\/\/blulegal.com\/wp-content\/uploads\/2019\/11\/bigstock-Businessman-Playing-Chess-Game-287663164-min.jpg","type":"image\/jpeg"}],"twitter_card":"summary_large_image","twitter_misc":{"Est. reading time":"1 minute"},"schema":{"@context":"https:\/\/schema.org","@graph":[{"@type":"WebPage","@id":"https:\/\/blulegal.com\/en\/legal-services\/cross-border-disputes\/","url":"https:\/\/blulegal.com\/en\/legal-services\/cross-border-disputes\/","name":"Windykacja nale\u017cno\u015bci z Niemiec","isPartOf":{"@id":"https:\/\/blulegal.com\/en\/#website"},"primaryImageOfPage":{"@id":"https:\/\/blulegal.com\/en\/legal-services\/cross-border-disputes\/#primaryimage"},"image":{"@id":"https:\/\/blulegal.com\/en\/legal-services\/cross-border-disputes\/#primaryimage"},"thumbnailUrl":"https:\/\/blulegal.com\/wp-content\/uploads\/2019\/11\/bigstock-Businessman-Playing-Chess-Game-287663164-min.jpg","datePublished":"2020-05-10T10:11:33+00:00","dateModified":"2023-07-20T09:07:26+00:00","description":"Cross-border Disputes \u2013 oferujemy profesjonalne doradztwo w zakresie prawa polsko-niemieckiego dla firm i os\u00f3b fizycznych. Sprawd\u017a ofert\u0119!","breadcrumb":{"@id":"https:\/\/blulegal.com\/en\/legal-services\/cross-border-disputes\/#breadcrumb"},"inLanguage":"en-US","potentialAction":[{"@type":"ReadAction","target":["https:\/\/blulegal.com\/en\/legal-services\/cross-border-disputes\/"]}]},{"@type":"ImageObject","inLanguage":"en-US","@id":"https:\/\/blulegal.com\/en\/legal-services\/cross-border-disputes\/#primaryimage","url":"https:\/\/blulegal.com\/wp-content\/uploads\/2019\/11\/bigstock-Businessman-Playing-Chess-Game-287663164-min.jpg","contentUrl":"https:\/\/blulegal.com\/wp-content\/uploads\/2019\/11\/bigstock-Businessman-Playing-Chess-Game-287663164-min.jpg","width":4896,"height":3264},{"@type":"BreadcrumbList","@id":"https:\/\/blulegal.com\/en\/legal-services\/cross-border-disputes\/#breadcrumb","itemListElement":[{"@type":"ListItem","position":1,"name":"Home","item":"https:\/\/blulegal.com\/en\/"},{"@type":"ListItem","position":2,"name":"Our Competence","item":"https:\/\/blulegal.com\/en\/specjalizacje\/"},{"@type":"ListItem","position":3,"name":"Cross-border Disputes"}]},{"@type":"WebSite","@id":"https:\/\/blulegal.com\/en\/#website","url":"https:\/\/blulegal.com\/en\/","name":"Blulegal","description":"Radcowie prawni","publisher":{"@id":"https:\/\/blulegal.com\/en\/#organization"},"potentialAction":[{"@type":"SearchAction","target":{"@type":"EntryPoint","urlTemplate":"https:\/\/blulegal.com\/en\/?s={search_term_string}"},"query-input":{"@type":"PropertyValueSpecification","valueRequired":true,"valueName":"search_term_string"}}],"inLanguage":"en-US"},{"@type":"Organization","@id":"https:\/\/blulegal.com\/en\/#organization","name":"Blu Legal","url":"https:\/\/blulegal.com\/en\/","logo":{"@type":"ImageObject","inLanguage":"en-US","@id":"https:\/\/blulegal.com\/en\/#\/schema\/logo\/image\/","url":"https:\/\/blulegal.com\/wp-content\/uploads\/2023\/05\/logo-blu.png","contentUrl":"https:\/\/blulegal.com\/wp-content\/uploads\/2023\/05\/logo-blu.png","width":225,"height":116,"caption":"Blu Legal"},"image":{"@id":"https:\/\/blulegal.com\/en\/#\/schema\/logo\/image\/"}}]}},"_links":{"self":[{"href":"https:\/\/blulegal.com\/en\/wp-json\/wp\/v2\/pages\/2248","targetHints":{"allow":["GET"]}}],"collection":[{"href":"https:\/\/blulegal.com\/en\/wp-json\/wp\/v2\/pages"}],"about":[{"href":"https:\/\/blulegal.com\/en\/wp-json\/wp\/v2\/types\/page"}],"author":[{"embeddable":true,"href":"https:\/\/blulegal.com\/en\/wp-json\/wp\/v2\/users\/3"}],"replies":[{"embeddable":true,"href":"https:\/\/blulegal.com\/en\/wp-json\/wp\/v2\/comments?post=2248"}],"version-history":[{"count":16,"href":"https:\/\/blulegal.com\/en\/wp-json\/wp\/v2\/pages\/2248\/revisions"}],"predecessor-version":[{"id":3235,"href":"https:\/\/blulegal.com\/en\/wp-json\/wp\/v2\/pages\/2248\/revisions\/3235"}],"up":[{"embeddable":true,"href":"https:\/\/blulegal.com\/en\/wp-json\/wp\/v2\/pages\/88"}],"wp:featuredmedia":[{"embeddable":true,"href":"https:\/\/blulegal.com\/en\/wp-json\/wp\/v2\/media\/247"}],"wp:attachment":[{"href":"https:\/\/blulegal.com\/en\/wp-json\/wp\/v2\/media?parent=2248"}],"curies":[{"name":"wp","href":"https:\/\/api.w.org\/{rel}","templated":true}]}}