{"id":83,"date":"2019-11-26T11:41:17","date_gmt":"2019-11-26T11:41:17","guid":{"rendered":"https:\/\/blulegal.com\/publications\/"},"modified":"2022-09-22T12:25:19","modified_gmt":"2022-09-22T12:25:19","slug":"publications","status":"publish","type":"page","link":"https:\/\/blulegal.com\/en\/publications\/","title":{"rendered":"Publications"},"content":{"rendered":"\n<div class=\"wp-block-columns has-2-columns image-text-block image-left is-layout-flex wp-container-core-columns-is-layout-9d6595d7 wp-block-columns-is-layout-flex\">\n<div class=\"wp-block-column is-layout-flow wp-block-column-is-layout-flow\">\n<figure class=\"wp-block-image image-text-block__image\"><img loading=\"lazy\" decoding=\"async\" width=\"570\" height=\"551\" src=\"https:\/\/blulegal.com\/wp-content\/uploads\/2019\/11\/kontakt-page_top-570x551.jpg\" alt=\"\" class=\"wp-image-224\"\/><\/figure>\n\n\n\n<p><\/p>\n<\/div>\n\n\n\n<div class=\"wp-block-column is-layout-flow wp-block-column-is-layout-flow\">\n<h6 class=\"image-text-block__pretitle wp-block-heading\">\u00a7 01<\/h6>\n\n\n\n<h3 class=\"image-text-block__title wp-block-heading\">Dziennik Gazeta Prawna<\/h3>\n\n\n\n<ul class=\"image-text-block__text wp-block-list\"><li> <a href=\"https:\/\/praca.gazetaprawna.pl\/artykuly\/8553196,delegowanie-pracownikow-dane-dyrektywa-niemcy.html\"><em>Delegowani (jeszcze) bez informacji o warunkach zatrudnienia<\/em><\/a>, 22.09.2022, Katarzyna Styrna-Bartman, LL.M., Dr.jur.; <\/li><li><em><a href=\"https:\/\/serwisy.gazetaprawna.pl\/emerytury-i-renty\/artykuly\/8446590,srednioroczne-zatrudnienie-zleceniobiorcy-zus-wykladnia-wydluzenie-kontroli.html\">Przez b\u0142\u0119dn\u0105 wyk\u0142adni\u0119 prawa ZUS wyd\u0142u\u017ca kontrole<\/a><\/em>, 09.06.2022, Katarzyna Styrna-Bartman, LLM., Dr.jur., Kazimiera Wijatyk-Kubicka; <\/li><li><a href=\"https:\/\/praca.gazetaprawna.pl\/artykuly\/8420044,agencja-pracy-tymczasowej-za-granica-prawo-pracy.html\"><em>A<\/em>g<em>encja pracy tymczasowej za granic\u0105 to organizacyjne i prawne wyzwanie dla pracodawcy <\/em><\/a>, 19.05.2022, Katarzyna Styrna-Bartman, LL.M., Dr.jur.;<\/li><li><em><a href=\"https:\/\/edgp.gazetaprawna.pl\/e-wydanie\/58406,31-marca-2022\/74352,Kadry-i-place\/779022,Polska-firma-nie-deleguje-Ukraincow-do-Niemiec-ale-zatrudni-na-miejscu.html\">Polska firma nie deleguje Ukrai\u0144c\u00f3w do Niemiec, ale zatrudni na miejscu<\/a><\/em>, 31.03.2022, Katarzyna Styrna-Bartmann, LL.M., Dr.jur.;   <\/li><li><a href=\"https:\/\/praca.gazetaprawna.pl\/artykuly\/8281246,okreslenie-prawa-wlasciwego-dla-pracownika-delegowanego.html\"><em>Okre\u015blenie prawa w\u0142a\u015bciwego dla pracownika delegowanego<\/em><\/a>, 01.11.2021, Katarzyna Styrna-Bartmann, LL.M., Dr.jur.;<\/li><li><a href=\"https:\/\/serwisy.gazetaprawna.pl\/praca-i-kariera\/artykuly\/1488807,warunki-pracy-w-niemczech-pracownik-dlugoterminowy.html\"><em>Regionalny uk\u0142ad zbiorowy podyktuje warunki pracy w Niemczech<\/em><\/a>, 20.08.2020, Katarzyna Styrna-Bartman, LL.M., Dr.jur.; <\/li><li><a href=\"https:\/\/serwisy.gazetaprawna.pl\/praca-i-kariera\/artykuly\/1487299,delegowanie-koszty-wyslania-pracownika-za-granice.html\"><em>Koszty wys\u0142ania pracownika za granic\u0119 mog\u0105 by\u0107 osi\u0105 sporu z tamtejsz\u0105 inspekcj\u0105<\/em><\/a>, 30.07.2020, Katarzyna Styrna-Bartman, LL.M., Dr. jur.; <\/li><li><a href=\"https:\/\/edgp.gazetaprawna.pl\/wydanie\/1259,23-marca-2018\/5578,Tygodnik-Gazeta-Prawna\/8\"><em>Niemcy od dawna gromadz\u0105 przepracowane nadgodziny.<\/em><\/a><br><a href=\"https:\/\/edgp.gazetaprawna.pl\/wydanie\/1259,23-marca-2018\/5578,Tygodnik-Gazeta-Prawna\/8\"><em>I jest to rozwi\u0105zanie dla ka\u017cdego<\/em><\/a>, 23.03.2018, Katarzyna Styrna-Bartman,  LL. M.,  Dr. jur.; <\/li><li><a href=\"https:\/\/www.gazetaprawna.pl\/amp\/1033119,najnowsze-zmiany-w-niemieckich-przepisach-wazne-dla-firm-delegujacych-z-polski.html\"><em>Najnowsze zmiany w niemieckich przepisach wa\u017cne dla firm deleguj\u0105cych z Polski<\/em>,<\/a> 06.04.2017, Katarzyna Styrna-Bartman,<br>LL. M.,  Dr. jur.; <\/li><li><a href=\"https:\/\/edgp.gazetaprawna.pl\/e-wydanie\/906,3-lutego-2017\/4255,Tygodnik-Gazeta-Prawna\/642061,Berlin-za-zmianami-w-leasingu-pracowniczym-i-rowna-placa.html\"><em>Pozorny kontrakt z niemieck\u0105 firm\u0105 bez ochrony<\/em><\/a>, 03.02.2017, Katarzyna Styrna-Bartman, LL. M.,  Dr. jur.;  <\/li><li><em><a href=\"http:\/\/serwisy.gazetaprawna.pl\/praca-i-kariera\/artykuly\/1009678,umowy-pozorne-w-niemczech.html\">Niemcy id\u0105 na wojn\u0119 z pozornymi umowami<\/a><\/em>, 12.01.2017, Katarzyna Styrna-Bartman, LL. M.,  Dr. jur.;  <\/li><li><em><a href=\"https:\/\/praca.gazetaprawna.pl\/artykuly\/1006134,chwilowe-zmniejszenie-nadzorunad-firmami-delegujacymi-pracownikow-do-niemiec.html\">Mniejszy nadz\u00f3r nad firmami deleguj\u0105cymi pracownik\u00f3w do Niemiec tylko chwilowy<\/a>,<\/em>\u00a029.12.2016, Katarzyna Styrna-Bartman, LL. M.,  Dr. jur.;  <\/li><li><a href=\"http:\/\/www.gazetaprawna.pl\/artykuly\/893750,nabycie-firmy-sposob-na-szybsze-wejscie-na-rynek-niemiecki.html\"><em>Nabycie firmy \u2013 spos\u00f3b na szybsze wej\u015bcie na rynek niemiecki<\/em><\/a>, 15.09.2015, Katarzyna Styrna-Bartman, LL. M.,  Dr. jur.;  <\/li><li><em><a href=\"https:\/\/biznes.gazetaprawna.pl\/artykuly\/892465,jakrozpoczac-prowadzenie-dzialalnosci-gospodarczej-w-niemczech.html\">Jak rozpocz\u0105\u0107 prowadzenie dzia\u0142alno\u015bci gospodarczej w Niemczech<\/a><\/em><a href=\"https:\/\/biznes.gazetaprawna.pl\/artykuly\/892465,jakrozpoczac-prowadzenie-dzialalnosci-gospodarczej-w-niemczech.html\">, <\/a>08.09.2015, Katarzyna Styrna-Bartman, LL. M.,  Dr. jur.;  <\/li><li>Expert opinion:\u00a0<a href=\"http:\/\/serwisy.gazetaprawna.pl\/msp\/artykuly\/889011,uwaga-na-niemieckie-firmy-ich-syndyk-moze-zabrac-nasze-pieniadze-zgodnie-z-prawem.html\"><em>Uwaga na niemieckie firmy \u2013 ich syndyk mo\u017cne zabra\u0107 nasze pieni\u0105dze zgodnie z prawem<\/em><\/a>, 18.08.2015, Katarzyna Styrna-Bartman, LL. M.,  Dr. jur.<\/li><\/ul>\n\n\n\n<p><\/p>\n<\/div>\n<\/div>\n\n\n\n<div class=\"wp-block-columns has-2-columns image-text-block image-right is-layout-flex wp-container-core-columns-is-layout-9d6595d7 wp-block-columns-is-layout-flex\">\n<div class=\"wp-block-column is-layout-flow wp-block-column-is-layout-flow\">\n<h6 class=\"image-text-block__pretitle wp-block-heading\">\u00a7 02<\/h6>\n\n\n\n<h3 class=\"image-text-block__title wp-block-heading\">Rzeczpospolita<\/h3>\n\n\n\n<ul class=\"image-text-block__text wp-block-list\"><li><a href=\"http:\/\/www4.rp.pl\/Firma\/309039978-Niemieckie-obowiazki-zgloszeniowe-i-ewidencyjne---kogo-nie-dotycza.html\"><em>Niemieckie obowi\u0105zki zg\u0142oszeniowe i ewidencyjne \u2013 kogo nie dotycz\u0105<\/em><\/a>, 03.09.2015, Katarzyna Styrna-Bartman, LL. M.,  Dr. jur.;  <\/li><li><a href=\"http:\/\/www4.rp.pl\/artykul\/1202524-Polski-szef-musi-stosowac-obce-prawo-pracy-przy-oddelegowaniu.html\"><em>Polski szef musi stosowa\u0107 obce prawo przy oddelegowaniu<\/em><\/a>, 21.05.2015, Katarzyna Styrna-Bartman, LL. M.,  Dr. jur.;  <\/li><li><a href=\"http:\/\/www4.rp.pl\/artykul\/1200642-Wazniejsze-prawo-kraju-oddelegowania-niz-delegujacego.html\"><em>Wa\u017cniejsze prawo kraju oddelegowania ni\u017c deleguj\u0105cego<\/em><\/a>, 14.05.2015, Katarzyna Styrna &#8211; Bartman, LL. M.,  Dr. jur.;  <\/li><li><a href=\"http:\/\/www4.rp.pl\/artykul\/1198953-Jak-wycenic-dzien-roboczy-pracownika-w-Niemczech.html\"><em>Jak wyceni\u0107 dzie\u0144 roboczy pracownika w Niemczech<\/em><\/a>, 07.05.2015, Katarzyna Styrna-Bartman, LL. M.,  Dr. jur.;  <\/li><li><a href=\"http:\/\/www4.rp.pl\/artykul\/1197314-Branze-objete-placa-minimalna-w-Niemczech.html\"><em>Niemieckie minimum wyznacza bran\u017ca<\/em><\/a>, 30.04.2015, Katarzyna Styrna-Bartman, LL. M.,  Dr. jur.  <\/li><\/ul>\n\n\n\n<p><\/p>\n<\/div>\n\n\n\n<div class=\"wp-block-column is-layout-flow wp-block-column-is-layout-flow\">\n<figure class=\"wp-block-image image-text-block__image\"><img loading=\"lazy\" decoding=\"async\" width=\"570\" height=\"551\" src=\"https:\/\/blulegal.com\/wp-content\/uploads\/2019\/11\/bigstock-Businessman-Playing-Chess-Game-287663164-min-570x551.jpg\" alt=\"\" class=\"wp-image-247\"\/><\/figure>\n<\/div>\n<\/div>\n\n\n\n<div class=\"wp-block-columns has-2-columns image-text-block image-left is-layout-flex wp-container-core-columns-is-layout-9d6595d7 wp-block-columns-is-layout-flex\">\n<div class=\"wp-block-column is-layout-flow wp-block-column-is-layout-flow\">\n<figure class=\"wp-block-image image-text-block__image\"><img loading=\"lazy\" decoding=\"async\" width=\"570\" height=\"551\" src=\"https:\/\/blulegal.com\/wp-content\/uploads\/2019\/11\/bigstock-Male-Lawyer-Or-Judge-Working-W-290555113-min-570x551.jpg\" alt=\"\" class=\"wp-image-231\"\/><\/figure>\n<\/div>\n\n\n\n<div class=\"wp-block-column is-layout-flow wp-block-column-is-layout-flow\">\n<h6 class=\"image-text-block__pretitle wp-block-heading\">\u00a7 03<\/h6>\n\n\n\n<h3 class=\"image-text-block__title wp-block-heading\">De \u2013 iure Verlag<\/h3>\n\n\n\n<ul class=\"image-text-block__text wp-block-list\"><li><a href=\"http:\/\/www.de-iure-pl.org\/showpicsized.php?pic=images%2F2014%2FJul%2F24%2Fl_97.jpg\"><em>Niemiecki kodeks cywilny z wyja\u015bnieniami w t\u0142umaczeniu na j\u0119zyk polski<\/em><\/a>, Katarzyna Styrna-Bartman, LL. M. Dr. jur.; <br>Ewa Tuora-Schwierskott, LL. M.,  Dr. jur.;  <\/li><li><a href=\"http:\/\/www.de-iure-pl.org\/showpicsized.php?pic=images%2F2014%2FJul%2F24%2Fl_97.jpg\"><em>B\u00fcrgerliches Gesetzbuch mit Erkl\u00e4rungen in polnischer \u00dcbersetzung<\/em><\/a>, Katarzyna Styrna-Bartman, LL. M.,  Dr. jur.;<br>Ewa Tuora-Schwierskott, LL. M.,  Dr. jur.<\/li><\/ul>\n<\/div>\n<\/div>\n\n\n\n<div class=\"wp-block-columns has-2-columns image-text-block image-right is-layout-flex wp-container-core-columns-is-layout-9d6595d7 wp-block-columns-is-layout-flex\">\n<div class=\"wp-block-column is-layout-flow wp-block-column-is-layout-flow\">\n<h6 class=\"image-text-block__pretitle wp-block-heading\">\u00a7 04<\/h6>\n\n\n\n<h3 class=\"image-text-block__title image-text-block__title--small wp-block-heading\">Berliner Wissenschaftsverlag<\/h3>\n\n\n\n<ul class=\"image-text-block__text wp-block-list\"><li>DPJZ,&nbsp;<em><a href=\"http:\/\/www.dpjz.de\/test2\/\">Der Erwerb von Immobilien in Polen<\/a>,<\/em> Katarzyna Styrna-Bartman, LL. M.,  Dr. jur.;  <\/li><li>DPJZ,<em><a href=\"http:\/\/www.dpjz.de\/test1\/\">&nbsp;Formen &amp; Charakter der in Polen zugelassenen Besch\u00e4ftigungsformen f\u00fcr Gesch\u00e4ftsf\u00fchrer von Kapitalgesellschaften<\/a>,<\/em> Katarzyna Styrna-Bartman, LL. M.,  Dr. jur.;<\/li><li>DPJZ,&nbsp;<a href=\"http:\/\/www.dpjz.de\/dpjz-32010\/\"><em>Sanierungsverfahren als Alternative zum Insolvenzverfahren in Polen<\/em><\/a>, Katarzyna Styrna-Bartman, LL. M.,  Dr. jur.; Marcin Dudarski, Ph. D.<\/li><\/ul>\n<\/div>\n\n\n\n<div class=\"wp-block-column is-layout-flow wp-block-column-is-layout-flow\">\n<figure class=\"wp-block-image image-text-block__image\"><img loading=\"lazy\" decoding=\"async\" width=\"570\" height=\"551\" src=\"https:\/\/blulegal.com\/wp-content\/uploads\/2019\/11\/bigstock-Lawyer-Office-Statue-Of-Justi-270799618-570x551.jpg\" alt=\"\" class=\"wp-image-239\"\/><\/figure>\n\n\n\n<p><\/p>\n<\/div>\n<\/div>\n\n\n\n<div class=\"wp-block-columns has-2-columns image-text-block image-left is-layout-flex wp-container-core-columns-is-layout-9d6595d7 wp-block-columns-is-layout-flex\">\n<div class=\"wp-block-column is-layout-flow wp-block-column-is-layout-flow\">\n<figure class=\"wp-block-image image-text-block__image\"><img loading=\"lazy\" decoding=\"async\" width=\"570\" height=\"551\" src=\"https:\/\/blulegal.com\/wp-content\/uploads\/2019\/11\/bigstock-Good-Service-Cooperation-Cons-282815557-570x551.jpg\" alt=\"\" class=\"wp-image-254\"\/><\/figure>\n\n\n\n<p><\/p>\n<\/div>\n\n\n\n<div class=\"wp-block-column is-layout-flow wp-block-column-is-layout-flow\">\n<h6 class=\"image-text-block__pretitle wp-block-heading\">\u00a7 05<\/h6>\n\n\n\n<h3 class=\"image-text-block__title wp-block-heading\">Others<\/h3>\n\n\n\n<ul class=\"image-text-block__text wp-block-list\"><li>C.H. Beck, research paper in <em><a href=\"https:\/\/www.ksiegarnia.beck.pl\/10248-niemiecki-jezyk-prawniczy-w-40-lekcjachdeutsche-juristische-fachsprache-in-40-lektionen-ewa-tuora-schwierskott#opis\">Deutsche Juristische Fachsprache in \u00dcbungen<\/a><\/em><a href=\"https:\/\/www.ksiegarnia.beck.pl\/10248-niemiecki-jezyk-prawniczy-w-40-lekcjachdeutsche-juristische-fachsprache-in-40-lektionen-ewa-tuora-schwierskott#opis\">,<\/a> Katarzyna Styrna-Bartman, LL. M.,  Dr. jur.; <\/li><li>Universit\u00e4t Regensburg,&nbsp;<em><a href=\"https:\/\/books.google.pl\/books\/about\/Das_polnische_Verwaltungsverfahrensrecht.html?id=q-GPoAEACAAJ&amp;redir_esc=y\">Disseration zum Erwerb des Doktortitels: Das polnische Verwaltungsverfahrensrecht im Lichte der europ\u00e4ischen Verwaltungsstandards: eine Studie unter Ber\u00fccksichtigung der Vorschriften auf dem Gebiet des europ\u00e4ischen und polnischen Verwaltungsverfahrensrechts und der Rechtsprechung der europ\u00e4ischen und polnischen Gerichte<\/a>,&nbsp;<\/em> Katarzyna Styrna-Bartman, LL. M.,  Dr. jur.<\/li><\/ul>\n<\/div>\n<\/div>\n\n\n\n<p><br><\/p>\n\n\n\n<p><\/p>\n","protected":false},"excerpt":{"rendered":"<p>\u00a7 01 Dziennik Gazeta Prawna Delegowani (jeszcze) bez informacji o warunkach zatrudnienia, 22.09.2022, Katarzyna Styrna-Bartman,<\/p>\n","protected":false},"author":3,"featured_media":247,"parent":0,"menu_order":0,"comment_status":"closed","ping_status":"closed","template":"","meta":{"_acf_changed":false,"footnotes":""},"class_list":["post-83","page","type-page","status-publish","has-post-thumbnail","hentry"],"acf":[],"yoast_head":"<!-- This site is optimized with the Yoast SEO plugin v27.2 - https:\/\/yoast.com\/product\/yoast-seo-wordpress\/ -->\n<title>Publications &#8226; Blulegal<\/title>\n<meta name=\"description\" content=\"Publications \u2013 oferujemy profesjonalne doradztwo w zakresie prawa polsko-niemieckiego dla firm i os\u00f3b fizycznych. Sprawd\u017a ofert\u0119!\" \/>\n<meta name=\"robots\" content=\"index, follow, max-snippet:-1, max-image-preview:large, max-video-preview:-1\" \/>\n<link rel=\"canonical\" href=\"https:\/\/blulegal.com\/en\/publications\/\" \/>\n<meta property=\"og:locale\" content=\"en_US\" \/>\n<meta property=\"og:type\" content=\"article\" \/>\n<meta property=\"og:title\" content=\"Publications &#8226; Blulegal\" \/>\n<meta property=\"og:description\" content=\"Publications \u2013 oferujemy profesjonalne doradztwo w zakresie prawa polsko-niemieckiego dla firm i os\u00f3b fizycznych. Sprawd\u017a ofert\u0119!\" \/>\n<meta property=\"og:url\" content=\"https:\/\/blulegal.com\/en\/publications\/\" \/>\n<meta property=\"og:site_name\" content=\"Blulegal\" \/>\n<meta property=\"article:modified_time\" content=\"2022-09-22T12:25:19+00:00\" \/>\n<meta property=\"og:image\" content=\"https:\/\/blulegal.com\/wp-content\/uploads\/2019\/11\/bigstock-Businessman-Playing-Chess-Game-287663164-min.jpg\" \/>\n\t<meta property=\"og:image:width\" content=\"4896\" \/>\n\t<meta property=\"og:image:height\" content=\"3264\" \/>\n\t<meta property=\"og:image:type\" content=\"image\/jpeg\" \/>\n<meta name=\"twitter:card\" content=\"summary_large_image\" \/>\n<meta name=\"twitter:label1\" content=\"Est. reading time\" \/>\n\t<meta name=\"twitter:data1\" content=\"3 minutes\" \/>\n<script type=\"application\/ld+json\" class=\"yoast-schema-graph\">{\"@context\":\"https:\/\/schema.org\",\"@graph\":[{\"@type\":\"WebPage\",\"@id\":\"https:\/\/blulegal.com\/en\/publications\/\",\"url\":\"https:\/\/blulegal.com\/en\/publications\/\",\"name\":\"Publications &#8226; Blulegal\",\"isPartOf\":{\"@id\":\"https:\/\/blulegal.com\/en\/#website\"},\"primaryImageOfPage\":{\"@id\":\"https:\/\/blulegal.com\/en\/publications\/#primaryimage\"},\"image\":{\"@id\":\"https:\/\/blulegal.com\/en\/publications\/#primaryimage\"},\"thumbnailUrl\":\"https:\/\/blulegal.com\/wp-content\/uploads\/2019\/11\/bigstock-Businessman-Playing-Chess-Game-287663164-min.jpg\",\"datePublished\":\"2019-11-26T11:41:17+00:00\",\"dateModified\":\"2022-09-22T12:25:19+00:00\",\"description\":\"Publications \u2013 oferujemy profesjonalne doradztwo w zakresie prawa polsko-niemieckiego dla firm i os\u00f3b fizycznych. Sprawd\u017a ofert\u0119!\",\"breadcrumb\":{\"@id\":\"https:\/\/blulegal.com\/en\/publications\/#breadcrumb\"},\"inLanguage\":\"en-US\",\"potentialAction\":[{\"@type\":\"ReadAction\",\"target\":[\"https:\/\/blulegal.com\/en\/publications\/\"]}]},{\"@type\":\"ImageObject\",\"inLanguage\":\"en-US\",\"@id\":\"https:\/\/blulegal.com\/en\/publications\/#primaryimage\",\"url\":\"https:\/\/blulegal.com\/wp-content\/uploads\/2019\/11\/bigstock-Businessman-Playing-Chess-Game-287663164-min.jpg\",\"contentUrl\":\"https:\/\/blulegal.com\/wp-content\/uploads\/2019\/11\/bigstock-Businessman-Playing-Chess-Game-287663164-min.jpg\",\"width\":4896,\"height\":3264},{\"@type\":\"BreadcrumbList\",\"@id\":\"https:\/\/blulegal.com\/en\/publications\/#breadcrumb\",\"itemListElement\":[{\"@type\":\"ListItem\",\"position\":1,\"name\":\"Home\",\"item\":\"https:\/\/blulegal.com\/en\/\"},{\"@type\":\"ListItem\",\"position\":2,\"name\":\"Publications\"}]},{\"@type\":\"WebSite\",\"@id\":\"https:\/\/blulegal.com\/en\/#website\",\"url\":\"https:\/\/blulegal.com\/en\/\",\"name\":\"Blulegal\",\"description\":\"Radcowie prawni\",\"publisher\":{\"@id\":\"https:\/\/blulegal.com\/en\/#organization\"},\"potentialAction\":[{\"@type\":\"SearchAction\",\"target\":{\"@type\":\"EntryPoint\",\"urlTemplate\":\"https:\/\/blulegal.com\/en\/?s={search_term_string}\"},\"query-input\":{\"@type\":\"PropertyValueSpecification\",\"valueRequired\":true,\"valueName\":\"search_term_string\"}}],\"inLanguage\":\"en-US\"},{\"@type\":\"Organization\",\"@id\":\"https:\/\/blulegal.com\/en\/#organization\",\"name\":\"Blu Legal\",\"url\":\"https:\/\/blulegal.com\/en\/\",\"logo\":{\"@type\":\"ImageObject\",\"inLanguage\":\"en-US\",\"@id\":\"https:\/\/blulegal.com\/en\/#\/schema\/logo\/image\/\",\"url\":\"https:\/\/blulegal.com\/wp-content\/uploads\/2023\/05\/logo-blu.png\",\"contentUrl\":\"https:\/\/blulegal.com\/wp-content\/uploads\/2023\/05\/logo-blu.png\",\"width\":225,\"height\":116,\"caption\":\"Blu Legal\"},\"image\":{\"@id\":\"https:\/\/blulegal.com\/en\/#\/schema\/logo\/image\/\"}}]}<\/script>\n<!-- \/ Yoast SEO plugin. -->","yoast_head_json":{"title":"Publications &#8226; Blulegal","description":"Publications \u2013 oferujemy profesjonalne doradztwo w zakresie prawa polsko-niemieckiego dla firm i os\u00f3b fizycznych. Sprawd\u017a ofert\u0119!","robots":{"index":"index","follow":"follow","max-snippet":"max-snippet:-1","max-image-preview":"max-image-preview:large","max-video-preview":"max-video-preview:-1"},"canonical":"https:\/\/blulegal.com\/en\/publications\/","og_locale":"en_US","og_type":"article","og_title":"Publications &#8226; Blulegal","og_description":"Publications \u2013 oferujemy profesjonalne doradztwo w zakresie prawa polsko-niemieckiego dla firm i os\u00f3b fizycznych. Sprawd\u017a ofert\u0119!","og_url":"https:\/\/blulegal.com\/en\/publications\/","og_site_name":"Blulegal","article_modified_time":"2022-09-22T12:25:19+00:00","og_image":[{"width":4896,"height":3264,"url":"https:\/\/blulegal.com\/wp-content\/uploads\/2019\/11\/bigstock-Businessman-Playing-Chess-Game-287663164-min.jpg","type":"image\/jpeg"}],"twitter_card":"summary_large_image","twitter_misc":{"Est. reading time":"3 minutes"},"schema":{"@context":"https:\/\/schema.org","@graph":[{"@type":"WebPage","@id":"https:\/\/blulegal.com\/en\/publications\/","url":"https:\/\/blulegal.com\/en\/publications\/","name":"Publications &#8226; Blulegal","isPartOf":{"@id":"https:\/\/blulegal.com\/en\/#website"},"primaryImageOfPage":{"@id":"https:\/\/blulegal.com\/en\/publications\/#primaryimage"},"image":{"@id":"https:\/\/blulegal.com\/en\/publications\/#primaryimage"},"thumbnailUrl":"https:\/\/blulegal.com\/wp-content\/uploads\/2019\/11\/bigstock-Businessman-Playing-Chess-Game-287663164-min.jpg","datePublished":"2019-11-26T11:41:17+00:00","dateModified":"2022-09-22T12:25:19+00:00","description":"Publications \u2013 oferujemy profesjonalne doradztwo w zakresie prawa polsko-niemieckiego dla firm i os\u00f3b fizycznych. Sprawd\u017a ofert\u0119!","breadcrumb":{"@id":"https:\/\/blulegal.com\/en\/publications\/#breadcrumb"},"inLanguage":"en-US","potentialAction":[{"@type":"ReadAction","target":["https:\/\/blulegal.com\/en\/publications\/"]}]},{"@type":"ImageObject","inLanguage":"en-US","@id":"https:\/\/blulegal.com\/en\/publications\/#primaryimage","url":"https:\/\/blulegal.com\/wp-content\/uploads\/2019\/11\/bigstock-Businessman-Playing-Chess-Game-287663164-min.jpg","contentUrl":"https:\/\/blulegal.com\/wp-content\/uploads\/2019\/11\/bigstock-Businessman-Playing-Chess-Game-287663164-min.jpg","width":4896,"height":3264},{"@type":"BreadcrumbList","@id":"https:\/\/blulegal.com\/en\/publications\/#breadcrumb","itemListElement":[{"@type":"ListItem","position":1,"name":"Home","item":"https:\/\/blulegal.com\/en\/"},{"@type":"ListItem","position":2,"name":"Publications"}]},{"@type":"WebSite","@id":"https:\/\/blulegal.com\/en\/#website","url":"https:\/\/blulegal.com\/en\/","name":"Blulegal","description":"Radcowie prawni","publisher":{"@id":"https:\/\/blulegal.com\/en\/#organization"},"potentialAction":[{"@type":"SearchAction","target":{"@type":"EntryPoint","urlTemplate":"https:\/\/blulegal.com\/en\/?s={search_term_string}"},"query-input":{"@type":"PropertyValueSpecification","valueRequired":true,"valueName":"search_term_string"}}],"inLanguage":"en-US"},{"@type":"Organization","@id":"https:\/\/blulegal.com\/en\/#organization","name":"Blu Legal","url":"https:\/\/blulegal.com\/en\/","logo":{"@type":"ImageObject","inLanguage":"en-US","@id":"https:\/\/blulegal.com\/en\/#\/schema\/logo\/image\/","url":"https:\/\/blulegal.com\/wp-content\/uploads\/2023\/05\/logo-blu.png","contentUrl":"https:\/\/blulegal.com\/wp-content\/uploads\/2023\/05\/logo-blu.png","width":225,"height":116,"caption":"Blu Legal"},"image":{"@id":"https:\/\/blulegal.com\/en\/#\/schema\/logo\/image\/"}}]}},"_links":{"self":[{"href":"https:\/\/blulegal.com\/en\/wp-json\/wp\/v2\/pages\/83","targetHints":{"allow":["GET"]}}],"collection":[{"href":"https:\/\/blulegal.com\/en\/wp-json\/wp\/v2\/pages"}],"about":[{"href":"https:\/\/blulegal.com\/en\/wp-json\/wp\/v2\/types\/page"}],"author":[{"embeddable":true,"href":"https:\/\/blulegal.com\/en\/wp-json\/wp\/v2\/users\/3"}],"replies":[{"embeddable":true,"href":"https:\/\/blulegal.com\/en\/wp-json\/wp\/v2\/comments?post=83"}],"version-history":[{"count":26,"href":"https:\/\/blulegal.com\/en\/wp-json\/wp\/v2\/pages\/83\/revisions"}],"predecessor-version":[{"id":2837,"href":"https:\/\/blulegal.com\/en\/wp-json\/wp\/v2\/pages\/83\/revisions\/2837"}],"wp:featuredmedia":[{"embeddable":true,"href":"https:\/\/blulegal.com\/en\/wp-json\/wp\/v2\/media\/247"}],"wp:attachment":[{"href":"https:\/\/blulegal.com\/en\/wp-json\/wp\/v2\/media?parent=83"}],"curies":[{"name":"wp","href":"https:\/\/api.w.org\/{rel}","templated":true}]}}